{"id":92474,"date":"2020-10-14T09:32:10","date_gmt":"2020-10-14T09:32:10","guid":{"rendered":"https:\/\/oboemuebles.com\/politica-de-privacidad\/"},"modified":"2022-04-01T10:31:42","modified_gmt":"2022-04-01T10:31:42","slug":"politica-de-privacidad","status":"publish","type":"page","link":"https:\/\/pre.oboemuebles.com\/en\/politica-de-privacidad\/","title":{"rendered":"Privacy Policy"},"content":{"rendered":"<div class=\"wpb-content-wrapper\"><p>[vc_row][vc_column][vc_custom_heading text=&#8221;Privacy Policy&#8221; font_container=&#8221;tag:h1|text_align:center&#8221; use_theme_fonts=&#8221;yes&#8221; css_animation=&#8221;fadeIn&#8221; css=&#8221;.vc_custom_1602667980935{margin-top: 7vh !important;margin-bottom: 7vh !important;}&#8221;][vc_column_text]<\/p>\n<h3 class=\"mark\">1.\u00bfQui\u00e9n es el responsable del tratamiento de sus datos?<\/h3>\n<ul>\n<li>Titular: OBOGAR S.L<\/li>\n<li>NIF\/CIF: B29653300<\/li>\n<li>Domicilio: HERMANAS BRONTE 75, 29004. MALAGA<\/li>\n<li>Correo electr\u00f3nico: administracion@obogar.com<\/li>\n<li>Sitio Web: <a href=\"http:\/\/www.oboemuebles.com\">www.oboemuebles.com<\/a><\/li>\n<li><\/li>\n<\/ul>\n<h3 class=\"mark\">2. \u00bfCon qu\u00e9 finalidad tratamos sus datos personales?<\/h3>\n<p>En\u00a0OBOGAR S.L.\u00a0tratamos la informaci\u00f3n que nos facilitan las personas interesadas con el fin de Finalidades relativas a la gesti\u00f3n administrativa y comercial con clientes directos de\u00a0OBOE.<\/p>\n<h3 class=\"mark\">3. \u00bfPor cu\u00e1nto tiempo conservaremos sus datos?<\/h3>\n<p>Los datos personales se conservaran por los plazos legalmente establecidos para el cumplimiento de las obligaciones legales y mientras el interesado no ejerza los derechos de supresi\u00f3n o limitaci\u00f3n del tratamiento.<\/p>\n<h3 class=\"mark\">4. \u00bfCu\u00e1l es la legitimaci\u00f3n para el tratamiento de sus datos?<\/h3>\n<p>Le indicamos la base legal para el tratamiento de sus datos:<\/p>\n<ul type=\"disc\">\n<li>Ejecuci\u00f3n de un contrato: compraventa de productos y servicios suministrados.<\/li>\n<li>Inter\u00e9s leg\u00edtimo del Responsable: Considerando 47 del RGPD UE 2016 \/679: (47) El inter\u00e9s leg\u00edtimo de un responsable del tratamiento, EL tratamiento de datos personales con fines de mercadotecnia directa puede considerarse realizado por inter\u00e9s leg\u00edtimo que se realice un tratamiento ulterior.\u00a0 Sus datos identificativos y de contacto ser\u00e1n utilizados con fines de mercadotecnia directa al amparo de lo dispuesto en el Considerando 47 del REGLAMENTO (UE) 2016\/679, para informarle de nuestros productos y servicios que puedan ser de su inter\u00e9s por correo ordinario, electr\u00f3nico o SMS.<\/li>\n<\/ul>\n<h3 class=\"mark\">5. \u00bfA qu\u00e9 destinatarios se comunicar\u00e1n sus datos?<\/h3>\n<p>Los datos se comunicar\u00e1n a los siguientes destinatarios:<\/p>\n<ul type=\"disc\">\n<li>Administraci\u00f3n p\u00fablica, con la finalidad de Cumplimiento de obligaciones legales.<\/li>\n<li>Bancos, Cajas de ahorro, con la finalidad de Cumplimiento de obligaciones dinerarias.<\/li>\n<li>Empresas y organizaciones relacionadas con el responsable de tratamiento: asesor\u00eda, inform\u00e1tica, webmaster, transporte, con la finalidad de Prestar y suministrar\u00a0 los servicios y\/o productos solicitados.<\/li>\n<li>Sistemas y operadores de pago online, con la finalidad de Transacciones online.<\/li>\n<\/ul>\n<h3 class=\"mark\">6. Transferencias de datos a terceros pa\u00edses<\/h3>\n<p>No est\u00e1n previstas transferencias de datos a terceros pa\u00edses.<\/p>\n<h3 class=\"mark\">7. \u00bfCu\u00e1les son sus derechos cuando nos facilita sus datos?<\/h3>\n<p>Cualquier persona tiene derecho a obtener confirmaci\u00f3n sobre si en OBOGAR S.L. estamos tratando, o no, datos personales que les conciernan.<br \/>\nLas personas interesadas tienen derecho a acceder a sus datos personales, as\u00ed como a solicitar la rectificaci\u00f3n de los datos inexactos o, en su caso, solicitar su supresi\u00f3n cuando, entre otros motivos, los datos ya no sean necesarios para los fines que fueron recogidos. Igualmente tiene derecho a la portabilidad de sus datos.<br \/>\nEn determinadas circunstancias, los interesados podr\u00e1n solicitar la limitaci\u00f3n del tratamiento de sus datos, en cuyo caso \u00fanicamente los conservaremos para el ejercicio o la defensa de reclamaciones.<br \/>\nEn determinadas circunstancias y por motivos relacionados con su situaci\u00f3n particular, los interesados podr\u00e1n oponerse al tratamiento de sus datos. En este caso, OBOGAR S.L. dejar\u00e1 de tratar los datos, salvo por motivos leg\u00edtimos imperiosos, o el ejercicio o la defensa de posibles reclamaciones.<br \/>\nCuando se realice el env\u00edo de comunicaciones comerciales utilizando como base jur\u00eddica el inter\u00e9s leg\u00edtimo del responsable, el interesado podr\u00e1 oponerse al tratamiento de sus datos con ese fin.<br \/>\nSi ha otorgado su consentimiento para alguna finalidad concreta, tiene derecho a retirar el consentimiento otorgado en cualquier momento, sin que ello afecte a la licitud del tratamiento basado en el consentimiento previo a su retirada.<br \/>\nEn caso de que sienta vulnerados sus derechos en lo concerniente a la protecci\u00f3n de sus datos personales, especialmente cuando no haya obtenido satisfacci\u00f3n en el ejercicio de sus derechos, puede presentar una reclamaci\u00f3n ante la Autoridad de Control en materia de Protecci\u00f3n de Datos competente a trav\u00e9s de su sitio web: www.agpd.es.<\/p>\n<h3 class=\"mark\">8. \u00bfC\u00f3mo hemos obtenido sus datos?<\/h3>\n<p>Los datos personales que tratamos en OBOGAR S.L. proceden: Del propio interesado, y de los formularios de contacto de la p\u00e1gina web\u00a0<a href=\"https:\/\/www.oboemuebles.com\">https:\/\/www.oboemuebles.com<\/a><br \/>\nLas categor\u00edas de datos que se tratan son:<br \/>\nDatos identificativos.<br \/>\nDirecciones postales y electr\u00f3nicas.<br \/>\nNo se tratan categor\u00edas especiales de datos personales (son aquellos datos que revelen el origen \u00e9tnico o racial, las opiniones pol\u00edticas, las convicciones religiosas o filos\u00f3ficas, o la afiliaci\u00f3n sindical, datos gen\u00e9ticos, datos biom\u00e9tricos dirigidos a identificar de manera un\u00edvoca a una persona f\u00edsica, datos relativos a la salud o datos relativos a la vida sexual o la orientaci\u00f3n sexual de una persona f\u00edsica).<\/p>\n<p>[\/vc_column_text][\/vc_column][\/vc_row]<\/p>\n<\/div>","protected":false},"excerpt":{"rendered":"<p>[vc_row][vc_column][vc_custom_heading text=&#8221;Privacy Policy&#8221; font_container=&#8221;tag:h1|text_align:center&#8221; use_theme_fonts=&#8221;yes&#8221; css_animation=&#8221;fadeIn&#8221; css=&#8221;.vc_custom_1602667980935{margin-top: 7vh !important;margin-bottom: 7vh !important;}&#8221;][vc_column_text] 1.\u00bfQui\u00e9n es el responsable del tratamiento de sus datos? Titular: OBOGAR S.L NIF\/CIF: B29653300 Domicilio: HERMANAS BRONTE 75, 29004. MALAGA Correo electr\u00f3nico: administracion@obogar.com Sitio Web: www.oboemuebles.com 2. \u00bfCon qu\u00e9 finalidad tratamos sus datos personales? En\u00a0OBOGAR S.L.\u00a0tratamos la informaci\u00f3n que nos facilitan las personas interesadas&hellip;<\/p>\n","protected":false},"author":1,"featured_media":0,"parent":0,"menu_order":0,"comment_status":"closed","ping_status":"closed","template":"","meta":{"content-type":"","footnotes":""},"acf":[],"yoast_head":"<!-- This site is optimized with the Yoast SEO plugin v23.0 - https:\/\/yoast.com\/wordpress\/plugins\/seo\/ -->\n<title>Privacy Policy - OBOE - Furniture store and designer kitchens in Malaga and Marbella<\/title>\n<meta name=\"robots\" content=\"noindex, follow, max-snippet:-1, max-image-preview:large, max-video-preview:-1\" \/>\n<meta property=\"og:locale\" content=\"en_US\" \/>\n<meta property=\"og:type\" content=\"article\" \/>\n<meta property=\"og:title\" content=\"Privacy Policy - OBOE - Furniture store and designer kitchens in Malaga and Marbella\" \/>\n<meta property=\"og:description\" content=\"[vc_row][vc_column][vc_custom_heading text=&#8221;Privacy Policy&#8221; font_container=&#8221;tag:h1|text_align:center&#8221; use_theme_fonts=&#8221;yes&#8221; css_animation=&#8221;fadeIn&#8221; css=&#8221;.vc_custom_1602667980935{margin-top: 7vh !important;margin-bottom: 7vh !important;}&#8221;][vc_column_text] 1.\u00bfQui\u00e9n es el responsable del tratamiento de sus datos? Titular: OBOGAR S.L NIF\/CIF: B29653300 Domicilio: HERMANAS BRONTE 75, 29004. MALAGA Correo electr\u00f3nico: administracion@obogar.com Sitio Web: www.oboemuebles.com 2. \u00bfCon qu\u00e9 finalidad tratamos sus datos personales? En\u00a0OBOGAR S.L.\u00a0tratamos la informaci\u00f3n que nos facilitan las personas interesadas&hellip;\" \/>\n<meta property=\"og:url\" content=\"https:\/\/pre.oboemuebles.com\/en\/politica-de-privacidad\/\" \/>\n<meta property=\"og:site_name\" content=\"OBOE - Furniture store and designer kitchens in Malaga and Marbella\" \/>\n<meta property=\"article:modified_time\" content=\"2022-04-01T10:31:42+00:00\" \/>\n<meta name=\"twitter:card\" content=\"summary_large_image\" \/>\n<meta name=\"twitter:label1\" content=\"Est. reading time\" \/>\n\t<meta name=\"twitter:data1\" content=\"4 minutes\" \/>\n<script type=\"application\/ld+json\" class=\"yoast-schema-graph\">{\"@context\":\"https:\/\/schema.org\",\"@graph\":[{\"@type\":\"WebPage\",\"@id\":\"https:\/\/pre.oboemuebles.com\/en\/politica-de-privacidad\/\",\"url\":\"https:\/\/pre.oboemuebles.com\/en\/politica-de-privacidad\/\",\"name\":\"Privacy Policy - OBOE - Furniture store and designer kitchens in Malaga and Marbella\",\"isPartOf\":{\"@id\":\"https:\/\/pre.oboemuebles.com\/en\/#website\"},\"datePublished\":\"2020-10-14T09:32:10+00:00\",\"dateModified\":\"2022-04-01T10:31:42+00:00\",\"breadcrumb\":{\"@id\":\"https:\/\/pre.oboemuebles.com\/en\/politica-de-privacidad\/#breadcrumb\"},\"inLanguage\":\"en-US\",\"potentialAction\":[{\"@type\":\"ReadAction\",\"target\":[\"https:\/\/pre.oboemuebles.com\/en\/politica-de-privacidad\/\"]}]},{\"@type\":\"BreadcrumbList\",\"@id\":\"https:\/\/pre.oboemuebles.com\/en\/politica-de-privacidad\/#breadcrumb\",\"itemListElement\":[{\"@type\":\"ListItem\",\"position\":1,\"name\":\"Portada\",\"item\":\"https:\/\/pre.oboemuebles.com\/en\/\"},{\"@type\":\"ListItem\",\"position\":2,\"name\":\"Privacy Policy\"}]},{\"@type\":\"WebSite\",\"@id\":\"https:\/\/pre.oboemuebles.com\/en\/#website\",\"url\":\"https:\/\/pre.oboemuebles.com\/en\/\",\"name\":\"OBOE - Furniture store and designer kitchens in Malaga and Marbella\",\"description\":\"Modern furniture, high quality kitchens and decoration in Malaga and Marbella\",\"potentialAction\":[{\"@type\":\"SearchAction\",\"target\":{\"@type\":\"EntryPoint\",\"urlTemplate\":\"https:\/\/pre.oboemuebles.com\/en\/?s={search_term_string}\"},\"query-input\":\"required name=search_term_string\"}],\"inLanguage\":\"en-US\"}]}<\/script>\n<!-- \/ Yoast SEO plugin. -->","yoast_head_json":{"title":"Privacy Policy - OBOE - Furniture store and designer kitchens in Malaga and Marbella","robots":{"index":"noindex","follow":"follow","max-snippet":"max-snippet:-1","max-image-preview":"max-image-preview:large","max-video-preview":"max-video-preview:-1"},"og_locale":"en_US","og_type":"article","og_title":"Privacy Policy - OBOE - Furniture store and designer kitchens in Malaga and Marbella","og_description":"[vc_row][vc_column][vc_custom_heading text=&#8221;Privacy Policy&#8221; font_container=&#8221;tag:h1|text_align:center&#8221; use_theme_fonts=&#8221;yes&#8221; css_animation=&#8221;fadeIn&#8221; css=&#8221;.vc_custom_1602667980935{margin-top: 7vh !important;margin-bottom: 7vh !important;}&#8221;][vc_column_text] 1.\u00bfQui\u00e9n es el responsable del tratamiento de sus datos? Titular: OBOGAR S.L NIF\/CIF: B29653300 Domicilio: HERMANAS BRONTE 75, 29004. MALAGA Correo electr\u00f3nico: administracion@obogar.com Sitio Web: www.oboemuebles.com 2. \u00bfCon qu\u00e9 finalidad tratamos sus datos personales? En\u00a0OBOGAR S.L.\u00a0tratamos la informaci\u00f3n que nos facilitan las personas interesadas&hellip;","og_url":"https:\/\/pre.oboemuebles.com\/en\/politica-de-privacidad\/","og_site_name":"OBOE - Furniture store and designer kitchens in Malaga and Marbella","article_modified_time":"2022-04-01T10:31:42+00:00","twitter_card":"summary_large_image","twitter_misc":{"Est. reading time":"4 minutes"},"schema":{"@context":"https:\/\/schema.org","@graph":[{"@type":"WebPage","@id":"https:\/\/pre.oboemuebles.com\/en\/politica-de-privacidad\/","url":"https:\/\/pre.oboemuebles.com\/en\/politica-de-privacidad\/","name":"Privacy Policy - OBOE - Furniture store and designer kitchens in Malaga and Marbella","isPartOf":{"@id":"https:\/\/pre.oboemuebles.com\/en\/#website"},"datePublished":"2020-10-14T09:32:10+00:00","dateModified":"2022-04-01T10:31:42+00:00","breadcrumb":{"@id":"https:\/\/pre.oboemuebles.com\/en\/politica-de-privacidad\/#breadcrumb"},"inLanguage":"en-US","potentialAction":[{"@type":"ReadAction","target":["https:\/\/pre.oboemuebles.com\/en\/politica-de-privacidad\/"]}]},{"@type":"BreadcrumbList","@id":"https:\/\/pre.oboemuebles.com\/en\/politica-de-privacidad\/#breadcrumb","itemListElement":[{"@type":"ListItem","position":1,"name":"Portada","item":"https:\/\/pre.oboemuebles.com\/en\/"},{"@type":"ListItem","position":2,"name":"Privacy Policy"}]},{"@type":"WebSite","@id":"https:\/\/pre.oboemuebles.com\/en\/#website","url":"https:\/\/pre.oboemuebles.com\/en\/","name":"OBOE - Furniture store and designer kitchens in Malaga and Marbella","description":"Modern furniture, high quality kitchens and decoration in Malaga and Marbella","potentialAction":[{"@type":"SearchAction","target":{"@type":"EntryPoint","urlTemplate":"https:\/\/pre.oboemuebles.com\/en\/?s={search_term_string}"},"query-input":"required name=search_term_string"}],"inLanguage":"en-US"}]}},"_links":{"self":[{"href":"https:\/\/pre.oboemuebles.com\/en\/wp-json\/wp\/v2\/pages\/92474"}],"collection":[{"href":"https:\/\/pre.oboemuebles.com\/en\/wp-json\/wp\/v2\/pages"}],"about":[{"href":"https:\/\/pre.oboemuebles.com\/en\/wp-json\/wp\/v2\/types\/page"}],"author":[{"embeddable":true,"href":"https:\/\/pre.oboemuebles.com\/en\/wp-json\/wp\/v2\/users\/1"}],"replies":[{"embeddable":true,"href":"https:\/\/pre.oboemuebles.com\/en\/wp-json\/wp\/v2\/comments?post=92474"}],"version-history":[{"count":0,"href":"https:\/\/pre.oboemuebles.com\/en\/wp-json\/wp\/v2\/pages\/92474\/revisions"}],"wp:attachment":[{"href":"https:\/\/pre.oboemuebles.com\/en\/wp-json\/wp\/v2\/media?parent=92474"}],"curies":[{"name":"wp","href":"https:\/\/api.w.org\/{rel}","templated":true}]}}