{"id":104442,"date":"2024-03-18T09:02:29","date_gmt":"2024-03-18T09:02:29","guid":{"rendered":"https:\/\/oboemuebles.com\/muebles-diseno-decoracion-malaga-marbella\/elementaire-silla\/"},"modified":"2024-03-18T09:03:41","modified_gmt":"2024-03-18T09:03:41","slug":"elementaire-chair","status":"publish","type":"product","link":"https:\/\/pre.oboemuebles.com\/en\/producto\/elementaire-chair\/","title":{"rendered":"Elementaire"},"content":{"rendered":"","protected":false},"excerpt":{"rendered":"<p>Through a m\u00e9lange of work and experience, the \u00c9l\u00e9mentaire was born. Its robust, durable design juxtaposes against its delicate appearance &#8211; making the \u00c9l\u00e9mentaire a perfect balance between beauty and strength. Suitable to be used in both public and private environments, the HAY \u00c9l\u00e9mentaire has enough charm and charisma to look striking both alone or as part of a set.\u200b A practical design that is suitable for both indoor and outdoor spaces, why not accessorize with a matching seat pad.<\/p>\n","protected":false},"featured_media":104437,"template":"","meta":{"content-type":""},"pwb-brand":[2196],"product_cat":[1302,1155,1284],"product_tag":[2200],"acf":[],"yoast_head":"<!-- This site is optimized with the Yoast SEO plugin v23.0 - https:\/\/yoast.com\/wordpress\/plugins\/seo\/ -->\n<title>Elementaire chair by Hay<\/title>\n<meta name=\"robots\" content=\"noindex, follow, max-snippet:-1, max-image-preview:large, max-video-preview:-1\" \/>\n<meta property=\"og:locale\" content=\"en_US\" \/>\n<meta property=\"og:type\" content=\"article\" \/>\n<meta property=\"og:title\" content=\"Elementaire chair by Hay\" \/>\n<meta property=\"og:description\" content=\"Through a m\u00e9lange of work and experience, the \u00c9l\u00e9mentaire was born. Its robust, durable design juxtaposes against its delicate appearance - making the \u00c9l\u00e9mentaire a perfect balance between beauty and strength. Suitable to be used in both public and private environments, the HAY \u00c9l\u00e9mentaire has enough charm and charisma to look striking both alone or as part of a set.\u200b A practical design that is suitable for both indoor and outdoor spaces, why not accessorize with a matching seat pad.\" \/>\n<meta property=\"og:url\" content=\"https:\/\/pre.oboemuebles.com\/en\/producto\/elementaire-chair\/\" \/>\n<meta property=\"og:site_name\" content=\"OBOE - Furniture store and designer kitchens in Malaga and Marbella\" \/>\n<meta property=\"article:modified_time\" content=\"2024-03-18T09:03:41+00:00\" \/>\n<meta property=\"og:image\" content=\"https:\/\/pre.oboemuebles.com\/wp-content\/uploads\/2024\/03\/talou-chair-hay-1.jpg\" \/>\n\t<meta property=\"og:image:width\" content=\"900\" \/>\n\t<meta property=\"og:image:height\" content=\"900\" \/>\n\t<meta property=\"og:image:type\" content=\"image\/jpeg\" \/>\n<meta name=\"twitter:card\" content=\"summary_large_image\" \/>\n<script type=\"application\/ld+json\" class=\"yoast-schema-graph\">{\"@context\":\"https:\/\/schema.org\",\"@graph\":[{\"@type\":\"WebPage\",\"@id\":\"https:\/\/pre.oboemuebles.com\/en\/producto\/elementaire-chair\/\",\"url\":\"https:\/\/pre.oboemuebles.com\/en\/producto\/elementaire-chair\/\",\"name\":\"Elementaire chair by Hay\",\"isPartOf\":{\"@id\":\"https:\/\/pre.oboemuebles.com\/en\/#website\"},\"primaryImageOfPage\":{\"@id\":\"https:\/\/pre.oboemuebles.com\/en\/producto\/elementaire-chair\/#primaryimage\"},\"image\":{\"@id\":\"https:\/\/pre.oboemuebles.com\/en\/producto\/elementaire-chair\/#primaryimage\"},\"thumbnailUrl\":\"https:\/\/pre.oboemuebles.com\/wp-content\/uploads\/2024\/03\/talou-chair-hay-1.jpg\",\"datePublished\":\"2024-03-18T09:02:29+00:00\",\"dateModified\":\"2024-03-18T09:03:41+00:00\",\"breadcrumb\":{\"@id\":\"https:\/\/pre.oboemuebles.com\/en\/producto\/elementaire-chair\/#breadcrumb\"},\"inLanguage\":\"en-US\",\"potentialAction\":[{\"@type\":\"ReadAction\",\"target\":[\"https:\/\/pre.oboemuebles.com\/en\/producto\/elementaire-chair\/\"]}]},{\"@type\":\"ImageObject\",\"inLanguage\":\"en-US\",\"@id\":\"https:\/\/pre.oboemuebles.com\/en\/producto\/elementaire-chair\/#primaryimage\",\"url\":\"https:\/\/pre.oboemuebles.com\/wp-content\/uploads\/2024\/03\/talou-chair-hay-1.jpg\",\"contentUrl\":\"https:\/\/pre.oboemuebles.com\/wp-content\/uploads\/2024\/03\/talou-chair-hay-1.jpg\",\"width\":900,\"height\":900},{\"@type\":\"BreadcrumbList\",\"@id\":\"https:\/\/pre.oboemuebles.com\/en\/producto\/elementaire-chair\/#breadcrumb\",\"itemListElement\":[{\"@type\":\"ListItem\",\"position\":1,\"name\":\"Portada\",\"item\":\"https:\/\/pre.oboemuebles.com\/en\/\"},{\"@type\":\"ListItem\",\"position\":2,\"name\":\"default shop\",\"item\":\"https:\/\/pre.oboemuebles.com\/shop\/default-shop\/\"},{\"@type\":\"ListItem\",\"position\":3,\"name\":\"Elementaire\"}]},{\"@type\":\"WebSite\",\"@id\":\"https:\/\/pre.oboemuebles.com\/en\/#website\",\"url\":\"https:\/\/pre.oboemuebles.com\/en\/\",\"name\":\"OBOE - Furniture store and designer kitchens in Malaga and Marbella\",\"description\":\"Modern furniture, high quality kitchens and decoration in Malaga and Marbella\",\"potentialAction\":[{\"@type\":\"SearchAction\",\"target\":{\"@type\":\"EntryPoint\",\"urlTemplate\":\"https:\/\/pre.oboemuebles.com\/en\/?s={search_term_string}\"},\"query-input\":\"required name=search_term_string\"}],\"inLanguage\":\"en-US\"}]}<\/script>\n<!-- \/ Yoast SEO plugin. -->","yoast_head_json":{"title":"Elementaire chair by Hay","robots":{"index":"noindex","follow":"follow","max-snippet":"max-snippet:-1","max-image-preview":"max-image-preview:large","max-video-preview":"max-video-preview:-1"},"og_locale":"en_US","og_type":"article","og_title":"Elementaire chair by Hay","og_description":"Through a m\u00e9lange of work and experience, the \u00c9l\u00e9mentaire was born. Its robust, durable design juxtaposes against its delicate appearance - making the \u00c9l\u00e9mentaire a perfect balance between beauty and strength. Suitable to be used in both public and private environments, the HAY \u00c9l\u00e9mentaire has enough charm and charisma to look striking both alone or as part of a set.\u200b A practical design that is suitable for both indoor and outdoor spaces, why not accessorize with a matching seat pad.","og_url":"https:\/\/pre.oboemuebles.com\/en\/producto\/elementaire-chair\/","og_site_name":"OBOE - Furniture store and designer kitchens in Malaga and Marbella","article_modified_time":"2024-03-18T09:03:41+00:00","og_image":[{"width":900,"height":900,"url":"https:\/\/pre.oboemuebles.com\/wp-content\/uploads\/2024\/03\/talou-chair-hay-1.jpg","type":"image\/jpeg"}],"twitter_card":"summary_large_image","schema":{"@context":"https:\/\/schema.org","@graph":[{"@type":"WebPage","@id":"https:\/\/pre.oboemuebles.com\/en\/producto\/elementaire-chair\/","url":"https:\/\/pre.oboemuebles.com\/en\/producto\/elementaire-chair\/","name":"Elementaire chair by Hay","isPartOf":{"@id":"https:\/\/pre.oboemuebles.com\/en\/#website"},"primaryImageOfPage":{"@id":"https:\/\/pre.oboemuebles.com\/en\/producto\/elementaire-chair\/#primaryimage"},"image":{"@id":"https:\/\/pre.oboemuebles.com\/en\/producto\/elementaire-chair\/#primaryimage"},"thumbnailUrl":"https:\/\/pre.oboemuebles.com\/wp-content\/uploads\/2024\/03\/talou-chair-hay-1.jpg","datePublished":"2024-03-18T09:02:29+00:00","dateModified":"2024-03-18T09:03:41+00:00","breadcrumb":{"@id":"https:\/\/pre.oboemuebles.com\/en\/producto\/elementaire-chair\/#breadcrumb"},"inLanguage":"en-US","potentialAction":[{"@type":"ReadAction","target":["https:\/\/pre.oboemuebles.com\/en\/producto\/elementaire-chair\/"]}]},{"@type":"ImageObject","inLanguage":"en-US","@id":"https:\/\/pre.oboemuebles.com\/en\/producto\/elementaire-chair\/#primaryimage","url":"https:\/\/pre.oboemuebles.com\/wp-content\/uploads\/2024\/03\/talou-chair-hay-1.jpg","contentUrl":"https:\/\/pre.oboemuebles.com\/wp-content\/uploads\/2024\/03\/talou-chair-hay-1.jpg","width":900,"height":900},{"@type":"BreadcrumbList","@id":"https:\/\/pre.oboemuebles.com\/en\/producto\/elementaire-chair\/#breadcrumb","itemListElement":[{"@type":"ListItem","position":1,"name":"Portada","item":"https:\/\/pre.oboemuebles.com\/en\/"},{"@type":"ListItem","position":2,"name":"default shop","item":"https:\/\/pre.oboemuebles.com\/shop\/default-shop\/"},{"@type":"ListItem","position":3,"name":"Elementaire"}]},{"@type":"WebSite","@id":"https:\/\/pre.oboemuebles.com\/en\/#website","url":"https:\/\/pre.oboemuebles.com\/en\/","name":"OBOE - Furniture store and designer kitchens in Malaga and Marbella","description":"Modern furniture, high quality kitchens and decoration in Malaga and Marbella","potentialAction":[{"@type":"SearchAction","target":{"@type":"EntryPoint","urlTemplate":"https:\/\/pre.oboemuebles.com\/en\/?s={search_term_string}"},"query-input":"required name=search_term_string"}],"inLanguage":"en-US"}]}},"brands":[{"id":2196,"name":"HAY","slug":"hay"}],"_links":{"self":[{"href":"https:\/\/pre.oboemuebles.com\/en\/wp-json\/wp\/v2\/product\/104442"}],"collection":[{"href":"https:\/\/pre.oboemuebles.com\/en\/wp-json\/wp\/v2\/product"}],"about":[{"href":"https:\/\/pre.oboemuebles.com\/en\/wp-json\/wp\/v2\/types\/product"}],"wp:featuredmedia":[{"embeddable":true,"href":"https:\/\/pre.oboemuebles.com\/en\/wp-json\/wp\/v2\/media\/104437"}],"wp:attachment":[{"href":"https:\/\/pre.oboemuebles.com\/en\/wp-json\/wp\/v2\/media?parent=104442"}],"wp:term":[{"taxonomy":"pwb-brand","embeddable":true,"href":"https:\/\/pre.oboemuebles.com\/en\/wp-json\/wp\/v2\/pwb-brand?post=104442"},{"taxonomy":"product_cat","embeddable":true,"href":"https:\/\/pre.oboemuebles.com\/en\/wp-json\/wp\/v2\/product_cat?post=104442"},{"taxonomy":"product_tag","embeddable":true,"href":"https:\/\/pre.oboemuebles.com\/en\/wp-json\/wp\/v2\/product_tag?post=104442"}],"curies":[{"name":"wp","href":"https:\/\/api.w.org\/{rel}","templated":true}]}}