{"id":69585,"date":"2020-09-11T07:47:12","date_gmt":"2020-09-11T07:47:12","guid":{"rendered":"https:\/\/dev.oboemuebles.com\/producto\/jackson-casadesus-jacksoncasadesus541"},"modified":"2024-06-03T10:16:01","modified_gmt":"2024-06-03T10:16:01","slug":"jackson-casadesus-jacksoncasadesus541","status":"publish","type":"product","link":"https:\/\/pre.oboemuebles.com\/en\/producto\/jackson-casadesus-jacksoncasadesus541\/","title":{"rendered":"JACKSON"},"content":{"rendered":"","protected":false},"excerpt":{"rendered":"<p>La colecci\u00f3n Jackson se concibe como un producto lineal cerca del dise\u00f1o m\u00e1s minimalista. La masividad de su todo su volumen se presenta sustentada \u00fanicamente por unas finas patas de acero en sus extremos. El bastidor met\u00e1lico que lo constituye permite la creaci\u00f3n de sof\u00e1s de hasta tres metros treinta con el apoyo \u00fanico de cuatro patas.<\/p>\n<p>Rellenos de fibra de poli\u00e9ster y pluma de pato blanca esterilizada. Pies en acero cromado brillo, desmontables mediante tornillos. Totalmente desenfundable (estructura y cojines), excepto cuando se tapiza en piel o imitaci\u00f3n de la misma.<\/p>\n","protected":false},"featured_media":105370,"template":"","meta":{"content-type":""},"pwb-brand":[377],"product_cat":[723,728,734],"product_tag":[373],"acf":[],"yoast_head":"<!-- This site is optimized with the Yoast SEO plugin v23.0 - https:\/\/yoast.com\/wordpress\/plugins\/seo\/ -->\n<title>JACKSON de CASADESUS<\/title>\n<meta name=\"description\" content=\"Estructura hierro pintada de poli\u00e9ster y madera recubierta con espuma de poliuretano de diversas densidades y con fibra de poli\u00e9ster hueca s\u2026\" \/>\n<meta name=\"robots\" content=\"noindex, follow, max-snippet:-1, max-image-preview:large, max-video-preview:-1\" \/>\n<meta property=\"og:locale\" content=\"en_US\" \/>\n<meta property=\"og:type\" content=\"article\" \/>\n<meta property=\"og:title\" content=\"JACKSON de CASADESUS\" \/>\n<meta property=\"og:description\" content=\"Estructura hierro pintada de poli\u00e9ster y madera recubierta con espuma de poliuretano de diversas densidades y con fibra de poli\u00e9ster hueca s\u2026\" \/>\n<meta property=\"og:url\" content=\"https:\/\/pre.oboemuebles.com\/en\/producto\/jackson-casadesus-jacksoncasadesus541\/\" \/>\n<meta property=\"og:site_name\" content=\"OBOE - Furniture store and designer kitchens in Malaga and Marbella\" \/>\n<meta property=\"article:modified_time\" content=\"2024-06-03T10:16:01+00:00\" \/>\n<meta property=\"og:image\" content=\"https:\/\/pre.oboemuebles.com\/wp-content\/uploads\/2020\/09\/sofa-jackson-casadesus.jpg\" \/>\n\t<meta property=\"og:image:width\" content=\"900\" \/>\n\t<meta property=\"og:image:height\" content=\"900\" \/>\n\t<meta property=\"og:image:type\" content=\"image\/jpeg\" \/>\n<meta name=\"twitter:card\" content=\"summary_large_image\" \/>\n<meta name=\"twitter:label1\" content=\"Est. reading time\" \/>\n\t<meta name=\"twitter:data1\" content=\"1 minute\" \/>\n<script type=\"application\/ld+json\" class=\"yoast-schema-graph\">{\"@context\":\"https:\/\/schema.org\",\"@graph\":[{\"@type\":\"WebPage\",\"@id\":\"https:\/\/pre.oboemuebles.com\/en\/producto\/jackson-casadesus-jacksoncasadesus541\/\",\"url\":\"https:\/\/pre.oboemuebles.com\/en\/producto\/jackson-casadesus-jacksoncasadesus541\/\",\"name\":\"JACKSON de CASADESUS\",\"isPartOf\":{\"@id\":\"https:\/\/pre.oboemuebles.com\/en\/#website\"},\"primaryImageOfPage\":{\"@id\":\"https:\/\/pre.oboemuebles.com\/en\/producto\/jackson-casadesus-jacksoncasadesus541\/#primaryimage\"},\"image\":{\"@id\":\"https:\/\/pre.oboemuebles.com\/en\/producto\/jackson-casadesus-jacksoncasadesus541\/#primaryimage\"},\"thumbnailUrl\":\"https:\/\/pre.oboemuebles.com\/wp-content\/uploads\/2020\/09\/sofa-jackson-casadesus.jpg\",\"datePublished\":\"2020-09-11T07:47:12+00:00\",\"dateModified\":\"2024-06-03T10:16:01+00:00\",\"description\":\"Estructura hierro pintada de poli\u00e9ster y madera recubierta con espuma de poliuretano de diversas densidades y con fibra de poli\u00e9ster hueca s\u2026\",\"breadcrumb\":{\"@id\":\"https:\/\/pre.oboemuebles.com\/en\/producto\/jackson-casadesus-jacksoncasadesus541\/#breadcrumb\"},\"inLanguage\":\"en-US\",\"potentialAction\":[{\"@type\":\"ReadAction\",\"target\":[\"https:\/\/pre.oboemuebles.com\/en\/producto\/jackson-casadesus-jacksoncasadesus541\/\"]}]},{\"@type\":\"ImageObject\",\"inLanguage\":\"en-US\",\"@id\":\"https:\/\/pre.oboemuebles.com\/en\/producto\/jackson-casadesus-jacksoncasadesus541\/#primaryimage\",\"url\":\"https:\/\/pre.oboemuebles.com\/wp-content\/uploads\/2020\/09\/sofa-jackson-casadesus.jpg\",\"contentUrl\":\"https:\/\/pre.oboemuebles.com\/wp-content\/uploads\/2020\/09\/sofa-jackson-casadesus.jpg\",\"width\":900,\"height\":900},{\"@type\":\"BreadcrumbList\",\"@id\":\"https:\/\/pre.oboemuebles.com\/en\/producto\/jackson-casadesus-jacksoncasadesus541\/#breadcrumb\",\"itemListElement\":[{\"@type\":\"ListItem\",\"position\":1,\"name\":\"Portada\",\"item\":\"https:\/\/pre.oboemuebles.com\/en\/\"},{\"@type\":\"ListItem\",\"position\":2,\"name\":\"default shop\",\"item\":\"https:\/\/pre.oboemuebles.com\/shop\/default-shop\/\"},{\"@type\":\"ListItem\",\"position\":3,\"name\":\"JACKSON\"}]},{\"@type\":\"WebSite\",\"@id\":\"https:\/\/pre.oboemuebles.com\/en\/#website\",\"url\":\"https:\/\/pre.oboemuebles.com\/en\/\",\"name\":\"OBOE - Furniture store and designer kitchens in Malaga and Marbella\",\"description\":\"Modern furniture, high quality kitchens and decoration in Malaga and Marbella\",\"potentialAction\":[{\"@type\":\"SearchAction\",\"target\":{\"@type\":\"EntryPoint\",\"urlTemplate\":\"https:\/\/pre.oboemuebles.com\/en\/?s={search_term_string}\"},\"query-input\":\"required name=search_term_string\"}],\"inLanguage\":\"en-US\"}]}<\/script>\n<!-- \/ Yoast SEO plugin. -->","yoast_head_json":{"title":"JACKSON de CASADESUS","description":"Estructura hierro pintada de poli\u00e9ster y madera recubierta con espuma de poliuretano de diversas densidades y con fibra de poli\u00e9ster hueca s\u2026","robots":{"index":"noindex","follow":"follow","max-snippet":"max-snippet:-1","max-image-preview":"max-image-preview:large","max-video-preview":"max-video-preview:-1"},"og_locale":"en_US","og_type":"article","og_title":"JACKSON de CASADESUS","og_description":"Estructura hierro pintada de poli\u00e9ster y madera recubierta con espuma de poliuretano de diversas densidades y con fibra de poli\u00e9ster hueca s\u2026","og_url":"https:\/\/pre.oboemuebles.com\/en\/producto\/jackson-casadesus-jacksoncasadesus541\/","og_site_name":"OBOE - Furniture store and designer kitchens in Malaga and Marbella","article_modified_time":"2024-06-03T10:16:01+00:00","og_image":[{"width":900,"height":900,"url":"https:\/\/pre.oboemuebles.com\/wp-content\/uploads\/2020\/09\/sofa-jackson-casadesus.jpg","type":"image\/jpeg"}],"twitter_card":"summary_large_image","twitter_misc":{"Est. reading time":"1 minute"},"schema":{"@context":"https:\/\/schema.org","@graph":[{"@type":"WebPage","@id":"https:\/\/pre.oboemuebles.com\/en\/producto\/jackson-casadesus-jacksoncasadesus541\/","url":"https:\/\/pre.oboemuebles.com\/en\/producto\/jackson-casadesus-jacksoncasadesus541\/","name":"JACKSON de CASADESUS","isPartOf":{"@id":"https:\/\/pre.oboemuebles.com\/en\/#website"},"primaryImageOfPage":{"@id":"https:\/\/pre.oboemuebles.com\/en\/producto\/jackson-casadesus-jacksoncasadesus541\/#primaryimage"},"image":{"@id":"https:\/\/pre.oboemuebles.com\/en\/producto\/jackson-casadesus-jacksoncasadesus541\/#primaryimage"},"thumbnailUrl":"https:\/\/pre.oboemuebles.com\/wp-content\/uploads\/2020\/09\/sofa-jackson-casadesus.jpg","datePublished":"2020-09-11T07:47:12+00:00","dateModified":"2024-06-03T10:16:01+00:00","description":"Estructura hierro pintada de poli\u00e9ster y madera recubierta con espuma de poliuretano de diversas densidades y con fibra de poli\u00e9ster hueca s\u2026","breadcrumb":{"@id":"https:\/\/pre.oboemuebles.com\/en\/producto\/jackson-casadesus-jacksoncasadesus541\/#breadcrumb"},"inLanguage":"en-US","potentialAction":[{"@type":"ReadAction","target":["https:\/\/pre.oboemuebles.com\/en\/producto\/jackson-casadesus-jacksoncasadesus541\/"]}]},{"@type":"ImageObject","inLanguage":"en-US","@id":"https:\/\/pre.oboemuebles.com\/en\/producto\/jackson-casadesus-jacksoncasadesus541\/#primaryimage","url":"https:\/\/pre.oboemuebles.com\/wp-content\/uploads\/2020\/09\/sofa-jackson-casadesus.jpg","contentUrl":"https:\/\/pre.oboemuebles.com\/wp-content\/uploads\/2020\/09\/sofa-jackson-casadesus.jpg","width":900,"height":900},{"@type":"BreadcrumbList","@id":"https:\/\/pre.oboemuebles.com\/en\/producto\/jackson-casadesus-jacksoncasadesus541\/#breadcrumb","itemListElement":[{"@type":"ListItem","position":1,"name":"Portada","item":"https:\/\/pre.oboemuebles.com\/en\/"},{"@type":"ListItem","position":2,"name":"default shop","item":"https:\/\/pre.oboemuebles.com\/shop\/default-shop\/"},{"@type":"ListItem","position":3,"name":"JACKSON"}]},{"@type":"WebSite","@id":"https:\/\/pre.oboemuebles.com\/en\/#website","url":"https:\/\/pre.oboemuebles.com\/en\/","name":"OBOE - Furniture store and designer kitchens in Malaga and Marbella","description":"Modern furniture, high quality kitchens and decoration in Malaga and Marbella","potentialAction":[{"@type":"SearchAction","target":{"@type":"EntryPoint","urlTemplate":"https:\/\/pre.oboemuebles.com\/en\/?s={search_term_string}"},"query-input":"required name=search_term_string"}],"inLanguage":"en-US"}]}},"brands":[{"id":377,"name":"CasaDes\u00fas","slug":"casadesus"}],"_links":{"self":[{"href":"https:\/\/pre.oboemuebles.com\/en\/wp-json\/wp\/v2\/product\/69585"}],"collection":[{"href":"https:\/\/pre.oboemuebles.com\/en\/wp-json\/wp\/v2\/product"}],"about":[{"href":"https:\/\/pre.oboemuebles.com\/en\/wp-json\/wp\/v2\/types\/product"}],"wp:featuredmedia":[{"embeddable":true,"href":"https:\/\/pre.oboemuebles.com\/en\/wp-json\/wp\/v2\/media\/105370"}],"wp:attachment":[{"href":"https:\/\/pre.oboemuebles.com\/en\/wp-json\/wp\/v2\/media?parent=69585"}],"wp:term":[{"taxonomy":"pwb-brand","embeddable":true,"href":"https:\/\/pre.oboemuebles.com\/en\/wp-json\/wp\/v2\/pwb-brand?post=69585"},{"taxonomy":"product_cat","embeddable":true,"href":"https:\/\/pre.oboemuebles.com\/en\/wp-json\/wp\/v2\/product_cat?post=69585"},{"taxonomy":"product_tag","embeddable":true,"href":"https:\/\/pre.oboemuebles.com\/en\/wp-json\/wp\/v2\/product_tag?post=69585"}],"curies":[{"name":"wp","href":"https:\/\/api.w.org\/{rel}","templated":true}]}}