{"id":69586,"date":"2020-09-11T07:47:16","date_gmt":"2020-09-11T07:47:16","guid":{"rendered":"https:\/\/dev.oboemuebles.com\/producto\/james-casadesus-jamescasadesus542"},"modified":"2022-11-25T10:09:39","modified_gmt":"2022-11-25T10:09:39","slug":"james-casadesus-jamescasadesus542","status":"publish","type":"product","link":"https:\/\/pre.oboemuebles.com\/en\/producto\/james-casadesus-jamescasadesus542\/","title":{"rendered":"JAMES"},"content":{"rendered":"","protected":false},"excerpt":{"rendered":"<p>La colecci\u00f3n James se concibe como un producto atemporal pero al mismo tiempo ligado a las actuales tendencias del dise\u00f1o. Su fuerza principal se radica en el confort, de ah\u00ed el gran n\u00famero de cojines que aporta, los cuales permiten jugar con la profundidad de sentada del mismo. Otra caracter\u00edstica del sistema James, es la opci\u00f3n de colocar mesas laterales y\/o traseras ligadas a la propia base del sof\u00e1 mediante piezas de acero inoxidable que al mismo tiempo hacen la funci\u00f3n de apoyo del sof\u00e1 contra el suelo.<\/p>\n<p>Cojines de asientos rellenos de fibra de poli\u00e9ster siliconada y pluma de pato blanca esterilizada con injerto de espuma de poliuretano. Cojines de respaldo recubiertos de funda protectora y con divisiones internas. Rellenos con fibra de poli\u00e9ster siliconada y pluma de pato blanca esterilizada. Totalmente desenfundable (estructura y cojines) excepto cuando se tapizan piel o imitaci\u00f3n de la misma.<\/p>\n","protected":false},"featured_media":60905,"template":"","meta":{"content-type":""},"pwb-brand":[377],"product_cat":[723,728,734],"product_tag":[373],"acf":[],"yoast_head":"<!-- This site is optimized with the Yoast SEO plugin v23.0 - https:\/\/yoast.com\/wordpress\/plugins\/seo\/ -->\n<title>JAMES de CASADESUS<\/title>\n<meta name=\"description\" content=\"Estructura de madera recubierta con espuma de poliuretano coma fibra de poli\u00e9ster y funda de tejido punto estructura de hierro y madera recu\u2026\" \/>\n<meta name=\"robots\" content=\"noindex, follow, max-snippet:-1, max-image-preview:large, max-video-preview:-1\" \/>\n<meta property=\"og:locale\" content=\"en_US\" \/>\n<meta property=\"og:type\" content=\"article\" \/>\n<meta property=\"og:title\" content=\"JAMES de CASADESUS\" \/>\n<meta property=\"og:description\" content=\"Estructura de madera recubierta con espuma de poliuretano coma fibra de poli\u00e9ster y funda de tejido punto estructura de hierro y madera recu\u2026\" \/>\n<meta property=\"og:url\" content=\"https:\/\/pre.oboemuebles.com\/en\/producto\/james-casadesus-jamescasadesus542\/\" \/>\n<meta property=\"og:site_name\" content=\"OBOE - Furniture store and designer kitchens in Malaga and Marbella\" \/>\n<meta property=\"article:modified_time\" content=\"2022-11-25T10:09:39+00:00\" \/>\n<meta property=\"og:image\" content=\"https:\/\/pre.oboemuebles.com\/wp-content\/uploads\/2020\/09\/CASADESUS-JAMES-1.jpg\" \/>\n\t<meta property=\"og:image:width\" content=\"900\" \/>\n\t<meta property=\"og:image:height\" content=\"900\" \/>\n\t<meta property=\"og:image:type\" content=\"image\/jpeg\" \/>\n<meta name=\"twitter:card\" content=\"summary_large_image\" \/>\n<script type=\"application\/ld+json\" class=\"yoast-schema-graph\">{\"@context\":\"https:\/\/schema.org\",\"@graph\":[{\"@type\":\"WebPage\",\"@id\":\"https:\/\/pre.oboemuebles.com\/en\/producto\/james-casadesus-jamescasadesus542\/\",\"url\":\"https:\/\/pre.oboemuebles.com\/en\/producto\/james-casadesus-jamescasadesus542\/\",\"name\":\"JAMES de CASADESUS\",\"isPartOf\":{\"@id\":\"https:\/\/pre.oboemuebles.com\/en\/#website\"},\"primaryImageOfPage\":{\"@id\":\"https:\/\/pre.oboemuebles.com\/en\/producto\/james-casadesus-jamescasadesus542\/#primaryimage\"},\"image\":{\"@id\":\"https:\/\/pre.oboemuebles.com\/en\/producto\/james-casadesus-jamescasadesus542\/#primaryimage\"},\"thumbnailUrl\":\"https:\/\/pre.oboemuebles.com\/wp-content\/uploads\/2020\/09\/CASADESUS-JAMES-1.jpg\",\"datePublished\":\"2020-09-11T07:47:16+00:00\",\"dateModified\":\"2022-11-25T10:09:39+00:00\",\"description\":\"Estructura de madera recubierta con espuma de poliuretano coma fibra de poli\u00e9ster y funda de tejido punto estructura de hierro y madera recu\u2026\",\"breadcrumb\":{\"@id\":\"https:\/\/pre.oboemuebles.com\/en\/producto\/james-casadesus-jamescasadesus542\/#breadcrumb\"},\"inLanguage\":\"en-US\",\"potentialAction\":[{\"@type\":\"ReadAction\",\"target\":[\"https:\/\/pre.oboemuebles.com\/en\/producto\/james-casadesus-jamescasadesus542\/\"]}]},{\"@type\":\"ImageObject\",\"inLanguage\":\"en-US\",\"@id\":\"https:\/\/pre.oboemuebles.com\/en\/producto\/james-casadesus-jamescasadesus542\/#primaryimage\",\"url\":\"https:\/\/pre.oboemuebles.com\/wp-content\/uploads\/2020\/09\/CASADESUS-JAMES-1.jpg\",\"contentUrl\":\"https:\/\/pre.oboemuebles.com\/wp-content\/uploads\/2020\/09\/CASADESUS-JAMES-1.jpg\",\"width\":900,\"height\":900},{\"@type\":\"BreadcrumbList\",\"@id\":\"https:\/\/pre.oboemuebles.com\/en\/producto\/james-casadesus-jamescasadesus542\/#breadcrumb\",\"itemListElement\":[{\"@type\":\"ListItem\",\"position\":1,\"name\":\"Portada\",\"item\":\"https:\/\/pre.oboemuebles.com\/en\/\"},{\"@type\":\"ListItem\",\"position\":2,\"name\":\"default shop\",\"item\":\"https:\/\/pre.oboemuebles.com\/shop\/default-shop\/\"},{\"@type\":\"ListItem\",\"position\":3,\"name\":\"JAMES\"}]},{\"@type\":\"WebSite\",\"@id\":\"https:\/\/pre.oboemuebles.com\/en\/#website\",\"url\":\"https:\/\/pre.oboemuebles.com\/en\/\",\"name\":\"OBOE - Furniture store and designer kitchens in Malaga and Marbella\",\"description\":\"Modern furniture, high quality kitchens and decoration in Malaga and Marbella\",\"potentialAction\":[{\"@type\":\"SearchAction\",\"target\":{\"@type\":\"EntryPoint\",\"urlTemplate\":\"https:\/\/pre.oboemuebles.com\/en\/?s={search_term_string}\"},\"query-input\":\"required name=search_term_string\"}],\"inLanguage\":\"en-US\"}]}<\/script>\n<!-- \/ Yoast SEO plugin. -->","yoast_head_json":{"title":"JAMES de CASADESUS","description":"Estructura de madera recubierta con espuma de poliuretano coma fibra de poli\u00e9ster y funda de tejido punto estructura de hierro y madera recu\u2026","robots":{"index":"noindex","follow":"follow","max-snippet":"max-snippet:-1","max-image-preview":"max-image-preview:large","max-video-preview":"max-video-preview:-1"},"og_locale":"en_US","og_type":"article","og_title":"JAMES de CASADESUS","og_description":"Estructura de madera recubierta con espuma de poliuretano coma fibra de poli\u00e9ster y funda de tejido punto estructura de hierro y madera recu\u2026","og_url":"https:\/\/pre.oboemuebles.com\/en\/producto\/james-casadesus-jamescasadesus542\/","og_site_name":"OBOE - Furniture store and designer kitchens in Malaga and Marbella","article_modified_time":"2022-11-25T10:09:39+00:00","og_image":[{"width":900,"height":900,"url":"https:\/\/pre.oboemuebles.com\/wp-content\/uploads\/2020\/09\/CASADESUS-JAMES-1.jpg","type":"image\/jpeg"}],"twitter_card":"summary_large_image","schema":{"@context":"https:\/\/schema.org","@graph":[{"@type":"WebPage","@id":"https:\/\/pre.oboemuebles.com\/en\/producto\/james-casadesus-jamescasadesus542\/","url":"https:\/\/pre.oboemuebles.com\/en\/producto\/james-casadesus-jamescasadesus542\/","name":"JAMES de CASADESUS","isPartOf":{"@id":"https:\/\/pre.oboemuebles.com\/en\/#website"},"primaryImageOfPage":{"@id":"https:\/\/pre.oboemuebles.com\/en\/producto\/james-casadesus-jamescasadesus542\/#primaryimage"},"image":{"@id":"https:\/\/pre.oboemuebles.com\/en\/producto\/james-casadesus-jamescasadesus542\/#primaryimage"},"thumbnailUrl":"https:\/\/pre.oboemuebles.com\/wp-content\/uploads\/2020\/09\/CASADESUS-JAMES-1.jpg","datePublished":"2020-09-11T07:47:16+00:00","dateModified":"2022-11-25T10:09:39+00:00","description":"Estructura de madera recubierta con espuma de poliuretano coma fibra de poli\u00e9ster y funda de tejido punto estructura de hierro y madera recu\u2026","breadcrumb":{"@id":"https:\/\/pre.oboemuebles.com\/en\/producto\/james-casadesus-jamescasadesus542\/#breadcrumb"},"inLanguage":"en-US","potentialAction":[{"@type":"ReadAction","target":["https:\/\/pre.oboemuebles.com\/en\/producto\/james-casadesus-jamescasadesus542\/"]}]},{"@type":"ImageObject","inLanguage":"en-US","@id":"https:\/\/pre.oboemuebles.com\/en\/producto\/james-casadesus-jamescasadesus542\/#primaryimage","url":"https:\/\/pre.oboemuebles.com\/wp-content\/uploads\/2020\/09\/CASADESUS-JAMES-1.jpg","contentUrl":"https:\/\/pre.oboemuebles.com\/wp-content\/uploads\/2020\/09\/CASADESUS-JAMES-1.jpg","width":900,"height":900},{"@type":"BreadcrumbList","@id":"https:\/\/pre.oboemuebles.com\/en\/producto\/james-casadesus-jamescasadesus542\/#breadcrumb","itemListElement":[{"@type":"ListItem","position":1,"name":"Portada","item":"https:\/\/pre.oboemuebles.com\/en\/"},{"@type":"ListItem","position":2,"name":"default shop","item":"https:\/\/pre.oboemuebles.com\/shop\/default-shop\/"},{"@type":"ListItem","position":3,"name":"JAMES"}]},{"@type":"WebSite","@id":"https:\/\/pre.oboemuebles.com\/en\/#website","url":"https:\/\/pre.oboemuebles.com\/en\/","name":"OBOE - Furniture store and designer kitchens in Malaga and Marbella","description":"Modern furniture, high quality kitchens and decoration in Malaga and Marbella","potentialAction":[{"@type":"SearchAction","target":{"@type":"EntryPoint","urlTemplate":"https:\/\/pre.oboemuebles.com\/en\/?s={search_term_string}"},"query-input":"required name=search_term_string"}],"inLanguage":"en-US"}]}},"brands":[{"id":377,"name":"CasaDes\u00fas","slug":"casadesus"}],"_links":{"self":[{"href":"https:\/\/pre.oboemuebles.com\/en\/wp-json\/wp\/v2\/product\/69586"}],"collection":[{"href":"https:\/\/pre.oboemuebles.com\/en\/wp-json\/wp\/v2\/product"}],"about":[{"href":"https:\/\/pre.oboemuebles.com\/en\/wp-json\/wp\/v2\/types\/product"}],"wp:featuredmedia":[{"embeddable":true,"href":"https:\/\/pre.oboemuebles.com\/en\/wp-json\/wp\/v2\/media\/60905"}],"wp:attachment":[{"href":"https:\/\/pre.oboemuebles.com\/en\/wp-json\/wp\/v2\/media?parent=69586"}],"wp:term":[{"taxonomy":"pwb-brand","embeddable":true,"href":"https:\/\/pre.oboemuebles.com\/en\/wp-json\/wp\/v2\/pwb-brand?post=69586"},{"taxonomy":"product_cat","embeddable":true,"href":"https:\/\/pre.oboemuebles.com\/en\/wp-json\/wp\/v2\/product_cat?post=69586"},{"taxonomy":"product_tag","embeddable":true,"href":"https:\/\/pre.oboemuebles.com\/en\/wp-json\/wp\/v2\/product_tag?post=69586"}],"curies":[{"name":"wp","href":"https:\/\/api.w.org\/{rel}","templated":true}]}}