{"id":72838,"date":"2020-09-11T11:39:58","date_gmt":"2020-09-11T11:39:58","guid":{"rendered":"https:\/\/dev.oboemuebles.com\/producto\/maia-kettal-maiacolumpiokettal587"},"modified":"2023-07-17T10:47:05","modified_gmt":"2023-07-17T10:47:05","slug":"maia-kettal-maiacolumpiokettal587","status":"publish","type":"product","link":"https:\/\/pre.oboemuebles.com\/en\/producto\/maia-kettal-maiacolumpiokettal587\/","title":{"rendered":"MAIA"},"content":{"rendered":"<p>Como una arquitectura se abre a su entorno, la colecci\u00f3n Kettal Maia dise\u00f1ada por Patricia Urquiola muestra una ligereza y una naturalidad elegante. El dise\u00f1o del trenzado artesanal, la solidez de la estructura de aluminio y la nueva colecci\u00f3n de tejidos de porotex y chenille crean una combinaci\u00f3n llena de energ\u00eda. La colecci\u00f3n ha sido elegida uno de los dise\u00f1os m\u00e1s representativos de nuestro siglo.<\/p>\n","protected":false},"excerpt":{"rendered":"<p>Como una arquitectura se abre a su entorno, la colecci\u00f3n Kettal Maia dise\u00f1ada por Patricia Urquiola muestra una ligereza y una naturalidad elegante. El dise\u00f1o del trenzado artesanal, la solidez de la estructura de aluminio y la nueva colecci\u00f3n de tejidos de porotex y chenille crean una combinaci\u00f3n llena de energ\u00eda. La colecci\u00f3n ha sido&hellip;<\/p>\n","protected":false},"featured_media":101520,"template":"","meta":{"content-type":""},"pwb-brand":[543],"product_cat":[727,748,723],"product_tag":[370],"acf":[],"yoast_head":"<!-- This site is optimized with the Yoast SEO plugin v23.0 - https:\/\/yoast.com\/wordpress\/plugins\/seo\/ -->\n<title>MAIA de KETTAL<\/title>\n<meta name=\"description\" content=\"MAIA de KETTAL por Patricia Urquiola en Oboe Muebles.\u2026\" \/>\n<meta name=\"robots\" content=\"noindex, follow, max-snippet:-1, max-image-preview:large, max-video-preview:-1\" \/>\n<meta property=\"og:locale\" content=\"en_US\" \/>\n<meta property=\"og:type\" content=\"article\" \/>\n<meta property=\"og:title\" content=\"MAIA de KETTAL\" \/>\n<meta property=\"og:description\" content=\"MAIA de KETTAL por Patricia Urquiola en Oboe Muebles.\u2026\" \/>\n<meta property=\"og:url\" content=\"https:\/\/pre.oboemuebles.com\/en\/producto\/maia-kettal-maiacolumpiokettal587\/\" \/>\n<meta property=\"og:site_name\" content=\"OBOE - Furniture store and designer kitchens in Malaga and Marbella\" \/>\n<meta property=\"article:modified_time\" content=\"2023-07-17T10:47:05+00:00\" \/>\n<meta property=\"og:image\" content=\"https:\/\/pre.oboemuebles.com\/wp-content\/uploads\/2020\/09\/maia-columpio-kettal.jpg\" \/>\n\t<meta property=\"og:image:width\" content=\"900\" \/>\n\t<meta property=\"og:image:height\" content=\"900\" \/>\n\t<meta property=\"og:image:type\" content=\"image\/jpeg\" \/>\n<meta name=\"twitter:card\" content=\"summary_large_image\" \/>\n<meta name=\"twitter:label1\" content=\"Est. reading time\" \/>\n\t<meta name=\"twitter:data1\" content=\"1 minute\" \/>\n<script type=\"application\/ld+json\" class=\"yoast-schema-graph\">{\"@context\":\"https:\/\/schema.org\",\"@graph\":[{\"@type\":\"WebPage\",\"@id\":\"https:\/\/pre.oboemuebles.com\/en\/producto\/maia-kettal-maiacolumpiokettal587\/\",\"url\":\"https:\/\/pre.oboemuebles.com\/en\/producto\/maia-kettal-maiacolumpiokettal587\/\",\"name\":\"MAIA de KETTAL\",\"isPartOf\":{\"@id\":\"https:\/\/pre.oboemuebles.com\/en\/#website\"},\"primaryImageOfPage\":{\"@id\":\"https:\/\/pre.oboemuebles.com\/en\/producto\/maia-kettal-maiacolumpiokettal587\/#primaryimage\"},\"image\":{\"@id\":\"https:\/\/pre.oboemuebles.com\/en\/producto\/maia-kettal-maiacolumpiokettal587\/#primaryimage\"},\"thumbnailUrl\":\"https:\/\/pre.oboemuebles.com\/wp-content\/uploads\/2020\/09\/maia-columpio-kettal.jpg\",\"datePublished\":\"2020-09-11T11:39:58+00:00\",\"dateModified\":\"2023-07-17T10:47:05+00:00\",\"description\":\"MAIA de KETTAL por Patricia Urquiola en Oboe Muebles.\u2026\",\"breadcrumb\":{\"@id\":\"https:\/\/pre.oboemuebles.com\/en\/producto\/maia-kettal-maiacolumpiokettal587\/#breadcrumb\"},\"inLanguage\":\"en-US\",\"potentialAction\":[{\"@type\":\"ReadAction\",\"target\":[\"https:\/\/pre.oboemuebles.com\/en\/producto\/maia-kettal-maiacolumpiokettal587\/\"]}]},{\"@type\":\"ImageObject\",\"inLanguage\":\"en-US\",\"@id\":\"https:\/\/pre.oboemuebles.com\/en\/producto\/maia-kettal-maiacolumpiokettal587\/#primaryimage\",\"url\":\"https:\/\/pre.oboemuebles.com\/wp-content\/uploads\/2020\/09\/maia-columpio-kettal.jpg\",\"contentUrl\":\"https:\/\/pre.oboemuebles.com\/wp-content\/uploads\/2020\/09\/maia-columpio-kettal.jpg\",\"width\":900,\"height\":900},{\"@type\":\"BreadcrumbList\",\"@id\":\"https:\/\/pre.oboemuebles.com\/en\/producto\/maia-kettal-maiacolumpiokettal587\/#breadcrumb\",\"itemListElement\":[{\"@type\":\"ListItem\",\"position\":1,\"name\":\"Portada\",\"item\":\"https:\/\/pre.oboemuebles.com\/en\/\"},{\"@type\":\"ListItem\",\"position\":2,\"name\":\"default shop\",\"item\":\"https:\/\/pre.oboemuebles.com\/shop\/default-shop\/\"},{\"@type\":\"ListItem\",\"position\":3,\"name\":\"MAIA\"}]},{\"@type\":\"WebSite\",\"@id\":\"https:\/\/pre.oboemuebles.com\/en\/#website\",\"url\":\"https:\/\/pre.oboemuebles.com\/en\/\",\"name\":\"OBOE - Furniture store and designer kitchens in Malaga and Marbella\",\"description\":\"Modern furniture, high quality kitchens and decoration in Malaga and Marbella\",\"potentialAction\":[{\"@type\":\"SearchAction\",\"target\":{\"@type\":\"EntryPoint\",\"urlTemplate\":\"https:\/\/pre.oboemuebles.com\/en\/?s={search_term_string}\"},\"query-input\":\"required name=search_term_string\"}],\"inLanguage\":\"en-US\"}]}<\/script>\n<!-- \/ Yoast SEO plugin. -->","yoast_head_json":{"title":"MAIA de KETTAL","description":"MAIA de KETTAL por Patricia Urquiola en Oboe Muebles.\u2026","robots":{"index":"noindex","follow":"follow","max-snippet":"max-snippet:-1","max-image-preview":"max-image-preview:large","max-video-preview":"max-video-preview:-1"},"og_locale":"en_US","og_type":"article","og_title":"MAIA de KETTAL","og_description":"MAIA de KETTAL por Patricia Urquiola en Oboe Muebles.\u2026","og_url":"https:\/\/pre.oboemuebles.com\/en\/producto\/maia-kettal-maiacolumpiokettal587\/","og_site_name":"OBOE - Furniture store and designer kitchens in Malaga and Marbella","article_modified_time":"2023-07-17T10:47:05+00:00","og_image":[{"width":900,"height":900,"url":"https:\/\/pre.oboemuebles.com\/wp-content\/uploads\/2020\/09\/maia-columpio-kettal.jpg","type":"image\/jpeg"}],"twitter_card":"summary_large_image","twitter_misc":{"Est. reading time":"1 minute"},"schema":{"@context":"https:\/\/schema.org","@graph":[{"@type":"WebPage","@id":"https:\/\/pre.oboemuebles.com\/en\/producto\/maia-kettal-maiacolumpiokettal587\/","url":"https:\/\/pre.oboemuebles.com\/en\/producto\/maia-kettal-maiacolumpiokettal587\/","name":"MAIA de KETTAL","isPartOf":{"@id":"https:\/\/pre.oboemuebles.com\/en\/#website"},"primaryImageOfPage":{"@id":"https:\/\/pre.oboemuebles.com\/en\/producto\/maia-kettal-maiacolumpiokettal587\/#primaryimage"},"image":{"@id":"https:\/\/pre.oboemuebles.com\/en\/producto\/maia-kettal-maiacolumpiokettal587\/#primaryimage"},"thumbnailUrl":"https:\/\/pre.oboemuebles.com\/wp-content\/uploads\/2020\/09\/maia-columpio-kettal.jpg","datePublished":"2020-09-11T11:39:58+00:00","dateModified":"2023-07-17T10:47:05+00:00","description":"MAIA de KETTAL por Patricia Urquiola en Oboe Muebles.\u2026","breadcrumb":{"@id":"https:\/\/pre.oboemuebles.com\/en\/producto\/maia-kettal-maiacolumpiokettal587\/#breadcrumb"},"inLanguage":"en-US","potentialAction":[{"@type":"ReadAction","target":["https:\/\/pre.oboemuebles.com\/en\/producto\/maia-kettal-maiacolumpiokettal587\/"]}]},{"@type":"ImageObject","inLanguage":"en-US","@id":"https:\/\/pre.oboemuebles.com\/en\/producto\/maia-kettal-maiacolumpiokettal587\/#primaryimage","url":"https:\/\/pre.oboemuebles.com\/wp-content\/uploads\/2020\/09\/maia-columpio-kettal.jpg","contentUrl":"https:\/\/pre.oboemuebles.com\/wp-content\/uploads\/2020\/09\/maia-columpio-kettal.jpg","width":900,"height":900},{"@type":"BreadcrumbList","@id":"https:\/\/pre.oboemuebles.com\/en\/producto\/maia-kettal-maiacolumpiokettal587\/#breadcrumb","itemListElement":[{"@type":"ListItem","position":1,"name":"Portada","item":"https:\/\/pre.oboemuebles.com\/en\/"},{"@type":"ListItem","position":2,"name":"default shop","item":"https:\/\/pre.oboemuebles.com\/shop\/default-shop\/"},{"@type":"ListItem","position":3,"name":"MAIA"}]},{"@type":"WebSite","@id":"https:\/\/pre.oboemuebles.com\/en\/#website","url":"https:\/\/pre.oboemuebles.com\/en\/","name":"OBOE - Furniture store and designer kitchens in Malaga and Marbella","description":"Modern furniture, high quality kitchens and decoration in Malaga and Marbella","potentialAction":[{"@type":"SearchAction","target":{"@type":"EntryPoint","urlTemplate":"https:\/\/pre.oboemuebles.com\/en\/?s={search_term_string}"},"query-input":"required name=search_term_string"}],"inLanguage":"en-US"}]}},"brands":[{"id":543,"name":"Kettal","slug":"kettal"}],"_links":{"self":[{"href":"https:\/\/pre.oboemuebles.com\/en\/wp-json\/wp\/v2\/product\/72838"}],"collection":[{"href":"https:\/\/pre.oboemuebles.com\/en\/wp-json\/wp\/v2\/product"}],"about":[{"href":"https:\/\/pre.oboemuebles.com\/en\/wp-json\/wp\/v2\/types\/product"}],"wp:featuredmedia":[{"embeddable":true,"href":"https:\/\/pre.oboemuebles.com\/en\/wp-json\/wp\/v2\/media\/101520"}],"wp:attachment":[{"href":"https:\/\/pre.oboemuebles.com\/en\/wp-json\/wp\/v2\/media?parent=72838"}],"wp:term":[{"taxonomy":"pwb-brand","embeddable":true,"href":"https:\/\/pre.oboemuebles.com\/en\/wp-json\/wp\/v2\/pwb-brand?post=72838"},{"taxonomy":"product_cat","embeddable":true,"href":"https:\/\/pre.oboemuebles.com\/en\/wp-json\/wp\/v2\/product_cat?post=72838"},{"taxonomy":"product_tag","embeddable":true,"href":"https:\/\/pre.oboemuebles.com\/en\/wp-json\/wp\/v2\/product_tag?post=72838"}],"curies":[{"name":"wp","href":"https:\/\/api.w.org\/{rel}","templated":true}]}}