{"id":84258,"date":"2020-09-15T09:07:06","date_gmt":"2020-09-15T09:07:06","guid":{"rendered":"https:\/\/dev.oboemuebles.com\/producto\/tairu-tribu-tairutribu2187"},"modified":"2023-07-21T09:26:30","modified_gmt":"2023-07-21T09:26:30","slug":"tairu-tribu-tairutribu2187","status":"publish","type":"product","link":"https:\/\/pre.oboemuebles.com\/en\/producto\/tairu-tribu-tairutribu2187\/","title":{"rendered":"TAIRU"},"content":{"rendered":"<p>La mesa auxiliar Tairu combina funcionalidad y belleza natural. Su base est\u00e1 formada por un robusto cubo de madera hueco con asas encastradas que permiten desplazarla f\u00e1cilmente. La particularidad de la Tairo reside en su parte superior de piedra volc\u00e1nica esmaltada del Vesuvius.<\/p>\n","protected":false},"excerpt":{"rendered":"<p>30x30x40H Est\u00e1 disponible en cuatro sofisticadas tonalidades, cada una con un sutil acabado craquelado.<br \/>\nLos colores se aplican a mano, lo que hace que cada pieza sea \u00fanica.<\/p>\n","protected":false},"featured_media":80989,"template":"","meta":{"content-type":""},"pwb-brand":[573],"product_cat":[731,748,736,723,730],"product_tag":[694],"acf":[],"yoast_head":"<!-- This site is optimized with the Yoast SEO plugin v23.0 - https:\/\/yoast.com\/wordpress\/plugins\/seo\/ -->\n<title>TAIRU de Tribu<\/title>\n<meta name=\"description\" content=\"30x30x40H Est\u00e1 disponible en cuatro sofisticadas tonalidades, cada una con un sutil acabado craquelado. Los colores se aplican a mano, lo q\u2026\" \/>\n<meta name=\"robots\" content=\"noindex, follow, max-snippet:-1, max-image-preview:large, max-video-preview:-1\" \/>\n<meta property=\"og:locale\" content=\"en_US\" \/>\n<meta property=\"og:type\" content=\"article\" \/>\n<meta property=\"og:title\" content=\"TAIRU de Tribu\" \/>\n<meta property=\"og:description\" content=\"30x30x40H Est\u00e1 disponible en cuatro sofisticadas tonalidades, cada una con un sutil acabado craquelado. Los colores se aplican a mano, lo q\u2026\" \/>\n<meta property=\"og:url\" content=\"https:\/\/pre.oboemuebles.com\/en\/producto\/tairu-tribu-tairutribu2187\/\" \/>\n<meta property=\"og:site_name\" content=\"OBOE - Furniture store and designer kitchens in Malaga and Marbella\" \/>\n<meta property=\"article:modified_time\" content=\"2023-07-21T09:26:30+00:00\" \/>\n<meta property=\"og:image\" content=\"https:\/\/pre.oboemuebles.com\/wp-content\/uploads\/2020\/09\/TRIBU-ACCESORIOS-TAIRU1.jpg\" \/>\n\t<meta property=\"og:image:width\" content=\"900\" \/>\n\t<meta property=\"og:image:height\" content=\"900\" \/>\n\t<meta property=\"og:image:type\" content=\"image\/jpeg\" \/>\n<meta name=\"twitter:card\" content=\"summary_large_image\" \/>\n<meta name=\"twitter:label1\" content=\"Est. reading time\" \/>\n\t<meta name=\"twitter:data1\" content=\"1 minute\" \/>\n<script type=\"application\/ld+json\" class=\"yoast-schema-graph\">{\"@context\":\"https:\/\/schema.org\",\"@graph\":[{\"@type\":\"WebPage\",\"@id\":\"https:\/\/pre.oboemuebles.com\/en\/producto\/tairu-tribu-tairutribu2187\/\",\"url\":\"https:\/\/pre.oboemuebles.com\/en\/producto\/tairu-tribu-tairutribu2187\/\",\"name\":\"TAIRU de Tribu\",\"isPartOf\":{\"@id\":\"https:\/\/pre.oboemuebles.com\/en\/#website\"},\"primaryImageOfPage\":{\"@id\":\"https:\/\/pre.oboemuebles.com\/en\/producto\/tairu-tribu-tairutribu2187\/#primaryimage\"},\"image\":{\"@id\":\"https:\/\/pre.oboemuebles.com\/en\/producto\/tairu-tribu-tairutribu2187\/#primaryimage\"},\"thumbnailUrl\":\"https:\/\/pre.oboemuebles.com\/wp-content\/uploads\/2020\/09\/TRIBU-ACCESORIOS-TAIRU1.jpg\",\"datePublished\":\"2020-09-15T09:07:06+00:00\",\"dateModified\":\"2023-07-21T09:26:30+00:00\",\"description\":\"30x30x40H Est\u00e1 disponible en cuatro sofisticadas tonalidades, cada una con un sutil acabado craquelado. Los colores se aplican a mano, lo q\u2026\",\"breadcrumb\":{\"@id\":\"https:\/\/pre.oboemuebles.com\/en\/producto\/tairu-tribu-tairutribu2187\/#breadcrumb\"},\"inLanguage\":\"en-US\",\"potentialAction\":[{\"@type\":\"ReadAction\",\"target\":[\"https:\/\/pre.oboemuebles.com\/en\/producto\/tairu-tribu-tairutribu2187\/\"]}]},{\"@type\":\"ImageObject\",\"inLanguage\":\"en-US\",\"@id\":\"https:\/\/pre.oboemuebles.com\/en\/producto\/tairu-tribu-tairutribu2187\/#primaryimage\",\"url\":\"https:\/\/pre.oboemuebles.com\/wp-content\/uploads\/2020\/09\/TRIBU-ACCESORIOS-TAIRU1.jpg\",\"contentUrl\":\"https:\/\/pre.oboemuebles.com\/wp-content\/uploads\/2020\/09\/TRIBU-ACCESORIOS-TAIRU1.jpg\",\"width\":900,\"height\":900},{\"@type\":\"BreadcrumbList\",\"@id\":\"https:\/\/pre.oboemuebles.com\/en\/producto\/tairu-tribu-tairutribu2187\/#breadcrumb\",\"itemListElement\":[{\"@type\":\"ListItem\",\"position\":1,\"name\":\"Portada\",\"item\":\"https:\/\/pre.oboemuebles.com\/en\/\"},{\"@type\":\"ListItem\",\"position\":2,\"name\":\"default shop\",\"item\":\"https:\/\/pre.oboemuebles.com\/shop\/default-shop\/\"},{\"@type\":\"ListItem\",\"position\":3,\"name\":\"TAIRU\"}]},{\"@type\":\"WebSite\",\"@id\":\"https:\/\/pre.oboemuebles.com\/en\/#website\",\"url\":\"https:\/\/pre.oboemuebles.com\/en\/\",\"name\":\"OBOE - Furniture store and designer kitchens in Malaga and Marbella\",\"description\":\"Modern furniture, high quality kitchens and decoration in Malaga and Marbella\",\"potentialAction\":[{\"@type\":\"SearchAction\",\"target\":{\"@type\":\"EntryPoint\",\"urlTemplate\":\"https:\/\/pre.oboemuebles.com\/en\/?s={search_term_string}\"},\"query-input\":\"required name=search_term_string\"}],\"inLanguage\":\"en-US\"}]}<\/script>\n<!-- \/ Yoast SEO plugin. -->","yoast_head_json":{"title":"TAIRU de Tribu","description":"30x30x40H Est\u00e1 disponible en cuatro sofisticadas tonalidades, cada una con un sutil acabado craquelado. Los colores se aplican a mano, lo q\u2026","robots":{"index":"noindex","follow":"follow","max-snippet":"max-snippet:-1","max-image-preview":"max-image-preview:large","max-video-preview":"max-video-preview:-1"},"og_locale":"en_US","og_type":"article","og_title":"TAIRU de Tribu","og_description":"30x30x40H Est\u00e1 disponible en cuatro sofisticadas tonalidades, cada una con un sutil acabado craquelado. Los colores se aplican a mano, lo q\u2026","og_url":"https:\/\/pre.oboemuebles.com\/en\/producto\/tairu-tribu-tairutribu2187\/","og_site_name":"OBOE - Furniture store and designer kitchens in Malaga and Marbella","article_modified_time":"2023-07-21T09:26:30+00:00","og_image":[{"width":900,"height":900,"url":"https:\/\/pre.oboemuebles.com\/wp-content\/uploads\/2020\/09\/TRIBU-ACCESORIOS-TAIRU1.jpg","type":"image\/jpeg"}],"twitter_card":"summary_large_image","twitter_misc":{"Est. reading time":"1 minute"},"schema":{"@context":"https:\/\/schema.org","@graph":[{"@type":"WebPage","@id":"https:\/\/pre.oboemuebles.com\/en\/producto\/tairu-tribu-tairutribu2187\/","url":"https:\/\/pre.oboemuebles.com\/en\/producto\/tairu-tribu-tairutribu2187\/","name":"TAIRU de Tribu","isPartOf":{"@id":"https:\/\/pre.oboemuebles.com\/en\/#website"},"primaryImageOfPage":{"@id":"https:\/\/pre.oboemuebles.com\/en\/producto\/tairu-tribu-tairutribu2187\/#primaryimage"},"image":{"@id":"https:\/\/pre.oboemuebles.com\/en\/producto\/tairu-tribu-tairutribu2187\/#primaryimage"},"thumbnailUrl":"https:\/\/pre.oboemuebles.com\/wp-content\/uploads\/2020\/09\/TRIBU-ACCESORIOS-TAIRU1.jpg","datePublished":"2020-09-15T09:07:06+00:00","dateModified":"2023-07-21T09:26:30+00:00","description":"30x30x40H Est\u00e1 disponible en cuatro sofisticadas tonalidades, cada una con un sutil acabado craquelado. Los colores se aplican a mano, lo q\u2026","breadcrumb":{"@id":"https:\/\/pre.oboemuebles.com\/en\/producto\/tairu-tribu-tairutribu2187\/#breadcrumb"},"inLanguage":"en-US","potentialAction":[{"@type":"ReadAction","target":["https:\/\/pre.oboemuebles.com\/en\/producto\/tairu-tribu-tairutribu2187\/"]}]},{"@type":"ImageObject","inLanguage":"en-US","@id":"https:\/\/pre.oboemuebles.com\/en\/producto\/tairu-tribu-tairutribu2187\/#primaryimage","url":"https:\/\/pre.oboemuebles.com\/wp-content\/uploads\/2020\/09\/TRIBU-ACCESORIOS-TAIRU1.jpg","contentUrl":"https:\/\/pre.oboemuebles.com\/wp-content\/uploads\/2020\/09\/TRIBU-ACCESORIOS-TAIRU1.jpg","width":900,"height":900},{"@type":"BreadcrumbList","@id":"https:\/\/pre.oboemuebles.com\/en\/producto\/tairu-tribu-tairutribu2187\/#breadcrumb","itemListElement":[{"@type":"ListItem","position":1,"name":"Portada","item":"https:\/\/pre.oboemuebles.com\/en\/"},{"@type":"ListItem","position":2,"name":"default shop","item":"https:\/\/pre.oboemuebles.com\/shop\/default-shop\/"},{"@type":"ListItem","position":3,"name":"TAIRU"}]},{"@type":"WebSite","@id":"https:\/\/pre.oboemuebles.com\/en\/#website","url":"https:\/\/pre.oboemuebles.com\/en\/","name":"OBOE - Furniture store and designer kitchens in Malaga and Marbella","description":"Modern furniture, high quality kitchens and decoration in Malaga and Marbella","potentialAction":[{"@type":"SearchAction","target":{"@type":"EntryPoint","urlTemplate":"https:\/\/pre.oboemuebles.com\/en\/?s={search_term_string}"},"query-input":"required name=search_term_string"}],"inLanguage":"en-US"}]}},"brands":[{"id":573,"name":"Tribu","slug":"tribu"}],"_links":{"self":[{"href":"https:\/\/pre.oboemuebles.com\/en\/wp-json\/wp\/v2\/product\/84258"}],"collection":[{"href":"https:\/\/pre.oboemuebles.com\/en\/wp-json\/wp\/v2\/product"}],"about":[{"href":"https:\/\/pre.oboemuebles.com\/en\/wp-json\/wp\/v2\/types\/product"}],"wp:featuredmedia":[{"embeddable":true,"href":"https:\/\/pre.oboemuebles.com\/en\/wp-json\/wp\/v2\/media\/80989"}],"wp:attachment":[{"href":"https:\/\/pre.oboemuebles.com\/en\/wp-json\/wp\/v2\/media?parent=84258"}],"wp:term":[{"taxonomy":"pwb-brand","embeddable":true,"href":"https:\/\/pre.oboemuebles.com\/en\/wp-json\/wp\/v2\/pwb-brand?post=84258"},{"taxonomy":"product_cat","embeddable":true,"href":"https:\/\/pre.oboemuebles.com\/en\/wp-json\/wp\/v2\/product_cat?post=84258"},{"taxonomy":"product_tag","embeddable":true,"href":"https:\/\/pre.oboemuebles.com\/en\/wp-json\/wp\/v2\/product_tag?post=84258"}],"curies":[{"name":"wp","href":"https:\/\/api.w.org\/{rel}","templated":true}]}}