{"id":92670,"date":"2022-03-31T12:54:58","date_gmt":"2022-03-31T12:54:58","guid":{"rendered":"https:\/\/oboemuebles.com\/muebles-diseno-decoracion-malaga-marbella\/panda19\/"},"modified":"2022-04-06T10:41:08","modified_gmt":"2022-04-06T10:41:08","slug":"panda19","status":"publish","type":"product","link":"https:\/\/pre.oboemuebles.com\/en\/producto\/panda19\/","title":{"rendered":"PANDA 19"},"content":{"rendered":"","protected":false},"excerpt":{"rendered":"<p>La silla Bergere Panda 19 se caracteriza por sus importantes proporciones, con reposabrazos y un gran respaldo, que se desarrolla con una altura considerable. Est\u00e1 fabricado con estructura y patas de aluminio y armaz\u00f3n de fibra sint\u00e9tica de polietileno Panda Resin blanco\/gris. Fibras sint\u00e9ticas de \u00faltima generaci\u00f3n, estar\u00e1n dise\u00f1adas para resistir el agua y la luz y conservar las cualidades t\u00e9cnicas y crom\u00e1ticas en el tiempo, manteniendo un aspecto muy natural y duradero. El asiento y el respaldo est\u00e1n adornados con grandes cojines con fundas extra\u00edbles, para mejorar la comodidad.<\/p>\n","protected":false},"featured_media":91286,"template":"","meta":{"content-type":""},"pwb-brand":[2151],"product_cat":[1295,1271,1284,1270,1287],"product_tag":[],"acf":[],"yoast_head":"<!-- This site is optimized with the Yoast SEO plugin v23.0 - https:\/\/yoast.com\/wordpress\/plugins\/seo\/ -->\n<title>PANDA by Gervasoni<\/title>\n<meta name=\"robots\" content=\"noindex, follow, max-snippet:-1, max-image-preview:large, max-video-preview:-1\" \/>\n<meta property=\"og:locale\" content=\"en_US\" \/>\n<meta property=\"og:type\" content=\"article\" \/>\n<meta property=\"og:title\" content=\"PANDA by Gervasoni\" \/>\n<meta property=\"og:description\" content=\"La silla Bergere Panda 19 se caracteriza por sus importantes proporciones, con reposabrazos y un gran respaldo, que se desarrolla con una altura considerable. Est\u00e1 fabricado con estructura y patas de aluminio y armaz\u00f3n de fibra sint\u00e9tica de polietileno Panda Resin blanco\/gris. Fibras sint\u00e9ticas de \u00faltima generaci\u00f3n, estar\u00e1n dise\u00f1adas para resistir el agua y la luz y conservar las cualidades t\u00e9cnicas y crom\u00e1ticas en el tiempo, manteniendo un aspecto muy natural y duradero. El asiento y el respaldo est\u00e1n adornados con grandes cojines con fundas extra\u00edbles, para mejorar la comodidad.\" \/>\n<meta property=\"og:url\" content=\"https:\/\/pre.oboemuebles.com\/en\/producto\/panda19\/\" \/>\n<meta property=\"og:site_name\" content=\"OBOE - Furniture store and designer kitchens in Malaga and Marbella\" \/>\n<meta property=\"article:modified_time\" content=\"2022-04-06T10:41:08+00:00\" \/>\n<meta property=\"og:image\" content=\"https:\/\/pre.oboemuebles.com\/wp-content\/uploads\/2022\/03\/panda19-sillonexterior-1.jpg\" \/>\n\t<meta property=\"og:image:width\" content=\"900\" \/>\n\t<meta property=\"og:image:height\" content=\"900\" \/>\n\t<meta property=\"og:image:type\" content=\"image\/jpeg\" \/>\n<meta name=\"twitter:card\" content=\"summary_large_image\" \/>\n<script type=\"application\/ld+json\" class=\"yoast-schema-graph\">{\"@context\":\"https:\/\/schema.org\",\"@graph\":[{\"@type\":\"WebPage\",\"@id\":\"https:\/\/pre.oboemuebles.com\/en\/producto\/panda19\/\",\"url\":\"https:\/\/pre.oboemuebles.com\/en\/producto\/panda19\/\",\"name\":\"PANDA by Gervasoni\",\"isPartOf\":{\"@id\":\"https:\/\/pre.oboemuebles.com\/en\/#website\"},\"primaryImageOfPage\":{\"@id\":\"https:\/\/pre.oboemuebles.com\/en\/producto\/panda19\/#primaryimage\"},\"image\":{\"@id\":\"https:\/\/pre.oboemuebles.com\/en\/producto\/panda19\/#primaryimage\"},\"thumbnailUrl\":\"https:\/\/pre.oboemuebles.com\/wp-content\/uploads\/2022\/03\/panda19-sillonexterior-1.jpg\",\"datePublished\":\"2022-03-31T12:54:58+00:00\",\"dateModified\":\"2022-04-06T10:41:08+00:00\",\"breadcrumb\":{\"@id\":\"https:\/\/pre.oboemuebles.com\/en\/producto\/panda19\/#breadcrumb\"},\"inLanguage\":\"en-US\",\"potentialAction\":[{\"@type\":\"ReadAction\",\"target\":[\"https:\/\/pre.oboemuebles.com\/en\/producto\/panda19\/\"]}]},{\"@type\":\"ImageObject\",\"inLanguage\":\"en-US\",\"@id\":\"https:\/\/pre.oboemuebles.com\/en\/producto\/panda19\/#primaryimage\",\"url\":\"https:\/\/pre.oboemuebles.com\/wp-content\/uploads\/2022\/03\/panda19-sillonexterior-1.jpg\",\"contentUrl\":\"https:\/\/pre.oboemuebles.com\/wp-content\/uploads\/2022\/03\/panda19-sillonexterior-1.jpg\",\"width\":900,\"height\":900},{\"@type\":\"BreadcrumbList\",\"@id\":\"https:\/\/pre.oboemuebles.com\/en\/producto\/panda19\/#breadcrumb\",\"itemListElement\":[{\"@type\":\"ListItem\",\"position\":1,\"name\":\"Portada\",\"item\":\"https:\/\/pre.oboemuebles.com\/en\/\"},{\"@type\":\"ListItem\",\"position\":2,\"name\":\"default shop\",\"item\":\"https:\/\/pre.oboemuebles.com\/shop\/default-shop\/\"},{\"@type\":\"ListItem\",\"position\":3,\"name\":\"PANDA 19\"}]},{\"@type\":\"WebSite\",\"@id\":\"https:\/\/pre.oboemuebles.com\/en\/#website\",\"url\":\"https:\/\/pre.oboemuebles.com\/en\/\",\"name\":\"OBOE - Furniture store and designer kitchens in Malaga and Marbella\",\"description\":\"Modern furniture, high quality kitchens and decoration in Malaga and Marbella\",\"potentialAction\":[{\"@type\":\"SearchAction\",\"target\":{\"@type\":\"EntryPoint\",\"urlTemplate\":\"https:\/\/pre.oboemuebles.com\/en\/?s={search_term_string}\"},\"query-input\":\"required name=search_term_string\"}],\"inLanguage\":\"en-US\"}]}<\/script>\n<!-- \/ Yoast SEO plugin. -->","yoast_head_json":{"title":"PANDA by Gervasoni","robots":{"index":"noindex","follow":"follow","max-snippet":"max-snippet:-1","max-image-preview":"max-image-preview:large","max-video-preview":"max-video-preview:-1"},"og_locale":"en_US","og_type":"article","og_title":"PANDA by Gervasoni","og_description":"La silla Bergere Panda 19 se caracteriza por sus importantes proporciones, con reposabrazos y un gran respaldo, que se desarrolla con una altura considerable. Est\u00e1 fabricado con estructura y patas de aluminio y armaz\u00f3n de fibra sint\u00e9tica de polietileno Panda Resin blanco\/gris. Fibras sint\u00e9ticas de \u00faltima generaci\u00f3n, estar\u00e1n dise\u00f1adas para resistir el agua y la luz y conservar las cualidades t\u00e9cnicas y crom\u00e1ticas en el tiempo, manteniendo un aspecto muy natural y duradero. El asiento y el respaldo est\u00e1n adornados con grandes cojines con fundas extra\u00edbles, para mejorar la comodidad.","og_url":"https:\/\/pre.oboemuebles.com\/en\/producto\/panda19\/","og_site_name":"OBOE - Furniture store and designer kitchens in Malaga and Marbella","article_modified_time":"2022-04-06T10:41:08+00:00","og_image":[{"width":900,"height":900,"url":"https:\/\/pre.oboemuebles.com\/wp-content\/uploads\/2022\/03\/panda19-sillonexterior-1.jpg","type":"image\/jpeg"}],"twitter_card":"summary_large_image","schema":{"@context":"https:\/\/schema.org","@graph":[{"@type":"WebPage","@id":"https:\/\/pre.oboemuebles.com\/en\/producto\/panda19\/","url":"https:\/\/pre.oboemuebles.com\/en\/producto\/panda19\/","name":"PANDA by Gervasoni","isPartOf":{"@id":"https:\/\/pre.oboemuebles.com\/en\/#website"},"primaryImageOfPage":{"@id":"https:\/\/pre.oboemuebles.com\/en\/producto\/panda19\/#primaryimage"},"image":{"@id":"https:\/\/pre.oboemuebles.com\/en\/producto\/panda19\/#primaryimage"},"thumbnailUrl":"https:\/\/pre.oboemuebles.com\/wp-content\/uploads\/2022\/03\/panda19-sillonexterior-1.jpg","datePublished":"2022-03-31T12:54:58+00:00","dateModified":"2022-04-06T10:41:08+00:00","breadcrumb":{"@id":"https:\/\/pre.oboemuebles.com\/en\/producto\/panda19\/#breadcrumb"},"inLanguage":"en-US","potentialAction":[{"@type":"ReadAction","target":["https:\/\/pre.oboemuebles.com\/en\/producto\/panda19\/"]}]},{"@type":"ImageObject","inLanguage":"en-US","@id":"https:\/\/pre.oboemuebles.com\/en\/producto\/panda19\/#primaryimage","url":"https:\/\/pre.oboemuebles.com\/wp-content\/uploads\/2022\/03\/panda19-sillonexterior-1.jpg","contentUrl":"https:\/\/pre.oboemuebles.com\/wp-content\/uploads\/2022\/03\/panda19-sillonexterior-1.jpg","width":900,"height":900},{"@type":"BreadcrumbList","@id":"https:\/\/pre.oboemuebles.com\/en\/producto\/panda19\/#breadcrumb","itemListElement":[{"@type":"ListItem","position":1,"name":"Portada","item":"https:\/\/pre.oboemuebles.com\/en\/"},{"@type":"ListItem","position":2,"name":"default shop","item":"https:\/\/pre.oboemuebles.com\/shop\/default-shop\/"},{"@type":"ListItem","position":3,"name":"PANDA 19"}]},{"@type":"WebSite","@id":"https:\/\/pre.oboemuebles.com\/en\/#website","url":"https:\/\/pre.oboemuebles.com\/en\/","name":"OBOE - Furniture store and designer kitchens in Malaga and Marbella","description":"Modern furniture, high quality kitchens and decoration in Malaga and Marbella","potentialAction":[{"@type":"SearchAction","target":{"@type":"EntryPoint","urlTemplate":"https:\/\/pre.oboemuebles.com\/en\/?s={search_term_string}"},"query-input":"required name=search_term_string"}],"inLanguage":"en-US"}]}},"brands":[{"id":2151,"name":"Gervasoni","slug":"gervasoni"}],"_links":{"self":[{"href":"https:\/\/pre.oboemuebles.com\/en\/wp-json\/wp\/v2\/product\/92670"}],"collection":[{"href":"https:\/\/pre.oboemuebles.com\/en\/wp-json\/wp\/v2\/product"}],"about":[{"href":"https:\/\/pre.oboemuebles.com\/en\/wp-json\/wp\/v2\/types\/product"}],"wp:featuredmedia":[{"embeddable":true,"href":"https:\/\/pre.oboemuebles.com\/en\/wp-json\/wp\/v2\/media\/91286"}],"wp:attachment":[{"href":"https:\/\/pre.oboemuebles.com\/en\/wp-json\/wp\/v2\/media?parent=92670"}],"wp:term":[{"taxonomy":"pwb-brand","embeddable":true,"href":"https:\/\/pre.oboemuebles.com\/en\/wp-json\/wp\/v2\/pwb-brand?post=92670"},{"taxonomy":"product_cat","embeddable":true,"href":"https:\/\/pre.oboemuebles.com\/en\/wp-json\/wp\/v2\/product_cat?post=92670"},{"taxonomy":"product_tag","embeddable":true,"href":"https:\/\/pre.oboemuebles.com\/en\/wp-json\/wp\/v2\/product_tag?post=92670"}],"curies":[{"name":"wp","href":"https:\/\/api.w.org\/{rel}","templated":true}]}}