{"id":92689,"date":"2022-03-31T12:54:39","date_gmt":"2022-03-31T12:54:39","guid":{"rendered":"https:\/\/oboemuebles.com\/muebles-diseno-decoracion-malaga-marbella\/92221\/"},"modified":"2022-04-06T10:41:14","modified_gmt":"2022-04-06T10:41:14","slug":"ghost-5","status":"publish","type":"product","link":"https:\/\/pre.oboemuebles.com\/en\/producto\/ghost-5\/","title":{"rendered":"GHOST"},"content":{"rendered":"","protected":false},"excerpt":{"rendered":"<p>Familia de sof\u00e1s rellenos y con fundas extra\u00edbles, los Ghost Out 10\/12\/16 cuentan con un asiento c\u00f3modo y envolvente, que se desarrolla en torno a un ligero bastidor de vol\u00famenes esenciales. Dise\u00f1ados para resistir al agua y a la luz solar y para conservar su forma y su est\u00e9tica a lo largo del tiempo, est\u00e1n disponibles en diferentes tama\u00f1os, de dos o tres plazas y con diferentes profundidades de asiento. Se caracterizan por una estructura geom\u00e9trica en la cual la suavidad est\u00e1 acentuada gracias a cojines sueltos. Su caracter\u00edstica principal es el tapizado: una funda de gran tama\u00f1o cuyo perfil est\u00e1 destacado por las costuras a la vista, para desvestirse con facilidad y adoptar una imagen diferente cada vez.<\/p>\n","protected":false},"featured_media":90850,"template":"","meta":{"content-type":""},"pwb-brand":[2151],"product_cat":[1271,1284,1270,1303,1287],"product_tag":[],"acf":[],"yoast_head":"<!-- This site is optimized with the Yoast SEO plugin v23.0 - https:\/\/yoast.com\/wordpress\/plugins\/seo\/ -->\n<title>GHOST by Gervasoni<\/title>\n<meta name=\"robots\" content=\"noindex, follow, max-snippet:-1, max-image-preview:large, max-video-preview:-1\" \/>\n<meta property=\"og:locale\" content=\"en_US\" \/>\n<meta property=\"og:type\" content=\"article\" \/>\n<meta property=\"og:title\" content=\"GHOST by Gervasoni\" \/>\n<meta property=\"og:description\" content=\"Familia de sof\u00e1s rellenos y con fundas extra\u00edbles, los Ghost Out 10\/12\/16 cuentan con un asiento c\u00f3modo y envolvente, que se desarrolla en torno a un ligero bastidor de vol\u00famenes esenciales. Dise\u00f1ados para resistir al agua y a la luz solar y para conservar su forma y su est\u00e9tica a lo largo del tiempo, est\u00e1n disponibles en diferentes tama\u00f1os, de dos o tres plazas y con diferentes profundidades de asiento. Se caracterizan por una estructura geom\u00e9trica en la cual la suavidad est\u00e1 acentuada gracias a cojines sueltos. Su caracter\u00edstica principal es el tapizado: una funda de gran tama\u00f1o cuyo perfil est\u00e1 destacado por las costuras a la vista, para desvestirse con facilidad y adoptar una imagen diferente cada vez.\" \/>\n<meta property=\"og:url\" content=\"https:\/\/pre.oboemuebles.com\/en\/producto\/ghost-5\/\" \/>\n<meta property=\"og:site_name\" content=\"OBOE - Furniture store and designer kitchens in Malaga and Marbella\" \/>\n<meta property=\"article:modified_time\" content=\"2022-04-06T10:41:14+00:00\" \/>\n<meta property=\"og:image\" content=\"https:\/\/pre.oboemuebles.com\/wp-content\/uploads\/2022\/03\/ghostout-sofa-exterior-1.jpg\" \/>\n\t<meta property=\"og:image:width\" content=\"900\" \/>\n\t<meta property=\"og:image:height\" content=\"900\" \/>\n\t<meta property=\"og:image:type\" content=\"image\/jpeg\" \/>\n<meta name=\"twitter:card\" content=\"summary_large_image\" \/>\n<script type=\"application\/ld+json\" class=\"yoast-schema-graph\">{\"@context\":\"https:\/\/schema.org\",\"@graph\":[{\"@type\":\"WebPage\",\"@id\":\"https:\/\/pre.oboemuebles.com\/en\/producto\/ghost-5\/\",\"url\":\"https:\/\/pre.oboemuebles.com\/en\/producto\/ghost-5\/\",\"name\":\"GHOST by Gervasoni\",\"isPartOf\":{\"@id\":\"https:\/\/pre.oboemuebles.com\/en\/#website\"},\"primaryImageOfPage\":{\"@id\":\"https:\/\/pre.oboemuebles.com\/en\/producto\/ghost-5\/#primaryimage\"},\"image\":{\"@id\":\"https:\/\/pre.oboemuebles.com\/en\/producto\/ghost-5\/#primaryimage\"},\"thumbnailUrl\":\"https:\/\/pre.oboemuebles.com\/wp-content\/uploads\/2022\/03\/ghostout-sofa-exterior-1.jpg\",\"datePublished\":\"2022-03-31T12:54:39+00:00\",\"dateModified\":\"2022-04-06T10:41:14+00:00\",\"breadcrumb\":{\"@id\":\"https:\/\/pre.oboemuebles.com\/en\/producto\/ghost-5\/#breadcrumb\"},\"inLanguage\":\"en-US\",\"potentialAction\":[{\"@type\":\"ReadAction\",\"target\":[\"https:\/\/pre.oboemuebles.com\/en\/producto\/ghost-5\/\"]}]},{\"@type\":\"ImageObject\",\"inLanguage\":\"en-US\",\"@id\":\"https:\/\/pre.oboemuebles.com\/en\/producto\/ghost-5\/#primaryimage\",\"url\":\"https:\/\/pre.oboemuebles.com\/wp-content\/uploads\/2022\/03\/ghostout-sofa-exterior-1.jpg\",\"contentUrl\":\"https:\/\/pre.oboemuebles.com\/wp-content\/uploads\/2022\/03\/ghostout-sofa-exterior-1.jpg\",\"width\":900,\"height\":900},{\"@type\":\"BreadcrumbList\",\"@id\":\"https:\/\/pre.oboemuebles.com\/en\/producto\/ghost-5\/#breadcrumb\",\"itemListElement\":[{\"@type\":\"ListItem\",\"position\":1,\"name\":\"Portada\",\"item\":\"https:\/\/pre.oboemuebles.com\/en\/\"},{\"@type\":\"ListItem\",\"position\":2,\"name\":\"default shop\",\"item\":\"https:\/\/pre.oboemuebles.com\/shop\/default-shop\/\"},{\"@type\":\"ListItem\",\"position\":3,\"name\":\"GHOST\"}]},{\"@type\":\"WebSite\",\"@id\":\"https:\/\/pre.oboemuebles.com\/en\/#website\",\"url\":\"https:\/\/pre.oboemuebles.com\/en\/\",\"name\":\"OBOE - Furniture store and designer kitchens in Malaga and Marbella\",\"description\":\"Modern furniture, high quality kitchens and decoration in Malaga and Marbella\",\"potentialAction\":[{\"@type\":\"SearchAction\",\"target\":{\"@type\":\"EntryPoint\",\"urlTemplate\":\"https:\/\/pre.oboemuebles.com\/en\/?s={search_term_string}\"},\"query-input\":\"required name=search_term_string\"}],\"inLanguage\":\"en-US\"}]}<\/script>\n<!-- \/ Yoast SEO plugin. -->","yoast_head_json":{"title":"GHOST by Gervasoni","robots":{"index":"noindex","follow":"follow","max-snippet":"max-snippet:-1","max-image-preview":"max-image-preview:large","max-video-preview":"max-video-preview:-1"},"og_locale":"en_US","og_type":"article","og_title":"GHOST by Gervasoni","og_description":"Familia de sof\u00e1s rellenos y con fundas extra\u00edbles, los Ghost Out 10\/12\/16 cuentan con un asiento c\u00f3modo y envolvente, que se desarrolla en torno a un ligero bastidor de vol\u00famenes esenciales. Dise\u00f1ados para resistir al agua y a la luz solar y para conservar su forma y su est\u00e9tica a lo largo del tiempo, est\u00e1n disponibles en diferentes tama\u00f1os, de dos o tres plazas y con diferentes profundidades de asiento. Se caracterizan por una estructura geom\u00e9trica en la cual la suavidad est\u00e1 acentuada gracias a cojines sueltos. Su caracter\u00edstica principal es el tapizado: una funda de gran tama\u00f1o cuyo perfil est\u00e1 destacado por las costuras a la vista, para desvestirse con facilidad y adoptar una imagen diferente cada vez.","og_url":"https:\/\/pre.oboemuebles.com\/en\/producto\/ghost-5\/","og_site_name":"OBOE - Furniture store and designer kitchens in Malaga and Marbella","article_modified_time":"2022-04-06T10:41:14+00:00","og_image":[{"width":900,"height":900,"url":"https:\/\/pre.oboemuebles.com\/wp-content\/uploads\/2022\/03\/ghostout-sofa-exterior-1.jpg","type":"image\/jpeg"}],"twitter_card":"summary_large_image","schema":{"@context":"https:\/\/schema.org","@graph":[{"@type":"WebPage","@id":"https:\/\/pre.oboemuebles.com\/en\/producto\/ghost-5\/","url":"https:\/\/pre.oboemuebles.com\/en\/producto\/ghost-5\/","name":"GHOST by Gervasoni","isPartOf":{"@id":"https:\/\/pre.oboemuebles.com\/en\/#website"},"primaryImageOfPage":{"@id":"https:\/\/pre.oboemuebles.com\/en\/producto\/ghost-5\/#primaryimage"},"image":{"@id":"https:\/\/pre.oboemuebles.com\/en\/producto\/ghost-5\/#primaryimage"},"thumbnailUrl":"https:\/\/pre.oboemuebles.com\/wp-content\/uploads\/2022\/03\/ghostout-sofa-exterior-1.jpg","datePublished":"2022-03-31T12:54:39+00:00","dateModified":"2022-04-06T10:41:14+00:00","breadcrumb":{"@id":"https:\/\/pre.oboemuebles.com\/en\/producto\/ghost-5\/#breadcrumb"},"inLanguage":"en-US","potentialAction":[{"@type":"ReadAction","target":["https:\/\/pre.oboemuebles.com\/en\/producto\/ghost-5\/"]}]},{"@type":"ImageObject","inLanguage":"en-US","@id":"https:\/\/pre.oboemuebles.com\/en\/producto\/ghost-5\/#primaryimage","url":"https:\/\/pre.oboemuebles.com\/wp-content\/uploads\/2022\/03\/ghostout-sofa-exterior-1.jpg","contentUrl":"https:\/\/pre.oboemuebles.com\/wp-content\/uploads\/2022\/03\/ghostout-sofa-exterior-1.jpg","width":900,"height":900},{"@type":"BreadcrumbList","@id":"https:\/\/pre.oboemuebles.com\/en\/producto\/ghost-5\/#breadcrumb","itemListElement":[{"@type":"ListItem","position":1,"name":"Portada","item":"https:\/\/pre.oboemuebles.com\/en\/"},{"@type":"ListItem","position":2,"name":"default shop","item":"https:\/\/pre.oboemuebles.com\/shop\/default-shop\/"},{"@type":"ListItem","position":3,"name":"GHOST"}]},{"@type":"WebSite","@id":"https:\/\/pre.oboemuebles.com\/en\/#website","url":"https:\/\/pre.oboemuebles.com\/en\/","name":"OBOE - Furniture store and designer kitchens in Malaga and Marbella","description":"Modern furniture, high quality kitchens and decoration in Malaga and Marbella","potentialAction":[{"@type":"SearchAction","target":{"@type":"EntryPoint","urlTemplate":"https:\/\/pre.oboemuebles.com\/en\/?s={search_term_string}"},"query-input":"required name=search_term_string"}],"inLanguage":"en-US"}]}},"brands":[{"id":2151,"name":"Gervasoni","slug":"gervasoni"}],"_links":{"self":[{"href":"https:\/\/pre.oboemuebles.com\/en\/wp-json\/wp\/v2\/product\/92689"}],"collection":[{"href":"https:\/\/pre.oboemuebles.com\/en\/wp-json\/wp\/v2\/product"}],"about":[{"href":"https:\/\/pre.oboemuebles.com\/en\/wp-json\/wp\/v2\/types\/product"}],"wp:featuredmedia":[{"embeddable":true,"href":"https:\/\/pre.oboemuebles.com\/en\/wp-json\/wp\/v2\/media\/90850"}],"wp:attachment":[{"href":"https:\/\/pre.oboemuebles.com\/en\/wp-json\/wp\/v2\/media?parent=92689"}],"wp:term":[{"taxonomy":"pwb-brand","embeddable":true,"href":"https:\/\/pre.oboemuebles.com\/en\/wp-json\/wp\/v2\/pwb-brand?post=92689"},{"taxonomy":"product_cat","embeddable":true,"href":"https:\/\/pre.oboemuebles.com\/en\/wp-json\/wp\/v2\/product_cat?post=92689"},{"taxonomy":"product_tag","embeddable":true,"href":"https:\/\/pre.oboemuebles.com\/en\/wp-json\/wp\/v2\/product_tag?post=92689"}],"curies":[{"name":"wp","href":"https:\/\/api.w.org\/{rel}","templated":true}]}}