{"id":92791,"date":"2022-03-23T11:25:48","date_gmt":"2022-03-23T11:25:48","guid":{"rendered":"https:\/\/oboemuebles.com\/muebles-diseno-decoracion-malaga-marbella\/estante\/"},"modified":"2022-04-06T14:07:16","modified_gmt":"2022-04-06T14:07:16","slug":"estante","status":"publish","type":"product","link":"https:\/\/pre.oboemuebles.com\/en\/producto\/estante\/","title":{"rendered":"SHELF"},"content":{"rendered":"","protected":false},"excerpt":{"rendered":"<p>Crafted from European oak, this stylish wall shelf is the perfect solution for additional shelving needs. With simple, clean lines, they can be lined up or stacked on the wall in your preferred combinations. In addition, it comes with an easy flush-mounted stainless steel keyhole bracket for easy installation.<\/p>\n","protected":false},"featured_media":89730,"template":"","meta":{"content-type":""},"pwb-brand":[2150],"product_cat":[1103,1281,1286,1270,1283,1275],"product_tag":[1309],"acf":[],"yoast_head":"<!-- This site is optimized with the Yoast SEO plugin v23.0 - https:\/\/yoast.com\/wordpress\/plugins\/seo\/ -->\n<title>Oak Shelf by Ethnicraft<\/title>\n<meta name=\"description\" content=\"Este elegante estante de pared, fabricado en roble europeo, es la soluci\u00f3n perfecta para necesidades adicionales de estanter\u00edas. Con l\u00edneas simples y limpias, se pueden alinear o apilar en la pared en sus combinaciones preferidas. Viene con un soporte de ojo de cerradura de acero inoxidable montado al ras para una f\u00e1cil instalaci\u00f3n.\" \/>\n<meta name=\"robots\" content=\"noindex, follow, max-snippet:-1, max-image-preview:large, max-video-preview:-1\" \/>\n<meta property=\"og:locale\" content=\"en_US\" \/>\n<meta property=\"og:type\" content=\"article\" \/>\n<meta property=\"og:title\" content=\"Oak Shelf by Ethnicraft\" \/>\n<meta property=\"og:description\" content=\"Este elegante estante de pared, fabricado en roble europeo, es la soluci\u00f3n perfecta para necesidades adicionales de estanter\u00edas. Con l\u00edneas simples y limpias, se pueden alinear o apilar en la pared en sus combinaciones preferidas. Viene con un soporte de ojo de cerradura de acero inoxidable montado al ras para una f\u00e1cil instalaci\u00f3n.\" \/>\n<meta property=\"og:url\" content=\"https:\/\/pre.oboemuebles.com\/en\/producto\/estante\/\" \/>\n<meta property=\"og:site_name\" content=\"OBOE - Furniture store and designer kitchens in Malaga and Marbella\" \/>\n<meta property=\"article:modified_time\" content=\"2022-04-06T14:07:16+00:00\" \/>\n<meta property=\"og:image\" content=\"https:\/\/pre.oboemuebles.com\/wp-content\/uploads\/2022\/03\/estante-ethnicraft-1.jpg\" \/>\n\t<meta property=\"og:image:width\" content=\"900\" \/>\n\t<meta property=\"og:image:height\" content=\"900\" \/>\n\t<meta property=\"og:image:type\" content=\"image\/jpeg\" \/>\n<meta name=\"twitter:card\" content=\"summary_large_image\" \/>\n<script type=\"application\/ld+json\" class=\"yoast-schema-graph\">{\"@context\":\"https:\/\/schema.org\",\"@graph\":[{\"@type\":\"WebPage\",\"@id\":\"https:\/\/pre.oboemuebles.com\/en\/producto\/estante\/\",\"url\":\"https:\/\/pre.oboemuebles.com\/en\/producto\/estante\/\",\"name\":\"Oak Shelf by Ethnicraft\",\"isPartOf\":{\"@id\":\"https:\/\/pre.oboemuebles.com\/en\/#website\"},\"primaryImageOfPage\":{\"@id\":\"https:\/\/pre.oboemuebles.com\/en\/producto\/estante\/#primaryimage\"},\"image\":{\"@id\":\"https:\/\/pre.oboemuebles.com\/en\/producto\/estante\/#primaryimage\"},\"thumbnailUrl\":\"https:\/\/pre.oboemuebles.com\/wp-content\/uploads\/2022\/03\/estante-ethnicraft-1.jpg\",\"datePublished\":\"2022-03-23T11:25:48+00:00\",\"dateModified\":\"2022-04-06T14:07:16+00:00\",\"description\":\"Este elegante estante de pared, fabricado en roble europeo, es la soluci\u00f3n perfecta para necesidades adicionales de estanter\u00edas. Con l\u00edneas simples y limpias, se pueden alinear o apilar en la pared en sus combinaciones preferidas. Viene con un soporte de ojo de cerradura de acero inoxidable montado al ras para una f\u00e1cil instalaci\u00f3n.\",\"breadcrumb\":{\"@id\":\"https:\/\/pre.oboemuebles.com\/en\/producto\/estante\/#breadcrumb\"},\"inLanguage\":\"en-US\",\"potentialAction\":[{\"@type\":\"ReadAction\",\"target\":[\"https:\/\/pre.oboemuebles.com\/en\/producto\/estante\/\"]}]},{\"@type\":\"ImageObject\",\"inLanguage\":\"en-US\",\"@id\":\"https:\/\/pre.oboemuebles.com\/en\/producto\/estante\/#primaryimage\",\"url\":\"https:\/\/pre.oboemuebles.com\/wp-content\/uploads\/2022\/03\/estante-ethnicraft-1.jpg\",\"contentUrl\":\"https:\/\/pre.oboemuebles.com\/wp-content\/uploads\/2022\/03\/estante-ethnicraft-1.jpg\",\"width\":900,\"height\":900},{\"@type\":\"BreadcrumbList\",\"@id\":\"https:\/\/pre.oboemuebles.com\/en\/producto\/estante\/#breadcrumb\",\"itemListElement\":[{\"@type\":\"ListItem\",\"position\":1,\"name\":\"Portada\",\"item\":\"https:\/\/pre.oboemuebles.com\/en\/\"},{\"@type\":\"ListItem\",\"position\":2,\"name\":\"default shop\",\"item\":\"https:\/\/pre.oboemuebles.com\/shop\/default-shop\/\"},{\"@type\":\"ListItem\",\"position\":3,\"name\":\"SHELF\"}]},{\"@type\":\"WebSite\",\"@id\":\"https:\/\/pre.oboemuebles.com\/en\/#website\",\"url\":\"https:\/\/pre.oboemuebles.com\/en\/\",\"name\":\"OBOE - Furniture store and designer kitchens in Malaga and Marbella\",\"description\":\"Modern furniture, high quality kitchens and decoration in Malaga and Marbella\",\"potentialAction\":[{\"@type\":\"SearchAction\",\"target\":{\"@type\":\"EntryPoint\",\"urlTemplate\":\"https:\/\/pre.oboemuebles.com\/en\/?s={search_term_string}\"},\"query-input\":\"required name=search_term_string\"}],\"inLanguage\":\"en-US\"}]}<\/script>\n<!-- \/ Yoast SEO plugin. -->","yoast_head_json":{"title":"Oak Shelf by Ethnicraft","description":"Este elegante estante de pared, fabricado en roble europeo, es la soluci\u00f3n perfecta para necesidades adicionales de estanter\u00edas. Con l\u00edneas simples y limpias, se pueden alinear o apilar en la pared en sus combinaciones preferidas. Viene con un soporte de ojo de cerradura de acero inoxidable montado al ras para una f\u00e1cil instalaci\u00f3n.","robots":{"index":"noindex","follow":"follow","max-snippet":"max-snippet:-1","max-image-preview":"max-image-preview:large","max-video-preview":"max-video-preview:-1"},"og_locale":"en_US","og_type":"article","og_title":"Oak Shelf by Ethnicraft","og_description":"Este elegante estante de pared, fabricado en roble europeo, es la soluci\u00f3n perfecta para necesidades adicionales de estanter\u00edas. Con l\u00edneas simples y limpias, se pueden alinear o apilar en la pared en sus combinaciones preferidas. Viene con un soporte de ojo de cerradura de acero inoxidable montado al ras para una f\u00e1cil instalaci\u00f3n.","og_url":"https:\/\/pre.oboemuebles.com\/en\/producto\/estante\/","og_site_name":"OBOE - Furniture store and designer kitchens in Malaga and Marbella","article_modified_time":"2022-04-06T14:07:16+00:00","og_image":[{"width":900,"height":900,"url":"https:\/\/pre.oboemuebles.com\/wp-content\/uploads\/2022\/03\/estante-ethnicraft-1.jpg","type":"image\/jpeg"}],"twitter_card":"summary_large_image","schema":{"@context":"https:\/\/schema.org","@graph":[{"@type":"WebPage","@id":"https:\/\/pre.oboemuebles.com\/en\/producto\/estante\/","url":"https:\/\/pre.oboemuebles.com\/en\/producto\/estante\/","name":"Oak Shelf by Ethnicraft","isPartOf":{"@id":"https:\/\/pre.oboemuebles.com\/en\/#website"},"primaryImageOfPage":{"@id":"https:\/\/pre.oboemuebles.com\/en\/producto\/estante\/#primaryimage"},"image":{"@id":"https:\/\/pre.oboemuebles.com\/en\/producto\/estante\/#primaryimage"},"thumbnailUrl":"https:\/\/pre.oboemuebles.com\/wp-content\/uploads\/2022\/03\/estante-ethnicraft-1.jpg","datePublished":"2022-03-23T11:25:48+00:00","dateModified":"2022-04-06T14:07:16+00:00","description":"Este elegante estante de pared, fabricado en roble europeo, es la soluci\u00f3n perfecta para necesidades adicionales de estanter\u00edas. Con l\u00edneas simples y limpias, se pueden alinear o apilar en la pared en sus combinaciones preferidas. Viene con un soporte de ojo de cerradura de acero inoxidable montado al ras para una f\u00e1cil instalaci\u00f3n.","breadcrumb":{"@id":"https:\/\/pre.oboemuebles.com\/en\/producto\/estante\/#breadcrumb"},"inLanguage":"en-US","potentialAction":[{"@type":"ReadAction","target":["https:\/\/pre.oboemuebles.com\/en\/producto\/estante\/"]}]},{"@type":"ImageObject","inLanguage":"en-US","@id":"https:\/\/pre.oboemuebles.com\/en\/producto\/estante\/#primaryimage","url":"https:\/\/pre.oboemuebles.com\/wp-content\/uploads\/2022\/03\/estante-ethnicraft-1.jpg","contentUrl":"https:\/\/pre.oboemuebles.com\/wp-content\/uploads\/2022\/03\/estante-ethnicraft-1.jpg","width":900,"height":900},{"@type":"BreadcrumbList","@id":"https:\/\/pre.oboemuebles.com\/en\/producto\/estante\/#breadcrumb","itemListElement":[{"@type":"ListItem","position":1,"name":"Portada","item":"https:\/\/pre.oboemuebles.com\/en\/"},{"@type":"ListItem","position":2,"name":"default shop","item":"https:\/\/pre.oboemuebles.com\/shop\/default-shop\/"},{"@type":"ListItem","position":3,"name":"SHELF"}]},{"@type":"WebSite","@id":"https:\/\/pre.oboemuebles.com\/en\/#website","url":"https:\/\/pre.oboemuebles.com\/en\/","name":"OBOE - Furniture store and designer kitchens in Malaga and Marbella","description":"Modern furniture, high quality kitchens and decoration in Malaga and Marbella","potentialAction":[{"@type":"SearchAction","target":{"@type":"EntryPoint","urlTemplate":"https:\/\/pre.oboemuebles.com\/en\/?s={search_term_string}"},"query-input":"required name=search_term_string"}],"inLanguage":"en-US"}]}},"brands":[{"id":2150,"name":"Ethnicraft","slug":"ethnicraft"}],"_links":{"self":[{"href":"https:\/\/pre.oboemuebles.com\/en\/wp-json\/wp\/v2\/product\/92791"}],"collection":[{"href":"https:\/\/pre.oboemuebles.com\/en\/wp-json\/wp\/v2\/product"}],"about":[{"href":"https:\/\/pre.oboemuebles.com\/en\/wp-json\/wp\/v2\/types\/product"}],"wp:featuredmedia":[{"embeddable":true,"href":"https:\/\/pre.oboemuebles.com\/en\/wp-json\/wp\/v2\/media\/89730"}],"wp:attachment":[{"href":"https:\/\/pre.oboemuebles.com\/en\/wp-json\/wp\/v2\/media?parent=92791"}],"wp:term":[{"taxonomy":"pwb-brand","embeddable":true,"href":"https:\/\/pre.oboemuebles.com\/en\/wp-json\/wp\/v2\/pwb-brand?post=92791"},{"taxonomy":"product_cat","embeddable":true,"href":"https:\/\/pre.oboemuebles.com\/en\/wp-json\/wp\/v2\/product_cat?post=92791"},{"taxonomy":"product_tag","embeddable":true,"href":"https:\/\/pre.oboemuebles.com\/en\/wp-json\/wp\/v2\/product_tag?post=92791"}],"curies":[{"name":"wp","href":"https:\/\/api.w.org\/{rel}","templated":true}]}}