{"id":92800,"date":"2020-09-15T08:53:20","date_gmt":"2020-09-15T08:53:20","guid":{"rendered":"https:\/\/oboemuebles.com\/muebles-diseno-decoracion-malaga-marbella\/estante-sancal-estantesancal1064\/"},"modified":"2022-04-06T14:34:07","modified_gmt":"2022-04-06T14:34:07","slug":"estante-sancal-estantesancal1064","status":"publish","type":"product","link":"https:\/\/pre.oboemuebles.com\/en\/producto\/estante-sancal-estantesancal1064\/","title":{"rendered":"ESTANTE"},"content":{"rendered":"<p>Estante is a modular piece of furniture with acoustic properties.<br \/>\nThe metal shelves are the skeleton, the central piece around which everything revolves. To them are added the oak legs and the pilasters that support them. But without a doubt, the maximum distinction is given by the textile pieces that adorn them.<br \/>\nThe upholstered modules and the doors cover the shelves and incorporate a sound-absorbing design, thus transcending the decorative function.<br \/>\nWooden doors favor the contrast of materials. In addition, the metal doors have been perforated to generate an attractive texture and not hinder acoustic absorption.<\/p>\n","protected":false},"excerpt":{"rendered":"<p>Estante is so versatile that it expands the concept of auxiliary storage. <span class=\"cards-replacements_labels-fullSentenceInsert f1rnbp3t\">It<\/span><span class=\"\"> acts as a sideboard, hall, bookcase, TV cabinet<\/span><span class=\"\">, <\/span><span class=\"\">and even a room divider<\/span> <span class=\"cards-replacements_labels-fullSentenceInsert f1rnbp3t\">depending on how it is configured<\/span><span class=\"\">.<\/span><\/p>\n","protected":false},"featured_media":78750,"template":"","meta":{"content-type":""},"pwb-brand":[2140],"product_cat":[1271,1286,1285,1293],"product_tag":[1312],"acf":[],"yoast_head":"<!-- This site is optimized with the Yoast SEO plugin v23.0 - https:\/\/yoast.com\/wordpress\/plugins\/seo\/ -->\n<title>ESTANTE by SANCAL<\/title>\n<meta name=\"description\" content=\"Estante es tan vers\u00e1til que ampl\u00eda el concepto de almacenaje auxiliar. Dependiendo de c\u00f3mo sea configurado hace las veces de aparador, recib\u2026\" \/>\n<meta name=\"robots\" content=\"noindex, follow, max-snippet:-1, max-image-preview:large, max-video-preview:-1\" \/>\n<meta property=\"og:locale\" content=\"en_US\" \/>\n<meta property=\"og:type\" content=\"article\" \/>\n<meta property=\"og:title\" content=\"ESTANTE by SANCAL\" \/>\n<meta property=\"og:description\" content=\"Estante es tan vers\u00e1til que ampl\u00eda el concepto de almacenaje auxiliar. Dependiendo de c\u00f3mo sea configurado hace las veces de aparador, recib\u2026\" \/>\n<meta property=\"og:url\" content=\"https:\/\/pre.oboemuebles.com\/en\/producto\/estante-sancal-estantesancal1064\/\" \/>\n<meta property=\"og:site_name\" content=\"OBOE - Furniture store and designer kitchens in Malaga and Marbella\" \/>\n<meta property=\"article:modified_time\" content=\"2022-04-06T14:34:07+00:00\" \/>\n<meta property=\"og:image\" content=\"https:\/\/pre.oboemuebles.com\/wp-content\/uploads\/2020\/09\/SANCAL-ESTANTE-1.jpg\" \/>\n\t<meta property=\"og:image:width\" content=\"900\" \/>\n\t<meta property=\"og:image:height\" content=\"900\" \/>\n\t<meta property=\"og:image:type\" content=\"image\/jpeg\" \/>\n<meta name=\"twitter:card\" content=\"summary_large_image\" \/>\n<script type=\"application\/ld+json\" class=\"yoast-schema-graph\">{\"@context\":\"https:\/\/schema.org\",\"@graph\":[{\"@type\":\"WebPage\",\"@id\":\"https:\/\/pre.oboemuebles.com\/en\/producto\/estante-sancal-estantesancal1064\/\",\"url\":\"https:\/\/pre.oboemuebles.com\/en\/producto\/estante-sancal-estantesancal1064\/\",\"name\":\"ESTANTE by SANCAL\",\"isPartOf\":{\"@id\":\"https:\/\/pre.oboemuebles.com\/en\/#website\"},\"primaryImageOfPage\":{\"@id\":\"https:\/\/pre.oboemuebles.com\/en\/producto\/estante-sancal-estantesancal1064\/#primaryimage\"},\"image\":{\"@id\":\"https:\/\/pre.oboemuebles.com\/en\/producto\/estante-sancal-estantesancal1064\/#primaryimage\"},\"thumbnailUrl\":\"https:\/\/pre.oboemuebles.com\/wp-content\/uploads\/2020\/09\/SANCAL-ESTANTE-1.jpg\",\"datePublished\":\"2020-09-15T08:53:20+00:00\",\"dateModified\":\"2022-04-06T14:34:07+00:00\",\"description\":\"Estante es tan vers\u00e1til que ampl\u00eda el concepto de almacenaje auxiliar. Dependiendo de c\u00f3mo sea configurado hace las veces de aparador, recib\u2026\",\"breadcrumb\":{\"@id\":\"https:\/\/pre.oboemuebles.com\/en\/producto\/estante-sancal-estantesancal1064\/#breadcrumb\"},\"inLanguage\":\"en-US\",\"potentialAction\":[{\"@type\":\"ReadAction\",\"target\":[\"https:\/\/pre.oboemuebles.com\/en\/producto\/estante-sancal-estantesancal1064\/\"]}]},{\"@type\":\"ImageObject\",\"inLanguage\":\"en-US\",\"@id\":\"https:\/\/pre.oboemuebles.com\/en\/producto\/estante-sancal-estantesancal1064\/#primaryimage\",\"url\":\"https:\/\/pre.oboemuebles.com\/wp-content\/uploads\/2020\/09\/SANCAL-ESTANTE-1.jpg\",\"contentUrl\":\"https:\/\/pre.oboemuebles.com\/wp-content\/uploads\/2020\/09\/SANCAL-ESTANTE-1.jpg\",\"width\":900,\"height\":900},{\"@type\":\"BreadcrumbList\",\"@id\":\"https:\/\/pre.oboemuebles.com\/en\/producto\/estante-sancal-estantesancal1064\/#breadcrumb\",\"itemListElement\":[{\"@type\":\"ListItem\",\"position\":1,\"name\":\"Portada\",\"item\":\"https:\/\/pre.oboemuebles.com\/en\/\"},{\"@type\":\"ListItem\",\"position\":2,\"name\":\"default shop\",\"item\":\"https:\/\/pre.oboemuebles.com\/shop\/default-shop\/\"},{\"@type\":\"ListItem\",\"position\":3,\"name\":\"ESTANTE\"}]},{\"@type\":\"WebSite\",\"@id\":\"https:\/\/pre.oboemuebles.com\/en\/#website\",\"url\":\"https:\/\/pre.oboemuebles.com\/en\/\",\"name\":\"OBOE - Furniture store and designer kitchens in Malaga and Marbella\",\"description\":\"Modern furniture, high quality kitchens and decoration in Malaga and Marbella\",\"potentialAction\":[{\"@type\":\"SearchAction\",\"target\":{\"@type\":\"EntryPoint\",\"urlTemplate\":\"https:\/\/pre.oboemuebles.com\/en\/?s={search_term_string}\"},\"query-input\":\"required name=search_term_string\"}],\"inLanguage\":\"en-US\"}]}<\/script>\n<!-- \/ Yoast SEO plugin. -->","yoast_head_json":{"title":"ESTANTE by SANCAL","description":"Estante es tan vers\u00e1til que ampl\u00eda el concepto de almacenaje auxiliar. Dependiendo de c\u00f3mo sea configurado hace las veces de aparador, recib\u2026","robots":{"index":"noindex","follow":"follow","max-snippet":"max-snippet:-1","max-image-preview":"max-image-preview:large","max-video-preview":"max-video-preview:-1"},"og_locale":"en_US","og_type":"article","og_title":"ESTANTE by SANCAL","og_description":"Estante es tan vers\u00e1til que ampl\u00eda el concepto de almacenaje auxiliar. Dependiendo de c\u00f3mo sea configurado hace las veces de aparador, recib\u2026","og_url":"https:\/\/pre.oboemuebles.com\/en\/producto\/estante-sancal-estantesancal1064\/","og_site_name":"OBOE - Furniture store and designer kitchens in Malaga and Marbella","article_modified_time":"2022-04-06T14:34:07+00:00","og_image":[{"width":900,"height":900,"url":"https:\/\/pre.oboemuebles.com\/wp-content\/uploads\/2020\/09\/SANCAL-ESTANTE-1.jpg","type":"image\/jpeg"}],"twitter_card":"summary_large_image","schema":{"@context":"https:\/\/schema.org","@graph":[{"@type":"WebPage","@id":"https:\/\/pre.oboemuebles.com\/en\/producto\/estante-sancal-estantesancal1064\/","url":"https:\/\/pre.oboemuebles.com\/en\/producto\/estante-sancal-estantesancal1064\/","name":"ESTANTE by SANCAL","isPartOf":{"@id":"https:\/\/pre.oboemuebles.com\/en\/#website"},"primaryImageOfPage":{"@id":"https:\/\/pre.oboemuebles.com\/en\/producto\/estante-sancal-estantesancal1064\/#primaryimage"},"image":{"@id":"https:\/\/pre.oboemuebles.com\/en\/producto\/estante-sancal-estantesancal1064\/#primaryimage"},"thumbnailUrl":"https:\/\/pre.oboemuebles.com\/wp-content\/uploads\/2020\/09\/SANCAL-ESTANTE-1.jpg","datePublished":"2020-09-15T08:53:20+00:00","dateModified":"2022-04-06T14:34:07+00:00","description":"Estante es tan vers\u00e1til que ampl\u00eda el concepto de almacenaje auxiliar. Dependiendo de c\u00f3mo sea configurado hace las veces de aparador, recib\u2026","breadcrumb":{"@id":"https:\/\/pre.oboemuebles.com\/en\/producto\/estante-sancal-estantesancal1064\/#breadcrumb"},"inLanguage":"en-US","potentialAction":[{"@type":"ReadAction","target":["https:\/\/pre.oboemuebles.com\/en\/producto\/estante-sancal-estantesancal1064\/"]}]},{"@type":"ImageObject","inLanguage":"en-US","@id":"https:\/\/pre.oboemuebles.com\/en\/producto\/estante-sancal-estantesancal1064\/#primaryimage","url":"https:\/\/pre.oboemuebles.com\/wp-content\/uploads\/2020\/09\/SANCAL-ESTANTE-1.jpg","contentUrl":"https:\/\/pre.oboemuebles.com\/wp-content\/uploads\/2020\/09\/SANCAL-ESTANTE-1.jpg","width":900,"height":900},{"@type":"BreadcrumbList","@id":"https:\/\/pre.oboemuebles.com\/en\/producto\/estante-sancal-estantesancal1064\/#breadcrumb","itemListElement":[{"@type":"ListItem","position":1,"name":"Portada","item":"https:\/\/pre.oboemuebles.com\/en\/"},{"@type":"ListItem","position":2,"name":"default shop","item":"https:\/\/pre.oboemuebles.com\/shop\/default-shop\/"},{"@type":"ListItem","position":3,"name":"ESTANTE"}]},{"@type":"WebSite","@id":"https:\/\/pre.oboemuebles.com\/en\/#website","url":"https:\/\/pre.oboemuebles.com\/en\/","name":"OBOE - Furniture store and designer kitchens in Malaga and Marbella","description":"Modern furniture, high quality kitchens and decoration in Malaga and Marbella","potentialAction":[{"@type":"SearchAction","target":{"@type":"EntryPoint","urlTemplate":"https:\/\/pre.oboemuebles.com\/en\/?s={search_term_string}"},"query-input":"required name=search_term_string"}],"inLanguage":"en-US"}]}},"brands":[{"id":2140,"name":"Sancal","slug":"sancal"}],"_links":{"self":[{"href":"https:\/\/pre.oboemuebles.com\/en\/wp-json\/wp\/v2\/product\/92800"}],"collection":[{"href":"https:\/\/pre.oboemuebles.com\/en\/wp-json\/wp\/v2\/product"}],"about":[{"href":"https:\/\/pre.oboemuebles.com\/en\/wp-json\/wp\/v2\/types\/product"}],"wp:featuredmedia":[{"embeddable":true,"href":"https:\/\/pre.oboemuebles.com\/en\/wp-json\/wp\/v2\/media\/78750"}],"wp:attachment":[{"href":"https:\/\/pre.oboemuebles.com\/en\/wp-json\/wp\/v2\/media?parent=92800"}],"wp:term":[{"taxonomy":"pwb-brand","embeddable":true,"href":"https:\/\/pre.oboemuebles.com\/en\/wp-json\/wp\/v2\/pwb-brand?post=92800"},{"taxonomy":"product_cat","embeddable":true,"href":"https:\/\/pre.oboemuebles.com\/en\/wp-json\/wp\/v2\/product_cat?post=92800"},{"taxonomy":"product_tag","embeddable":true,"href":"https:\/\/pre.oboemuebles.com\/en\/wp-json\/wp\/v2\/product_tag?post=92800"}],"curies":[{"name":"wp","href":"https:\/\/api.w.org\/{rel}","templated":true}]}}