{"id":92956,"date":"2022-03-23T11:23:50","date_gmt":"2022-03-23T11:23:50","guid":{"rendered":"https:\/\/oboemuebles.com\/muebles-diseno-decoracion-malaga-marbella\/n3-ethnicraft\/"},"modified":"2022-04-07T09:49:01","modified_gmt":"2022-04-07T09:49:01","slug":"n3-ethnicraft-stool","status":"publish","type":"product","link":"https:\/\/pre.oboemuebles.com\/en\/producto\/n3-ethnicraft-stool\/","title":{"rendered":"N3"},"content":{"rendered":"<p class=\"p1\">Wood has always been the main material in the Ethnicraft brand, however, it is deeply committed to the impact of its industry on the environment and they take into account all fundamental aspects;<\/p>\n<p class=\"p1\">The origin of the wood comes from controlled plantations, the energy used in the production, the distribution process, the treatment of the products and the reduction of waste: trying to be as ecological as possible.<\/p>\n","protected":false},"excerpt":{"rendered":"<p>Nathan Yong is the man behind the N-chair collection. &#8220;I like my designs to evoke a sense of wonder,&#8221; he says, and that&#8217;s exactly how we felt when we created this collection.<\/p>\n","protected":false},"featured_media":90022,"template":"","meta":{"content-type":""},"pwb-brand":[2150],"product_cat":[1281,1271,1155,1270,1305],"product_tag":[1316],"acf":[],"yoast_head":"<!-- This site is optimized with the Yoast SEO plugin v23.0 - https:\/\/yoast.com\/wordpress\/plugins\/seo\/ -->\n<title>N3 Stool Ethnicraft<\/title>\n<meta name=\"description\" content=\"Nathan Yong es el hombre detr\u00e1s de la colecci\u00f3n N-chair. &quot;Me gusta que mis dise\u00f1os evoquen una sensaci\u00f3n de asombro&quot;, dice, y as\u00ed es exactamente como nos sentimos cuando creamos esta colecci\u00f3n.\" \/>\n<meta name=\"robots\" content=\"noindex, follow, max-snippet:-1, max-image-preview:large, max-video-preview:-1\" \/>\n<meta property=\"og:locale\" content=\"en_US\" \/>\n<meta property=\"og:type\" content=\"article\" \/>\n<meta property=\"og:title\" content=\"N3 Stool Ethnicraft\" \/>\n<meta property=\"og:description\" content=\"Nathan Yong es el hombre detr\u00e1s de la colecci\u00f3n N-chair. &quot;Me gusta que mis dise\u00f1os evoquen una sensaci\u00f3n de asombro&quot;, dice, y as\u00ed es exactamente como nos sentimos cuando creamos esta colecci\u00f3n.\" \/>\n<meta property=\"og:url\" content=\"https:\/\/pre.oboemuebles.com\/en\/producto\/n3-ethnicraft-stool\/\" \/>\n<meta property=\"og:site_name\" content=\"OBOE - Furniture store and designer kitchens in Malaga and Marbella\" \/>\n<meta property=\"article:modified_time\" content=\"2022-04-07T09:49:01+00:00\" \/>\n<meta property=\"og:image\" content=\"https:\/\/pre.oboemuebles.com\/wp-content\/uploads\/2022\/03\/n3-taburete-ethnicraft-1.jpg\" \/>\n\t<meta property=\"og:image:width\" content=\"900\" \/>\n\t<meta property=\"og:image:height\" content=\"900\" \/>\n\t<meta property=\"og:image:type\" content=\"image\/jpeg\" \/>\n<meta name=\"twitter:card\" content=\"summary_large_image\" \/>\n<meta name=\"twitter:label1\" content=\"Est. reading time\" \/>\n\t<meta name=\"twitter:data1\" content=\"1 minute\" \/>\n<script type=\"application\/ld+json\" class=\"yoast-schema-graph\">{\"@context\":\"https:\/\/schema.org\",\"@graph\":[{\"@type\":\"WebPage\",\"@id\":\"https:\/\/pre.oboemuebles.com\/en\/producto\/n3-ethnicraft-stool\/\",\"url\":\"https:\/\/pre.oboemuebles.com\/en\/producto\/n3-ethnicraft-stool\/\",\"name\":\"N3 Stool Ethnicraft\",\"isPartOf\":{\"@id\":\"https:\/\/pre.oboemuebles.com\/en\/#website\"},\"primaryImageOfPage\":{\"@id\":\"https:\/\/pre.oboemuebles.com\/en\/producto\/n3-ethnicraft-stool\/#primaryimage\"},\"image\":{\"@id\":\"https:\/\/pre.oboemuebles.com\/en\/producto\/n3-ethnicraft-stool\/#primaryimage\"},\"thumbnailUrl\":\"https:\/\/pre.oboemuebles.com\/wp-content\/uploads\/2022\/03\/n3-taburete-ethnicraft-1.jpg\",\"datePublished\":\"2022-03-23T11:23:50+00:00\",\"dateModified\":\"2022-04-07T09:49:01+00:00\",\"description\":\"Nathan Yong es el hombre detr\u00e1s de la colecci\u00f3n N-chair. \\\"Me gusta que mis dise\u00f1os evoquen una sensaci\u00f3n de asombro\\\", dice, y as\u00ed es exactamente como nos sentimos cuando creamos esta colecci\u00f3n.\",\"breadcrumb\":{\"@id\":\"https:\/\/pre.oboemuebles.com\/en\/producto\/n3-ethnicraft-stool\/#breadcrumb\"},\"inLanguage\":\"en-US\",\"potentialAction\":[{\"@type\":\"ReadAction\",\"target\":[\"https:\/\/pre.oboemuebles.com\/en\/producto\/n3-ethnicraft-stool\/\"]}]},{\"@type\":\"ImageObject\",\"inLanguage\":\"en-US\",\"@id\":\"https:\/\/pre.oboemuebles.com\/en\/producto\/n3-ethnicraft-stool\/#primaryimage\",\"url\":\"https:\/\/pre.oboemuebles.com\/wp-content\/uploads\/2022\/03\/n3-taburete-ethnicraft-1.jpg\",\"contentUrl\":\"https:\/\/pre.oboemuebles.com\/wp-content\/uploads\/2022\/03\/n3-taburete-ethnicraft-1.jpg\",\"width\":900,\"height\":900},{\"@type\":\"BreadcrumbList\",\"@id\":\"https:\/\/pre.oboemuebles.com\/en\/producto\/n3-ethnicraft-stool\/#breadcrumb\",\"itemListElement\":[{\"@type\":\"ListItem\",\"position\":1,\"name\":\"Portada\",\"item\":\"https:\/\/pre.oboemuebles.com\/en\/\"},{\"@type\":\"ListItem\",\"position\":2,\"name\":\"default shop\",\"item\":\"https:\/\/pre.oboemuebles.com\/shop\/default-shop\/\"},{\"@type\":\"ListItem\",\"position\":3,\"name\":\"N3\"}]},{\"@type\":\"WebSite\",\"@id\":\"https:\/\/pre.oboemuebles.com\/en\/#website\",\"url\":\"https:\/\/pre.oboemuebles.com\/en\/\",\"name\":\"OBOE - Furniture store and designer kitchens in Malaga and Marbella\",\"description\":\"Modern furniture, high quality kitchens and decoration in Malaga and Marbella\",\"potentialAction\":[{\"@type\":\"SearchAction\",\"target\":{\"@type\":\"EntryPoint\",\"urlTemplate\":\"https:\/\/pre.oboemuebles.com\/en\/?s={search_term_string}\"},\"query-input\":\"required name=search_term_string\"}],\"inLanguage\":\"en-US\"}]}<\/script>\n<!-- \/ Yoast SEO plugin. -->","yoast_head_json":{"title":"N3 Stool Ethnicraft","description":"Nathan Yong es el hombre detr\u00e1s de la colecci\u00f3n N-chair. \"Me gusta que mis dise\u00f1os evoquen una sensaci\u00f3n de asombro\", dice, y as\u00ed es exactamente como nos sentimos cuando creamos esta colecci\u00f3n.","robots":{"index":"noindex","follow":"follow","max-snippet":"max-snippet:-1","max-image-preview":"max-image-preview:large","max-video-preview":"max-video-preview:-1"},"og_locale":"en_US","og_type":"article","og_title":"N3 Stool Ethnicraft","og_description":"Nathan Yong es el hombre detr\u00e1s de la colecci\u00f3n N-chair. \"Me gusta que mis dise\u00f1os evoquen una sensaci\u00f3n de asombro\", dice, y as\u00ed es exactamente como nos sentimos cuando creamos esta colecci\u00f3n.","og_url":"https:\/\/pre.oboemuebles.com\/en\/producto\/n3-ethnicraft-stool\/","og_site_name":"OBOE - Furniture store and designer kitchens in Malaga and Marbella","article_modified_time":"2022-04-07T09:49:01+00:00","og_image":[{"width":900,"height":900,"url":"https:\/\/pre.oboemuebles.com\/wp-content\/uploads\/2022\/03\/n3-taburete-ethnicraft-1.jpg","type":"image\/jpeg"}],"twitter_card":"summary_large_image","twitter_misc":{"Est. reading time":"1 minute"},"schema":{"@context":"https:\/\/schema.org","@graph":[{"@type":"WebPage","@id":"https:\/\/pre.oboemuebles.com\/en\/producto\/n3-ethnicraft-stool\/","url":"https:\/\/pre.oboemuebles.com\/en\/producto\/n3-ethnicraft-stool\/","name":"N3 Stool Ethnicraft","isPartOf":{"@id":"https:\/\/pre.oboemuebles.com\/en\/#website"},"primaryImageOfPage":{"@id":"https:\/\/pre.oboemuebles.com\/en\/producto\/n3-ethnicraft-stool\/#primaryimage"},"image":{"@id":"https:\/\/pre.oboemuebles.com\/en\/producto\/n3-ethnicraft-stool\/#primaryimage"},"thumbnailUrl":"https:\/\/pre.oboemuebles.com\/wp-content\/uploads\/2022\/03\/n3-taburete-ethnicraft-1.jpg","datePublished":"2022-03-23T11:23:50+00:00","dateModified":"2022-04-07T09:49:01+00:00","description":"Nathan Yong es el hombre detr\u00e1s de la colecci\u00f3n N-chair. \"Me gusta que mis dise\u00f1os evoquen una sensaci\u00f3n de asombro\", dice, y as\u00ed es exactamente como nos sentimos cuando creamos esta colecci\u00f3n.","breadcrumb":{"@id":"https:\/\/pre.oboemuebles.com\/en\/producto\/n3-ethnicraft-stool\/#breadcrumb"},"inLanguage":"en-US","potentialAction":[{"@type":"ReadAction","target":["https:\/\/pre.oboemuebles.com\/en\/producto\/n3-ethnicraft-stool\/"]}]},{"@type":"ImageObject","inLanguage":"en-US","@id":"https:\/\/pre.oboemuebles.com\/en\/producto\/n3-ethnicraft-stool\/#primaryimage","url":"https:\/\/pre.oboemuebles.com\/wp-content\/uploads\/2022\/03\/n3-taburete-ethnicraft-1.jpg","contentUrl":"https:\/\/pre.oboemuebles.com\/wp-content\/uploads\/2022\/03\/n3-taburete-ethnicraft-1.jpg","width":900,"height":900},{"@type":"BreadcrumbList","@id":"https:\/\/pre.oboemuebles.com\/en\/producto\/n3-ethnicraft-stool\/#breadcrumb","itemListElement":[{"@type":"ListItem","position":1,"name":"Portada","item":"https:\/\/pre.oboemuebles.com\/en\/"},{"@type":"ListItem","position":2,"name":"default shop","item":"https:\/\/pre.oboemuebles.com\/shop\/default-shop\/"},{"@type":"ListItem","position":3,"name":"N3"}]},{"@type":"WebSite","@id":"https:\/\/pre.oboemuebles.com\/en\/#website","url":"https:\/\/pre.oboemuebles.com\/en\/","name":"OBOE - Furniture store and designer kitchens in Malaga and Marbella","description":"Modern furniture, high quality kitchens and decoration in Malaga and Marbella","potentialAction":[{"@type":"SearchAction","target":{"@type":"EntryPoint","urlTemplate":"https:\/\/pre.oboemuebles.com\/en\/?s={search_term_string}"},"query-input":"required name=search_term_string"}],"inLanguage":"en-US"}]}},"brands":[{"id":2150,"name":"Ethnicraft","slug":"ethnicraft"}],"_links":{"self":[{"href":"https:\/\/pre.oboemuebles.com\/en\/wp-json\/wp\/v2\/product\/92956"}],"collection":[{"href":"https:\/\/pre.oboemuebles.com\/en\/wp-json\/wp\/v2\/product"}],"about":[{"href":"https:\/\/pre.oboemuebles.com\/en\/wp-json\/wp\/v2\/types\/product"}],"wp:featuredmedia":[{"embeddable":true,"href":"https:\/\/pre.oboemuebles.com\/en\/wp-json\/wp\/v2\/media\/90022"}],"wp:attachment":[{"href":"https:\/\/pre.oboemuebles.com\/en\/wp-json\/wp\/v2\/media?parent=92956"}],"wp:term":[{"taxonomy":"pwb-brand","embeddable":true,"href":"https:\/\/pre.oboemuebles.com\/en\/wp-json\/wp\/v2\/pwb-brand?post=92956"},{"taxonomy":"product_cat","embeddable":true,"href":"https:\/\/pre.oboemuebles.com\/en\/wp-json\/wp\/v2\/product_cat?post=92956"},{"taxonomy":"product_tag","embeddable":true,"href":"https:\/\/pre.oboemuebles.com\/en\/wp-json\/wp\/v2\/product_tag?post=92956"}],"curies":[{"name":"wp","href":"https:\/\/api.w.org\/{rel}","templated":true}]}}