{"id":93437,"date":"2020-09-15T09:32:36","date_gmt":"2020-09-15T09:32:36","guid":{"rendered":"https:\/\/oboemuebles.com\/muebles-diseno-decoracion-malaga-marbella\/edu-desk-vitra-edudeskvitra2238\/"},"modified":"2023-03-21T09:36:07","modified_gmt":"2023-03-21T09:36:07","slug":"edu-desk-vitra-edudeskvitra2238","status":"publish","type":"product","link":"https:\/\/pre.oboemuebles.com\/en\/producto\/edu-desk-vitra-edudeskvitra2238\/","title":{"rendered":"EDU DESK"},"content":{"rendered":"<p>In 1949, Charles and Ray Eames designed innovative freestanding, multifunctional desks and shelving systems. Like the Eames House, built simultaneously, these designs followed the principles of industrial production: we speak of the Eames Storage Units (ESU) and the Eames Desk Unit (EDU). The panels function as a discreet screen and partially close the two storage compartments. In addition, the table is height-adjustable to accommodate uneven floors.<\/p>\n","protected":false},"excerpt":{"rendered":"<p>In collaboration with the Eames Office and Dutch designer Hella Jongerius, a new range of colors was carefully chosen to give EDU a refreshed, contemporary look while paying homage to the spirit of the 1940s and 1950s. With an attractive combination of colored panels, the EDU Desk adds a cheerful and welcoming touch to the home office. The panels also function as a discreet screen and partially close off the two storage compartments. In addition, the metal support frame is height-adjustable to accommodate uneven floors.<\/p>\n","protected":false},"featured_media":82708,"template":"","meta":{"content-type":""},"pwb-brand":[2146],"product_cat":[1271,1300,1283],"product_tag":[1355,1356],"acf":[],"yoast_head":"<!-- This site is optimized with the Yoast SEO plugin v23.0 - https:\/\/yoast.com\/wordpress\/plugins\/seo\/ -->\n<title>EDU DESK by Vitra<\/title>\n<meta name=\"description\" content=\"En colaboraci\u00f3n con la Eames Office y la dise\u00f1adora neerlandesa Hella Jongerius, se eligi\u00f3 cuidadosamente una nueva gama de colores que dier\u2026 %\" \/>\n<meta name=\"robots\" content=\"noindex, follow, max-snippet:-1, max-image-preview:large, max-video-preview:-1\" \/>\n<meta property=\"og:locale\" content=\"en_US\" \/>\n<meta property=\"og:type\" content=\"article\" \/>\n<meta property=\"og:title\" content=\"EDU DESK by Vitra\" \/>\n<meta property=\"og:description\" content=\"En colaboraci\u00f3n con la Eames Office y la dise\u00f1adora neerlandesa Hella Jongerius, se eligi\u00f3 cuidadosamente una nueva gama de colores que dier\u2026 %\" \/>\n<meta property=\"og:url\" content=\"https:\/\/pre.oboemuebles.com\/en\/producto\/edu-desk-vitra-edudeskvitra2238\/\" \/>\n<meta property=\"og:site_name\" content=\"OBOE - Furniture store and designer kitchens in Malaga and Marbella\" \/>\n<meta property=\"article:modified_time\" content=\"2023-03-21T09:36:07+00:00\" \/>\n<meta property=\"og:image\" content=\"https:\/\/pre.oboemuebles.com\/wp-content\/uploads\/2020\/09\/VITRA-EDU-1.jpg\" \/>\n\t<meta property=\"og:image:width\" content=\"900\" \/>\n\t<meta property=\"og:image:height\" content=\"900\" \/>\n\t<meta property=\"og:image:type\" content=\"image\/jpeg\" \/>\n<meta name=\"twitter:card\" content=\"summary_large_image\" \/>\n<meta name=\"twitter:label1\" content=\"Est. reading time\" \/>\n\t<meta name=\"twitter:data1\" content=\"1 minute\" \/>\n<script type=\"application\/ld+json\" class=\"yoast-schema-graph\">{\"@context\":\"https:\/\/schema.org\",\"@graph\":[{\"@type\":\"WebPage\",\"@id\":\"https:\/\/pre.oboemuebles.com\/en\/producto\/edu-desk-vitra-edudeskvitra2238\/\",\"url\":\"https:\/\/pre.oboemuebles.com\/en\/producto\/edu-desk-vitra-edudeskvitra2238\/\",\"name\":\"EDU DESK by Vitra\",\"isPartOf\":{\"@id\":\"https:\/\/pre.oboemuebles.com\/en\/#website\"},\"primaryImageOfPage\":{\"@id\":\"https:\/\/pre.oboemuebles.com\/en\/producto\/edu-desk-vitra-edudeskvitra2238\/#primaryimage\"},\"image\":{\"@id\":\"https:\/\/pre.oboemuebles.com\/en\/producto\/edu-desk-vitra-edudeskvitra2238\/#primaryimage\"},\"thumbnailUrl\":\"https:\/\/pre.oboemuebles.com\/wp-content\/uploads\/2020\/09\/VITRA-EDU-1.jpg\",\"datePublished\":\"2020-09-15T09:32:36+00:00\",\"dateModified\":\"2023-03-21T09:36:07+00:00\",\"description\":\"En colaboraci\u00f3n con la Eames Office y la dise\u00f1adora neerlandesa Hella Jongerius, se eligi\u00f3 cuidadosamente una nueva gama de colores que dier\u2026 %\",\"breadcrumb\":{\"@id\":\"https:\/\/pre.oboemuebles.com\/en\/producto\/edu-desk-vitra-edudeskvitra2238\/#breadcrumb\"},\"inLanguage\":\"en-US\",\"potentialAction\":[{\"@type\":\"ReadAction\",\"target\":[\"https:\/\/pre.oboemuebles.com\/en\/producto\/edu-desk-vitra-edudeskvitra2238\/\"]}]},{\"@type\":\"ImageObject\",\"inLanguage\":\"en-US\",\"@id\":\"https:\/\/pre.oboemuebles.com\/en\/producto\/edu-desk-vitra-edudeskvitra2238\/#primaryimage\",\"url\":\"https:\/\/pre.oboemuebles.com\/wp-content\/uploads\/2020\/09\/VITRA-EDU-1.jpg\",\"contentUrl\":\"https:\/\/pre.oboemuebles.com\/wp-content\/uploads\/2020\/09\/VITRA-EDU-1.jpg\",\"width\":900,\"height\":900},{\"@type\":\"BreadcrumbList\",\"@id\":\"https:\/\/pre.oboemuebles.com\/en\/producto\/edu-desk-vitra-edudeskvitra2238\/#breadcrumb\",\"itemListElement\":[{\"@type\":\"ListItem\",\"position\":1,\"name\":\"Portada\",\"item\":\"https:\/\/pre.oboemuebles.com\/en\/\"},{\"@type\":\"ListItem\",\"position\":2,\"name\":\"default shop\",\"item\":\"https:\/\/pre.oboemuebles.com\/shop\/default-shop\/\"},{\"@type\":\"ListItem\",\"position\":3,\"name\":\"EDU DESK\"}]},{\"@type\":\"WebSite\",\"@id\":\"https:\/\/pre.oboemuebles.com\/en\/#website\",\"url\":\"https:\/\/pre.oboemuebles.com\/en\/\",\"name\":\"OBOE - Furniture store and designer kitchens in Malaga and Marbella\",\"description\":\"Modern furniture, high quality kitchens and decoration in Malaga and Marbella\",\"potentialAction\":[{\"@type\":\"SearchAction\",\"target\":{\"@type\":\"EntryPoint\",\"urlTemplate\":\"https:\/\/pre.oboemuebles.com\/en\/?s={search_term_string}\"},\"query-input\":\"required name=search_term_string\"}],\"inLanguage\":\"en-US\"}]}<\/script>\n<!-- \/ Yoast SEO plugin. -->","yoast_head_json":{"title":"EDU DESK by Vitra","description":"En colaboraci\u00f3n con la Eames Office y la dise\u00f1adora neerlandesa Hella Jongerius, se eligi\u00f3 cuidadosamente una nueva gama de colores que dier\u2026 %","robots":{"index":"noindex","follow":"follow","max-snippet":"max-snippet:-1","max-image-preview":"max-image-preview:large","max-video-preview":"max-video-preview:-1"},"og_locale":"en_US","og_type":"article","og_title":"EDU DESK by Vitra","og_description":"En colaboraci\u00f3n con la Eames Office y la dise\u00f1adora neerlandesa Hella Jongerius, se eligi\u00f3 cuidadosamente una nueva gama de colores que dier\u2026 %","og_url":"https:\/\/pre.oboemuebles.com\/en\/producto\/edu-desk-vitra-edudeskvitra2238\/","og_site_name":"OBOE - Furniture store and designer kitchens in Malaga and Marbella","article_modified_time":"2023-03-21T09:36:07+00:00","og_image":[{"width":900,"height":900,"url":"https:\/\/pre.oboemuebles.com\/wp-content\/uploads\/2020\/09\/VITRA-EDU-1.jpg","type":"image\/jpeg"}],"twitter_card":"summary_large_image","twitter_misc":{"Est. reading time":"1 minute"},"schema":{"@context":"https:\/\/schema.org","@graph":[{"@type":"WebPage","@id":"https:\/\/pre.oboemuebles.com\/en\/producto\/edu-desk-vitra-edudeskvitra2238\/","url":"https:\/\/pre.oboemuebles.com\/en\/producto\/edu-desk-vitra-edudeskvitra2238\/","name":"EDU DESK by Vitra","isPartOf":{"@id":"https:\/\/pre.oboemuebles.com\/en\/#website"},"primaryImageOfPage":{"@id":"https:\/\/pre.oboemuebles.com\/en\/producto\/edu-desk-vitra-edudeskvitra2238\/#primaryimage"},"image":{"@id":"https:\/\/pre.oboemuebles.com\/en\/producto\/edu-desk-vitra-edudeskvitra2238\/#primaryimage"},"thumbnailUrl":"https:\/\/pre.oboemuebles.com\/wp-content\/uploads\/2020\/09\/VITRA-EDU-1.jpg","datePublished":"2020-09-15T09:32:36+00:00","dateModified":"2023-03-21T09:36:07+00:00","description":"En colaboraci\u00f3n con la Eames Office y la dise\u00f1adora neerlandesa Hella Jongerius, se eligi\u00f3 cuidadosamente una nueva gama de colores que dier\u2026 %","breadcrumb":{"@id":"https:\/\/pre.oboemuebles.com\/en\/producto\/edu-desk-vitra-edudeskvitra2238\/#breadcrumb"},"inLanguage":"en-US","potentialAction":[{"@type":"ReadAction","target":["https:\/\/pre.oboemuebles.com\/en\/producto\/edu-desk-vitra-edudeskvitra2238\/"]}]},{"@type":"ImageObject","inLanguage":"en-US","@id":"https:\/\/pre.oboemuebles.com\/en\/producto\/edu-desk-vitra-edudeskvitra2238\/#primaryimage","url":"https:\/\/pre.oboemuebles.com\/wp-content\/uploads\/2020\/09\/VITRA-EDU-1.jpg","contentUrl":"https:\/\/pre.oboemuebles.com\/wp-content\/uploads\/2020\/09\/VITRA-EDU-1.jpg","width":900,"height":900},{"@type":"BreadcrumbList","@id":"https:\/\/pre.oboemuebles.com\/en\/producto\/edu-desk-vitra-edudeskvitra2238\/#breadcrumb","itemListElement":[{"@type":"ListItem","position":1,"name":"Portada","item":"https:\/\/pre.oboemuebles.com\/en\/"},{"@type":"ListItem","position":2,"name":"default shop","item":"https:\/\/pre.oboemuebles.com\/shop\/default-shop\/"},{"@type":"ListItem","position":3,"name":"EDU DESK"}]},{"@type":"WebSite","@id":"https:\/\/pre.oboemuebles.com\/en\/#website","url":"https:\/\/pre.oboemuebles.com\/en\/","name":"OBOE - Furniture store and designer kitchens in Malaga and Marbella","description":"Modern furniture, high quality kitchens and decoration in Malaga and Marbella","potentialAction":[{"@type":"SearchAction","target":{"@type":"EntryPoint","urlTemplate":"https:\/\/pre.oboemuebles.com\/en\/?s={search_term_string}"},"query-input":"required name=search_term_string"}],"inLanguage":"en-US"}]}},"brands":[{"id":2146,"name":"Vitra","slug":"vitra"}],"_links":{"self":[{"href":"https:\/\/pre.oboemuebles.com\/en\/wp-json\/wp\/v2\/product\/93437"}],"collection":[{"href":"https:\/\/pre.oboemuebles.com\/en\/wp-json\/wp\/v2\/product"}],"about":[{"href":"https:\/\/pre.oboemuebles.com\/en\/wp-json\/wp\/v2\/types\/product"}],"wp:featuredmedia":[{"embeddable":true,"href":"https:\/\/pre.oboemuebles.com\/en\/wp-json\/wp\/v2\/media\/82708"}],"wp:attachment":[{"href":"https:\/\/pre.oboemuebles.com\/en\/wp-json\/wp\/v2\/media?parent=93437"}],"wp:term":[{"taxonomy":"pwb-brand","embeddable":true,"href":"https:\/\/pre.oboemuebles.com\/en\/wp-json\/wp\/v2\/pwb-brand?post=93437"},{"taxonomy":"product_cat","embeddable":true,"href":"https:\/\/pre.oboemuebles.com\/en\/wp-json\/wp\/v2\/product_cat?post=93437"},{"taxonomy":"product_tag","embeddable":true,"href":"https:\/\/pre.oboemuebles.com\/en\/wp-json\/wp\/v2\/product_tag?post=93437"}],"curies":[{"name":"wp","href":"https:\/\/api.w.org\/{rel}","templated":true}]}}