{"id":93438,"date":"2020-09-15T09:32:35","date_gmt":"2020-09-15T09:32:35","guid":{"rendered":"https:\/\/oboemuebles.com\/muebles-diseno-decoracion-malaga-marbella\/cite-vitra-citevitra2237\/"},"modified":"2023-03-21T09:36:08","modified_gmt":"2023-03-21T09:36:08","slug":"cite-vitra-citevitra2237","status":"publish","type":"product","link":"https:\/\/pre.oboemuebles.com\/en\/producto\/cite-vitra-citevitra2237\/","title":{"rendered":"CIT\u00c9"},"content":{"rendered":"<p>The Cit\u00e9 armchair is one of the first masterpieces of the French engineer and designer Jean Prouv\u00e9. Originally designed to equip the rooms of the student residence of the Cit\u00e9 Universitaire de Nancy, Prouv\u00e9 also obtained this comfortable and spacious armchair, with its characteristic powder-coated steel sleds and leather straps armrests, in the living room of his own house.<\/p>\n","protected":false},"excerpt":{"rendered":"<p>The Cit\u00e9 armchair, which was created for a competition to equip the Cit\u00e9 Universitaire de Nancy student residence, is one of Prouv\u00e9&#8217;s first masterpieces. This dynamic armchair, with its characteristic powder-coated sheet steel runners and wide leather straps as armrests, was used by Prouv\u00e9 himself in his living room. Its generous dimensions and cozy upholstery help provide exceptional comfort.<\/p>\n","protected":false},"featured_media":82558,"template":"","meta":{"content-type":""},"pwb-brand":[2146],"product_cat":[1295,1271,1286],"product_tag":[1359],"acf":[],"yoast_head":"<!-- This site is optimized with the Yoast SEO plugin v23.0 - https:\/\/yoast.com\/wordpress\/plugins\/seo\/ -->\n<title>CIT\u00c9 - OBOE - Furniture store and designer kitchens in Malaga and Marbella<\/title>\n<meta name=\"description\" content=\"El sill\u00f3n Cit\u00e9, que se dise\u00f1\u00f3 para un concurso destinado a equipar la residencia de estudiantes de la Cit\u00e9 Universitaire de Nancy, es una de\u2026\" \/>\n<meta name=\"robots\" content=\"noindex, follow, max-snippet:-1, max-image-preview:large, max-video-preview:-1\" \/>\n<meta property=\"og:locale\" content=\"en_US\" \/>\n<meta property=\"og:type\" content=\"article\" \/>\n<meta property=\"og:title\" content=\"CIT\u00c9 - OBOE - Furniture store and designer kitchens in Malaga and Marbella\" \/>\n<meta property=\"og:description\" content=\"El sill\u00f3n Cit\u00e9, que se dise\u00f1\u00f3 para un concurso destinado a equipar la residencia de estudiantes de la Cit\u00e9 Universitaire de Nancy, es una de\u2026\" \/>\n<meta property=\"og:url\" content=\"https:\/\/pre.oboemuebles.com\/en\/producto\/cite-vitra-citevitra2237\/\" \/>\n<meta property=\"og:site_name\" content=\"OBOE - Furniture store and designer kitchens in Malaga and Marbella\" \/>\n<meta property=\"article:modified_time\" content=\"2023-03-21T09:36:08+00:00\" \/>\n<meta property=\"og:image\" content=\"https:\/\/pre.oboemuebles.com\/wp-content\/uploads\/2020\/09\/VITRA-CITE-1.jpg\" \/>\n\t<meta property=\"og:image:width\" content=\"900\" \/>\n\t<meta property=\"og:image:height\" content=\"900\" \/>\n\t<meta property=\"og:image:type\" content=\"image\/jpeg\" \/>\n<meta name=\"twitter:card\" content=\"summary_large_image\" \/>\n<meta name=\"twitter:label1\" content=\"Est. reading time\" \/>\n\t<meta name=\"twitter:data1\" content=\"1 minute\" \/>\n<script type=\"application\/ld+json\" class=\"yoast-schema-graph\">{\"@context\":\"https:\/\/schema.org\",\"@graph\":[{\"@type\":\"WebPage\",\"@id\":\"https:\/\/pre.oboemuebles.com\/en\/producto\/cite-vitra-citevitra2237\/\",\"url\":\"https:\/\/pre.oboemuebles.com\/en\/producto\/cite-vitra-citevitra2237\/\",\"name\":\"CIT\u00c9 - OBOE - Furniture store and designer kitchens in Malaga and Marbella\",\"isPartOf\":{\"@id\":\"https:\/\/pre.oboemuebles.com\/en\/#website\"},\"primaryImageOfPage\":{\"@id\":\"https:\/\/pre.oboemuebles.com\/en\/producto\/cite-vitra-citevitra2237\/#primaryimage\"},\"image\":{\"@id\":\"https:\/\/pre.oboemuebles.com\/en\/producto\/cite-vitra-citevitra2237\/#primaryimage\"},\"thumbnailUrl\":\"https:\/\/pre.oboemuebles.com\/wp-content\/uploads\/2020\/09\/VITRA-CITE-1.jpg\",\"datePublished\":\"2020-09-15T09:32:35+00:00\",\"dateModified\":\"2023-03-21T09:36:08+00:00\",\"description\":\"El sill\u00f3n Cit\u00e9, que se dise\u00f1\u00f3 para un concurso destinado a equipar la residencia de estudiantes de la Cit\u00e9 Universitaire de Nancy, es una de\u2026\",\"breadcrumb\":{\"@id\":\"https:\/\/pre.oboemuebles.com\/en\/producto\/cite-vitra-citevitra2237\/#breadcrumb\"},\"inLanguage\":\"en-US\",\"potentialAction\":[{\"@type\":\"ReadAction\",\"target\":[\"https:\/\/pre.oboemuebles.com\/en\/producto\/cite-vitra-citevitra2237\/\"]}]},{\"@type\":\"ImageObject\",\"inLanguage\":\"en-US\",\"@id\":\"https:\/\/pre.oboemuebles.com\/en\/producto\/cite-vitra-citevitra2237\/#primaryimage\",\"url\":\"https:\/\/pre.oboemuebles.com\/wp-content\/uploads\/2020\/09\/VITRA-CITE-1.jpg\",\"contentUrl\":\"https:\/\/pre.oboemuebles.com\/wp-content\/uploads\/2020\/09\/VITRA-CITE-1.jpg\",\"width\":900,\"height\":900},{\"@type\":\"BreadcrumbList\",\"@id\":\"https:\/\/pre.oboemuebles.com\/en\/producto\/cite-vitra-citevitra2237\/#breadcrumb\",\"itemListElement\":[{\"@type\":\"ListItem\",\"position\":1,\"name\":\"Portada\",\"item\":\"https:\/\/pre.oboemuebles.com\/en\/\"},{\"@type\":\"ListItem\",\"position\":2,\"name\":\"default shop\",\"item\":\"https:\/\/pre.oboemuebles.com\/shop\/default-shop\/\"},{\"@type\":\"ListItem\",\"position\":3,\"name\":\"CIT\u00c9\"}]},{\"@type\":\"WebSite\",\"@id\":\"https:\/\/pre.oboemuebles.com\/en\/#website\",\"url\":\"https:\/\/pre.oboemuebles.com\/en\/\",\"name\":\"OBOE - Furniture store and designer kitchens in Malaga and Marbella\",\"description\":\"Modern furniture, high quality kitchens and decoration in Malaga and Marbella\",\"potentialAction\":[{\"@type\":\"SearchAction\",\"target\":{\"@type\":\"EntryPoint\",\"urlTemplate\":\"https:\/\/pre.oboemuebles.com\/en\/?s={search_term_string}\"},\"query-input\":\"required name=search_term_string\"}],\"inLanguage\":\"en-US\"}]}<\/script>\n<!-- \/ Yoast SEO plugin. -->","yoast_head_json":{"title":"CIT\u00c9 - OBOE - Furniture store and designer kitchens in Malaga and Marbella","description":"El sill\u00f3n Cit\u00e9, que se dise\u00f1\u00f3 para un concurso destinado a equipar la residencia de estudiantes de la Cit\u00e9 Universitaire de Nancy, es una de\u2026","robots":{"index":"noindex","follow":"follow","max-snippet":"max-snippet:-1","max-image-preview":"max-image-preview:large","max-video-preview":"max-video-preview:-1"},"og_locale":"en_US","og_type":"article","og_title":"CIT\u00c9 - OBOE - Furniture store and designer kitchens in Malaga and Marbella","og_description":"El sill\u00f3n Cit\u00e9, que se dise\u00f1\u00f3 para un concurso destinado a equipar la residencia de estudiantes de la Cit\u00e9 Universitaire de Nancy, es una de\u2026","og_url":"https:\/\/pre.oboemuebles.com\/en\/producto\/cite-vitra-citevitra2237\/","og_site_name":"OBOE - Furniture store and designer kitchens in Malaga and Marbella","article_modified_time":"2023-03-21T09:36:08+00:00","og_image":[{"width":900,"height":900,"url":"https:\/\/pre.oboemuebles.com\/wp-content\/uploads\/2020\/09\/VITRA-CITE-1.jpg","type":"image\/jpeg"}],"twitter_card":"summary_large_image","twitter_misc":{"Est. reading time":"1 minute"},"schema":{"@context":"https:\/\/schema.org","@graph":[{"@type":"WebPage","@id":"https:\/\/pre.oboemuebles.com\/en\/producto\/cite-vitra-citevitra2237\/","url":"https:\/\/pre.oboemuebles.com\/en\/producto\/cite-vitra-citevitra2237\/","name":"CIT\u00c9 - OBOE - Furniture store and designer kitchens in Malaga and Marbella","isPartOf":{"@id":"https:\/\/pre.oboemuebles.com\/en\/#website"},"primaryImageOfPage":{"@id":"https:\/\/pre.oboemuebles.com\/en\/producto\/cite-vitra-citevitra2237\/#primaryimage"},"image":{"@id":"https:\/\/pre.oboemuebles.com\/en\/producto\/cite-vitra-citevitra2237\/#primaryimage"},"thumbnailUrl":"https:\/\/pre.oboemuebles.com\/wp-content\/uploads\/2020\/09\/VITRA-CITE-1.jpg","datePublished":"2020-09-15T09:32:35+00:00","dateModified":"2023-03-21T09:36:08+00:00","description":"El sill\u00f3n Cit\u00e9, que se dise\u00f1\u00f3 para un concurso destinado a equipar la residencia de estudiantes de la Cit\u00e9 Universitaire de Nancy, es una de\u2026","breadcrumb":{"@id":"https:\/\/pre.oboemuebles.com\/en\/producto\/cite-vitra-citevitra2237\/#breadcrumb"},"inLanguage":"en-US","potentialAction":[{"@type":"ReadAction","target":["https:\/\/pre.oboemuebles.com\/en\/producto\/cite-vitra-citevitra2237\/"]}]},{"@type":"ImageObject","inLanguage":"en-US","@id":"https:\/\/pre.oboemuebles.com\/en\/producto\/cite-vitra-citevitra2237\/#primaryimage","url":"https:\/\/pre.oboemuebles.com\/wp-content\/uploads\/2020\/09\/VITRA-CITE-1.jpg","contentUrl":"https:\/\/pre.oboemuebles.com\/wp-content\/uploads\/2020\/09\/VITRA-CITE-1.jpg","width":900,"height":900},{"@type":"BreadcrumbList","@id":"https:\/\/pre.oboemuebles.com\/en\/producto\/cite-vitra-citevitra2237\/#breadcrumb","itemListElement":[{"@type":"ListItem","position":1,"name":"Portada","item":"https:\/\/pre.oboemuebles.com\/en\/"},{"@type":"ListItem","position":2,"name":"default shop","item":"https:\/\/pre.oboemuebles.com\/shop\/default-shop\/"},{"@type":"ListItem","position":3,"name":"CIT\u00c9"}]},{"@type":"WebSite","@id":"https:\/\/pre.oboemuebles.com\/en\/#website","url":"https:\/\/pre.oboemuebles.com\/en\/","name":"OBOE - Furniture store and designer kitchens in Malaga and Marbella","description":"Modern furniture, high quality kitchens and decoration in Malaga and Marbella","potentialAction":[{"@type":"SearchAction","target":{"@type":"EntryPoint","urlTemplate":"https:\/\/pre.oboemuebles.com\/en\/?s={search_term_string}"},"query-input":"required name=search_term_string"}],"inLanguage":"en-US"}]}},"brands":[{"id":2146,"name":"Vitra","slug":"vitra"}],"_links":{"self":[{"href":"https:\/\/pre.oboemuebles.com\/en\/wp-json\/wp\/v2\/product\/93438"}],"collection":[{"href":"https:\/\/pre.oboemuebles.com\/en\/wp-json\/wp\/v2\/product"}],"about":[{"href":"https:\/\/pre.oboemuebles.com\/en\/wp-json\/wp\/v2\/types\/product"}],"wp:featuredmedia":[{"embeddable":true,"href":"https:\/\/pre.oboemuebles.com\/en\/wp-json\/wp\/v2\/media\/82558"}],"wp:attachment":[{"href":"https:\/\/pre.oboemuebles.com\/en\/wp-json\/wp\/v2\/media?parent=93438"}],"wp:term":[{"taxonomy":"pwb-brand","embeddable":true,"href":"https:\/\/pre.oboemuebles.com\/en\/wp-json\/wp\/v2\/pwb-brand?post=93438"},{"taxonomy":"product_cat","embeddable":true,"href":"https:\/\/pre.oboemuebles.com\/en\/wp-json\/wp\/v2\/product_cat?post=93438"},{"taxonomy":"product_tag","embeddable":true,"href":"https:\/\/pre.oboemuebles.com\/en\/wp-json\/wp\/v2\/product_tag?post=93438"}],"curies":[{"name":"wp","href":"https:\/\/api.w.org\/{rel}","templated":true}]}}