{"id":93440,"date":"2020-09-15T09:32:31","date_gmt":"2020-09-15T09:32:31","guid":{"rendered":"https:\/\/oboemuebles.com\/muebles-diseno-decoracion-malaga-marbella\/eames-elephant-vitra-eameselephantwoodvitra2235\/"},"modified":"2023-03-21T09:36:09","modified_gmt":"2023-03-21T09:36:09","slug":"eames-elephant-vitra-eameselephantwoodvitra2235","status":"publish","type":"product","link":"https:\/\/pre.oboemuebles.com\/en\/producto\/eames-elephant-vitra-eameselephantwoodvitra2235\/","title":{"rendered":"EAMES ELEPHANT"},"content":{"rendered":"<p>In 1945, Charles and Ray Eames developed a plywood toy elephant that never made it to production. However, one of the prototypes was loaned to the Museum of Modern Art in New York for an exhibition in 1946. It is still part of the Eames family collection today. Following the limited edition in 2007, Vitra has now started series production of the Eames Elephant in wood veneer for the first time. In addition, there is a plastic version of the Eames Elephant (ideal for children) and another in miniature, also made of plastic in different colors: the Eames Elephant (small).<\/p>\n","protected":false},"excerpt":{"rendered":"<p>In the early 1940s, Charles and Ray Eames spent several years developing and perfecting a technique for molding plywood into three-dimensional shapes. During that process, they created several pieces of furniture and sculptures. Of these initial designs, the two-piece elephant was the most technically complex object due to its many sharp curves. It never made it to the production stage. One of the prototypes was given to Lucia Eames, the daughter of Charles, who was then 14 years old. It was later loaned to the Museum of Modern Art in New York for an exhibition in 1946. It is still in possession of the Eames family today.<\/p>\n","protected":false},"featured_media":82690,"template":"","meta":{"content-type":""},"pwb-brand":[2146],"product_cat":[1294,2165,1271,1274],"product_tag":[1355,1356],"acf":[],"yoast_head":"<!-- This site is optimized with the Yoast SEO plugin v23.0 - https:\/\/yoast.com\/wordpress\/plugins\/seo\/ -->\n<title>EAMES ELEPHANT by Vitra<\/title>\n<meta name=\"description\" content=\"A principios de la d\u00e9cada de 1940, Charles y Ray Eames invirtieron varios a\u00f1os en el desarrollo y perfeccionamiento de una t\u00e9cnica para mold\u2026\" \/>\n<meta name=\"robots\" content=\"noindex, follow, max-snippet:-1, max-image-preview:large, max-video-preview:-1\" \/>\n<meta property=\"og:locale\" content=\"en_US\" \/>\n<meta property=\"og:type\" content=\"article\" \/>\n<meta property=\"og:title\" content=\"EAMES ELEPHANT by Vitra\" \/>\n<meta property=\"og:description\" content=\"A principios de la d\u00e9cada de 1940, Charles y Ray Eames invirtieron varios a\u00f1os en el desarrollo y perfeccionamiento de una t\u00e9cnica para mold\u2026\" \/>\n<meta property=\"og:url\" content=\"https:\/\/pre.oboemuebles.com\/en\/producto\/eames-elephant-vitra-eameselephantwoodvitra2235\/\" \/>\n<meta property=\"og:site_name\" content=\"OBOE - Furniture store and designer kitchens in Malaga and Marbella\" \/>\n<meta property=\"article:modified_time\" content=\"2023-03-21T09:36:09+00:00\" \/>\n<meta property=\"og:image\" content=\"https:\/\/pre.oboemuebles.com\/wp-content\/uploads\/2020\/09\/VITRA-EAMES-ELEPHANT-WOOD-1.jpg\" \/>\n\t<meta property=\"og:image:width\" content=\"900\" \/>\n\t<meta property=\"og:image:height\" content=\"900\" \/>\n\t<meta property=\"og:image:type\" content=\"image\/jpeg\" \/>\n<meta name=\"twitter:card\" content=\"summary_large_image\" \/>\n<script type=\"application\/ld+json\" class=\"yoast-schema-graph\">{\"@context\":\"https:\/\/schema.org\",\"@graph\":[{\"@type\":\"WebPage\",\"@id\":\"https:\/\/pre.oboemuebles.com\/en\/producto\/eames-elephant-vitra-eameselephantwoodvitra2235\/\",\"url\":\"https:\/\/pre.oboemuebles.com\/en\/producto\/eames-elephant-vitra-eameselephantwoodvitra2235\/\",\"name\":\"EAMES ELEPHANT by Vitra\",\"isPartOf\":{\"@id\":\"https:\/\/pre.oboemuebles.com\/en\/#website\"},\"primaryImageOfPage\":{\"@id\":\"https:\/\/pre.oboemuebles.com\/en\/producto\/eames-elephant-vitra-eameselephantwoodvitra2235\/#primaryimage\"},\"image\":{\"@id\":\"https:\/\/pre.oboemuebles.com\/en\/producto\/eames-elephant-vitra-eameselephantwoodvitra2235\/#primaryimage\"},\"thumbnailUrl\":\"https:\/\/pre.oboemuebles.com\/wp-content\/uploads\/2020\/09\/VITRA-EAMES-ELEPHANT-WOOD-1.jpg\",\"datePublished\":\"2020-09-15T09:32:31+00:00\",\"dateModified\":\"2023-03-21T09:36:09+00:00\",\"description\":\"A principios de la d\u00e9cada de 1940, Charles y Ray Eames invirtieron varios a\u00f1os en el desarrollo y perfeccionamiento de una t\u00e9cnica para mold\u2026\",\"breadcrumb\":{\"@id\":\"https:\/\/pre.oboemuebles.com\/en\/producto\/eames-elephant-vitra-eameselephantwoodvitra2235\/#breadcrumb\"},\"inLanguage\":\"en-US\",\"potentialAction\":[{\"@type\":\"ReadAction\",\"target\":[\"https:\/\/pre.oboemuebles.com\/en\/producto\/eames-elephant-vitra-eameselephantwoodvitra2235\/\"]}]},{\"@type\":\"ImageObject\",\"inLanguage\":\"en-US\",\"@id\":\"https:\/\/pre.oboemuebles.com\/en\/producto\/eames-elephant-vitra-eameselephantwoodvitra2235\/#primaryimage\",\"url\":\"https:\/\/pre.oboemuebles.com\/wp-content\/uploads\/2020\/09\/VITRA-EAMES-ELEPHANT-WOOD-1.jpg\",\"contentUrl\":\"https:\/\/pre.oboemuebles.com\/wp-content\/uploads\/2020\/09\/VITRA-EAMES-ELEPHANT-WOOD-1.jpg\",\"width\":900,\"height\":900},{\"@type\":\"BreadcrumbList\",\"@id\":\"https:\/\/pre.oboemuebles.com\/en\/producto\/eames-elephant-vitra-eameselephantwoodvitra2235\/#breadcrumb\",\"itemListElement\":[{\"@type\":\"ListItem\",\"position\":1,\"name\":\"Portada\",\"item\":\"https:\/\/pre.oboemuebles.com\/en\/\"},{\"@type\":\"ListItem\",\"position\":2,\"name\":\"default shop\",\"item\":\"https:\/\/pre.oboemuebles.com\/shop\/default-shop\/\"},{\"@type\":\"ListItem\",\"position\":3,\"name\":\"EAMES ELEPHANT\"}]},{\"@type\":\"WebSite\",\"@id\":\"https:\/\/pre.oboemuebles.com\/en\/#website\",\"url\":\"https:\/\/pre.oboemuebles.com\/en\/\",\"name\":\"OBOE - Furniture store and designer kitchens in Malaga and Marbella\",\"description\":\"Modern furniture, high quality kitchens and decoration in Malaga and Marbella\",\"potentialAction\":[{\"@type\":\"SearchAction\",\"target\":{\"@type\":\"EntryPoint\",\"urlTemplate\":\"https:\/\/pre.oboemuebles.com\/en\/?s={search_term_string}\"},\"query-input\":\"required name=search_term_string\"}],\"inLanguage\":\"en-US\"}]}<\/script>\n<!-- \/ Yoast SEO plugin. -->","yoast_head_json":{"title":"EAMES ELEPHANT by Vitra","description":"A principios de la d\u00e9cada de 1940, Charles y Ray Eames invirtieron varios a\u00f1os en el desarrollo y perfeccionamiento de una t\u00e9cnica para mold\u2026","robots":{"index":"noindex","follow":"follow","max-snippet":"max-snippet:-1","max-image-preview":"max-image-preview:large","max-video-preview":"max-video-preview:-1"},"og_locale":"en_US","og_type":"article","og_title":"EAMES ELEPHANT by Vitra","og_description":"A principios de la d\u00e9cada de 1940, Charles y Ray Eames invirtieron varios a\u00f1os en el desarrollo y perfeccionamiento de una t\u00e9cnica para mold\u2026","og_url":"https:\/\/pre.oboemuebles.com\/en\/producto\/eames-elephant-vitra-eameselephantwoodvitra2235\/","og_site_name":"OBOE - Furniture store and designer kitchens in Malaga and Marbella","article_modified_time":"2023-03-21T09:36:09+00:00","og_image":[{"width":900,"height":900,"url":"https:\/\/pre.oboemuebles.com\/wp-content\/uploads\/2020\/09\/VITRA-EAMES-ELEPHANT-WOOD-1.jpg","type":"image\/jpeg"}],"twitter_card":"summary_large_image","schema":{"@context":"https:\/\/schema.org","@graph":[{"@type":"WebPage","@id":"https:\/\/pre.oboemuebles.com\/en\/producto\/eames-elephant-vitra-eameselephantwoodvitra2235\/","url":"https:\/\/pre.oboemuebles.com\/en\/producto\/eames-elephant-vitra-eameselephantwoodvitra2235\/","name":"EAMES ELEPHANT by Vitra","isPartOf":{"@id":"https:\/\/pre.oboemuebles.com\/en\/#website"},"primaryImageOfPage":{"@id":"https:\/\/pre.oboemuebles.com\/en\/producto\/eames-elephant-vitra-eameselephantwoodvitra2235\/#primaryimage"},"image":{"@id":"https:\/\/pre.oboemuebles.com\/en\/producto\/eames-elephant-vitra-eameselephantwoodvitra2235\/#primaryimage"},"thumbnailUrl":"https:\/\/pre.oboemuebles.com\/wp-content\/uploads\/2020\/09\/VITRA-EAMES-ELEPHANT-WOOD-1.jpg","datePublished":"2020-09-15T09:32:31+00:00","dateModified":"2023-03-21T09:36:09+00:00","description":"A principios de la d\u00e9cada de 1940, Charles y Ray Eames invirtieron varios a\u00f1os en el desarrollo y perfeccionamiento de una t\u00e9cnica para mold\u2026","breadcrumb":{"@id":"https:\/\/pre.oboemuebles.com\/en\/producto\/eames-elephant-vitra-eameselephantwoodvitra2235\/#breadcrumb"},"inLanguage":"en-US","potentialAction":[{"@type":"ReadAction","target":["https:\/\/pre.oboemuebles.com\/en\/producto\/eames-elephant-vitra-eameselephantwoodvitra2235\/"]}]},{"@type":"ImageObject","inLanguage":"en-US","@id":"https:\/\/pre.oboemuebles.com\/en\/producto\/eames-elephant-vitra-eameselephantwoodvitra2235\/#primaryimage","url":"https:\/\/pre.oboemuebles.com\/wp-content\/uploads\/2020\/09\/VITRA-EAMES-ELEPHANT-WOOD-1.jpg","contentUrl":"https:\/\/pre.oboemuebles.com\/wp-content\/uploads\/2020\/09\/VITRA-EAMES-ELEPHANT-WOOD-1.jpg","width":900,"height":900},{"@type":"BreadcrumbList","@id":"https:\/\/pre.oboemuebles.com\/en\/producto\/eames-elephant-vitra-eameselephantwoodvitra2235\/#breadcrumb","itemListElement":[{"@type":"ListItem","position":1,"name":"Portada","item":"https:\/\/pre.oboemuebles.com\/en\/"},{"@type":"ListItem","position":2,"name":"default shop","item":"https:\/\/pre.oboemuebles.com\/shop\/default-shop\/"},{"@type":"ListItem","position":3,"name":"EAMES ELEPHANT"}]},{"@type":"WebSite","@id":"https:\/\/pre.oboemuebles.com\/en\/#website","url":"https:\/\/pre.oboemuebles.com\/en\/","name":"OBOE - Furniture store and designer kitchens in Malaga and Marbella","description":"Modern furniture, high quality kitchens and decoration in Malaga and Marbella","potentialAction":[{"@type":"SearchAction","target":{"@type":"EntryPoint","urlTemplate":"https:\/\/pre.oboemuebles.com\/en\/?s={search_term_string}"},"query-input":"required name=search_term_string"}],"inLanguage":"en-US"}]}},"brands":[{"id":2146,"name":"Vitra","slug":"vitra"}],"_links":{"self":[{"href":"https:\/\/pre.oboemuebles.com\/en\/wp-json\/wp\/v2\/product\/93440"}],"collection":[{"href":"https:\/\/pre.oboemuebles.com\/en\/wp-json\/wp\/v2\/product"}],"about":[{"href":"https:\/\/pre.oboemuebles.com\/en\/wp-json\/wp\/v2\/types\/product"}],"wp:featuredmedia":[{"embeddable":true,"href":"https:\/\/pre.oboemuebles.com\/en\/wp-json\/wp\/v2\/media\/82690"}],"wp:attachment":[{"href":"https:\/\/pre.oboemuebles.com\/en\/wp-json\/wp\/v2\/media?parent=93440"}],"wp:term":[{"taxonomy":"pwb-brand","embeddable":true,"href":"https:\/\/pre.oboemuebles.com\/en\/wp-json\/wp\/v2\/pwb-brand?post=93440"},{"taxonomy":"product_cat","embeddable":true,"href":"https:\/\/pre.oboemuebles.com\/en\/wp-json\/wp\/v2\/product_cat?post=93440"},{"taxonomy":"product_tag","embeddable":true,"href":"https:\/\/pre.oboemuebles.com\/en\/wp-json\/wp\/v2\/product_tag?post=93440"}],"curies":[{"name":"wp","href":"https:\/\/api.w.org\/{rel}","templated":true}]}}