{"id":93454,"date":"2020-09-15T09:31:53","date_gmt":"2020-09-15T09:31:53","guid":{"rendered":"https:\/\/oboemuebles.com\/muebles-diseno-decoracion-malaga-marbella\/solvay-vitra-solvayvitra2214\/"},"modified":"2023-03-21T09:36:16","modified_gmt":"2023-03-21T09:36:16","slug":"solvay-vitra-solvayvitra2214","status":"publish","type":"product","link":"https:\/\/pre.oboemuebles.com\/en\/producto\/solvay-vitra-solvayvitra2214\/","title":{"rendered":"SOLVAY"},"content":{"rendered":"<p>Jean Prouv\u00e9 developed the Table Solvay during World War II and, due to a shortage of metal, created this elegant piece with wooden legs. Solid natural oak, dark smoked oak, or American walnut wood components make the table feel simple and elegant at the same time.<\/p>\n","protected":false},"excerpt":{"rendered":"<p>During 1941 and 1942, the Ateliers Jean Prouv\u00e9 designed and executed several interior design projects for the chemical company Solvay. Many designs emerged from this contract, such as a wooden table that is an example of Prouv\u00e9&#8217;s construction methods: its structural details show the interaction of forces and stresses, as happened later with the EM Table, which differs from its predecessor for its metal legs.<br \/>\nSolid woods and an oil finish give the Solvay table a refined, understated look that offsets the technical coldness of the design.<\/p>\n","protected":false},"featured_media":83244,"template":"","meta":{"content-type":""},"pwb-brand":[2146],"product_cat":[1281,1271,1299],"product_tag":[1359],"acf":[],"yoast_head":"<!-- This site is optimized with the Yoast SEO plugin v23.0 - https:\/\/yoast.com\/wordpress\/plugins\/seo\/ -->\n<title>SOLVAY by Vitra<\/title>\n<meta name=\"description\" content=\"Durante los a\u00f1os 1941 y 1942, los Ateliers Jean Prouv\u00e9 dise\u00f1aron y ejecutaron varios proyectos de dise\u00f1o de interiores para la empresa de pr\u2026\" \/>\n<meta name=\"robots\" content=\"noindex, follow, max-snippet:-1, max-image-preview:large, max-video-preview:-1\" \/>\n<meta property=\"og:locale\" content=\"en_US\" \/>\n<meta property=\"og:type\" content=\"article\" \/>\n<meta property=\"og:title\" content=\"SOLVAY by Vitra\" \/>\n<meta property=\"og:description\" content=\"Durante los a\u00f1os 1941 y 1942, los Ateliers Jean Prouv\u00e9 dise\u00f1aron y ejecutaron varios proyectos de dise\u00f1o de interiores para la empresa de pr\u2026\" \/>\n<meta property=\"og:url\" content=\"https:\/\/pre.oboemuebles.com\/en\/producto\/solvay-vitra-solvayvitra2214\/\" \/>\n<meta property=\"og:site_name\" content=\"OBOE - Furniture store and designer kitchens in Malaga and Marbella\" \/>\n<meta property=\"article:modified_time\" content=\"2023-03-21T09:36:16+00:00\" \/>\n<meta property=\"og:image\" content=\"https:\/\/pre.oboemuebles.com\/wp-content\/uploads\/2020\/09\/VITRA-SOLVAY-1.jpg\" \/>\n\t<meta property=\"og:image:width\" content=\"900\" \/>\n\t<meta property=\"og:image:height\" content=\"900\" \/>\n\t<meta property=\"og:image:type\" content=\"image\/jpeg\" \/>\n<meta name=\"twitter:card\" content=\"summary_large_image\" \/>\n<script type=\"application\/ld+json\" class=\"yoast-schema-graph\">{\"@context\":\"https:\/\/schema.org\",\"@graph\":[{\"@type\":\"WebPage\",\"@id\":\"https:\/\/pre.oboemuebles.com\/en\/producto\/solvay-vitra-solvayvitra2214\/\",\"url\":\"https:\/\/pre.oboemuebles.com\/en\/producto\/solvay-vitra-solvayvitra2214\/\",\"name\":\"SOLVAY by Vitra\",\"isPartOf\":{\"@id\":\"https:\/\/pre.oboemuebles.com\/en\/#website\"},\"primaryImageOfPage\":{\"@id\":\"https:\/\/pre.oboemuebles.com\/en\/producto\/solvay-vitra-solvayvitra2214\/#primaryimage\"},\"image\":{\"@id\":\"https:\/\/pre.oboemuebles.com\/en\/producto\/solvay-vitra-solvayvitra2214\/#primaryimage\"},\"thumbnailUrl\":\"https:\/\/pre.oboemuebles.com\/wp-content\/uploads\/2020\/09\/VITRA-SOLVAY-1.jpg\",\"datePublished\":\"2020-09-15T09:31:53+00:00\",\"dateModified\":\"2023-03-21T09:36:16+00:00\",\"description\":\"Durante los a\u00f1os 1941 y 1942, los Ateliers Jean Prouv\u00e9 dise\u00f1aron y ejecutaron varios proyectos de dise\u00f1o de interiores para la empresa de pr\u2026\",\"breadcrumb\":{\"@id\":\"https:\/\/pre.oboemuebles.com\/en\/producto\/solvay-vitra-solvayvitra2214\/#breadcrumb\"},\"inLanguage\":\"en-US\",\"potentialAction\":[{\"@type\":\"ReadAction\",\"target\":[\"https:\/\/pre.oboemuebles.com\/en\/producto\/solvay-vitra-solvayvitra2214\/\"]}]},{\"@type\":\"ImageObject\",\"inLanguage\":\"en-US\",\"@id\":\"https:\/\/pre.oboemuebles.com\/en\/producto\/solvay-vitra-solvayvitra2214\/#primaryimage\",\"url\":\"https:\/\/pre.oboemuebles.com\/wp-content\/uploads\/2020\/09\/VITRA-SOLVAY-1.jpg\",\"contentUrl\":\"https:\/\/pre.oboemuebles.com\/wp-content\/uploads\/2020\/09\/VITRA-SOLVAY-1.jpg\",\"width\":900,\"height\":900},{\"@type\":\"BreadcrumbList\",\"@id\":\"https:\/\/pre.oboemuebles.com\/en\/producto\/solvay-vitra-solvayvitra2214\/#breadcrumb\",\"itemListElement\":[{\"@type\":\"ListItem\",\"position\":1,\"name\":\"Portada\",\"item\":\"https:\/\/pre.oboemuebles.com\/en\/\"},{\"@type\":\"ListItem\",\"position\":2,\"name\":\"default shop\",\"item\":\"https:\/\/pre.oboemuebles.com\/shop\/default-shop\/\"},{\"@type\":\"ListItem\",\"position\":3,\"name\":\"SOLVAY\"}]},{\"@type\":\"WebSite\",\"@id\":\"https:\/\/pre.oboemuebles.com\/en\/#website\",\"url\":\"https:\/\/pre.oboemuebles.com\/en\/\",\"name\":\"OBOE - Furniture store and designer kitchens in Malaga and Marbella\",\"description\":\"Modern furniture, high quality kitchens and decoration in Malaga and Marbella\",\"potentialAction\":[{\"@type\":\"SearchAction\",\"target\":{\"@type\":\"EntryPoint\",\"urlTemplate\":\"https:\/\/pre.oboemuebles.com\/en\/?s={search_term_string}\"},\"query-input\":\"required name=search_term_string\"}],\"inLanguage\":\"en-US\"}]}<\/script>\n<!-- \/ Yoast SEO plugin. -->","yoast_head_json":{"title":"SOLVAY by Vitra","description":"Durante los a\u00f1os 1941 y 1942, los Ateliers Jean Prouv\u00e9 dise\u00f1aron y ejecutaron varios proyectos de dise\u00f1o de interiores para la empresa de pr\u2026","robots":{"index":"noindex","follow":"follow","max-snippet":"max-snippet:-1","max-image-preview":"max-image-preview:large","max-video-preview":"max-video-preview:-1"},"og_locale":"en_US","og_type":"article","og_title":"SOLVAY by Vitra","og_description":"Durante los a\u00f1os 1941 y 1942, los Ateliers Jean Prouv\u00e9 dise\u00f1aron y ejecutaron varios proyectos de dise\u00f1o de interiores para la empresa de pr\u2026","og_url":"https:\/\/pre.oboemuebles.com\/en\/producto\/solvay-vitra-solvayvitra2214\/","og_site_name":"OBOE - Furniture store and designer kitchens in Malaga and Marbella","article_modified_time":"2023-03-21T09:36:16+00:00","og_image":[{"width":900,"height":900,"url":"https:\/\/pre.oboemuebles.com\/wp-content\/uploads\/2020\/09\/VITRA-SOLVAY-1.jpg","type":"image\/jpeg"}],"twitter_card":"summary_large_image","schema":{"@context":"https:\/\/schema.org","@graph":[{"@type":"WebPage","@id":"https:\/\/pre.oboemuebles.com\/en\/producto\/solvay-vitra-solvayvitra2214\/","url":"https:\/\/pre.oboemuebles.com\/en\/producto\/solvay-vitra-solvayvitra2214\/","name":"SOLVAY by Vitra","isPartOf":{"@id":"https:\/\/pre.oboemuebles.com\/en\/#website"},"primaryImageOfPage":{"@id":"https:\/\/pre.oboemuebles.com\/en\/producto\/solvay-vitra-solvayvitra2214\/#primaryimage"},"image":{"@id":"https:\/\/pre.oboemuebles.com\/en\/producto\/solvay-vitra-solvayvitra2214\/#primaryimage"},"thumbnailUrl":"https:\/\/pre.oboemuebles.com\/wp-content\/uploads\/2020\/09\/VITRA-SOLVAY-1.jpg","datePublished":"2020-09-15T09:31:53+00:00","dateModified":"2023-03-21T09:36:16+00:00","description":"Durante los a\u00f1os 1941 y 1942, los Ateliers Jean Prouv\u00e9 dise\u00f1aron y ejecutaron varios proyectos de dise\u00f1o de interiores para la empresa de pr\u2026","breadcrumb":{"@id":"https:\/\/pre.oboemuebles.com\/en\/producto\/solvay-vitra-solvayvitra2214\/#breadcrumb"},"inLanguage":"en-US","potentialAction":[{"@type":"ReadAction","target":["https:\/\/pre.oboemuebles.com\/en\/producto\/solvay-vitra-solvayvitra2214\/"]}]},{"@type":"ImageObject","inLanguage":"en-US","@id":"https:\/\/pre.oboemuebles.com\/en\/producto\/solvay-vitra-solvayvitra2214\/#primaryimage","url":"https:\/\/pre.oboemuebles.com\/wp-content\/uploads\/2020\/09\/VITRA-SOLVAY-1.jpg","contentUrl":"https:\/\/pre.oboemuebles.com\/wp-content\/uploads\/2020\/09\/VITRA-SOLVAY-1.jpg","width":900,"height":900},{"@type":"BreadcrumbList","@id":"https:\/\/pre.oboemuebles.com\/en\/producto\/solvay-vitra-solvayvitra2214\/#breadcrumb","itemListElement":[{"@type":"ListItem","position":1,"name":"Portada","item":"https:\/\/pre.oboemuebles.com\/en\/"},{"@type":"ListItem","position":2,"name":"default shop","item":"https:\/\/pre.oboemuebles.com\/shop\/default-shop\/"},{"@type":"ListItem","position":3,"name":"SOLVAY"}]},{"@type":"WebSite","@id":"https:\/\/pre.oboemuebles.com\/en\/#website","url":"https:\/\/pre.oboemuebles.com\/en\/","name":"OBOE - Furniture store and designer kitchens in Malaga and Marbella","description":"Modern furniture, high quality kitchens and decoration in Malaga and Marbella","potentialAction":[{"@type":"SearchAction","target":{"@type":"EntryPoint","urlTemplate":"https:\/\/pre.oboemuebles.com\/en\/?s={search_term_string}"},"query-input":"required name=search_term_string"}],"inLanguage":"en-US"}]}},"brands":[{"id":2146,"name":"Vitra","slug":"vitra"}],"_links":{"self":[{"href":"https:\/\/pre.oboemuebles.com\/en\/wp-json\/wp\/v2\/product\/93454"}],"collection":[{"href":"https:\/\/pre.oboemuebles.com\/en\/wp-json\/wp\/v2\/product"}],"about":[{"href":"https:\/\/pre.oboemuebles.com\/en\/wp-json\/wp\/v2\/types\/product"}],"wp:featuredmedia":[{"embeddable":true,"href":"https:\/\/pre.oboemuebles.com\/en\/wp-json\/wp\/v2\/media\/83244"}],"wp:attachment":[{"href":"https:\/\/pre.oboemuebles.com\/en\/wp-json\/wp\/v2\/media?parent=93454"}],"wp:term":[{"taxonomy":"pwb-brand","embeddable":true,"href":"https:\/\/pre.oboemuebles.com\/en\/wp-json\/wp\/v2\/pwb-brand?post=93454"},{"taxonomy":"product_cat","embeddable":true,"href":"https:\/\/pre.oboemuebles.com\/en\/wp-json\/wp\/v2\/product_cat?post=93454"},{"taxonomy":"product_tag","embeddable":true,"href":"https:\/\/pre.oboemuebles.com\/en\/wp-json\/wp\/v2\/product_tag?post=93454"}],"curies":[{"name":"wp","href":"https:\/\/api.w.org\/{rel}","templated":true}]}}