{"id":93456,"date":"2020-09-15T09:31:38","date_gmt":"2020-09-15T09:31:38","guid":{"rendered":"https:\/\/oboemuebles.com\/muebles-diseno-decoracion-malaga-marbella\/suita-vitra-suitachaisevitra2212\/"},"modified":"2023-03-21T09:36:17","modified_gmt":"2023-03-21T09:36:17","slug":"suita-vitra-suitachaisevitra2212","status":"publish","type":"product","link":"https:\/\/pre.oboemuebles.com\/en\/producto\/suita-vitra-suitachaisevitra2212\/","title":{"rendered":"SUITA"},"content":{"rendered":"<p>The Suita sofa system combines light and slender volumes with an industrial and technological aesthetic. The structure and cushions with geometric lines seem to float on the elegant polished aluminum bridge legs, which could be interpreted as an homage to mid-20th century American design. The Suita sofa family is made up of a wide variety of components. They can be used as independent elements or freely combined to adapt to all types of interiors and furnishing needs.<\/p>\n","protected":false},"excerpt":{"rendered":"<p>The seat and back cushions can be chosen in a soft or firm version and with quilting. The rear-mounted shelf creates a perfect temporary workspace alongside a laptop and chair if a freestanding Suita Sofa is added. In addition, the shelf offers a comfortable auxiliary surface to store objects when it is placed against the wall. There is also a headboard that, installed on the sofa, provides greater comfort and does not let visual and auditory stimuli pass.<\/p>\n","protected":false},"featured_media":83296,"template":"","meta":{"content-type":""},"pwb-brand":[2146],"product_cat":[1271,1286,1303],"product_tag":[1379],"acf":[],"yoast_head":"<!-- This site is optimized with the Yoast SEO plugin v23.0 - https:\/\/yoast.com\/wordpress\/plugins\/seo\/ -->\n<title>SUITA by Vitra<\/title>\n<meta name=\"description\" content=\"Los cojines del asiento y el respaldo pueden elegirse en versi\u00f3n blanda o firme y, opcionalmente, con capiton\u00e9. Si se a\u00f1ade a un Suita Sofa \u2026\" \/>\n<meta name=\"robots\" content=\"noindex, follow, max-snippet:-1, max-image-preview:large, max-video-preview:-1\" \/>\n<meta property=\"og:locale\" content=\"en_US\" \/>\n<meta property=\"og:type\" content=\"article\" \/>\n<meta property=\"og:title\" content=\"SUITA by Vitra\" \/>\n<meta property=\"og:description\" content=\"Los cojines del asiento y el respaldo pueden elegirse en versi\u00f3n blanda o firme y, opcionalmente, con capiton\u00e9. Si se a\u00f1ade a un Suita Sofa \u2026\" \/>\n<meta property=\"og:url\" content=\"https:\/\/pre.oboemuebles.com\/en\/producto\/suita-vitra-suitachaisevitra2212\/\" \/>\n<meta property=\"og:site_name\" content=\"OBOE - Furniture store and designer kitchens in Malaga and Marbella\" \/>\n<meta property=\"article:modified_time\" content=\"2023-03-21T09:36:17+00:00\" \/>\n<meta property=\"og:image\" content=\"https:\/\/pre.oboemuebles.com\/wp-content\/uploads\/2020\/09\/VITRA-SUITA-CHAISE-1.jpg\" \/>\n\t<meta property=\"og:image:width\" content=\"900\" \/>\n\t<meta property=\"og:image:height\" content=\"900\" \/>\n\t<meta property=\"og:image:type\" content=\"image\/jpeg\" \/>\n<meta name=\"twitter:card\" content=\"summary_large_image\" \/>\n<script type=\"application\/ld+json\" class=\"yoast-schema-graph\">{\"@context\":\"https:\/\/schema.org\",\"@graph\":[{\"@type\":\"WebPage\",\"@id\":\"https:\/\/pre.oboemuebles.com\/en\/producto\/suita-vitra-suitachaisevitra2212\/\",\"url\":\"https:\/\/pre.oboemuebles.com\/en\/producto\/suita-vitra-suitachaisevitra2212\/\",\"name\":\"SUITA by Vitra\",\"isPartOf\":{\"@id\":\"https:\/\/pre.oboemuebles.com\/en\/#website\"},\"primaryImageOfPage\":{\"@id\":\"https:\/\/pre.oboemuebles.com\/en\/producto\/suita-vitra-suitachaisevitra2212\/#primaryimage\"},\"image\":{\"@id\":\"https:\/\/pre.oboemuebles.com\/en\/producto\/suita-vitra-suitachaisevitra2212\/#primaryimage\"},\"thumbnailUrl\":\"https:\/\/pre.oboemuebles.com\/wp-content\/uploads\/2020\/09\/VITRA-SUITA-CHAISE-1.jpg\",\"datePublished\":\"2020-09-15T09:31:38+00:00\",\"dateModified\":\"2023-03-21T09:36:17+00:00\",\"description\":\"Los cojines del asiento y el respaldo pueden elegirse en versi\u00f3n blanda o firme y, opcionalmente, con capiton\u00e9. Si se a\u00f1ade a un Suita Sofa \u2026\",\"breadcrumb\":{\"@id\":\"https:\/\/pre.oboemuebles.com\/en\/producto\/suita-vitra-suitachaisevitra2212\/#breadcrumb\"},\"inLanguage\":\"en-US\",\"potentialAction\":[{\"@type\":\"ReadAction\",\"target\":[\"https:\/\/pre.oboemuebles.com\/en\/producto\/suita-vitra-suitachaisevitra2212\/\"]}]},{\"@type\":\"ImageObject\",\"inLanguage\":\"en-US\",\"@id\":\"https:\/\/pre.oboemuebles.com\/en\/producto\/suita-vitra-suitachaisevitra2212\/#primaryimage\",\"url\":\"https:\/\/pre.oboemuebles.com\/wp-content\/uploads\/2020\/09\/VITRA-SUITA-CHAISE-1.jpg\",\"contentUrl\":\"https:\/\/pre.oboemuebles.com\/wp-content\/uploads\/2020\/09\/VITRA-SUITA-CHAISE-1.jpg\",\"width\":900,\"height\":900},{\"@type\":\"BreadcrumbList\",\"@id\":\"https:\/\/pre.oboemuebles.com\/en\/producto\/suita-vitra-suitachaisevitra2212\/#breadcrumb\",\"itemListElement\":[{\"@type\":\"ListItem\",\"position\":1,\"name\":\"Portada\",\"item\":\"https:\/\/pre.oboemuebles.com\/en\/\"},{\"@type\":\"ListItem\",\"position\":2,\"name\":\"default shop\",\"item\":\"https:\/\/pre.oboemuebles.com\/shop\/default-shop\/\"},{\"@type\":\"ListItem\",\"position\":3,\"name\":\"SUITA\"}]},{\"@type\":\"WebSite\",\"@id\":\"https:\/\/pre.oboemuebles.com\/en\/#website\",\"url\":\"https:\/\/pre.oboemuebles.com\/en\/\",\"name\":\"OBOE - Furniture store and designer kitchens in Malaga and Marbella\",\"description\":\"Modern furniture, high quality kitchens and decoration in Malaga and Marbella\",\"potentialAction\":[{\"@type\":\"SearchAction\",\"target\":{\"@type\":\"EntryPoint\",\"urlTemplate\":\"https:\/\/pre.oboemuebles.com\/en\/?s={search_term_string}\"},\"query-input\":\"required name=search_term_string\"}],\"inLanguage\":\"en-US\"}]}<\/script>\n<!-- \/ Yoast SEO plugin. -->","yoast_head_json":{"title":"SUITA by Vitra","description":"Los cojines del asiento y el respaldo pueden elegirse en versi\u00f3n blanda o firme y, opcionalmente, con capiton\u00e9. Si se a\u00f1ade a un Suita Sofa \u2026","robots":{"index":"noindex","follow":"follow","max-snippet":"max-snippet:-1","max-image-preview":"max-image-preview:large","max-video-preview":"max-video-preview:-1"},"og_locale":"en_US","og_type":"article","og_title":"SUITA by Vitra","og_description":"Los cojines del asiento y el respaldo pueden elegirse en versi\u00f3n blanda o firme y, opcionalmente, con capiton\u00e9. Si se a\u00f1ade a un Suita Sofa \u2026","og_url":"https:\/\/pre.oboemuebles.com\/en\/producto\/suita-vitra-suitachaisevitra2212\/","og_site_name":"OBOE - Furniture store and designer kitchens in Malaga and Marbella","article_modified_time":"2023-03-21T09:36:17+00:00","og_image":[{"width":900,"height":900,"url":"https:\/\/pre.oboemuebles.com\/wp-content\/uploads\/2020\/09\/VITRA-SUITA-CHAISE-1.jpg","type":"image\/jpeg"}],"twitter_card":"summary_large_image","schema":{"@context":"https:\/\/schema.org","@graph":[{"@type":"WebPage","@id":"https:\/\/pre.oboemuebles.com\/en\/producto\/suita-vitra-suitachaisevitra2212\/","url":"https:\/\/pre.oboemuebles.com\/en\/producto\/suita-vitra-suitachaisevitra2212\/","name":"SUITA by Vitra","isPartOf":{"@id":"https:\/\/pre.oboemuebles.com\/en\/#website"},"primaryImageOfPage":{"@id":"https:\/\/pre.oboemuebles.com\/en\/producto\/suita-vitra-suitachaisevitra2212\/#primaryimage"},"image":{"@id":"https:\/\/pre.oboemuebles.com\/en\/producto\/suita-vitra-suitachaisevitra2212\/#primaryimage"},"thumbnailUrl":"https:\/\/pre.oboemuebles.com\/wp-content\/uploads\/2020\/09\/VITRA-SUITA-CHAISE-1.jpg","datePublished":"2020-09-15T09:31:38+00:00","dateModified":"2023-03-21T09:36:17+00:00","description":"Los cojines del asiento y el respaldo pueden elegirse en versi\u00f3n blanda o firme y, opcionalmente, con capiton\u00e9. Si se a\u00f1ade a un Suita Sofa \u2026","breadcrumb":{"@id":"https:\/\/pre.oboemuebles.com\/en\/producto\/suita-vitra-suitachaisevitra2212\/#breadcrumb"},"inLanguage":"en-US","potentialAction":[{"@type":"ReadAction","target":["https:\/\/pre.oboemuebles.com\/en\/producto\/suita-vitra-suitachaisevitra2212\/"]}]},{"@type":"ImageObject","inLanguage":"en-US","@id":"https:\/\/pre.oboemuebles.com\/en\/producto\/suita-vitra-suitachaisevitra2212\/#primaryimage","url":"https:\/\/pre.oboemuebles.com\/wp-content\/uploads\/2020\/09\/VITRA-SUITA-CHAISE-1.jpg","contentUrl":"https:\/\/pre.oboemuebles.com\/wp-content\/uploads\/2020\/09\/VITRA-SUITA-CHAISE-1.jpg","width":900,"height":900},{"@type":"BreadcrumbList","@id":"https:\/\/pre.oboemuebles.com\/en\/producto\/suita-vitra-suitachaisevitra2212\/#breadcrumb","itemListElement":[{"@type":"ListItem","position":1,"name":"Portada","item":"https:\/\/pre.oboemuebles.com\/en\/"},{"@type":"ListItem","position":2,"name":"default shop","item":"https:\/\/pre.oboemuebles.com\/shop\/default-shop\/"},{"@type":"ListItem","position":3,"name":"SUITA"}]},{"@type":"WebSite","@id":"https:\/\/pre.oboemuebles.com\/en\/#website","url":"https:\/\/pre.oboemuebles.com\/en\/","name":"OBOE - Furniture store and designer kitchens in Malaga and Marbella","description":"Modern furniture, high quality kitchens and decoration in Malaga and Marbella","potentialAction":[{"@type":"SearchAction","target":{"@type":"EntryPoint","urlTemplate":"https:\/\/pre.oboemuebles.com\/en\/?s={search_term_string}"},"query-input":"required name=search_term_string"}],"inLanguage":"en-US"}]}},"brands":[{"id":2146,"name":"Vitra","slug":"vitra"}],"_links":{"self":[{"href":"https:\/\/pre.oboemuebles.com\/en\/wp-json\/wp\/v2\/product\/93456"}],"collection":[{"href":"https:\/\/pre.oboemuebles.com\/en\/wp-json\/wp\/v2\/product"}],"about":[{"href":"https:\/\/pre.oboemuebles.com\/en\/wp-json\/wp\/v2\/types\/product"}],"wp:featuredmedia":[{"embeddable":true,"href":"https:\/\/pre.oboemuebles.com\/en\/wp-json\/wp\/v2\/media\/83296"}],"wp:attachment":[{"href":"https:\/\/pre.oboemuebles.com\/en\/wp-json\/wp\/v2\/media?parent=93456"}],"wp:term":[{"taxonomy":"pwb-brand","embeddable":true,"href":"https:\/\/pre.oboemuebles.com\/en\/wp-json\/wp\/v2\/pwb-brand?post=93456"},{"taxonomy":"product_cat","embeddable":true,"href":"https:\/\/pre.oboemuebles.com\/en\/wp-json\/wp\/v2\/product_cat?post=93456"},{"taxonomy":"product_tag","embeddable":true,"href":"https:\/\/pre.oboemuebles.com\/en\/wp-json\/wp\/v2\/product_tag?post=93456"}],"curies":[{"name":"wp","href":"https:\/\/api.w.org\/{rel}","templated":true}]}}