{"id":93458,"date":"2020-09-15T09:31:37","date_gmt":"2020-09-15T09:31:37","guid":{"rendered":"https:\/\/oboemuebles.com\/muebles-diseno-decoracion-malaga-marbella\/starclock-vitra-starclockvitra2210\/"},"modified":"2023-03-21T09:36:18","modified_gmt":"2023-03-21T09:36:18","slug":"starclock-vitra-starclockvitra2210","status":"publish","type":"product","link":"https:\/\/pre.oboemuebles.com\/en\/producto\/starclock-vitra-starclockvitra2210\/","title":{"rendered":"STARCLOCK"},"content":{"rendered":"<p>With his collection of Wall Clocks (1948-1960), George Nelson created a wide range of clocks, some of which have become true icons of the 1950s.<\/p>\n","protected":false},"excerpt":{"rendered":"<p>In 1947, the American designer George Nelson was commissioned to create a collection of watches. After studying how people used clocks, Nelson concluded that the time could be read from the relative position of the hands, thus making it possible to dispense with numbers. Also, since most used wristwatches, he assumed that wall clocks had become decorative elements of interiors.<\/p>\n","protected":false},"featured_media":83286,"template":"","meta":{"content-type":""},"pwb-brand":[2146],"product_cat":[1103,1277],"product_tag":[1381],"acf":[],"yoast_head":"<!-- This site is optimized with the Yoast SEO plugin v23.0 - https:\/\/yoast.com\/wordpress\/plugins\/seo\/ -->\n<title>STARCLOCK by Vitra<\/title>\n<meta name=\"description\" content=\"En 1947, el dise\u00f1ador americano George Nelson recibi\u00f3 el encargo de crear una colecci\u00f3n de relojes. Despu\u00e9s de estudiar la forma en que la g\u2026\" \/>\n<meta name=\"robots\" content=\"noindex, follow, max-snippet:-1, max-image-preview:large, max-video-preview:-1\" \/>\n<meta property=\"og:locale\" content=\"en_US\" \/>\n<meta property=\"og:type\" content=\"article\" \/>\n<meta property=\"og:title\" content=\"STARCLOCK by Vitra\" \/>\n<meta property=\"og:description\" content=\"En 1947, el dise\u00f1ador americano George Nelson recibi\u00f3 el encargo de crear una colecci\u00f3n de relojes. Despu\u00e9s de estudiar la forma en que la g\u2026\" \/>\n<meta property=\"og:url\" content=\"https:\/\/pre.oboemuebles.com\/en\/producto\/starclock-vitra-starclockvitra2210\/\" \/>\n<meta property=\"og:site_name\" content=\"OBOE - Furniture store and designer kitchens in Malaga and Marbella\" \/>\n<meta property=\"article:modified_time\" content=\"2023-03-21T09:36:18+00:00\" \/>\n<meta property=\"og:image\" content=\"https:\/\/pre.oboemuebles.com\/wp-content\/uploads\/2020\/09\/VITRA-STARCLOCK-1.jpg\" \/>\n\t<meta property=\"og:image:width\" content=\"900\" \/>\n\t<meta property=\"og:image:height\" content=\"900\" \/>\n\t<meta property=\"og:image:type\" content=\"image\/jpeg\" \/>\n<meta name=\"twitter:card\" content=\"summary_large_image\" \/>\n<script type=\"application\/ld+json\" class=\"yoast-schema-graph\">{\"@context\":\"https:\/\/schema.org\",\"@graph\":[{\"@type\":\"WebPage\",\"@id\":\"https:\/\/pre.oboemuebles.com\/en\/producto\/starclock-vitra-starclockvitra2210\/\",\"url\":\"https:\/\/pre.oboemuebles.com\/en\/producto\/starclock-vitra-starclockvitra2210\/\",\"name\":\"STARCLOCK by Vitra\",\"isPartOf\":{\"@id\":\"https:\/\/pre.oboemuebles.com\/en\/#website\"},\"primaryImageOfPage\":{\"@id\":\"https:\/\/pre.oboemuebles.com\/en\/producto\/starclock-vitra-starclockvitra2210\/#primaryimage\"},\"image\":{\"@id\":\"https:\/\/pre.oboemuebles.com\/en\/producto\/starclock-vitra-starclockvitra2210\/#primaryimage\"},\"thumbnailUrl\":\"https:\/\/pre.oboemuebles.com\/wp-content\/uploads\/2020\/09\/VITRA-STARCLOCK-1.jpg\",\"datePublished\":\"2020-09-15T09:31:37+00:00\",\"dateModified\":\"2023-03-21T09:36:18+00:00\",\"description\":\"En 1947, el dise\u00f1ador americano George Nelson recibi\u00f3 el encargo de crear una colecci\u00f3n de relojes. Despu\u00e9s de estudiar la forma en que la g\u2026\",\"breadcrumb\":{\"@id\":\"https:\/\/pre.oboemuebles.com\/en\/producto\/starclock-vitra-starclockvitra2210\/#breadcrumb\"},\"inLanguage\":\"en-US\",\"potentialAction\":[{\"@type\":\"ReadAction\",\"target\":[\"https:\/\/pre.oboemuebles.com\/en\/producto\/starclock-vitra-starclockvitra2210\/\"]}]},{\"@type\":\"ImageObject\",\"inLanguage\":\"en-US\",\"@id\":\"https:\/\/pre.oboemuebles.com\/en\/producto\/starclock-vitra-starclockvitra2210\/#primaryimage\",\"url\":\"https:\/\/pre.oboemuebles.com\/wp-content\/uploads\/2020\/09\/VITRA-STARCLOCK-1.jpg\",\"contentUrl\":\"https:\/\/pre.oboemuebles.com\/wp-content\/uploads\/2020\/09\/VITRA-STARCLOCK-1.jpg\",\"width\":900,\"height\":900},{\"@type\":\"BreadcrumbList\",\"@id\":\"https:\/\/pre.oboemuebles.com\/en\/producto\/starclock-vitra-starclockvitra2210\/#breadcrumb\",\"itemListElement\":[{\"@type\":\"ListItem\",\"position\":1,\"name\":\"Portada\",\"item\":\"https:\/\/pre.oboemuebles.com\/en\/\"},{\"@type\":\"ListItem\",\"position\":2,\"name\":\"default shop\",\"item\":\"https:\/\/pre.oboemuebles.com\/shop\/default-shop\/\"},{\"@type\":\"ListItem\",\"position\":3,\"name\":\"STARCLOCK\"}]},{\"@type\":\"WebSite\",\"@id\":\"https:\/\/pre.oboemuebles.com\/en\/#website\",\"url\":\"https:\/\/pre.oboemuebles.com\/en\/\",\"name\":\"OBOE - Furniture store and designer kitchens in Malaga and Marbella\",\"description\":\"Modern furniture, high quality kitchens and decoration in Malaga and Marbella\",\"potentialAction\":[{\"@type\":\"SearchAction\",\"target\":{\"@type\":\"EntryPoint\",\"urlTemplate\":\"https:\/\/pre.oboemuebles.com\/en\/?s={search_term_string}\"},\"query-input\":\"required name=search_term_string\"}],\"inLanguage\":\"en-US\"}]}<\/script>\n<!-- \/ Yoast SEO plugin. -->","yoast_head_json":{"title":"STARCLOCK by Vitra","description":"En 1947, el dise\u00f1ador americano George Nelson recibi\u00f3 el encargo de crear una colecci\u00f3n de relojes. Despu\u00e9s de estudiar la forma en que la g\u2026","robots":{"index":"noindex","follow":"follow","max-snippet":"max-snippet:-1","max-image-preview":"max-image-preview:large","max-video-preview":"max-video-preview:-1"},"og_locale":"en_US","og_type":"article","og_title":"STARCLOCK by Vitra","og_description":"En 1947, el dise\u00f1ador americano George Nelson recibi\u00f3 el encargo de crear una colecci\u00f3n de relojes. Despu\u00e9s de estudiar la forma en que la g\u2026","og_url":"https:\/\/pre.oboemuebles.com\/en\/producto\/starclock-vitra-starclockvitra2210\/","og_site_name":"OBOE - Furniture store and designer kitchens in Malaga and Marbella","article_modified_time":"2023-03-21T09:36:18+00:00","og_image":[{"width":900,"height":900,"url":"https:\/\/pre.oboemuebles.com\/wp-content\/uploads\/2020\/09\/VITRA-STARCLOCK-1.jpg","type":"image\/jpeg"}],"twitter_card":"summary_large_image","schema":{"@context":"https:\/\/schema.org","@graph":[{"@type":"WebPage","@id":"https:\/\/pre.oboemuebles.com\/en\/producto\/starclock-vitra-starclockvitra2210\/","url":"https:\/\/pre.oboemuebles.com\/en\/producto\/starclock-vitra-starclockvitra2210\/","name":"STARCLOCK by Vitra","isPartOf":{"@id":"https:\/\/pre.oboemuebles.com\/en\/#website"},"primaryImageOfPage":{"@id":"https:\/\/pre.oboemuebles.com\/en\/producto\/starclock-vitra-starclockvitra2210\/#primaryimage"},"image":{"@id":"https:\/\/pre.oboemuebles.com\/en\/producto\/starclock-vitra-starclockvitra2210\/#primaryimage"},"thumbnailUrl":"https:\/\/pre.oboemuebles.com\/wp-content\/uploads\/2020\/09\/VITRA-STARCLOCK-1.jpg","datePublished":"2020-09-15T09:31:37+00:00","dateModified":"2023-03-21T09:36:18+00:00","description":"En 1947, el dise\u00f1ador americano George Nelson recibi\u00f3 el encargo de crear una colecci\u00f3n de relojes. Despu\u00e9s de estudiar la forma en que la g\u2026","breadcrumb":{"@id":"https:\/\/pre.oboemuebles.com\/en\/producto\/starclock-vitra-starclockvitra2210\/#breadcrumb"},"inLanguage":"en-US","potentialAction":[{"@type":"ReadAction","target":["https:\/\/pre.oboemuebles.com\/en\/producto\/starclock-vitra-starclockvitra2210\/"]}]},{"@type":"ImageObject","inLanguage":"en-US","@id":"https:\/\/pre.oboemuebles.com\/en\/producto\/starclock-vitra-starclockvitra2210\/#primaryimage","url":"https:\/\/pre.oboemuebles.com\/wp-content\/uploads\/2020\/09\/VITRA-STARCLOCK-1.jpg","contentUrl":"https:\/\/pre.oboemuebles.com\/wp-content\/uploads\/2020\/09\/VITRA-STARCLOCK-1.jpg","width":900,"height":900},{"@type":"BreadcrumbList","@id":"https:\/\/pre.oboemuebles.com\/en\/producto\/starclock-vitra-starclockvitra2210\/#breadcrumb","itemListElement":[{"@type":"ListItem","position":1,"name":"Portada","item":"https:\/\/pre.oboemuebles.com\/en\/"},{"@type":"ListItem","position":2,"name":"default shop","item":"https:\/\/pre.oboemuebles.com\/shop\/default-shop\/"},{"@type":"ListItem","position":3,"name":"STARCLOCK"}]},{"@type":"WebSite","@id":"https:\/\/pre.oboemuebles.com\/en\/#website","url":"https:\/\/pre.oboemuebles.com\/en\/","name":"OBOE - Furniture store and designer kitchens in Malaga and Marbella","description":"Modern furniture, high quality kitchens and decoration in Malaga and Marbella","potentialAction":[{"@type":"SearchAction","target":{"@type":"EntryPoint","urlTemplate":"https:\/\/pre.oboemuebles.com\/en\/?s={search_term_string}"},"query-input":"required name=search_term_string"}],"inLanguage":"en-US"}]}},"brands":[{"id":2146,"name":"Vitra","slug":"vitra"}],"_links":{"self":[{"href":"https:\/\/pre.oboemuebles.com\/en\/wp-json\/wp\/v2\/product\/93458"}],"collection":[{"href":"https:\/\/pre.oboemuebles.com\/en\/wp-json\/wp\/v2\/product"}],"about":[{"href":"https:\/\/pre.oboemuebles.com\/en\/wp-json\/wp\/v2\/types\/product"}],"wp:featuredmedia":[{"embeddable":true,"href":"https:\/\/pre.oboemuebles.com\/en\/wp-json\/wp\/v2\/media\/83286"}],"wp:attachment":[{"href":"https:\/\/pre.oboemuebles.com\/en\/wp-json\/wp\/v2\/media?parent=93458"}],"wp:term":[{"taxonomy":"pwb-brand","embeddable":true,"href":"https:\/\/pre.oboemuebles.com\/en\/wp-json\/wp\/v2\/pwb-brand?post=93458"},{"taxonomy":"product_cat","embeddable":true,"href":"https:\/\/pre.oboemuebles.com\/en\/wp-json\/wp\/v2\/product_cat?post=93458"},{"taxonomy":"product_tag","embeddable":true,"href":"https:\/\/pre.oboemuebles.com\/en\/wp-json\/wp\/v2\/product_tag?post=93458"}],"curies":[{"name":"wp","href":"https:\/\/api.w.org\/{rel}","templated":true}]}}