{"id":93466,"date":"2020-09-15T09:31:12","date_gmt":"2020-09-15T09:31:12","guid":{"rendered":"https:\/\/oboemuebles.com\/muebles-diseno-decoracion-malaga-marbella\/plywood-vitra-plywooddcmvitra2161\/"},"modified":"2023-03-21T09:36:22","modified_gmt":"2023-03-21T09:36:22","slug":"plywood-vitra-plywooddcmvitra2161","status":"publish","type":"product","link":"https:\/\/pre.oboemuebles.com\/en\/producto\/plywood-vitra-plywooddcmvitra2161\/","title":{"rendered":"PLYWOOD"},"content":{"rendered":"<p>In experiments that lasted several years, Charles and Ray Eames searched for new ways to adapt three-dimensional molded plywood to the shapes of the human body. The result was the Plywood Group chairs, which have become classics with a look that remains contemporary today. The Plywood Group also combined the seats and backrests with different bases. Thanks to the organic shape of the plywood shells and the slightly flexible backrests, these light, and compact chairs are extremely comfortable, even in the non-upholstered versions.<\/p>\n","protected":false},"excerpt":{"rendered":"<p>Charles and Ray Eames are among the most important figures in 20th-century design. His work covers furniture design, cinema, photography, and exhibition design. Vitra is the only company authorized to manufacture its products in Europe and the Middle East. Therefore, if you own an Eames product made by Vitra, you can be sure that it is a genuine Eames.<\/p>\n","protected":false},"featured_media":83064,"template":"","meta":{"content-type":""},"pwb-brand":[2146],"product_cat":[1295,1269,1271,1286],"product_tag":[1355,1356],"acf":[],"yoast_head":"<!-- This site is optimized with the Yoast SEO plugin v23.0 - https:\/\/yoast.com\/wordpress\/plugins\/seo\/ -->\n<title>PLYWOOD by Vitra<\/title>\n<meta name=\"description\" content=\"Charles y Ray Eames se encuentran entre las figuras m\u00e1s importantes del dise\u00f1o del siglo XX. Su obra abarca campos como el dise\u00f1o de muebles\u2026\" \/>\n<meta name=\"robots\" content=\"noindex, follow, max-snippet:-1, max-image-preview:large, max-video-preview:-1\" \/>\n<meta property=\"og:locale\" content=\"en_US\" \/>\n<meta property=\"og:type\" content=\"article\" \/>\n<meta property=\"og:title\" content=\"PLYWOOD by Vitra\" \/>\n<meta property=\"og:description\" content=\"Charles y Ray Eames se encuentran entre las figuras m\u00e1s importantes del dise\u00f1o del siglo XX. Su obra abarca campos como el dise\u00f1o de muebles\u2026\" \/>\n<meta property=\"og:url\" content=\"https:\/\/pre.oboemuebles.com\/en\/producto\/plywood-vitra-plywooddcmvitra2161\/\" \/>\n<meta property=\"og:site_name\" content=\"OBOE - Furniture store and designer kitchens in Malaga and Marbella\" \/>\n<meta property=\"article:modified_time\" content=\"2023-03-21T09:36:22+00:00\" \/>\n<meta property=\"og:image\" content=\"https:\/\/pre.oboemuebles.com\/wp-content\/uploads\/2020\/09\/VITRA-PLYWOOD-DCM-1.jpg\" \/>\n\t<meta property=\"og:image:width\" content=\"900\" \/>\n\t<meta property=\"og:image:height\" content=\"900\" \/>\n\t<meta property=\"og:image:type\" content=\"image\/jpeg\" \/>\n<meta name=\"twitter:card\" content=\"summary_large_image\" \/>\n<script type=\"application\/ld+json\" class=\"yoast-schema-graph\">{\"@context\":\"https:\/\/schema.org\",\"@graph\":[{\"@type\":\"WebPage\",\"@id\":\"https:\/\/pre.oboemuebles.com\/en\/producto\/plywood-vitra-plywooddcmvitra2161\/\",\"url\":\"https:\/\/pre.oboemuebles.com\/en\/producto\/plywood-vitra-plywooddcmvitra2161\/\",\"name\":\"PLYWOOD by Vitra\",\"isPartOf\":{\"@id\":\"https:\/\/pre.oboemuebles.com\/en\/#website\"},\"primaryImageOfPage\":{\"@id\":\"https:\/\/pre.oboemuebles.com\/en\/producto\/plywood-vitra-plywooddcmvitra2161\/#primaryimage\"},\"image\":{\"@id\":\"https:\/\/pre.oboemuebles.com\/en\/producto\/plywood-vitra-plywooddcmvitra2161\/#primaryimage\"},\"thumbnailUrl\":\"https:\/\/pre.oboemuebles.com\/wp-content\/uploads\/2020\/09\/VITRA-PLYWOOD-DCM-1.jpg\",\"datePublished\":\"2020-09-15T09:31:12+00:00\",\"dateModified\":\"2023-03-21T09:36:22+00:00\",\"description\":\"Charles y Ray Eames se encuentran entre las figuras m\u00e1s importantes del dise\u00f1o del siglo XX. Su obra abarca campos como el dise\u00f1o de muebles\u2026\",\"breadcrumb\":{\"@id\":\"https:\/\/pre.oboemuebles.com\/en\/producto\/plywood-vitra-plywooddcmvitra2161\/#breadcrumb\"},\"inLanguage\":\"en-US\",\"potentialAction\":[{\"@type\":\"ReadAction\",\"target\":[\"https:\/\/pre.oboemuebles.com\/en\/producto\/plywood-vitra-plywooddcmvitra2161\/\"]}]},{\"@type\":\"ImageObject\",\"inLanguage\":\"en-US\",\"@id\":\"https:\/\/pre.oboemuebles.com\/en\/producto\/plywood-vitra-plywooddcmvitra2161\/#primaryimage\",\"url\":\"https:\/\/pre.oboemuebles.com\/wp-content\/uploads\/2020\/09\/VITRA-PLYWOOD-DCM-1.jpg\",\"contentUrl\":\"https:\/\/pre.oboemuebles.com\/wp-content\/uploads\/2020\/09\/VITRA-PLYWOOD-DCM-1.jpg\",\"width\":900,\"height\":900},{\"@type\":\"BreadcrumbList\",\"@id\":\"https:\/\/pre.oboemuebles.com\/en\/producto\/plywood-vitra-plywooddcmvitra2161\/#breadcrumb\",\"itemListElement\":[{\"@type\":\"ListItem\",\"position\":1,\"name\":\"Portada\",\"item\":\"https:\/\/pre.oboemuebles.com\/en\/\"},{\"@type\":\"ListItem\",\"position\":2,\"name\":\"default shop\",\"item\":\"https:\/\/pre.oboemuebles.com\/shop\/default-shop\/\"},{\"@type\":\"ListItem\",\"position\":3,\"name\":\"PLYWOOD\"}]},{\"@type\":\"WebSite\",\"@id\":\"https:\/\/pre.oboemuebles.com\/en\/#website\",\"url\":\"https:\/\/pre.oboemuebles.com\/en\/\",\"name\":\"OBOE - Furniture store and designer kitchens in Malaga and Marbella\",\"description\":\"Modern furniture, high quality kitchens and decoration in Malaga and Marbella\",\"potentialAction\":[{\"@type\":\"SearchAction\",\"target\":{\"@type\":\"EntryPoint\",\"urlTemplate\":\"https:\/\/pre.oboemuebles.com\/en\/?s={search_term_string}\"},\"query-input\":\"required name=search_term_string\"}],\"inLanguage\":\"en-US\"}]}<\/script>\n<!-- \/ Yoast SEO plugin. -->","yoast_head_json":{"title":"PLYWOOD by Vitra","description":"Charles y Ray Eames se encuentran entre las figuras m\u00e1s importantes del dise\u00f1o del siglo XX. Su obra abarca campos como el dise\u00f1o de muebles\u2026","robots":{"index":"noindex","follow":"follow","max-snippet":"max-snippet:-1","max-image-preview":"max-image-preview:large","max-video-preview":"max-video-preview:-1"},"og_locale":"en_US","og_type":"article","og_title":"PLYWOOD by Vitra","og_description":"Charles y Ray Eames se encuentran entre las figuras m\u00e1s importantes del dise\u00f1o del siglo XX. Su obra abarca campos como el dise\u00f1o de muebles\u2026","og_url":"https:\/\/pre.oboemuebles.com\/en\/producto\/plywood-vitra-plywooddcmvitra2161\/","og_site_name":"OBOE - Furniture store and designer kitchens in Malaga and Marbella","article_modified_time":"2023-03-21T09:36:22+00:00","og_image":[{"width":900,"height":900,"url":"https:\/\/pre.oboemuebles.com\/wp-content\/uploads\/2020\/09\/VITRA-PLYWOOD-DCM-1.jpg","type":"image\/jpeg"}],"twitter_card":"summary_large_image","schema":{"@context":"https:\/\/schema.org","@graph":[{"@type":"WebPage","@id":"https:\/\/pre.oboemuebles.com\/en\/producto\/plywood-vitra-plywooddcmvitra2161\/","url":"https:\/\/pre.oboemuebles.com\/en\/producto\/plywood-vitra-plywooddcmvitra2161\/","name":"PLYWOOD by Vitra","isPartOf":{"@id":"https:\/\/pre.oboemuebles.com\/en\/#website"},"primaryImageOfPage":{"@id":"https:\/\/pre.oboemuebles.com\/en\/producto\/plywood-vitra-plywooddcmvitra2161\/#primaryimage"},"image":{"@id":"https:\/\/pre.oboemuebles.com\/en\/producto\/plywood-vitra-plywooddcmvitra2161\/#primaryimage"},"thumbnailUrl":"https:\/\/pre.oboemuebles.com\/wp-content\/uploads\/2020\/09\/VITRA-PLYWOOD-DCM-1.jpg","datePublished":"2020-09-15T09:31:12+00:00","dateModified":"2023-03-21T09:36:22+00:00","description":"Charles y Ray Eames se encuentran entre las figuras m\u00e1s importantes del dise\u00f1o del siglo XX. Su obra abarca campos como el dise\u00f1o de muebles\u2026","breadcrumb":{"@id":"https:\/\/pre.oboemuebles.com\/en\/producto\/plywood-vitra-plywooddcmvitra2161\/#breadcrumb"},"inLanguage":"en-US","potentialAction":[{"@type":"ReadAction","target":["https:\/\/pre.oboemuebles.com\/en\/producto\/plywood-vitra-plywooddcmvitra2161\/"]}]},{"@type":"ImageObject","inLanguage":"en-US","@id":"https:\/\/pre.oboemuebles.com\/en\/producto\/plywood-vitra-plywooddcmvitra2161\/#primaryimage","url":"https:\/\/pre.oboemuebles.com\/wp-content\/uploads\/2020\/09\/VITRA-PLYWOOD-DCM-1.jpg","contentUrl":"https:\/\/pre.oboemuebles.com\/wp-content\/uploads\/2020\/09\/VITRA-PLYWOOD-DCM-1.jpg","width":900,"height":900},{"@type":"BreadcrumbList","@id":"https:\/\/pre.oboemuebles.com\/en\/producto\/plywood-vitra-plywooddcmvitra2161\/#breadcrumb","itemListElement":[{"@type":"ListItem","position":1,"name":"Portada","item":"https:\/\/pre.oboemuebles.com\/en\/"},{"@type":"ListItem","position":2,"name":"default shop","item":"https:\/\/pre.oboemuebles.com\/shop\/default-shop\/"},{"@type":"ListItem","position":3,"name":"PLYWOOD"}]},{"@type":"WebSite","@id":"https:\/\/pre.oboemuebles.com\/en\/#website","url":"https:\/\/pre.oboemuebles.com\/en\/","name":"OBOE - Furniture store and designer kitchens in Malaga and Marbella","description":"Modern furniture, high quality kitchens and decoration in Malaga and Marbella","potentialAction":[{"@type":"SearchAction","target":{"@type":"EntryPoint","urlTemplate":"https:\/\/pre.oboemuebles.com\/en\/?s={search_term_string}"},"query-input":"required name=search_term_string"}],"inLanguage":"en-US"}]}},"brands":[{"id":2146,"name":"Vitra","slug":"vitra"}],"_links":{"self":[{"href":"https:\/\/pre.oboemuebles.com\/en\/wp-json\/wp\/v2\/product\/93466"}],"collection":[{"href":"https:\/\/pre.oboemuebles.com\/en\/wp-json\/wp\/v2\/product"}],"about":[{"href":"https:\/\/pre.oboemuebles.com\/en\/wp-json\/wp\/v2\/types\/product"}],"wp:featuredmedia":[{"embeddable":true,"href":"https:\/\/pre.oboemuebles.com\/en\/wp-json\/wp\/v2\/media\/83064"}],"wp:attachment":[{"href":"https:\/\/pre.oboemuebles.com\/en\/wp-json\/wp\/v2\/media?parent=93466"}],"wp:term":[{"taxonomy":"pwb-brand","embeddable":true,"href":"https:\/\/pre.oboemuebles.com\/en\/wp-json\/wp\/v2\/pwb-brand?post=93466"},{"taxonomy":"product_cat","embeddable":true,"href":"https:\/\/pre.oboemuebles.com\/en\/wp-json\/wp\/v2\/product_cat?post=93466"},{"taxonomy":"product_tag","embeddable":true,"href":"https:\/\/pre.oboemuebles.com\/en\/wp-json\/wp\/v2\/product_tag?post=93466"}],"curies":[{"name":"wp","href":"https:\/\/api.w.org\/{rel}","templated":true}]}}