{"id":93468,"date":"2020-09-15T09:31:06","date_gmt":"2020-09-15T09:31:06","guid":{"rendered":"https:\/\/oboemuebles.com\/muebles-diseno-decoracion-malaga-marbella\/panton-junior-vitra-pantonjuniorvitra2158\/"},"modified":"2023-03-21T09:36:23","modified_gmt":"2023-03-21T09:36:23","slug":"panton-junior-vitra-pantonjuniorvitra2158","status":"publish","type":"product","link":"https:\/\/pre.oboemuebles.com\/en\/producto\/panton-junior-vitra-pantonjuniorvitra2158\/","title":{"rendered":"PANTON JUNIOR"},"content":{"rendered":"<p>The children&#8217;s version is approximately 25% smaller than the original Panton Chair with the same shape and materials as the standard model. This makes the Panton Junior an ideal chair for children from kindergarten to primary school.<\/p>\n","protected":false},"excerpt":{"rendered":"<p>The Panton Chair is a classic in the history of furniture. Designed by Verner Panton in 1960, its series production began in 1967 with Vitra. It was the first plastic chair made in one piece. Since its market launch, it has gone through several production phases. Only from 1999 was it possible to manufacture it faithfully respecting the original idea: in highly resistant molded plastic, with an attractive matte finish.<\/p>\n","protected":false},"featured_media":82926,"template":"","meta":{"content-type":""},"pwb-brand":[2146],"product_cat":[1302,1281,1271,1155,1284],"product_tag":[1383],"acf":[],"yoast_head":"<!-- This site is optimized with the Yoast SEO plugin v23.0 - https:\/\/yoast.com\/wordpress\/plugins\/seo\/ -->\n<title>PANTON JUNIOR by Vitra<\/title>\n<meta name=\"description\" content=\"La Panton Chair es todo un cl\u00e1sico de la historia del mueble. Dise\u00f1ada por Verner Panton en 1960, su producci\u00f3n en serie comenz\u00f3 en 1967 en \u2026\" \/>\n<meta name=\"robots\" content=\"noindex, follow, max-snippet:-1, max-image-preview:large, max-video-preview:-1\" \/>\n<meta property=\"og:locale\" content=\"en_US\" \/>\n<meta property=\"og:type\" content=\"article\" \/>\n<meta property=\"og:title\" content=\"PANTON JUNIOR by Vitra\" \/>\n<meta property=\"og:description\" content=\"La Panton Chair es todo un cl\u00e1sico de la historia del mueble. Dise\u00f1ada por Verner Panton en 1960, su producci\u00f3n en serie comenz\u00f3 en 1967 en \u2026\" \/>\n<meta property=\"og:url\" content=\"https:\/\/pre.oboemuebles.com\/en\/producto\/panton-junior-vitra-pantonjuniorvitra2158\/\" \/>\n<meta property=\"og:site_name\" content=\"OBOE - Furniture store and designer kitchens in Malaga and Marbella\" \/>\n<meta property=\"article:modified_time\" content=\"2023-03-21T09:36:23+00:00\" \/>\n<meta property=\"og:image\" content=\"https:\/\/pre.oboemuebles.com\/wp-content\/uploads\/2020\/09\/VITRA-PANTON-JUNIOR-1.jpg\" \/>\n\t<meta property=\"og:image:width\" content=\"900\" \/>\n\t<meta property=\"og:image:height\" content=\"900\" \/>\n\t<meta property=\"og:image:type\" content=\"image\/jpeg\" \/>\n<meta name=\"twitter:card\" content=\"summary_large_image\" \/>\n<script type=\"application\/ld+json\" class=\"yoast-schema-graph\">{\"@context\":\"https:\/\/schema.org\",\"@graph\":[{\"@type\":\"WebPage\",\"@id\":\"https:\/\/pre.oboemuebles.com\/en\/producto\/panton-junior-vitra-pantonjuniorvitra2158\/\",\"url\":\"https:\/\/pre.oboemuebles.com\/en\/producto\/panton-junior-vitra-pantonjuniorvitra2158\/\",\"name\":\"PANTON JUNIOR by Vitra\",\"isPartOf\":{\"@id\":\"https:\/\/pre.oboemuebles.com\/en\/#website\"},\"primaryImageOfPage\":{\"@id\":\"https:\/\/pre.oboemuebles.com\/en\/producto\/panton-junior-vitra-pantonjuniorvitra2158\/#primaryimage\"},\"image\":{\"@id\":\"https:\/\/pre.oboemuebles.com\/en\/producto\/panton-junior-vitra-pantonjuniorvitra2158\/#primaryimage\"},\"thumbnailUrl\":\"https:\/\/pre.oboemuebles.com\/wp-content\/uploads\/2020\/09\/VITRA-PANTON-JUNIOR-1.jpg\",\"datePublished\":\"2020-09-15T09:31:06+00:00\",\"dateModified\":\"2023-03-21T09:36:23+00:00\",\"description\":\"La Panton Chair es todo un cl\u00e1sico de la historia del mueble. Dise\u00f1ada por Verner Panton en 1960, su producci\u00f3n en serie comenz\u00f3 en 1967 en \u2026\",\"breadcrumb\":{\"@id\":\"https:\/\/pre.oboemuebles.com\/en\/producto\/panton-junior-vitra-pantonjuniorvitra2158\/#breadcrumb\"},\"inLanguage\":\"en-US\",\"potentialAction\":[{\"@type\":\"ReadAction\",\"target\":[\"https:\/\/pre.oboemuebles.com\/en\/producto\/panton-junior-vitra-pantonjuniorvitra2158\/\"]}]},{\"@type\":\"ImageObject\",\"inLanguage\":\"en-US\",\"@id\":\"https:\/\/pre.oboemuebles.com\/en\/producto\/panton-junior-vitra-pantonjuniorvitra2158\/#primaryimage\",\"url\":\"https:\/\/pre.oboemuebles.com\/wp-content\/uploads\/2020\/09\/VITRA-PANTON-JUNIOR-1.jpg\",\"contentUrl\":\"https:\/\/pre.oboemuebles.com\/wp-content\/uploads\/2020\/09\/VITRA-PANTON-JUNIOR-1.jpg\",\"width\":900,\"height\":900},{\"@type\":\"BreadcrumbList\",\"@id\":\"https:\/\/pre.oboemuebles.com\/en\/producto\/panton-junior-vitra-pantonjuniorvitra2158\/#breadcrumb\",\"itemListElement\":[{\"@type\":\"ListItem\",\"position\":1,\"name\":\"Portada\",\"item\":\"https:\/\/pre.oboemuebles.com\/en\/\"},{\"@type\":\"ListItem\",\"position\":2,\"name\":\"default shop\",\"item\":\"https:\/\/pre.oboemuebles.com\/shop\/default-shop\/\"},{\"@type\":\"ListItem\",\"position\":3,\"name\":\"PANTON JUNIOR\"}]},{\"@type\":\"WebSite\",\"@id\":\"https:\/\/pre.oboemuebles.com\/en\/#website\",\"url\":\"https:\/\/pre.oboemuebles.com\/en\/\",\"name\":\"OBOE - Furniture store and designer kitchens in Malaga and Marbella\",\"description\":\"Modern furniture, high quality kitchens and decoration in Malaga and Marbella\",\"potentialAction\":[{\"@type\":\"SearchAction\",\"target\":{\"@type\":\"EntryPoint\",\"urlTemplate\":\"https:\/\/pre.oboemuebles.com\/en\/?s={search_term_string}\"},\"query-input\":\"required name=search_term_string\"}],\"inLanguage\":\"en-US\"}]}<\/script>\n<!-- \/ Yoast SEO plugin. -->","yoast_head_json":{"title":"PANTON JUNIOR by Vitra","description":"La Panton Chair es todo un cl\u00e1sico de la historia del mueble. Dise\u00f1ada por Verner Panton en 1960, su producci\u00f3n en serie comenz\u00f3 en 1967 en \u2026","robots":{"index":"noindex","follow":"follow","max-snippet":"max-snippet:-1","max-image-preview":"max-image-preview:large","max-video-preview":"max-video-preview:-1"},"og_locale":"en_US","og_type":"article","og_title":"PANTON JUNIOR by Vitra","og_description":"La Panton Chair es todo un cl\u00e1sico de la historia del mueble. Dise\u00f1ada por Verner Panton en 1960, su producci\u00f3n en serie comenz\u00f3 en 1967 en \u2026","og_url":"https:\/\/pre.oboemuebles.com\/en\/producto\/panton-junior-vitra-pantonjuniorvitra2158\/","og_site_name":"OBOE - Furniture store and designer kitchens in Malaga and Marbella","article_modified_time":"2023-03-21T09:36:23+00:00","og_image":[{"width":900,"height":900,"url":"https:\/\/pre.oboemuebles.com\/wp-content\/uploads\/2020\/09\/VITRA-PANTON-JUNIOR-1.jpg","type":"image\/jpeg"}],"twitter_card":"summary_large_image","schema":{"@context":"https:\/\/schema.org","@graph":[{"@type":"WebPage","@id":"https:\/\/pre.oboemuebles.com\/en\/producto\/panton-junior-vitra-pantonjuniorvitra2158\/","url":"https:\/\/pre.oboemuebles.com\/en\/producto\/panton-junior-vitra-pantonjuniorvitra2158\/","name":"PANTON JUNIOR by Vitra","isPartOf":{"@id":"https:\/\/pre.oboemuebles.com\/en\/#website"},"primaryImageOfPage":{"@id":"https:\/\/pre.oboemuebles.com\/en\/producto\/panton-junior-vitra-pantonjuniorvitra2158\/#primaryimage"},"image":{"@id":"https:\/\/pre.oboemuebles.com\/en\/producto\/panton-junior-vitra-pantonjuniorvitra2158\/#primaryimage"},"thumbnailUrl":"https:\/\/pre.oboemuebles.com\/wp-content\/uploads\/2020\/09\/VITRA-PANTON-JUNIOR-1.jpg","datePublished":"2020-09-15T09:31:06+00:00","dateModified":"2023-03-21T09:36:23+00:00","description":"La Panton Chair es todo un cl\u00e1sico de la historia del mueble. Dise\u00f1ada por Verner Panton en 1960, su producci\u00f3n en serie comenz\u00f3 en 1967 en \u2026","breadcrumb":{"@id":"https:\/\/pre.oboemuebles.com\/en\/producto\/panton-junior-vitra-pantonjuniorvitra2158\/#breadcrumb"},"inLanguage":"en-US","potentialAction":[{"@type":"ReadAction","target":["https:\/\/pre.oboemuebles.com\/en\/producto\/panton-junior-vitra-pantonjuniorvitra2158\/"]}]},{"@type":"ImageObject","inLanguage":"en-US","@id":"https:\/\/pre.oboemuebles.com\/en\/producto\/panton-junior-vitra-pantonjuniorvitra2158\/#primaryimage","url":"https:\/\/pre.oboemuebles.com\/wp-content\/uploads\/2020\/09\/VITRA-PANTON-JUNIOR-1.jpg","contentUrl":"https:\/\/pre.oboemuebles.com\/wp-content\/uploads\/2020\/09\/VITRA-PANTON-JUNIOR-1.jpg","width":900,"height":900},{"@type":"BreadcrumbList","@id":"https:\/\/pre.oboemuebles.com\/en\/producto\/panton-junior-vitra-pantonjuniorvitra2158\/#breadcrumb","itemListElement":[{"@type":"ListItem","position":1,"name":"Portada","item":"https:\/\/pre.oboemuebles.com\/en\/"},{"@type":"ListItem","position":2,"name":"default shop","item":"https:\/\/pre.oboemuebles.com\/shop\/default-shop\/"},{"@type":"ListItem","position":3,"name":"PANTON JUNIOR"}]},{"@type":"WebSite","@id":"https:\/\/pre.oboemuebles.com\/en\/#website","url":"https:\/\/pre.oboemuebles.com\/en\/","name":"OBOE - Furniture store and designer kitchens in Malaga and Marbella","description":"Modern furniture, high quality kitchens and decoration in Malaga and Marbella","potentialAction":[{"@type":"SearchAction","target":{"@type":"EntryPoint","urlTemplate":"https:\/\/pre.oboemuebles.com\/en\/?s={search_term_string}"},"query-input":"required name=search_term_string"}],"inLanguage":"en-US"}]}},"brands":[{"id":2146,"name":"Vitra","slug":"vitra"}],"_links":{"self":[{"href":"https:\/\/pre.oboemuebles.com\/en\/wp-json\/wp\/v2\/product\/93468"}],"collection":[{"href":"https:\/\/pre.oboemuebles.com\/en\/wp-json\/wp\/v2\/product"}],"about":[{"href":"https:\/\/pre.oboemuebles.com\/en\/wp-json\/wp\/v2\/types\/product"}],"wp:featuredmedia":[{"embeddable":true,"href":"https:\/\/pre.oboemuebles.com\/en\/wp-json\/wp\/v2\/media\/82926"}],"wp:attachment":[{"href":"https:\/\/pre.oboemuebles.com\/en\/wp-json\/wp\/v2\/media?parent=93468"}],"wp:term":[{"taxonomy":"pwb-brand","embeddable":true,"href":"https:\/\/pre.oboemuebles.com\/en\/wp-json\/wp\/v2\/pwb-brand?post=93468"},{"taxonomy":"product_cat","embeddable":true,"href":"https:\/\/pre.oboemuebles.com\/en\/wp-json\/wp\/v2\/product_cat?post=93468"},{"taxonomy":"product_tag","embeddable":true,"href":"https:\/\/pre.oboemuebles.com\/en\/wp-json\/wp\/v2\/product_tag?post=93468"}],"curies":[{"name":"wp","href":"https:\/\/api.w.org\/{rel}","templated":true}]}}