{"id":93471,"date":"2020-09-15T09:30:58","date_gmt":"2020-09-15T09:30:58","guid":{"rendered":"https:\/\/oboemuebles.com\/muebles-diseno-decoracion-malaga-marbella\/nest-table-vitra-nesttablevitra2153\/"},"modified":"2023-03-21T09:36:24","modified_gmt":"2023-03-21T09:36:24","slug":"nest-table-vitra-nesttablevitra2153","status":"publish","type":"product","link":"https:\/\/pre.oboemuebles.com\/en\/producto\/nest-table-vitra-nesttablevitra2153\/","title":{"rendered":"NEST TABLE"},"content":{"rendered":"<p>Thanks to the development of technology, it is now possible to work with a laptop anywhere, although what is often missing is a suitable piece of furniture. NesTable is the ideal solution when working from home on a sofa or armchair: the height and angle of the tray are fully adjustable, and the shape of its base allows the user to get it as close as possible to most types of seating.<\/p>\n","protected":false},"excerpt":{"rendered":"<p>Known for his original perspective, Jasper Morrison is one of the most recognized industrial designers. Together with his colleague Naoto Fukasawa, he defined the term &#8220;supernormal,&#8221; which, for him, answers the question of what &#8220;good design&#8221; should look like. He tries to create good examples of discreet, helpful, and responsible design in his work. Morrison has developed several projects collaborating with Vitra, such as the All Plastic Chair, the Soft Modular Sofa, and the HAL family of chairs. His designs are displayed at the Museum of Modern Art in New York and in other significant museum collections worldwide.<\/p>\n","protected":false},"featured_media":82868,"template":"","meta":{"content-type":""},"pwb-brand":[2146],"product_cat":[1271,1286,1300],"product_tag":[1361],"acf":[],"yoast_head":"<!-- This site is optimized with the Yoast SEO plugin v23.0 - https:\/\/yoast.com\/wordpress\/plugins\/seo\/ -->\n<title>NEST TABLE by Vitra<\/title>\n<meta name=\"description\" content=\"Conocido por su perspectiva original, Jasper Morrison es uno de los dise\u00f1adores industriales m\u00e1s reconocido de las \u00faltimas d\u00e9cadas. Junto co\u2026\" \/>\n<meta name=\"robots\" content=\"noindex, follow, max-snippet:-1, max-image-preview:large, max-video-preview:-1\" \/>\n<meta property=\"og:locale\" content=\"en_US\" \/>\n<meta property=\"og:type\" content=\"article\" \/>\n<meta property=\"og:title\" content=\"NEST TABLE by Vitra\" \/>\n<meta property=\"og:description\" content=\"Conocido por su perspectiva original, Jasper Morrison es uno de los dise\u00f1adores industriales m\u00e1s reconocido de las \u00faltimas d\u00e9cadas. Junto co\u2026\" \/>\n<meta property=\"og:url\" content=\"https:\/\/pre.oboemuebles.com\/en\/producto\/nest-table-vitra-nesttablevitra2153\/\" \/>\n<meta property=\"og:site_name\" content=\"OBOE - Furniture store and designer kitchens in Malaga and Marbella\" \/>\n<meta property=\"article:modified_time\" content=\"2023-03-21T09:36:24+00:00\" \/>\n<meta property=\"og:image\" content=\"https:\/\/pre.oboemuebles.com\/wp-content\/uploads\/2020\/09\/VITRA-NESTTABLE-1.jpg\" \/>\n\t<meta property=\"og:image:width\" content=\"900\" \/>\n\t<meta property=\"og:image:height\" content=\"900\" \/>\n\t<meta property=\"og:image:type\" content=\"image\/jpeg\" \/>\n<meta name=\"twitter:card\" content=\"summary_large_image\" \/>\n<meta name=\"twitter:label1\" content=\"Est. reading time\" \/>\n\t<meta name=\"twitter:data1\" content=\"1 minute\" \/>\n<script type=\"application\/ld+json\" class=\"yoast-schema-graph\">{\"@context\":\"https:\/\/schema.org\",\"@graph\":[{\"@type\":\"WebPage\",\"@id\":\"https:\/\/pre.oboemuebles.com\/en\/producto\/nest-table-vitra-nesttablevitra2153\/\",\"url\":\"https:\/\/pre.oboemuebles.com\/en\/producto\/nest-table-vitra-nesttablevitra2153\/\",\"name\":\"NEST TABLE by Vitra\",\"isPartOf\":{\"@id\":\"https:\/\/pre.oboemuebles.com\/en\/#website\"},\"primaryImageOfPage\":{\"@id\":\"https:\/\/pre.oboemuebles.com\/en\/producto\/nest-table-vitra-nesttablevitra2153\/#primaryimage\"},\"image\":{\"@id\":\"https:\/\/pre.oboemuebles.com\/en\/producto\/nest-table-vitra-nesttablevitra2153\/#primaryimage\"},\"thumbnailUrl\":\"https:\/\/pre.oboemuebles.com\/wp-content\/uploads\/2020\/09\/VITRA-NESTTABLE-1.jpg\",\"datePublished\":\"2020-09-15T09:30:58+00:00\",\"dateModified\":\"2023-03-21T09:36:24+00:00\",\"description\":\"Conocido por su perspectiva original, Jasper Morrison es uno de los dise\u00f1adores industriales m\u00e1s reconocido de las \u00faltimas d\u00e9cadas. Junto co\u2026\",\"breadcrumb\":{\"@id\":\"https:\/\/pre.oboemuebles.com\/en\/producto\/nest-table-vitra-nesttablevitra2153\/#breadcrumb\"},\"inLanguage\":\"en-US\",\"potentialAction\":[{\"@type\":\"ReadAction\",\"target\":[\"https:\/\/pre.oboemuebles.com\/en\/producto\/nest-table-vitra-nesttablevitra2153\/\"]}]},{\"@type\":\"ImageObject\",\"inLanguage\":\"en-US\",\"@id\":\"https:\/\/pre.oboemuebles.com\/en\/producto\/nest-table-vitra-nesttablevitra2153\/#primaryimage\",\"url\":\"https:\/\/pre.oboemuebles.com\/wp-content\/uploads\/2020\/09\/VITRA-NESTTABLE-1.jpg\",\"contentUrl\":\"https:\/\/pre.oboemuebles.com\/wp-content\/uploads\/2020\/09\/VITRA-NESTTABLE-1.jpg\",\"width\":900,\"height\":900},{\"@type\":\"BreadcrumbList\",\"@id\":\"https:\/\/pre.oboemuebles.com\/en\/producto\/nest-table-vitra-nesttablevitra2153\/#breadcrumb\",\"itemListElement\":[{\"@type\":\"ListItem\",\"position\":1,\"name\":\"Portada\",\"item\":\"https:\/\/pre.oboemuebles.com\/en\/\"},{\"@type\":\"ListItem\",\"position\":2,\"name\":\"default shop\",\"item\":\"https:\/\/pre.oboemuebles.com\/shop\/default-shop\/\"},{\"@type\":\"ListItem\",\"position\":3,\"name\":\"NEST TABLE\"}]},{\"@type\":\"WebSite\",\"@id\":\"https:\/\/pre.oboemuebles.com\/en\/#website\",\"url\":\"https:\/\/pre.oboemuebles.com\/en\/\",\"name\":\"OBOE - Furniture store and designer kitchens in Malaga and Marbella\",\"description\":\"Modern furniture, high quality kitchens and decoration in Malaga and Marbella\",\"potentialAction\":[{\"@type\":\"SearchAction\",\"target\":{\"@type\":\"EntryPoint\",\"urlTemplate\":\"https:\/\/pre.oboemuebles.com\/en\/?s={search_term_string}\"},\"query-input\":\"required name=search_term_string\"}],\"inLanguage\":\"en-US\"}]}<\/script>\n<!-- \/ Yoast SEO plugin. -->","yoast_head_json":{"title":"NEST TABLE by Vitra","description":"Conocido por su perspectiva original, Jasper Morrison es uno de los dise\u00f1adores industriales m\u00e1s reconocido de las \u00faltimas d\u00e9cadas. Junto co\u2026","robots":{"index":"noindex","follow":"follow","max-snippet":"max-snippet:-1","max-image-preview":"max-image-preview:large","max-video-preview":"max-video-preview:-1"},"og_locale":"en_US","og_type":"article","og_title":"NEST TABLE by Vitra","og_description":"Conocido por su perspectiva original, Jasper Morrison es uno de los dise\u00f1adores industriales m\u00e1s reconocido de las \u00faltimas d\u00e9cadas. Junto co\u2026","og_url":"https:\/\/pre.oboemuebles.com\/en\/producto\/nest-table-vitra-nesttablevitra2153\/","og_site_name":"OBOE - Furniture store and designer kitchens in Malaga and Marbella","article_modified_time":"2023-03-21T09:36:24+00:00","og_image":[{"width":900,"height":900,"url":"https:\/\/pre.oboemuebles.com\/wp-content\/uploads\/2020\/09\/VITRA-NESTTABLE-1.jpg","type":"image\/jpeg"}],"twitter_card":"summary_large_image","twitter_misc":{"Est. reading time":"1 minute"},"schema":{"@context":"https:\/\/schema.org","@graph":[{"@type":"WebPage","@id":"https:\/\/pre.oboemuebles.com\/en\/producto\/nest-table-vitra-nesttablevitra2153\/","url":"https:\/\/pre.oboemuebles.com\/en\/producto\/nest-table-vitra-nesttablevitra2153\/","name":"NEST TABLE by Vitra","isPartOf":{"@id":"https:\/\/pre.oboemuebles.com\/en\/#website"},"primaryImageOfPage":{"@id":"https:\/\/pre.oboemuebles.com\/en\/producto\/nest-table-vitra-nesttablevitra2153\/#primaryimage"},"image":{"@id":"https:\/\/pre.oboemuebles.com\/en\/producto\/nest-table-vitra-nesttablevitra2153\/#primaryimage"},"thumbnailUrl":"https:\/\/pre.oboemuebles.com\/wp-content\/uploads\/2020\/09\/VITRA-NESTTABLE-1.jpg","datePublished":"2020-09-15T09:30:58+00:00","dateModified":"2023-03-21T09:36:24+00:00","description":"Conocido por su perspectiva original, Jasper Morrison es uno de los dise\u00f1adores industriales m\u00e1s reconocido de las \u00faltimas d\u00e9cadas. Junto co\u2026","breadcrumb":{"@id":"https:\/\/pre.oboemuebles.com\/en\/producto\/nest-table-vitra-nesttablevitra2153\/#breadcrumb"},"inLanguage":"en-US","potentialAction":[{"@type":"ReadAction","target":["https:\/\/pre.oboemuebles.com\/en\/producto\/nest-table-vitra-nesttablevitra2153\/"]}]},{"@type":"ImageObject","inLanguage":"en-US","@id":"https:\/\/pre.oboemuebles.com\/en\/producto\/nest-table-vitra-nesttablevitra2153\/#primaryimage","url":"https:\/\/pre.oboemuebles.com\/wp-content\/uploads\/2020\/09\/VITRA-NESTTABLE-1.jpg","contentUrl":"https:\/\/pre.oboemuebles.com\/wp-content\/uploads\/2020\/09\/VITRA-NESTTABLE-1.jpg","width":900,"height":900},{"@type":"BreadcrumbList","@id":"https:\/\/pre.oboemuebles.com\/en\/producto\/nest-table-vitra-nesttablevitra2153\/#breadcrumb","itemListElement":[{"@type":"ListItem","position":1,"name":"Portada","item":"https:\/\/pre.oboemuebles.com\/en\/"},{"@type":"ListItem","position":2,"name":"default shop","item":"https:\/\/pre.oboemuebles.com\/shop\/default-shop\/"},{"@type":"ListItem","position":3,"name":"NEST TABLE"}]},{"@type":"WebSite","@id":"https:\/\/pre.oboemuebles.com\/en\/#website","url":"https:\/\/pre.oboemuebles.com\/en\/","name":"OBOE - Furniture store and designer kitchens in Malaga and Marbella","description":"Modern furniture, high quality kitchens and decoration in Malaga and Marbella","potentialAction":[{"@type":"SearchAction","target":{"@type":"EntryPoint","urlTemplate":"https:\/\/pre.oboemuebles.com\/en\/?s={search_term_string}"},"query-input":"required name=search_term_string"}],"inLanguage":"en-US"}]}},"brands":[{"id":2146,"name":"Vitra","slug":"vitra"}],"_links":{"self":[{"href":"https:\/\/pre.oboemuebles.com\/en\/wp-json\/wp\/v2\/product\/93471"}],"collection":[{"href":"https:\/\/pre.oboemuebles.com\/en\/wp-json\/wp\/v2\/product"}],"about":[{"href":"https:\/\/pre.oboemuebles.com\/en\/wp-json\/wp\/v2\/types\/product"}],"wp:featuredmedia":[{"embeddable":true,"href":"https:\/\/pre.oboemuebles.com\/en\/wp-json\/wp\/v2\/media\/82868"}],"wp:attachment":[{"href":"https:\/\/pre.oboemuebles.com\/en\/wp-json\/wp\/v2\/media?parent=93471"}],"wp:term":[{"taxonomy":"pwb-brand","embeddable":true,"href":"https:\/\/pre.oboemuebles.com\/en\/wp-json\/wp\/v2\/pwb-brand?post=93471"},{"taxonomy":"product_cat","embeddable":true,"href":"https:\/\/pre.oboemuebles.com\/en\/wp-json\/wp\/v2\/product_cat?post=93471"},{"taxonomy":"product_tag","embeddable":true,"href":"https:\/\/pre.oboemuebles.com\/en\/wp-json\/wp\/v2\/product_tag?post=93471"}],"curies":[{"name":"wp","href":"https:\/\/api.w.org\/{rel}","templated":true}]}}