{"id":93474,"date":"2020-09-15T09:30:54","date_gmt":"2020-09-15T09:30:54","guid":{"rendered":"https:\/\/oboemuebles.com\/muebles-diseno-decoracion-malaga-marbella\/home-desk-vitra-homedeskvitra2146\/"},"modified":"2023-03-21T09:36:26","modified_gmt":"2023-03-21T09:36:26","slug":"home-desk-vitra-homedeskvitra2146","status":"publish","type":"product","link":"https:\/\/pre.oboemuebles.com\/en\/producto\/home-desk-vitra-homedeskvitra2146\/","title":{"rendered":"HOME DESK"},"content":{"rendered":"<p>High-quality materials highlight the elegance of the George Nelson Home Desk, originally designed in 1958 as a secretary for women. This compact desk tends to be used in home offices, where it adds an interesting decorative touch with its multicolored compartments.<\/p>\n","protected":false},"excerpt":{"rendered":"<p>George Nelson is considered one of the most influential figures in American design. An architect, product and exhibition designer, and writer, he was at the forefront of design and architecture discourse for several decades. Vitra is the only authorized manufacturer of Nelson-specified products for the European and Middle Eastern markets.<\/p>\n","protected":false},"featured_media":82816,"template":"","meta":{"content-type":""},"pwb-brand":[2146],"product_cat":[1271,1285,1300,1283],"product_tag":[1381],"acf":[],"yoast_head":"<!-- This site is optimized with the Yoast SEO plugin v23.0 - https:\/\/yoast.com\/wordpress\/plugins\/seo\/ -->\n<title>HOME DESK by Vitra<\/title>\n<meta name=\"description\" content=\"George Nelson es considerado una de las figuras m\u00e1s importantes del dise\u00f1o estadounidense. Arquitecto, dise\u00f1ador de productos y exposiciones\u2026\" \/>\n<meta name=\"robots\" content=\"noindex, follow, max-snippet:-1, max-image-preview:large, max-video-preview:-1\" \/>\n<meta property=\"og:locale\" content=\"en_US\" \/>\n<meta property=\"og:type\" content=\"article\" \/>\n<meta property=\"og:title\" content=\"HOME DESK by Vitra\" \/>\n<meta property=\"og:description\" content=\"George Nelson es considerado una de las figuras m\u00e1s importantes del dise\u00f1o estadounidense. Arquitecto, dise\u00f1ador de productos y exposiciones\u2026\" \/>\n<meta property=\"og:url\" content=\"https:\/\/pre.oboemuebles.com\/en\/producto\/home-desk-vitra-homedeskvitra2146\/\" \/>\n<meta property=\"og:site_name\" content=\"OBOE - Furniture store and designer kitchens in Malaga and Marbella\" \/>\n<meta property=\"article:modified_time\" content=\"2023-03-21T09:36:26+00:00\" \/>\n<meta property=\"og:image\" content=\"https:\/\/pre.oboemuebles.com\/wp-content\/uploads\/2020\/09\/VITRA-HOMEDESK-1.jpg\" \/>\n\t<meta property=\"og:image:width\" content=\"900\" \/>\n\t<meta property=\"og:image:height\" content=\"900\" \/>\n\t<meta property=\"og:image:type\" content=\"image\/jpeg\" \/>\n<meta name=\"twitter:card\" content=\"summary_large_image\" \/>\n<script type=\"application\/ld+json\" class=\"yoast-schema-graph\">{\"@context\":\"https:\/\/schema.org\",\"@graph\":[{\"@type\":\"WebPage\",\"@id\":\"https:\/\/pre.oboemuebles.com\/en\/producto\/home-desk-vitra-homedeskvitra2146\/\",\"url\":\"https:\/\/pre.oboemuebles.com\/en\/producto\/home-desk-vitra-homedeskvitra2146\/\",\"name\":\"HOME DESK by Vitra\",\"isPartOf\":{\"@id\":\"https:\/\/pre.oboemuebles.com\/en\/#website\"},\"primaryImageOfPage\":{\"@id\":\"https:\/\/pre.oboemuebles.com\/en\/producto\/home-desk-vitra-homedeskvitra2146\/#primaryimage\"},\"image\":{\"@id\":\"https:\/\/pre.oboemuebles.com\/en\/producto\/home-desk-vitra-homedeskvitra2146\/#primaryimage\"},\"thumbnailUrl\":\"https:\/\/pre.oboemuebles.com\/wp-content\/uploads\/2020\/09\/VITRA-HOMEDESK-1.jpg\",\"datePublished\":\"2020-09-15T09:30:54+00:00\",\"dateModified\":\"2023-03-21T09:36:26+00:00\",\"description\":\"George Nelson es considerado una de las figuras m\u00e1s importantes del dise\u00f1o estadounidense. Arquitecto, dise\u00f1ador de productos y exposiciones\u2026\",\"breadcrumb\":{\"@id\":\"https:\/\/pre.oboemuebles.com\/en\/producto\/home-desk-vitra-homedeskvitra2146\/#breadcrumb\"},\"inLanguage\":\"en-US\",\"potentialAction\":[{\"@type\":\"ReadAction\",\"target\":[\"https:\/\/pre.oboemuebles.com\/en\/producto\/home-desk-vitra-homedeskvitra2146\/\"]}]},{\"@type\":\"ImageObject\",\"inLanguage\":\"en-US\",\"@id\":\"https:\/\/pre.oboemuebles.com\/en\/producto\/home-desk-vitra-homedeskvitra2146\/#primaryimage\",\"url\":\"https:\/\/pre.oboemuebles.com\/wp-content\/uploads\/2020\/09\/VITRA-HOMEDESK-1.jpg\",\"contentUrl\":\"https:\/\/pre.oboemuebles.com\/wp-content\/uploads\/2020\/09\/VITRA-HOMEDESK-1.jpg\",\"width\":900,\"height\":900},{\"@type\":\"BreadcrumbList\",\"@id\":\"https:\/\/pre.oboemuebles.com\/en\/producto\/home-desk-vitra-homedeskvitra2146\/#breadcrumb\",\"itemListElement\":[{\"@type\":\"ListItem\",\"position\":1,\"name\":\"Portada\",\"item\":\"https:\/\/pre.oboemuebles.com\/en\/\"},{\"@type\":\"ListItem\",\"position\":2,\"name\":\"default shop\",\"item\":\"https:\/\/pre.oboemuebles.com\/shop\/default-shop\/\"},{\"@type\":\"ListItem\",\"position\":3,\"name\":\"HOME DESK\"}]},{\"@type\":\"WebSite\",\"@id\":\"https:\/\/pre.oboemuebles.com\/en\/#website\",\"url\":\"https:\/\/pre.oboemuebles.com\/en\/\",\"name\":\"OBOE - Furniture store and designer kitchens in Malaga and Marbella\",\"description\":\"Modern furniture, high quality kitchens and decoration in Malaga and Marbella\",\"potentialAction\":[{\"@type\":\"SearchAction\",\"target\":{\"@type\":\"EntryPoint\",\"urlTemplate\":\"https:\/\/pre.oboemuebles.com\/en\/?s={search_term_string}\"},\"query-input\":\"required name=search_term_string\"}],\"inLanguage\":\"en-US\"}]}<\/script>\n<!-- \/ Yoast SEO plugin. -->","yoast_head_json":{"title":"HOME DESK by Vitra","description":"George Nelson es considerado una de las figuras m\u00e1s importantes del dise\u00f1o estadounidense. Arquitecto, dise\u00f1ador de productos y exposiciones\u2026","robots":{"index":"noindex","follow":"follow","max-snippet":"max-snippet:-1","max-image-preview":"max-image-preview:large","max-video-preview":"max-video-preview:-1"},"og_locale":"en_US","og_type":"article","og_title":"HOME DESK by Vitra","og_description":"George Nelson es considerado una de las figuras m\u00e1s importantes del dise\u00f1o estadounidense. Arquitecto, dise\u00f1ador de productos y exposiciones\u2026","og_url":"https:\/\/pre.oboemuebles.com\/en\/producto\/home-desk-vitra-homedeskvitra2146\/","og_site_name":"OBOE - Furniture store and designer kitchens in Malaga and Marbella","article_modified_time":"2023-03-21T09:36:26+00:00","og_image":[{"width":900,"height":900,"url":"https:\/\/pre.oboemuebles.com\/wp-content\/uploads\/2020\/09\/VITRA-HOMEDESK-1.jpg","type":"image\/jpeg"}],"twitter_card":"summary_large_image","schema":{"@context":"https:\/\/schema.org","@graph":[{"@type":"WebPage","@id":"https:\/\/pre.oboemuebles.com\/en\/producto\/home-desk-vitra-homedeskvitra2146\/","url":"https:\/\/pre.oboemuebles.com\/en\/producto\/home-desk-vitra-homedeskvitra2146\/","name":"HOME DESK by Vitra","isPartOf":{"@id":"https:\/\/pre.oboemuebles.com\/en\/#website"},"primaryImageOfPage":{"@id":"https:\/\/pre.oboemuebles.com\/en\/producto\/home-desk-vitra-homedeskvitra2146\/#primaryimage"},"image":{"@id":"https:\/\/pre.oboemuebles.com\/en\/producto\/home-desk-vitra-homedeskvitra2146\/#primaryimage"},"thumbnailUrl":"https:\/\/pre.oboemuebles.com\/wp-content\/uploads\/2020\/09\/VITRA-HOMEDESK-1.jpg","datePublished":"2020-09-15T09:30:54+00:00","dateModified":"2023-03-21T09:36:26+00:00","description":"George Nelson es considerado una de las figuras m\u00e1s importantes del dise\u00f1o estadounidense. Arquitecto, dise\u00f1ador de productos y exposiciones\u2026","breadcrumb":{"@id":"https:\/\/pre.oboemuebles.com\/en\/producto\/home-desk-vitra-homedeskvitra2146\/#breadcrumb"},"inLanguage":"en-US","potentialAction":[{"@type":"ReadAction","target":["https:\/\/pre.oboemuebles.com\/en\/producto\/home-desk-vitra-homedeskvitra2146\/"]}]},{"@type":"ImageObject","inLanguage":"en-US","@id":"https:\/\/pre.oboemuebles.com\/en\/producto\/home-desk-vitra-homedeskvitra2146\/#primaryimage","url":"https:\/\/pre.oboemuebles.com\/wp-content\/uploads\/2020\/09\/VITRA-HOMEDESK-1.jpg","contentUrl":"https:\/\/pre.oboemuebles.com\/wp-content\/uploads\/2020\/09\/VITRA-HOMEDESK-1.jpg","width":900,"height":900},{"@type":"BreadcrumbList","@id":"https:\/\/pre.oboemuebles.com\/en\/producto\/home-desk-vitra-homedeskvitra2146\/#breadcrumb","itemListElement":[{"@type":"ListItem","position":1,"name":"Portada","item":"https:\/\/pre.oboemuebles.com\/en\/"},{"@type":"ListItem","position":2,"name":"default shop","item":"https:\/\/pre.oboemuebles.com\/shop\/default-shop\/"},{"@type":"ListItem","position":3,"name":"HOME DESK"}]},{"@type":"WebSite","@id":"https:\/\/pre.oboemuebles.com\/en\/#website","url":"https:\/\/pre.oboemuebles.com\/en\/","name":"OBOE - Furniture store and designer kitchens in Malaga and Marbella","description":"Modern furniture, high quality kitchens and decoration in Malaga and Marbella","potentialAction":[{"@type":"SearchAction","target":{"@type":"EntryPoint","urlTemplate":"https:\/\/pre.oboemuebles.com\/en\/?s={search_term_string}"},"query-input":"required name=search_term_string"}],"inLanguage":"en-US"}]}},"brands":[{"id":2146,"name":"Vitra","slug":"vitra"}],"_links":{"self":[{"href":"https:\/\/pre.oboemuebles.com\/en\/wp-json\/wp\/v2\/product\/93474"}],"collection":[{"href":"https:\/\/pre.oboemuebles.com\/en\/wp-json\/wp\/v2\/product"}],"about":[{"href":"https:\/\/pre.oboemuebles.com\/en\/wp-json\/wp\/v2\/types\/product"}],"wp:featuredmedia":[{"embeddable":true,"href":"https:\/\/pre.oboemuebles.com\/en\/wp-json\/wp\/v2\/media\/82816"}],"wp:attachment":[{"href":"https:\/\/pre.oboemuebles.com\/en\/wp-json\/wp\/v2\/media?parent=93474"}],"wp:term":[{"taxonomy":"pwb-brand","embeddable":true,"href":"https:\/\/pre.oboemuebles.com\/en\/wp-json\/wp\/v2\/pwb-brand?post=93474"},{"taxonomy":"product_cat","embeddable":true,"href":"https:\/\/pre.oboemuebles.com\/en\/wp-json\/wp\/v2\/product_cat?post=93474"},{"taxonomy":"product_tag","embeddable":true,"href":"https:\/\/pre.oboemuebles.com\/en\/wp-json\/wp\/v2\/product_tag?post=93474"}],"curies":[{"name":"wp","href":"https:\/\/api.w.org\/{rel}","templated":true}]}}