{"id":93475,"date":"2020-09-15T09:30:53","date_gmt":"2020-09-15T09:30:53","guid":{"rendered":"https:\/\/oboemuebles.com\/muebles-diseno-decoracion-malaga-marbella\/heartcone-vitra-heartconevitra2145\/"},"modified":"2023-03-21T09:36:26","modified_gmt":"2023-03-21T09:36:26","slug":"heartcone-vitra-heartconevitra2145","status":"publish","type":"product","link":"https:\/\/pre.oboemuebles.com\/en\/producto\/heartcone-vitra-heartconevitra2145\/","title":{"rendered":"HEARTCONE"},"content":{"rendered":"<p>Verner Panton&#8217;s Heart Cone Chair takes its name from the expressive heart-shaped silhouette of its seat shell. Designed by Verner Panton in the late 1950s, the chair combines a comfortably padded seat with an elegant and understated satin stainless steel base.<\/p>\n","protected":false},"excerpt":{"rendered":"<p>Verner Panton greatly influenced design developments in the 1960s and 1970s. After moving to Switzerland in the early 1960s, the Danish designer became known for his inventions and innovative ideas for furniture, lighting, and textiles. The masterful use of color was one of the characteristic features of his work.<\/p>\n","protected":false},"featured_media":82810,"template":"","meta":{"content-type":""},"pwb-brand":[2146],"product_cat":[1295,1271,1286,1285],"product_tag":[1383],"acf":[],"yoast_head":"<!-- This site is optimized with the Yoast SEO plugin v23.0 - https:\/\/yoast.com\/wordpress\/plugins\/seo\/ -->\n<title>HEARTCONE by Vitra<\/title>\n<meta name=\"description\" content=\"Verner Panton tuvo una gran influencia en la evoluci\u00f3n del dise\u00f1o de los a\u00f1os sesenta y setenta. Tras marchar a Suiza a principio de los a\u00f1o\u2026\" \/>\n<meta name=\"robots\" content=\"noindex, follow, max-snippet:-1, max-image-preview:large, max-video-preview:-1\" \/>\n<meta property=\"og:locale\" content=\"en_US\" \/>\n<meta property=\"og:type\" content=\"article\" \/>\n<meta property=\"og:title\" content=\"HEARTCONE by Vitra\" \/>\n<meta property=\"og:description\" content=\"Verner Panton tuvo una gran influencia en la evoluci\u00f3n del dise\u00f1o de los a\u00f1os sesenta y setenta. Tras marchar a Suiza a principio de los a\u00f1o\u2026\" \/>\n<meta property=\"og:url\" content=\"https:\/\/pre.oboemuebles.com\/en\/producto\/heartcone-vitra-heartconevitra2145\/\" \/>\n<meta property=\"og:site_name\" content=\"OBOE - Furniture store and designer kitchens in Malaga and Marbella\" \/>\n<meta property=\"article:modified_time\" content=\"2023-03-21T09:36:26+00:00\" \/>\n<meta property=\"og:image\" content=\"https:\/\/pre.oboemuebles.com\/wp-content\/uploads\/2020\/09\/VITRA-HEARTCONE-1.jpg\" \/>\n\t<meta property=\"og:image:width\" content=\"900\" \/>\n\t<meta property=\"og:image:height\" content=\"900\" \/>\n\t<meta property=\"og:image:type\" content=\"image\/jpeg\" \/>\n<meta name=\"twitter:card\" content=\"summary_large_image\" \/>\n<script type=\"application\/ld+json\" class=\"yoast-schema-graph\">{\"@context\":\"https:\/\/schema.org\",\"@graph\":[{\"@type\":\"WebPage\",\"@id\":\"https:\/\/pre.oboemuebles.com\/en\/producto\/heartcone-vitra-heartconevitra2145\/\",\"url\":\"https:\/\/pre.oboemuebles.com\/en\/producto\/heartcone-vitra-heartconevitra2145\/\",\"name\":\"HEARTCONE by Vitra\",\"isPartOf\":{\"@id\":\"https:\/\/pre.oboemuebles.com\/en\/#website\"},\"primaryImageOfPage\":{\"@id\":\"https:\/\/pre.oboemuebles.com\/en\/producto\/heartcone-vitra-heartconevitra2145\/#primaryimage\"},\"image\":{\"@id\":\"https:\/\/pre.oboemuebles.com\/en\/producto\/heartcone-vitra-heartconevitra2145\/#primaryimage\"},\"thumbnailUrl\":\"https:\/\/pre.oboemuebles.com\/wp-content\/uploads\/2020\/09\/VITRA-HEARTCONE-1.jpg\",\"datePublished\":\"2020-09-15T09:30:53+00:00\",\"dateModified\":\"2023-03-21T09:36:26+00:00\",\"description\":\"Verner Panton tuvo una gran influencia en la evoluci\u00f3n del dise\u00f1o de los a\u00f1os sesenta y setenta. Tras marchar a Suiza a principio de los a\u00f1o\u2026\",\"breadcrumb\":{\"@id\":\"https:\/\/pre.oboemuebles.com\/en\/producto\/heartcone-vitra-heartconevitra2145\/#breadcrumb\"},\"inLanguage\":\"en-US\",\"potentialAction\":[{\"@type\":\"ReadAction\",\"target\":[\"https:\/\/pre.oboemuebles.com\/en\/producto\/heartcone-vitra-heartconevitra2145\/\"]}]},{\"@type\":\"ImageObject\",\"inLanguage\":\"en-US\",\"@id\":\"https:\/\/pre.oboemuebles.com\/en\/producto\/heartcone-vitra-heartconevitra2145\/#primaryimage\",\"url\":\"https:\/\/pre.oboemuebles.com\/wp-content\/uploads\/2020\/09\/VITRA-HEARTCONE-1.jpg\",\"contentUrl\":\"https:\/\/pre.oboemuebles.com\/wp-content\/uploads\/2020\/09\/VITRA-HEARTCONE-1.jpg\",\"width\":900,\"height\":900},{\"@type\":\"BreadcrumbList\",\"@id\":\"https:\/\/pre.oboemuebles.com\/en\/producto\/heartcone-vitra-heartconevitra2145\/#breadcrumb\",\"itemListElement\":[{\"@type\":\"ListItem\",\"position\":1,\"name\":\"Portada\",\"item\":\"https:\/\/pre.oboemuebles.com\/en\/\"},{\"@type\":\"ListItem\",\"position\":2,\"name\":\"default shop\",\"item\":\"https:\/\/pre.oboemuebles.com\/shop\/default-shop\/\"},{\"@type\":\"ListItem\",\"position\":3,\"name\":\"HEARTCONE\"}]},{\"@type\":\"WebSite\",\"@id\":\"https:\/\/pre.oboemuebles.com\/en\/#website\",\"url\":\"https:\/\/pre.oboemuebles.com\/en\/\",\"name\":\"OBOE - Furniture store and designer kitchens in Malaga and Marbella\",\"description\":\"Modern furniture, high quality kitchens and decoration in Malaga and Marbella\",\"potentialAction\":[{\"@type\":\"SearchAction\",\"target\":{\"@type\":\"EntryPoint\",\"urlTemplate\":\"https:\/\/pre.oboemuebles.com\/en\/?s={search_term_string}\"},\"query-input\":\"required name=search_term_string\"}],\"inLanguage\":\"en-US\"}]}<\/script>\n<!-- \/ Yoast SEO plugin. -->","yoast_head_json":{"title":"HEARTCONE by Vitra","description":"Verner Panton tuvo una gran influencia en la evoluci\u00f3n del dise\u00f1o de los a\u00f1os sesenta y setenta. Tras marchar a Suiza a principio de los a\u00f1o\u2026","robots":{"index":"noindex","follow":"follow","max-snippet":"max-snippet:-1","max-image-preview":"max-image-preview:large","max-video-preview":"max-video-preview:-1"},"og_locale":"en_US","og_type":"article","og_title":"HEARTCONE by Vitra","og_description":"Verner Panton tuvo una gran influencia en la evoluci\u00f3n del dise\u00f1o de los a\u00f1os sesenta y setenta. Tras marchar a Suiza a principio de los a\u00f1o\u2026","og_url":"https:\/\/pre.oboemuebles.com\/en\/producto\/heartcone-vitra-heartconevitra2145\/","og_site_name":"OBOE - Furniture store and designer kitchens in Malaga and Marbella","article_modified_time":"2023-03-21T09:36:26+00:00","og_image":[{"width":900,"height":900,"url":"https:\/\/pre.oboemuebles.com\/wp-content\/uploads\/2020\/09\/VITRA-HEARTCONE-1.jpg","type":"image\/jpeg"}],"twitter_card":"summary_large_image","schema":{"@context":"https:\/\/schema.org","@graph":[{"@type":"WebPage","@id":"https:\/\/pre.oboemuebles.com\/en\/producto\/heartcone-vitra-heartconevitra2145\/","url":"https:\/\/pre.oboemuebles.com\/en\/producto\/heartcone-vitra-heartconevitra2145\/","name":"HEARTCONE by Vitra","isPartOf":{"@id":"https:\/\/pre.oboemuebles.com\/en\/#website"},"primaryImageOfPage":{"@id":"https:\/\/pre.oboemuebles.com\/en\/producto\/heartcone-vitra-heartconevitra2145\/#primaryimage"},"image":{"@id":"https:\/\/pre.oboemuebles.com\/en\/producto\/heartcone-vitra-heartconevitra2145\/#primaryimage"},"thumbnailUrl":"https:\/\/pre.oboemuebles.com\/wp-content\/uploads\/2020\/09\/VITRA-HEARTCONE-1.jpg","datePublished":"2020-09-15T09:30:53+00:00","dateModified":"2023-03-21T09:36:26+00:00","description":"Verner Panton tuvo una gran influencia en la evoluci\u00f3n del dise\u00f1o de los a\u00f1os sesenta y setenta. Tras marchar a Suiza a principio de los a\u00f1o\u2026","breadcrumb":{"@id":"https:\/\/pre.oboemuebles.com\/en\/producto\/heartcone-vitra-heartconevitra2145\/#breadcrumb"},"inLanguage":"en-US","potentialAction":[{"@type":"ReadAction","target":["https:\/\/pre.oboemuebles.com\/en\/producto\/heartcone-vitra-heartconevitra2145\/"]}]},{"@type":"ImageObject","inLanguage":"en-US","@id":"https:\/\/pre.oboemuebles.com\/en\/producto\/heartcone-vitra-heartconevitra2145\/#primaryimage","url":"https:\/\/pre.oboemuebles.com\/wp-content\/uploads\/2020\/09\/VITRA-HEARTCONE-1.jpg","contentUrl":"https:\/\/pre.oboemuebles.com\/wp-content\/uploads\/2020\/09\/VITRA-HEARTCONE-1.jpg","width":900,"height":900},{"@type":"BreadcrumbList","@id":"https:\/\/pre.oboemuebles.com\/en\/producto\/heartcone-vitra-heartconevitra2145\/#breadcrumb","itemListElement":[{"@type":"ListItem","position":1,"name":"Portada","item":"https:\/\/pre.oboemuebles.com\/en\/"},{"@type":"ListItem","position":2,"name":"default shop","item":"https:\/\/pre.oboemuebles.com\/shop\/default-shop\/"},{"@type":"ListItem","position":3,"name":"HEARTCONE"}]},{"@type":"WebSite","@id":"https:\/\/pre.oboemuebles.com\/en\/#website","url":"https:\/\/pre.oboemuebles.com\/en\/","name":"OBOE - Furniture store and designer kitchens in Malaga and Marbella","description":"Modern furniture, high quality kitchens and decoration in Malaga and Marbella","potentialAction":[{"@type":"SearchAction","target":{"@type":"EntryPoint","urlTemplate":"https:\/\/pre.oboemuebles.com\/en\/?s={search_term_string}"},"query-input":"required name=search_term_string"}],"inLanguage":"en-US"}]}},"brands":[{"id":2146,"name":"Vitra","slug":"vitra"}],"_links":{"self":[{"href":"https:\/\/pre.oboemuebles.com\/en\/wp-json\/wp\/v2\/product\/93475"}],"collection":[{"href":"https:\/\/pre.oboemuebles.com\/en\/wp-json\/wp\/v2\/product"}],"about":[{"href":"https:\/\/pre.oboemuebles.com\/en\/wp-json\/wp\/v2\/types\/product"}],"wp:featuredmedia":[{"embeddable":true,"href":"https:\/\/pre.oboemuebles.com\/en\/wp-json\/wp\/v2\/media\/82810"}],"wp:attachment":[{"href":"https:\/\/pre.oboemuebles.com\/en\/wp-json\/wp\/v2\/media?parent=93475"}],"wp:term":[{"taxonomy":"pwb-brand","embeddable":true,"href":"https:\/\/pre.oboemuebles.com\/en\/wp-json\/wp\/v2\/pwb-brand?post=93475"},{"taxonomy":"product_cat","embeddable":true,"href":"https:\/\/pre.oboemuebles.com\/en\/wp-json\/wp\/v2\/product_cat?post=93475"},{"taxonomy":"product_tag","embeddable":true,"href":"https:\/\/pre.oboemuebles.com\/en\/wp-json\/wp\/v2\/product_tag?post=93475"}],"curies":[{"name":"wp","href":"https:\/\/api.w.org\/{rel}","templated":true}]}}