{"id":93477,"date":"2020-09-15T09:30:50","date_gmt":"2020-09-15T09:30:50","guid":{"rendered":"https:\/\/oboemuebles.com\/muebles-diseno-decoracion-malaga-marbella\/freeform-vitra-freeformvitra2143\/"},"modified":"2023-03-21T09:36:27","modified_gmt":"2023-03-21T09:36:27","slug":"freeform-vitra-freeformvitra2143","status":"publish","type":"product","link":"https:\/\/pre.oboemuebles.com\/en\/producto\/freeform-vitra-freeformvitra2143\/","title":{"rendered":"FREEFORM"},"content":{"rendered":"<p>The sculptural expressiveness of Noguchi&#8217;s work is evident in the Freeform Sofa, a design completely unlike any other of its time. Combined with the Ottoman, it makes up a sculptural ensemble reminiscent of large boulders. Its organic streamlined forms are graceful and flowing. Noguchi enhances the lightness of the elements with fine and comfortable padding for which he chooses fabrics in natural colors. The Freeform Sofa and Ottoman were made around 1950 in a limited series. Today&#8217;s few original pieces that remain from that series fetch sky-high prices at auction. In 2002, the Vitra Design Museum began manufacturing the set as an authentic reissue. The Freeform Sofa is not only suitable for living rooms but also for lobbies, hotels, and shops.<\/p>\n","protected":false},"excerpt":{"rendered":"<p>Materials: Beechwood frame, classic padding, removable upholstery, legs in natural maple or walnut colors.<\/p>\n","protected":false},"featured_media":82764,"template":"","meta":{"content-type":""},"pwb-brand":[2146],"product_cat":[1271,1286,1285,1303],"product_tag":[1385],"acf":[],"yoast_head":"<!-- This site is optimized with the Yoast SEO plugin v23.0 - https:\/\/yoast.com\/wordpress\/plugins\/seo\/ -->\n<title>FREEFORM by Vitra<\/title>\n<meta name=\"description\" content=\"Materiales Bastidor de madera de haya, de acolchado cl\u00e1sico, tapicer\u00eda extra\u00edble, patas de arce natural o colores de nogal FREEFORM de VITR\u2026\" \/>\n<meta name=\"robots\" content=\"noindex, follow, max-snippet:-1, max-image-preview:large, max-video-preview:-1\" \/>\n<meta property=\"og:locale\" content=\"en_US\" \/>\n<meta property=\"og:type\" content=\"article\" \/>\n<meta property=\"og:title\" content=\"FREEFORM by Vitra\" \/>\n<meta property=\"og:description\" content=\"Materiales Bastidor de madera de haya, de acolchado cl\u00e1sico, tapicer\u00eda extra\u00edble, patas de arce natural o colores de nogal FREEFORM de VITR\u2026\" \/>\n<meta property=\"og:url\" content=\"https:\/\/pre.oboemuebles.com\/en\/producto\/freeform-vitra-freeformvitra2143\/\" \/>\n<meta property=\"og:site_name\" content=\"OBOE - Furniture store and designer kitchens in Malaga and Marbella\" \/>\n<meta property=\"article:modified_time\" content=\"2023-03-21T09:36:27+00:00\" \/>\n<meta property=\"og:image\" content=\"https:\/\/pre.oboemuebles.com\/wp-content\/uploads\/2020\/09\/VITRA-FREEFORM-1.jpg\" \/>\n\t<meta property=\"og:image:width\" content=\"900\" \/>\n\t<meta property=\"og:image:height\" content=\"900\" \/>\n\t<meta property=\"og:image:type\" content=\"image\/jpeg\" \/>\n<meta name=\"twitter:card\" content=\"summary_large_image\" \/>\n<meta name=\"twitter:label1\" content=\"Est. reading time\" \/>\n\t<meta name=\"twitter:data1\" content=\"1 minute\" \/>\n<script type=\"application\/ld+json\" class=\"yoast-schema-graph\">{\"@context\":\"https:\/\/schema.org\",\"@graph\":[{\"@type\":\"WebPage\",\"@id\":\"https:\/\/pre.oboemuebles.com\/en\/producto\/freeform-vitra-freeformvitra2143\/\",\"url\":\"https:\/\/pre.oboemuebles.com\/en\/producto\/freeform-vitra-freeformvitra2143\/\",\"name\":\"FREEFORM by Vitra\",\"isPartOf\":{\"@id\":\"https:\/\/pre.oboemuebles.com\/en\/#website\"},\"primaryImageOfPage\":{\"@id\":\"https:\/\/pre.oboemuebles.com\/en\/producto\/freeform-vitra-freeformvitra2143\/#primaryimage\"},\"image\":{\"@id\":\"https:\/\/pre.oboemuebles.com\/en\/producto\/freeform-vitra-freeformvitra2143\/#primaryimage\"},\"thumbnailUrl\":\"https:\/\/pre.oboemuebles.com\/wp-content\/uploads\/2020\/09\/VITRA-FREEFORM-1.jpg\",\"datePublished\":\"2020-09-15T09:30:50+00:00\",\"dateModified\":\"2023-03-21T09:36:27+00:00\",\"description\":\"Materiales Bastidor de madera de haya, de acolchado cl\u00e1sico, tapicer\u00eda extra\u00edble, patas de arce natural o colores de nogal FREEFORM de VITR\u2026\",\"breadcrumb\":{\"@id\":\"https:\/\/pre.oboemuebles.com\/en\/producto\/freeform-vitra-freeformvitra2143\/#breadcrumb\"},\"inLanguage\":\"en-US\",\"potentialAction\":[{\"@type\":\"ReadAction\",\"target\":[\"https:\/\/pre.oboemuebles.com\/en\/producto\/freeform-vitra-freeformvitra2143\/\"]}]},{\"@type\":\"ImageObject\",\"inLanguage\":\"en-US\",\"@id\":\"https:\/\/pre.oboemuebles.com\/en\/producto\/freeform-vitra-freeformvitra2143\/#primaryimage\",\"url\":\"https:\/\/pre.oboemuebles.com\/wp-content\/uploads\/2020\/09\/VITRA-FREEFORM-1.jpg\",\"contentUrl\":\"https:\/\/pre.oboemuebles.com\/wp-content\/uploads\/2020\/09\/VITRA-FREEFORM-1.jpg\",\"width\":900,\"height\":900},{\"@type\":\"BreadcrumbList\",\"@id\":\"https:\/\/pre.oboemuebles.com\/en\/producto\/freeform-vitra-freeformvitra2143\/#breadcrumb\",\"itemListElement\":[{\"@type\":\"ListItem\",\"position\":1,\"name\":\"Portada\",\"item\":\"https:\/\/pre.oboemuebles.com\/en\/\"},{\"@type\":\"ListItem\",\"position\":2,\"name\":\"default shop\",\"item\":\"https:\/\/pre.oboemuebles.com\/shop\/default-shop\/\"},{\"@type\":\"ListItem\",\"position\":3,\"name\":\"FREEFORM\"}]},{\"@type\":\"WebSite\",\"@id\":\"https:\/\/pre.oboemuebles.com\/en\/#website\",\"url\":\"https:\/\/pre.oboemuebles.com\/en\/\",\"name\":\"OBOE - Furniture store and designer kitchens in Malaga and Marbella\",\"description\":\"Modern furniture, high quality kitchens and decoration in Malaga and Marbella\",\"potentialAction\":[{\"@type\":\"SearchAction\",\"target\":{\"@type\":\"EntryPoint\",\"urlTemplate\":\"https:\/\/pre.oboemuebles.com\/en\/?s={search_term_string}\"},\"query-input\":\"required name=search_term_string\"}],\"inLanguage\":\"en-US\"}]}<\/script>\n<!-- \/ Yoast SEO plugin. -->","yoast_head_json":{"title":"FREEFORM by Vitra","description":"Materiales Bastidor de madera de haya, de acolchado cl\u00e1sico, tapicer\u00eda extra\u00edble, patas de arce natural o colores de nogal FREEFORM de VITR\u2026","robots":{"index":"noindex","follow":"follow","max-snippet":"max-snippet:-1","max-image-preview":"max-image-preview:large","max-video-preview":"max-video-preview:-1"},"og_locale":"en_US","og_type":"article","og_title":"FREEFORM by Vitra","og_description":"Materiales Bastidor de madera de haya, de acolchado cl\u00e1sico, tapicer\u00eda extra\u00edble, patas de arce natural o colores de nogal FREEFORM de VITR\u2026","og_url":"https:\/\/pre.oboemuebles.com\/en\/producto\/freeform-vitra-freeformvitra2143\/","og_site_name":"OBOE - Furniture store and designer kitchens in Malaga and Marbella","article_modified_time":"2023-03-21T09:36:27+00:00","og_image":[{"width":900,"height":900,"url":"https:\/\/pre.oboemuebles.com\/wp-content\/uploads\/2020\/09\/VITRA-FREEFORM-1.jpg","type":"image\/jpeg"}],"twitter_card":"summary_large_image","twitter_misc":{"Est. reading time":"1 minute"},"schema":{"@context":"https:\/\/schema.org","@graph":[{"@type":"WebPage","@id":"https:\/\/pre.oboemuebles.com\/en\/producto\/freeform-vitra-freeformvitra2143\/","url":"https:\/\/pre.oboemuebles.com\/en\/producto\/freeform-vitra-freeformvitra2143\/","name":"FREEFORM by Vitra","isPartOf":{"@id":"https:\/\/pre.oboemuebles.com\/en\/#website"},"primaryImageOfPage":{"@id":"https:\/\/pre.oboemuebles.com\/en\/producto\/freeform-vitra-freeformvitra2143\/#primaryimage"},"image":{"@id":"https:\/\/pre.oboemuebles.com\/en\/producto\/freeform-vitra-freeformvitra2143\/#primaryimage"},"thumbnailUrl":"https:\/\/pre.oboemuebles.com\/wp-content\/uploads\/2020\/09\/VITRA-FREEFORM-1.jpg","datePublished":"2020-09-15T09:30:50+00:00","dateModified":"2023-03-21T09:36:27+00:00","description":"Materiales Bastidor de madera de haya, de acolchado cl\u00e1sico, tapicer\u00eda extra\u00edble, patas de arce natural o colores de nogal FREEFORM de VITR\u2026","breadcrumb":{"@id":"https:\/\/pre.oboemuebles.com\/en\/producto\/freeform-vitra-freeformvitra2143\/#breadcrumb"},"inLanguage":"en-US","potentialAction":[{"@type":"ReadAction","target":["https:\/\/pre.oboemuebles.com\/en\/producto\/freeform-vitra-freeformvitra2143\/"]}]},{"@type":"ImageObject","inLanguage":"en-US","@id":"https:\/\/pre.oboemuebles.com\/en\/producto\/freeform-vitra-freeformvitra2143\/#primaryimage","url":"https:\/\/pre.oboemuebles.com\/wp-content\/uploads\/2020\/09\/VITRA-FREEFORM-1.jpg","contentUrl":"https:\/\/pre.oboemuebles.com\/wp-content\/uploads\/2020\/09\/VITRA-FREEFORM-1.jpg","width":900,"height":900},{"@type":"BreadcrumbList","@id":"https:\/\/pre.oboemuebles.com\/en\/producto\/freeform-vitra-freeformvitra2143\/#breadcrumb","itemListElement":[{"@type":"ListItem","position":1,"name":"Portada","item":"https:\/\/pre.oboemuebles.com\/en\/"},{"@type":"ListItem","position":2,"name":"default shop","item":"https:\/\/pre.oboemuebles.com\/shop\/default-shop\/"},{"@type":"ListItem","position":3,"name":"FREEFORM"}]},{"@type":"WebSite","@id":"https:\/\/pre.oboemuebles.com\/en\/#website","url":"https:\/\/pre.oboemuebles.com\/en\/","name":"OBOE - Furniture store and designer kitchens in Malaga and Marbella","description":"Modern furniture, high quality kitchens and decoration in Malaga and Marbella","potentialAction":[{"@type":"SearchAction","target":{"@type":"EntryPoint","urlTemplate":"https:\/\/pre.oboemuebles.com\/en\/?s={search_term_string}"},"query-input":"required name=search_term_string"}],"inLanguage":"en-US"}]}},"brands":[{"id":2146,"name":"Vitra","slug":"vitra"}],"_links":{"self":[{"href":"https:\/\/pre.oboemuebles.com\/en\/wp-json\/wp\/v2\/product\/93477"}],"collection":[{"href":"https:\/\/pre.oboemuebles.com\/en\/wp-json\/wp\/v2\/product"}],"about":[{"href":"https:\/\/pre.oboemuebles.com\/en\/wp-json\/wp\/v2\/types\/product"}],"wp:featuredmedia":[{"embeddable":true,"href":"https:\/\/pre.oboemuebles.com\/en\/wp-json\/wp\/v2\/media\/82764"}],"wp:attachment":[{"href":"https:\/\/pre.oboemuebles.com\/en\/wp-json\/wp\/v2\/media?parent=93477"}],"wp:term":[{"taxonomy":"pwb-brand","embeddable":true,"href":"https:\/\/pre.oboemuebles.com\/en\/wp-json\/wp\/v2\/pwb-brand?post=93477"},{"taxonomy":"product_cat","embeddable":true,"href":"https:\/\/pre.oboemuebles.com\/en\/wp-json\/wp\/v2\/product_cat?post=93477"},{"taxonomy":"product_tag","embeddable":true,"href":"https:\/\/pre.oboemuebles.com\/en\/wp-json\/wp\/v2\/product_tag?post=93477"}],"curies":[{"name":"wp","href":"https:\/\/api.w.org\/{rel}","templated":true}]}}