{"id":93481,"date":"2020-09-15T09:30:45","date_gmt":"2020-09-15T09:30:45","guid":{"rendered":"https:\/\/oboemuebles.com\/muebles-diseno-decoracion-malaga-marbella\/em-vitra-emvitra2076\/"},"modified":"2023-03-21T09:36:29","modified_gmt":"2023-03-21T09:36:29","slug":"em-vitra-emvitra2076","status":"publish","type":"product","link":"https:\/\/pre.oboemuebles.com\/en\/producto\/em-vitra-emvitra2076\/","title":{"rendered":"EM"},"content":{"rendered":"<p>The aesthetic aspect of Jean Prouv\u00e9&#8217;s EM Table complies with certain structural principles and illustrates the interplay of forces and tensions in its construction. It is offered in various sizes and with top-quality solid wood tops or HPL laminate in multiple colors. The tops are 2000 or 2400mm long and available in oak plywood. Thanks to this wide selection, finding the ideal EM Table for each dining room is possible.<\/p>\n","protected":false},"excerpt":{"rendered":"<p>Designer and engineer Jean Prouv\u00e9 developed the EM Table in the 1950s for his &#8220;Maison Tropicale&#8221; project. Following the &#8220;aesthetics of necessity&#8221; criteria, even the most minor details of this table are determined by its structure. For example, the sloping legs are connected by a crossbar that makes structural forces and stress flow apparent, usually only seen in engineering works.<\/p>\n","protected":false},"featured_media":82716,"template":"","meta":{"content-type":""},"pwb-brand":[2146],"product_cat":[1281,1271,1299],"product_tag":[1359],"acf":[],"yoast_head":"<!-- This site is optimized with the Yoast SEO plugin v23.0 - https:\/\/yoast.com\/wordpress\/plugins\/seo\/ -->\n<title>EM - OBOE - Furniture store and designer kitchens in Malaga and Marbella<\/title>\n<meta name=\"description\" content=\"El dise\u00f1ador e ingeniero Jean Prouv\u00e9 desarroll\u00f3 la EM Table en la d\u00e9cada de 1950 para su proyecto \u00abMaison Tropicale\u00bb. Siguiendo los criterio\u2026\" \/>\n<meta name=\"robots\" content=\"noindex, follow, max-snippet:-1, max-image-preview:large, max-video-preview:-1\" \/>\n<meta property=\"og:locale\" content=\"en_US\" \/>\n<meta property=\"og:type\" content=\"article\" \/>\n<meta property=\"og:title\" content=\"EM - OBOE - Furniture store and designer kitchens in Malaga and Marbella\" \/>\n<meta property=\"og:description\" content=\"El dise\u00f1ador e ingeniero Jean Prouv\u00e9 desarroll\u00f3 la EM Table en la d\u00e9cada de 1950 para su proyecto \u00abMaison Tropicale\u00bb. Siguiendo los criterio\u2026\" \/>\n<meta property=\"og:url\" content=\"https:\/\/pre.oboemuebles.com\/en\/producto\/em-vitra-emvitra2076\/\" \/>\n<meta property=\"og:site_name\" content=\"OBOE - Furniture store and designer kitchens in Malaga and Marbella\" \/>\n<meta property=\"article:modified_time\" content=\"2023-03-21T09:36:29+00:00\" \/>\n<meta property=\"og:image\" content=\"https:\/\/pre.oboemuebles.com\/wp-content\/uploads\/2020\/09\/VITRA-EM-1.jpg\" \/>\n\t<meta property=\"og:image:width\" content=\"900\" \/>\n\t<meta property=\"og:image:height\" content=\"900\" \/>\n\t<meta property=\"og:image:type\" content=\"image\/jpeg\" \/>\n<meta name=\"twitter:card\" content=\"summary_large_image\" \/>\n<script type=\"application\/ld+json\" class=\"yoast-schema-graph\">{\"@context\":\"https:\/\/schema.org\",\"@graph\":[{\"@type\":\"WebPage\",\"@id\":\"https:\/\/pre.oboemuebles.com\/en\/producto\/em-vitra-emvitra2076\/\",\"url\":\"https:\/\/pre.oboemuebles.com\/en\/producto\/em-vitra-emvitra2076\/\",\"name\":\"EM - OBOE - Furniture store and designer kitchens in Malaga and Marbella\",\"isPartOf\":{\"@id\":\"https:\/\/pre.oboemuebles.com\/en\/#website\"},\"primaryImageOfPage\":{\"@id\":\"https:\/\/pre.oboemuebles.com\/en\/producto\/em-vitra-emvitra2076\/#primaryimage\"},\"image\":{\"@id\":\"https:\/\/pre.oboemuebles.com\/en\/producto\/em-vitra-emvitra2076\/#primaryimage\"},\"thumbnailUrl\":\"https:\/\/pre.oboemuebles.com\/wp-content\/uploads\/2020\/09\/VITRA-EM-1.jpg\",\"datePublished\":\"2020-09-15T09:30:45+00:00\",\"dateModified\":\"2023-03-21T09:36:29+00:00\",\"description\":\"El dise\u00f1ador e ingeniero Jean Prouv\u00e9 desarroll\u00f3 la EM Table en la d\u00e9cada de 1950 para su proyecto \u00abMaison Tropicale\u00bb. Siguiendo los criterio\u2026\",\"breadcrumb\":{\"@id\":\"https:\/\/pre.oboemuebles.com\/en\/producto\/em-vitra-emvitra2076\/#breadcrumb\"},\"inLanguage\":\"en-US\",\"potentialAction\":[{\"@type\":\"ReadAction\",\"target\":[\"https:\/\/pre.oboemuebles.com\/en\/producto\/em-vitra-emvitra2076\/\"]}]},{\"@type\":\"ImageObject\",\"inLanguage\":\"en-US\",\"@id\":\"https:\/\/pre.oboemuebles.com\/en\/producto\/em-vitra-emvitra2076\/#primaryimage\",\"url\":\"https:\/\/pre.oboemuebles.com\/wp-content\/uploads\/2020\/09\/VITRA-EM-1.jpg\",\"contentUrl\":\"https:\/\/pre.oboemuebles.com\/wp-content\/uploads\/2020\/09\/VITRA-EM-1.jpg\",\"width\":900,\"height\":900},{\"@type\":\"BreadcrumbList\",\"@id\":\"https:\/\/pre.oboemuebles.com\/en\/producto\/em-vitra-emvitra2076\/#breadcrumb\",\"itemListElement\":[{\"@type\":\"ListItem\",\"position\":1,\"name\":\"Portada\",\"item\":\"https:\/\/pre.oboemuebles.com\/en\/\"},{\"@type\":\"ListItem\",\"position\":2,\"name\":\"default shop\",\"item\":\"https:\/\/pre.oboemuebles.com\/shop\/default-shop\/\"},{\"@type\":\"ListItem\",\"position\":3,\"name\":\"EM\"}]},{\"@type\":\"WebSite\",\"@id\":\"https:\/\/pre.oboemuebles.com\/en\/#website\",\"url\":\"https:\/\/pre.oboemuebles.com\/en\/\",\"name\":\"OBOE - Furniture store and designer kitchens in Malaga and Marbella\",\"description\":\"Modern furniture, high quality kitchens and decoration in Malaga and Marbella\",\"potentialAction\":[{\"@type\":\"SearchAction\",\"target\":{\"@type\":\"EntryPoint\",\"urlTemplate\":\"https:\/\/pre.oboemuebles.com\/en\/?s={search_term_string}\"},\"query-input\":\"required name=search_term_string\"}],\"inLanguage\":\"en-US\"}]}<\/script>\n<!-- \/ Yoast SEO plugin. -->","yoast_head_json":{"title":"EM - OBOE - Furniture store and designer kitchens in Malaga and Marbella","description":"El dise\u00f1ador e ingeniero Jean Prouv\u00e9 desarroll\u00f3 la EM Table en la d\u00e9cada de 1950 para su proyecto \u00abMaison Tropicale\u00bb. Siguiendo los criterio\u2026","robots":{"index":"noindex","follow":"follow","max-snippet":"max-snippet:-1","max-image-preview":"max-image-preview:large","max-video-preview":"max-video-preview:-1"},"og_locale":"en_US","og_type":"article","og_title":"EM - OBOE - Furniture store and designer kitchens in Malaga and Marbella","og_description":"El dise\u00f1ador e ingeniero Jean Prouv\u00e9 desarroll\u00f3 la EM Table en la d\u00e9cada de 1950 para su proyecto \u00abMaison Tropicale\u00bb. Siguiendo los criterio\u2026","og_url":"https:\/\/pre.oboemuebles.com\/en\/producto\/em-vitra-emvitra2076\/","og_site_name":"OBOE - Furniture store and designer kitchens in Malaga and Marbella","article_modified_time":"2023-03-21T09:36:29+00:00","og_image":[{"width":900,"height":900,"url":"https:\/\/pre.oboemuebles.com\/wp-content\/uploads\/2020\/09\/VITRA-EM-1.jpg","type":"image\/jpeg"}],"twitter_card":"summary_large_image","schema":{"@context":"https:\/\/schema.org","@graph":[{"@type":"WebPage","@id":"https:\/\/pre.oboemuebles.com\/en\/producto\/em-vitra-emvitra2076\/","url":"https:\/\/pre.oboemuebles.com\/en\/producto\/em-vitra-emvitra2076\/","name":"EM - OBOE - Furniture store and designer kitchens in Malaga and Marbella","isPartOf":{"@id":"https:\/\/pre.oboemuebles.com\/en\/#website"},"primaryImageOfPage":{"@id":"https:\/\/pre.oboemuebles.com\/en\/producto\/em-vitra-emvitra2076\/#primaryimage"},"image":{"@id":"https:\/\/pre.oboemuebles.com\/en\/producto\/em-vitra-emvitra2076\/#primaryimage"},"thumbnailUrl":"https:\/\/pre.oboemuebles.com\/wp-content\/uploads\/2020\/09\/VITRA-EM-1.jpg","datePublished":"2020-09-15T09:30:45+00:00","dateModified":"2023-03-21T09:36:29+00:00","description":"El dise\u00f1ador e ingeniero Jean Prouv\u00e9 desarroll\u00f3 la EM Table en la d\u00e9cada de 1950 para su proyecto \u00abMaison Tropicale\u00bb. Siguiendo los criterio\u2026","breadcrumb":{"@id":"https:\/\/pre.oboemuebles.com\/en\/producto\/em-vitra-emvitra2076\/#breadcrumb"},"inLanguage":"en-US","potentialAction":[{"@type":"ReadAction","target":["https:\/\/pre.oboemuebles.com\/en\/producto\/em-vitra-emvitra2076\/"]}]},{"@type":"ImageObject","inLanguage":"en-US","@id":"https:\/\/pre.oboemuebles.com\/en\/producto\/em-vitra-emvitra2076\/#primaryimage","url":"https:\/\/pre.oboemuebles.com\/wp-content\/uploads\/2020\/09\/VITRA-EM-1.jpg","contentUrl":"https:\/\/pre.oboemuebles.com\/wp-content\/uploads\/2020\/09\/VITRA-EM-1.jpg","width":900,"height":900},{"@type":"BreadcrumbList","@id":"https:\/\/pre.oboemuebles.com\/en\/producto\/em-vitra-emvitra2076\/#breadcrumb","itemListElement":[{"@type":"ListItem","position":1,"name":"Portada","item":"https:\/\/pre.oboemuebles.com\/en\/"},{"@type":"ListItem","position":2,"name":"default shop","item":"https:\/\/pre.oboemuebles.com\/shop\/default-shop\/"},{"@type":"ListItem","position":3,"name":"EM"}]},{"@type":"WebSite","@id":"https:\/\/pre.oboemuebles.com\/en\/#website","url":"https:\/\/pre.oboemuebles.com\/en\/","name":"OBOE - Furniture store and designer kitchens in Malaga and Marbella","description":"Modern furniture, high quality kitchens and decoration in Malaga and Marbella","potentialAction":[{"@type":"SearchAction","target":{"@type":"EntryPoint","urlTemplate":"https:\/\/pre.oboemuebles.com\/en\/?s={search_term_string}"},"query-input":"required name=search_term_string"}],"inLanguage":"en-US"}]}},"brands":[{"id":2146,"name":"Vitra","slug":"vitra"}],"_links":{"self":[{"href":"https:\/\/pre.oboemuebles.com\/en\/wp-json\/wp\/v2\/product\/93481"}],"collection":[{"href":"https:\/\/pre.oboemuebles.com\/en\/wp-json\/wp\/v2\/product"}],"about":[{"href":"https:\/\/pre.oboemuebles.com\/en\/wp-json\/wp\/v2\/types\/product"}],"wp:featuredmedia":[{"embeddable":true,"href":"https:\/\/pre.oboemuebles.com\/en\/wp-json\/wp\/v2\/media\/82716"}],"wp:attachment":[{"href":"https:\/\/pre.oboemuebles.com\/en\/wp-json\/wp\/v2\/media?parent=93481"}],"wp:term":[{"taxonomy":"pwb-brand","embeddable":true,"href":"https:\/\/pre.oboemuebles.com\/en\/wp-json\/wp\/v2\/pwb-brand?post=93481"},{"taxonomy":"product_cat","embeddable":true,"href":"https:\/\/pre.oboemuebles.com\/en\/wp-json\/wp\/v2\/product_cat?post=93481"},{"taxonomy":"product_tag","embeddable":true,"href":"https:\/\/pre.oboemuebles.com\/en\/wp-json\/wp\/v2\/product_tag?post=93481"}],"curies":[{"name":"wp","href":"https:\/\/api.w.org\/{rel}","templated":true}]}}