{"id":93490,"date":"2020-09-15T09:30:08","date_gmt":"2020-09-15T09:30:08","guid":{"rendered":"https:\/\/oboemuebles.com\/muebles-diseno-decoracion-malaga-marbella\/coffee-table-vitra-coffeetablevitra2044\/"},"modified":"2023-03-21T09:36:34","modified_gmt":"2023-03-21T09:36:34","slug":"coffee-table-vitra-coffeetablevitra2044","status":"publish","type":"product","link":"https:\/\/pre.oboemuebles.com\/en\/producto\/coffee-table-vitra-coffeetablevitra2044\/","title":{"rendered":"COFFEE TABLE"},"content":{"rendered":"<p>In creating the design for his Coffee Table, Isamu Noguchi extracted the biomorphic aesthetic of his sculptures into a piece of furniture with organic forms. Perhaps this is why Noguchi considers this table his best furniture design. Two pieces of black ash, maple, or walnut wood, placed at right angles, offer stable support to the thick and resistant glass top.<\/p>\n","protected":false},"excerpt":{"rendered":"<p>Isamu Noguchi was born in Los Angeles in 1904, the son of Japanese poet Yone Noguchi and American writer Leonie Gilmour. He studied at Columbia University and the Leonardo da Vinci Art School. He is considered a universal talent whose creative work crossed the borders of sculpture to encompass the creation of sets, furniture, lighting, interiors, and also outdoor plazas and gardens. His sculptural style, indebted to a vocabulary of organic forms, exerted a marked influence on the design of the fifties.<\/p>\n","protected":false},"featured_media":82590,"template":"","meta":{"content-type":""},"pwb-brand":[2146],"product_cat":[1271,1286,1300],"product_tag":[1385],"acf":[],"yoast_head":"<!-- This site is optimized with the Yoast SEO plugin v23.0 - https:\/\/yoast.com\/wordpress\/plugins\/seo\/ -->\n<title>COFFEE TABLE - OBOE - Furniture store and designer kitchens in Malaga and Marbella<\/title>\n<meta name=\"description\" content=\"Isamu Noguchi naci\u00f3 en Los \u00c1ngeles en 1904, hijo del poeta japon\u00e9s Yone Noguchi y de la escritora estadounidense Leonie Gilmour. Estudi\u00f3 en \u2026\" \/>\n<meta name=\"robots\" content=\"noindex, follow, max-snippet:-1, max-image-preview:large, max-video-preview:-1\" \/>\n<meta property=\"og:locale\" content=\"en_US\" \/>\n<meta property=\"og:type\" content=\"article\" \/>\n<meta property=\"og:title\" content=\"COFFEE TABLE - OBOE - Furniture store and designer kitchens in Malaga and Marbella\" \/>\n<meta property=\"og:description\" content=\"Isamu Noguchi naci\u00f3 en Los \u00c1ngeles en 1904, hijo del poeta japon\u00e9s Yone Noguchi y de la escritora estadounidense Leonie Gilmour. Estudi\u00f3 en \u2026\" \/>\n<meta property=\"og:url\" content=\"https:\/\/pre.oboemuebles.com\/en\/producto\/coffee-table-vitra-coffeetablevitra2044\/\" \/>\n<meta property=\"og:site_name\" content=\"OBOE - Furniture store and designer kitchens in Malaga and Marbella\" \/>\n<meta property=\"article:modified_time\" content=\"2023-03-21T09:36:34+00:00\" \/>\n<meta property=\"og:image\" content=\"https:\/\/pre.oboemuebles.com\/wp-content\/uploads\/2020\/09\/VITRA-COFFEETABLE-1.jpg\" \/>\n\t<meta property=\"og:image:width\" content=\"900\" \/>\n\t<meta property=\"og:image:height\" content=\"900\" \/>\n\t<meta property=\"og:image:type\" content=\"image\/jpeg\" \/>\n<meta name=\"twitter:card\" content=\"summary_large_image\" \/>\n<script type=\"application\/ld+json\" class=\"yoast-schema-graph\">{\"@context\":\"https:\/\/schema.org\",\"@graph\":[{\"@type\":\"WebPage\",\"@id\":\"https:\/\/pre.oboemuebles.com\/en\/producto\/coffee-table-vitra-coffeetablevitra2044\/\",\"url\":\"https:\/\/pre.oboemuebles.com\/en\/producto\/coffee-table-vitra-coffeetablevitra2044\/\",\"name\":\"COFFEE TABLE - OBOE - Furniture store and designer kitchens in Malaga and Marbella\",\"isPartOf\":{\"@id\":\"https:\/\/pre.oboemuebles.com\/en\/#website\"},\"primaryImageOfPage\":{\"@id\":\"https:\/\/pre.oboemuebles.com\/en\/producto\/coffee-table-vitra-coffeetablevitra2044\/#primaryimage\"},\"image\":{\"@id\":\"https:\/\/pre.oboemuebles.com\/en\/producto\/coffee-table-vitra-coffeetablevitra2044\/#primaryimage\"},\"thumbnailUrl\":\"https:\/\/pre.oboemuebles.com\/wp-content\/uploads\/2020\/09\/VITRA-COFFEETABLE-1.jpg\",\"datePublished\":\"2020-09-15T09:30:08+00:00\",\"dateModified\":\"2023-03-21T09:36:34+00:00\",\"description\":\"Isamu Noguchi naci\u00f3 en Los \u00c1ngeles en 1904, hijo del poeta japon\u00e9s Yone Noguchi y de la escritora estadounidense Leonie Gilmour. Estudi\u00f3 en \u2026\",\"breadcrumb\":{\"@id\":\"https:\/\/pre.oboemuebles.com\/en\/producto\/coffee-table-vitra-coffeetablevitra2044\/#breadcrumb\"},\"inLanguage\":\"en-US\",\"potentialAction\":[{\"@type\":\"ReadAction\",\"target\":[\"https:\/\/pre.oboemuebles.com\/en\/producto\/coffee-table-vitra-coffeetablevitra2044\/\"]}]},{\"@type\":\"ImageObject\",\"inLanguage\":\"en-US\",\"@id\":\"https:\/\/pre.oboemuebles.com\/en\/producto\/coffee-table-vitra-coffeetablevitra2044\/#primaryimage\",\"url\":\"https:\/\/pre.oboemuebles.com\/wp-content\/uploads\/2020\/09\/VITRA-COFFEETABLE-1.jpg\",\"contentUrl\":\"https:\/\/pre.oboemuebles.com\/wp-content\/uploads\/2020\/09\/VITRA-COFFEETABLE-1.jpg\",\"width\":900,\"height\":900},{\"@type\":\"BreadcrumbList\",\"@id\":\"https:\/\/pre.oboemuebles.com\/en\/producto\/coffee-table-vitra-coffeetablevitra2044\/#breadcrumb\",\"itemListElement\":[{\"@type\":\"ListItem\",\"position\":1,\"name\":\"Portada\",\"item\":\"https:\/\/pre.oboemuebles.com\/en\/\"},{\"@type\":\"ListItem\",\"position\":2,\"name\":\"default shop\",\"item\":\"https:\/\/pre.oboemuebles.com\/shop\/default-shop\/\"},{\"@type\":\"ListItem\",\"position\":3,\"name\":\"COFFEE TABLE\"}]},{\"@type\":\"WebSite\",\"@id\":\"https:\/\/pre.oboemuebles.com\/en\/#website\",\"url\":\"https:\/\/pre.oboemuebles.com\/en\/\",\"name\":\"OBOE - Furniture store and designer kitchens in Malaga and Marbella\",\"description\":\"Modern furniture, high quality kitchens and decoration in Malaga and Marbella\",\"potentialAction\":[{\"@type\":\"SearchAction\",\"target\":{\"@type\":\"EntryPoint\",\"urlTemplate\":\"https:\/\/pre.oboemuebles.com\/en\/?s={search_term_string}\"},\"query-input\":\"required name=search_term_string\"}],\"inLanguage\":\"en-US\"}]}<\/script>\n<!-- \/ Yoast SEO plugin. -->","yoast_head_json":{"title":"COFFEE TABLE - OBOE - Furniture store and designer kitchens in Malaga and Marbella","description":"Isamu Noguchi naci\u00f3 en Los \u00c1ngeles en 1904, hijo del poeta japon\u00e9s Yone Noguchi y de la escritora estadounidense Leonie Gilmour. Estudi\u00f3 en \u2026","robots":{"index":"noindex","follow":"follow","max-snippet":"max-snippet:-1","max-image-preview":"max-image-preview:large","max-video-preview":"max-video-preview:-1"},"og_locale":"en_US","og_type":"article","og_title":"COFFEE TABLE - OBOE - Furniture store and designer kitchens in Malaga and Marbella","og_description":"Isamu Noguchi naci\u00f3 en Los \u00c1ngeles en 1904, hijo del poeta japon\u00e9s Yone Noguchi y de la escritora estadounidense Leonie Gilmour. Estudi\u00f3 en \u2026","og_url":"https:\/\/pre.oboemuebles.com\/en\/producto\/coffee-table-vitra-coffeetablevitra2044\/","og_site_name":"OBOE - Furniture store and designer kitchens in Malaga and Marbella","article_modified_time":"2023-03-21T09:36:34+00:00","og_image":[{"width":900,"height":900,"url":"https:\/\/pre.oboemuebles.com\/wp-content\/uploads\/2020\/09\/VITRA-COFFEETABLE-1.jpg","type":"image\/jpeg"}],"twitter_card":"summary_large_image","schema":{"@context":"https:\/\/schema.org","@graph":[{"@type":"WebPage","@id":"https:\/\/pre.oboemuebles.com\/en\/producto\/coffee-table-vitra-coffeetablevitra2044\/","url":"https:\/\/pre.oboemuebles.com\/en\/producto\/coffee-table-vitra-coffeetablevitra2044\/","name":"COFFEE TABLE - OBOE - Furniture store and designer kitchens in Malaga and Marbella","isPartOf":{"@id":"https:\/\/pre.oboemuebles.com\/en\/#website"},"primaryImageOfPage":{"@id":"https:\/\/pre.oboemuebles.com\/en\/producto\/coffee-table-vitra-coffeetablevitra2044\/#primaryimage"},"image":{"@id":"https:\/\/pre.oboemuebles.com\/en\/producto\/coffee-table-vitra-coffeetablevitra2044\/#primaryimage"},"thumbnailUrl":"https:\/\/pre.oboemuebles.com\/wp-content\/uploads\/2020\/09\/VITRA-COFFEETABLE-1.jpg","datePublished":"2020-09-15T09:30:08+00:00","dateModified":"2023-03-21T09:36:34+00:00","description":"Isamu Noguchi naci\u00f3 en Los \u00c1ngeles en 1904, hijo del poeta japon\u00e9s Yone Noguchi y de la escritora estadounidense Leonie Gilmour. Estudi\u00f3 en \u2026","breadcrumb":{"@id":"https:\/\/pre.oboemuebles.com\/en\/producto\/coffee-table-vitra-coffeetablevitra2044\/#breadcrumb"},"inLanguage":"en-US","potentialAction":[{"@type":"ReadAction","target":["https:\/\/pre.oboemuebles.com\/en\/producto\/coffee-table-vitra-coffeetablevitra2044\/"]}]},{"@type":"ImageObject","inLanguage":"en-US","@id":"https:\/\/pre.oboemuebles.com\/en\/producto\/coffee-table-vitra-coffeetablevitra2044\/#primaryimage","url":"https:\/\/pre.oboemuebles.com\/wp-content\/uploads\/2020\/09\/VITRA-COFFEETABLE-1.jpg","contentUrl":"https:\/\/pre.oboemuebles.com\/wp-content\/uploads\/2020\/09\/VITRA-COFFEETABLE-1.jpg","width":900,"height":900},{"@type":"BreadcrumbList","@id":"https:\/\/pre.oboemuebles.com\/en\/producto\/coffee-table-vitra-coffeetablevitra2044\/#breadcrumb","itemListElement":[{"@type":"ListItem","position":1,"name":"Portada","item":"https:\/\/pre.oboemuebles.com\/en\/"},{"@type":"ListItem","position":2,"name":"default shop","item":"https:\/\/pre.oboemuebles.com\/shop\/default-shop\/"},{"@type":"ListItem","position":3,"name":"COFFEE TABLE"}]},{"@type":"WebSite","@id":"https:\/\/pre.oboemuebles.com\/en\/#website","url":"https:\/\/pre.oboemuebles.com\/en\/","name":"OBOE - Furniture store and designer kitchens in Malaga and Marbella","description":"Modern furniture, high quality kitchens and decoration in Malaga and Marbella","potentialAction":[{"@type":"SearchAction","target":{"@type":"EntryPoint","urlTemplate":"https:\/\/pre.oboemuebles.com\/en\/?s={search_term_string}"},"query-input":"required name=search_term_string"}],"inLanguage":"en-US"}]}},"brands":[{"id":2146,"name":"Vitra","slug":"vitra"}],"_links":{"self":[{"href":"https:\/\/pre.oboemuebles.com\/en\/wp-json\/wp\/v2\/product\/93490"}],"collection":[{"href":"https:\/\/pre.oboemuebles.com\/en\/wp-json\/wp\/v2\/product"}],"about":[{"href":"https:\/\/pre.oboemuebles.com\/en\/wp-json\/wp\/v2\/types\/product"}],"wp:featuredmedia":[{"embeddable":true,"href":"https:\/\/pre.oboemuebles.com\/en\/wp-json\/wp\/v2\/media\/82590"}],"wp:attachment":[{"href":"https:\/\/pre.oboemuebles.com\/en\/wp-json\/wp\/v2\/media?parent=93490"}],"wp:term":[{"taxonomy":"pwb-brand","embeddable":true,"href":"https:\/\/pre.oboemuebles.com\/en\/wp-json\/wp\/v2\/pwb-brand?post=93490"},{"taxonomy":"product_cat","embeddable":true,"href":"https:\/\/pre.oboemuebles.com\/en\/wp-json\/wp\/v2\/product_cat?post=93490"},{"taxonomy":"product_tag","embeddable":true,"href":"https:\/\/pre.oboemuebles.com\/en\/wp-json\/wp\/v2\/product_tag?post=93490"}],"curies":[{"name":"wp","href":"https:\/\/api.w.org\/{rel}","templated":true}]}}