{"id":93508,"date":"2020-09-15T09:29:36","date_gmt":"2020-09-15T09:29:36","guid":{"rendered":"https:\/\/oboemuebles.com\/muebles-diseno-decoracion-malaga-marbella\/eye-clock-vitra-eyeclockvitra214\/"},"modified":"2023-03-21T09:36:42","modified_gmt":"2023-03-21T09:36:42","slug":"eye-clock-vitra-eyeclockvitra214","status":"publish","type":"product","link":"https:\/\/pre.oboemuebles.com\/en\/producto\/eye-clock-vitra-eyeclockvitra214\/","title":{"rendered":"EYE CLOCK"},"content":{"rendered":"<p>In a wide variety of materials and sculptural forms, George Nelson&#8217;s watches represent the mood of society in the early 1950s. Today, their mantel clocks remain a refreshing alternative to conventional clocks. As a result, the Vitra Design Museum is once again putting up for sale a reissue of these sought-after collector&#8217;s designs, faithful to the original.<\/p>\n","protected":false},"excerpt":{"rendered":"<p>In 1947, American designer George Nelson was commissioned to create a watch collection. After studying how people used clocks, Nelson concluded that the time could be read from the relative position of the hands, making it possible to dispense with numbers. Also, since most people used wristwatches, he assumed that wall clocks had become decorative elements of interiors.<\/p>\n<p>These ideas formed the basis of his first 14-piece collection, which featured wall clocks and small mantel clocks in an entirely new style, introduced to the market in 1949. Although all models shared a standard feature, the absence of numbers, and the diversity of shapes, colors, materials, and designs could not be better.<\/p>\n","protected":false},"featured_media":82746,"template":"","meta":{"content-type":""},"pwb-brand":[2146],"product_cat":[1103,1277,1274,1275],"product_tag":[1381],"acf":[],"yoast_head":"<!-- This site is optimized with the Yoast SEO plugin v23.0 - https:\/\/yoast.com\/wordpress\/plugins\/seo\/ -->\n<title>EYE CLOCK by VITRA<\/title>\n<meta name=\"description\" content=\"En 1947, el dise\u00f1ador americano George Nelson recibi\u00f3 el encargo de crear una colecci\u00f3n de relojes. Despu\u00e9s de estudiar la forma en que la g\u2026\" \/>\n<meta name=\"robots\" content=\"noindex, follow, max-snippet:-1, max-image-preview:large, max-video-preview:-1\" \/>\n<meta property=\"og:locale\" content=\"en_US\" \/>\n<meta property=\"og:type\" content=\"article\" \/>\n<meta property=\"og:title\" content=\"EYE CLOCK by VITRA\" \/>\n<meta property=\"og:description\" content=\"En 1947, el dise\u00f1ador americano George Nelson recibi\u00f3 el encargo de crear una colecci\u00f3n de relojes. Despu\u00e9s de estudiar la forma en que la g\u2026\" \/>\n<meta property=\"og:url\" content=\"https:\/\/pre.oboemuebles.com\/en\/producto\/eye-clock-vitra-eyeclockvitra214\/\" \/>\n<meta property=\"og:site_name\" content=\"OBOE - Furniture store and designer kitchens in Malaga and Marbella\" \/>\n<meta property=\"article:modified_time\" content=\"2023-03-21T09:36:42+00:00\" \/>\n<meta property=\"og:image\" content=\"https:\/\/pre.oboemuebles.com\/wp-content\/uploads\/2020\/09\/VITRA-EYECLOCK-1.jpg\" \/>\n\t<meta property=\"og:image:width\" content=\"900\" \/>\n\t<meta property=\"og:image:height\" content=\"900\" \/>\n\t<meta property=\"og:image:type\" content=\"image\/jpeg\" \/>\n<meta name=\"twitter:card\" content=\"summary_large_image\" \/>\n<meta name=\"twitter:label1\" content=\"Est. reading time\" \/>\n\t<meta name=\"twitter:data1\" content=\"1 minute\" \/>\n<script type=\"application\/ld+json\" class=\"yoast-schema-graph\">{\"@context\":\"https:\/\/schema.org\",\"@graph\":[{\"@type\":\"WebPage\",\"@id\":\"https:\/\/pre.oboemuebles.com\/en\/producto\/eye-clock-vitra-eyeclockvitra214\/\",\"url\":\"https:\/\/pre.oboemuebles.com\/en\/producto\/eye-clock-vitra-eyeclockvitra214\/\",\"name\":\"EYE CLOCK by VITRA\",\"isPartOf\":{\"@id\":\"https:\/\/pre.oboemuebles.com\/en\/#website\"},\"primaryImageOfPage\":{\"@id\":\"https:\/\/pre.oboemuebles.com\/en\/producto\/eye-clock-vitra-eyeclockvitra214\/#primaryimage\"},\"image\":{\"@id\":\"https:\/\/pre.oboemuebles.com\/en\/producto\/eye-clock-vitra-eyeclockvitra214\/#primaryimage\"},\"thumbnailUrl\":\"https:\/\/pre.oboemuebles.com\/wp-content\/uploads\/2020\/09\/VITRA-EYECLOCK-1.jpg\",\"datePublished\":\"2020-09-15T09:29:36+00:00\",\"dateModified\":\"2023-03-21T09:36:42+00:00\",\"description\":\"En 1947, el dise\u00f1ador americano George Nelson recibi\u00f3 el encargo de crear una colecci\u00f3n de relojes. Despu\u00e9s de estudiar la forma en que la g\u2026\",\"breadcrumb\":{\"@id\":\"https:\/\/pre.oboemuebles.com\/en\/producto\/eye-clock-vitra-eyeclockvitra214\/#breadcrumb\"},\"inLanguage\":\"en-US\",\"potentialAction\":[{\"@type\":\"ReadAction\",\"target\":[\"https:\/\/pre.oboemuebles.com\/en\/producto\/eye-clock-vitra-eyeclockvitra214\/\"]}]},{\"@type\":\"ImageObject\",\"inLanguage\":\"en-US\",\"@id\":\"https:\/\/pre.oboemuebles.com\/en\/producto\/eye-clock-vitra-eyeclockvitra214\/#primaryimage\",\"url\":\"https:\/\/pre.oboemuebles.com\/wp-content\/uploads\/2020\/09\/VITRA-EYECLOCK-1.jpg\",\"contentUrl\":\"https:\/\/pre.oboemuebles.com\/wp-content\/uploads\/2020\/09\/VITRA-EYECLOCK-1.jpg\",\"width\":900,\"height\":900},{\"@type\":\"BreadcrumbList\",\"@id\":\"https:\/\/pre.oboemuebles.com\/en\/producto\/eye-clock-vitra-eyeclockvitra214\/#breadcrumb\",\"itemListElement\":[{\"@type\":\"ListItem\",\"position\":1,\"name\":\"Portada\",\"item\":\"https:\/\/pre.oboemuebles.com\/en\/\"},{\"@type\":\"ListItem\",\"position\":2,\"name\":\"default shop\",\"item\":\"https:\/\/pre.oboemuebles.com\/shop\/default-shop\/\"},{\"@type\":\"ListItem\",\"position\":3,\"name\":\"EYE CLOCK\"}]},{\"@type\":\"WebSite\",\"@id\":\"https:\/\/pre.oboemuebles.com\/en\/#website\",\"url\":\"https:\/\/pre.oboemuebles.com\/en\/\",\"name\":\"OBOE - Furniture store and designer kitchens in Malaga and Marbella\",\"description\":\"Modern furniture, high quality kitchens and decoration in Malaga and Marbella\",\"potentialAction\":[{\"@type\":\"SearchAction\",\"target\":{\"@type\":\"EntryPoint\",\"urlTemplate\":\"https:\/\/pre.oboemuebles.com\/en\/?s={search_term_string}\"},\"query-input\":\"required name=search_term_string\"}],\"inLanguage\":\"en-US\"}]}<\/script>\n<!-- \/ Yoast SEO plugin. -->","yoast_head_json":{"title":"EYE CLOCK by VITRA","description":"En 1947, el dise\u00f1ador americano George Nelson recibi\u00f3 el encargo de crear una colecci\u00f3n de relojes. Despu\u00e9s de estudiar la forma en que la g\u2026","robots":{"index":"noindex","follow":"follow","max-snippet":"max-snippet:-1","max-image-preview":"max-image-preview:large","max-video-preview":"max-video-preview:-1"},"og_locale":"en_US","og_type":"article","og_title":"EYE CLOCK by VITRA","og_description":"En 1947, el dise\u00f1ador americano George Nelson recibi\u00f3 el encargo de crear una colecci\u00f3n de relojes. Despu\u00e9s de estudiar la forma en que la g\u2026","og_url":"https:\/\/pre.oboemuebles.com\/en\/producto\/eye-clock-vitra-eyeclockvitra214\/","og_site_name":"OBOE - Furniture store and designer kitchens in Malaga and Marbella","article_modified_time":"2023-03-21T09:36:42+00:00","og_image":[{"width":900,"height":900,"url":"https:\/\/pre.oboemuebles.com\/wp-content\/uploads\/2020\/09\/VITRA-EYECLOCK-1.jpg","type":"image\/jpeg"}],"twitter_card":"summary_large_image","twitter_misc":{"Est. reading time":"1 minute"},"schema":{"@context":"https:\/\/schema.org","@graph":[{"@type":"WebPage","@id":"https:\/\/pre.oboemuebles.com\/en\/producto\/eye-clock-vitra-eyeclockvitra214\/","url":"https:\/\/pre.oboemuebles.com\/en\/producto\/eye-clock-vitra-eyeclockvitra214\/","name":"EYE CLOCK by VITRA","isPartOf":{"@id":"https:\/\/pre.oboemuebles.com\/en\/#website"},"primaryImageOfPage":{"@id":"https:\/\/pre.oboemuebles.com\/en\/producto\/eye-clock-vitra-eyeclockvitra214\/#primaryimage"},"image":{"@id":"https:\/\/pre.oboemuebles.com\/en\/producto\/eye-clock-vitra-eyeclockvitra214\/#primaryimage"},"thumbnailUrl":"https:\/\/pre.oboemuebles.com\/wp-content\/uploads\/2020\/09\/VITRA-EYECLOCK-1.jpg","datePublished":"2020-09-15T09:29:36+00:00","dateModified":"2023-03-21T09:36:42+00:00","description":"En 1947, el dise\u00f1ador americano George Nelson recibi\u00f3 el encargo de crear una colecci\u00f3n de relojes. Despu\u00e9s de estudiar la forma en que la g\u2026","breadcrumb":{"@id":"https:\/\/pre.oboemuebles.com\/en\/producto\/eye-clock-vitra-eyeclockvitra214\/#breadcrumb"},"inLanguage":"en-US","potentialAction":[{"@type":"ReadAction","target":["https:\/\/pre.oboemuebles.com\/en\/producto\/eye-clock-vitra-eyeclockvitra214\/"]}]},{"@type":"ImageObject","inLanguage":"en-US","@id":"https:\/\/pre.oboemuebles.com\/en\/producto\/eye-clock-vitra-eyeclockvitra214\/#primaryimage","url":"https:\/\/pre.oboemuebles.com\/wp-content\/uploads\/2020\/09\/VITRA-EYECLOCK-1.jpg","contentUrl":"https:\/\/pre.oboemuebles.com\/wp-content\/uploads\/2020\/09\/VITRA-EYECLOCK-1.jpg","width":900,"height":900},{"@type":"BreadcrumbList","@id":"https:\/\/pre.oboemuebles.com\/en\/producto\/eye-clock-vitra-eyeclockvitra214\/#breadcrumb","itemListElement":[{"@type":"ListItem","position":1,"name":"Portada","item":"https:\/\/pre.oboemuebles.com\/en\/"},{"@type":"ListItem","position":2,"name":"default shop","item":"https:\/\/pre.oboemuebles.com\/shop\/default-shop\/"},{"@type":"ListItem","position":3,"name":"EYE CLOCK"}]},{"@type":"WebSite","@id":"https:\/\/pre.oboemuebles.com\/en\/#website","url":"https:\/\/pre.oboemuebles.com\/en\/","name":"OBOE - Furniture store and designer kitchens in Malaga and Marbella","description":"Modern furniture, high quality kitchens and decoration in Malaga and Marbella","potentialAction":[{"@type":"SearchAction","target":{"@type":"EntryPoint","urlTemplate":"https:\/\/pre.oboemuebles.com\/en\/?s={search_term_string}"},"query-input":"required name=search_term_string"}],"inLanguage":"en-US"}]}},"brands":[{"id":2146,"name":"Vitra","slug":"vitra"}],"_links":{"self":[{"href":"https:\/\/pre.oboemuebles.com\/en\/wp-json\/wp\/v2\/product\/93508"}],"collection":[{"href":"https:\/\/pre.oboemuebles.com\/en\/wp-json\/wp\/v2\/product"}],"about":[{"href":"https:\/\/pre.oboemuebles.com\/en\/wp-json\/wp\/v2\/types\/product"}],"wp:featuredmedia":[{"embeddable":true,"href":"https:\/\/pre.oboemuebles.com\/en\/wp-json\/wp\/v2\/media\/82746"}],"wp:attachment":[{"href":"https:\/\/pre.oboemuebles.com\/en\/wp-json\/wp\/v2\/media?parent=93508"}],"wp:term":[{"taxonomy":"pwb-brand","embeddable":true,"href":"https:\/\/pre.oboemuebles.com\/en\/wp-json\/wp\/v2\/pwb-brand?post=93508"},{"taxonomy":"product_cat","embeddable":true,"href":"https:\/\/pre.oboemuebles.com\/en\/wp-json\/wp\/v2\/product_cat?post=93508"},{"taxonomy":"product_tag","embeddable":true,"href":"https:\/\/pre.oboemuebles.com\/en\/wp-json\/wp\/v2\/product_tag?post=93508"}],"curies":[{"name":"wp","href":"https:\/\/api.w.org\/{rel}","templated":true}]}}