{"id":93520,"date":"2020-09-15T09:29:12","date_gmt":"2020-09-15T09:29:12","guid":{"rendered":"https:\/\/oboemuebles.com\/muebles-diseno-decoracion-malaga-marbella\/mariposa-vitra-mariposavitra103\/"},"modified":"2023-03-21T09:36:48","modified_gmt":"2023-03-21T09:36:48","slug":"mariposa-vitra-mariposavitra103","status":"publish","type":"product","link":"https:\/\/pre.oboemuebles.com\/en\/producto\/mariposa-vitra-mariposavitra103\/","title":{"rendered":"BUTTERFLY"},"content":{"rendered":"<p>The Vitra Butterfly sofa, designed by BarberOsgerby, is modern and creates a cozy atmosphere.<br \/>\nThe extraordinary comfort of the sofa comes from a soft upholstery and an ingenious adjustment mechanism, which allows the arms and backrest to be individually adjusted in various reclining positions. The Butterfly Sofa does not visually show its functional characteristics: the slim arms and the back can be adjusted continuously and silently, from an upright position to an external angle of approximately 30\u00b0 and vice versa. The resistance is calibrated so that these elements will remain in place when the seated person reclines in a usual way but can be adjusted to the desired angle when intentional pressure is applied. This flexibility allows individual users to determine the most comfortable position for them.<\/p>\n","protected":false},"excerpt":{"rendered":"<p>The sofas of different sizes from the Mariposa family are comfortable and pleasant but with a modern touch. They owe their extraordinary comfort to the softness of their upholstery and to an ingenious adjustment mechanism that allows the backrest and side elements to be adjusted separately in different positions for sitting or reclining.<\/p>\n","protected":false},"featured_media":82856,"template":"","meta":{"content-type":""},"pwb-brand":[2146],"product_cat":[1271,1286,1303],"product_tag":[1375,1376],"acf":[],"yoast_head":"<!-- This site is optimized with the Yoast SEO plugin v23.0 - https:\/\/yoast.com\/wordpress\/plugins\/seo\/ -->\n<title>BUTTERFLY by VITRA<\/title>\n<meta name=\"description\" content=\"Los sof\u00e1s de diferentes tama\u00f1os de la familia Mariposa son c\u00f3modos y agradables, pero con un aire moderno. Deben su extraordinario confort a\u2026\" \/>\n<meta name=\"robots\" content=\"noindex, follow, max-snippet:-1, max-image-preview:large, max-video-preview:-1\" \/>\n<meta property=\"og:locale\" content=\"en_US\" \/>\n<meta property=\"og:type\" content=\"article\" \/>\n<meta property=\"og:title\" content=\"BUTTERFLY by VITRA\" \/>\n<meta property=\"og:description\" content=\"Los sof\u00e1s de diferentes tama\u00f1os de la familia Mariposa son c\u00f3modos y agradables, pero con un aire moderno. Deben su extraordinario confort a\u2026\" \/>\n<meta property=\"og:url\" content=\"https:\/\/pre.oboemuebles.com\/en\/producto\/mariposa-vitra-mariposavitra103\/\" \/>\n<meta property=\"og:site_name\" content=\"OBOE - Furniture store and designer kitchens in Malaga and Marbella\" \/>\n<meta property=\"article:modified_time\" content=\"2023-03-21T09:36:48+00:00\" \/>\n<meta property=\"og:image\" content=\"https:\/\/pre.oboemuebles.com\/wp-content\/uploads\/2020\/09\/VITRA-MARIPOSA-1.jpg\" \/>\n\t<meta property=\"og:image:width\" content=\"900\" \/>\n\t<meta property=\"og:image:height\" content=\"900\" \/>\n\t<meta property=\"og:image:type\" content=\"image\/jpeg\" \/>\n<meta name=\"twitter:card\" content=\"summary_large_image\" \/>\n<meta name=\"twitter:label1\" content=\"Est. reading time\" \/>\n\t<meta name=\"twitter:data1\" content=\"1 minute\" \/>\n<script type=\"application\/ld+json\" class=\"yoast-schema-graph\">{\"@context\":\"https:\/\/schema.org\",\"@graph\":[{\"@type\":\"WebPage\",\"@id\":\"https:\/\/pre.oboemuebles.com\/en\/producto\/mariposa-vitra-mariposavitra103\/\",\"url\":\"https:\/\/pre.oboemuebles.com\/en\/producto\/mariposa-vitra-mariposavitra103\/\",\"name\":\"BUTTERFLY by VITRA\",\"isPartOf\":{\"@id\":\"https:\/\/pre.oboemuebles.com\/en\/#website\"},\"primaryImageOfPage\":{\"@id\":\"https:\/\/pre.oboemuebles.com\/en\/producto\/mariposa-vitra-mariposavitra103\/#primaryimage\"},\"image\":{\"@id\":\"https:\/\/pre.oboemuebles.com\/en\/producto\/mariposa-vitra-mariposavitra103\/#primaryimage\"},\"thumbnailUrl\":\"https:\/\/pre.oboemuebles.com\/wp-content\/uploads\/2020\/09\/VITRA-MARIPOSA-1.jpg\",\"datePublished\":\"2020-09-15T09:29:12+00:00\",\"dateModified\":\"2023-03-21T09:36:48+00:00\",\"description\":\"Los sof\u00e1s de diferentes tama\u00f1os de la familia Mariposa son c\u00f3modos y agradables, pero con un aire moderno. Deben su extraordinario confort a\u2026\",\"breadcrumb\":{\"@id\":\"https:\/\/pre.oboemuebles.com\/en\/producto\/mariposa-vitra-mariposavitra103\/#breadcrumb\"},\"inLanguage\":\"en-US\",\"potentialAction\":[{\"@type\":\"ReadAction\",\"target\":[\"https:\/\/pre.oboemuebles.com\/en\/producto\/mariposa-vitra-mariposavitra103\/\"]}]},{\"@type\":\"ImageObject\",\"inLanguage\":\"en-US\",\"@id\":\"https:\/\/pre.oboemuebles.com\/en\/producto\/mariposa-vitra-mariposavitra103\/#primaryimage\",\"url\":\"https:\/\/pre.oboemuebles.com\/wp-content\/uploads\/2020\/09\/VITRA-MARIPOSA-1.jpg\",\"contentUrl\":\"https:\/\/pre.oboemuebles.com\/wp-content\/uploads\/2020\/09\/VITRA-MARIPOSA-1.jpg\",\"width\":900,\"height\":900},{\"@type\":\"BreadcrumbList\",\"@id\":\"https:\/\/pre.oboemuebles.com\/en\/producto\/mariposa-vitra-mariposavitra103\/#breadcrumb\",\"itemListElement\":[{\"@type\":\"ListItem\",\"position\":1,\"name\":\"Portada\",\"item\":\"https:\/\/pre.oboemuebles.com\/en\/\"},{\"@type\":\"ListItem\",\"position\":2,\"name\":\"default shop\",\"item\":\"https:\/\/pre.oboemuebles.com\/shop\/default-shop\/\"},{\"@type\":\"ListItem\",\"position\":3,\"name\":\"BUTTERFLY\"}]},{\"@type\":\"WebSite\",\"@id\":\"https:\/\/pre.oboemuebles.com\/en\/#website\",\"url\":\"https:\/\/pre.oboemuebles.com\/en\/\",\"name\":\"OBOE - Furniture store and designer kitchens in Malaga and Marbella\",\"description\":\"Modern furniture, high quality kitchens and decoration in Malaga and Marbella\",\"potentialAction\":[{\"@type\":\"SearchAction\",\"target\":{\"@type\":\"EntryPoint\",\"urlTemplate\":\"https:\/\/pre.oboemuebles.com\/en\/?s={search_term_string}\"},\"query-input\":\"required name=search_term_string\"}],\"inLanguage\":\"en-US\"}]}<\/script>\n<!-- \/ Yoast SEO plugin. -->","yoast_head_json":{"title":"BUTTERFLY by VITRA","description":"Los sof\u00e1s de diferentes tama\u00f1os de la familia Mariposa son c\u00f3modos y agradables, pero con un aire moderno. Deben su extraordinario confort a\u2026","robots":{"index":"noindex","follow":"follow","max-snippet":"max-snippet:-1","max-image-preview":"max-image-preview:large","max-video-preview":"max-video-preview:-1"},"og_locale":"en_US","og_type":"article","og_title":"BUTTERFLY by VITRA","og_description":"Los sof\u00e1s de diferentes tama\u00f1os de la familia Mariposa son c\u00f3modos y agradables, pero con un aire moderno. Deben su extraordinario confort a\u2026","og_url":"https:\/\/pre.oboemuebles.com\/en\/producto\/mariposa-vitra-mariposavitra103\/","og_site_name":"OBOE - Furniture store and designer kitchens in Malaga and Marbella","article_modified_time":"2023-03-21T09:36:48+00:00","og_image":[{"width":900,"height":900,"url":"https:\/\/pre.oboemuebles.com\/wp-content\/uploads\/2020\/09\/VITRA-MARIPOSA-1.jpg","type":"image\/jpeg"}],"twitter_card":"summary_large_image","twitter_misc":{"Est. reading time":"1 minute"},"schema":{"@context":"https:\/\/schema.org","@graph":[{"@type":"WebPage","@id":"https:\/\/pre.oboemuebles.com\/en\/producto\/mariposa-vitra-mariposavitra103\/","url":"https:\/\/pre.oboemuebles.com\/en\/producto\/mariposa-vitra-mariposavitra103\/","name":"BUTTERFLY by VITRA","isPartOf":{"@id":"https:\/\/pre.oboemuebles.com\/en\/#website"},"primaryImageOfPage":{"@id":"https:\/\/pre.oboemuebles.com\/en\/producto\/mariposa-vitra-mariposavitra103\/#primaryimage"},"image":{"@id":"https:\/\/pre.oboemuebles.com\/en\/producto\/mariposa-vitra-mariposavitra103\/#primaryimage"},"thumbnailUrl":"https:\/\/pre.oboemuebles.com\/wp-content\/uploads\/2020\/09\/VITRA-MARIPOSA-1.jpg","datePublished":"2020-09-15T09:29:12+00:00","dateModified":"2023-03-21T09:36:48+00:00","description":"Los sof\u00e1s de diferentes tama\u00f1os de la familia Mariposa son c\u00f3modos y agradables, pero con un aire moderno. Deben su extraordinario confort a\u2026","breadcrumb":{"@id":"https:\/\/pre.oboemuebles.com\/en\/producto\/mariposa-vitra-mariposavitra103\/#breadcrumb"},"inLanguage":"en-US","potentialAction":[{"@type":"ReadAction","target":["https:\/\/pre.oboemuebles.com\/en\/producto\/mariposa-vitra-mariposavitra103\/"]}]},{"@type":"ImageObject","inLanguage":"en-US","@id":"https:\/\/pre.oboemuebles.com\/en\/producto\/mariposa-vitra-mariposavitra103\/#primaryimage","url":"https:\/\/pre.oboemuebles.com\/wp-content\/uploads\/2020\/09\/VITRA-MARIPOSA-1.jpg","contentUrl":"https:\/\/pre.oboemuebles.com\/wp-content\/uploads\/2020\/09\/VITRA-MARIPOSA-1.jpg","width":900,"height":900},{"@type":"BreadcrumbList","@id":"https:\/\/pre.oboemuebles.com\/en\/producto\/mariposa-vitra-mariposavitra103\/#breadcrumb","itemListElement":[{"@type":"ListItem","position":1,"name":"Portada","item":"https:\/\/pre.oboemuebles.com\/en\/"},{"@type":"ListItem","position":2,"name":"default shop","item":"https:\/\/pre.oboemuebles.com\/shop\/default-shop\/"},{"@type":"ListItem","position":3,"name":"BUTTERFLY"}]},{"@type":"WebSite","@id":"https:\/\/pre.oboemuebles.com\/en\/#website","url":"https:\/\/pre.oboemuebles.com\/en\/","name":"OBOE - Furniture store and designer kitchens in Malaga and Marbella","description":"Modern furniture, high quality kitchens and decoration in Malaga and Marbella","potentialAction":[{"@type":"SearchAction","target":{"@type":"EntryPoint","urlTemplate":"https:\/\/pre.oboemuebles.com\/en\/?s={search_term_string}"},"query-input":"required name=search_term_string"}],"inLanguage":"en-US"}]}},"brands":[{"id":2146,"name":"Vitra","slug":"vitra"}],"_links":{"self":[{"href":"https:\/\/pre.oboemuebles.com\/en\/wp-json\/wp\/v2\/product\/93520"}],"collection":[{"href":"https:\/\/pre.oboemuebles.com\/en\/wp-json\/wp\/v2\/product"}],"about":[{"href":"https:\/\/pre.oboemuebles.com\/en\/wp-json\/wp\/v2\/types\/product"}],"wp:featuredmedia":[{"embeddable":true,"href":"https:\/\/pre.oboemuebles.com\/en\/wp-json\/wp\/v2\/media\/82856"}],"wp:attachment":[{"href":"https:\/\/pre.oboemuebles.com\/en\/wp-json\/wp\/v2\/media?parent=93520"}],"wp:term":[{"taxonomy":"pwb-brand","embeddable":true,"href":"https:\/\/pre.oboemuebles.com\/en\/wp-json\/wp\/v2\/pwb-brand?post=93520"},{"taxonomy":"product_cat","embeddable":true,"href":"https:\/\/pre.oboemuebles.com\/en\/wp-json\/wp\/v2\/product_cat?post=93520"},{"taxonomy":"product_tag","embeddable":true,"href":"https:\/\/pre.oboemuebles.com\/en\/wp-json\/wp\/v2\/product_tag?post=93520"}],"curies":[{"name":"wp","href":"https:\/\/api.w.org\/{rel}","templated":true}]}}