{"id":93527,"date":"2020-09-15T09:18:27","date_gmt":"2020-09-15T09:18:27","guid":{"rendered":"https:\/\/oboemuebles.com\/muebles-diseno-decoracion-malaga-marbella\/lapis-lounge-varaschin-lapisloungevaraschin2599\/"},"modified":"2022-04-20T08:18:20","modified_gmt":"2022-04-20T08:18:20","slug":"lapis-lounge-varaschin-lapisloungevaraschin2599","status":"publish","type":"product","link":"https:\/\/pre.oboemuebles.com\/en\/producto\/lapis-lounge-varaschin-lapisloungevaraschin2599\/","title":{"rendered":"LAPIS LOUNGE"},"content":{"rendered":"","protected":false},"excerpt":{"rendered":"<p>The lounge chair from the LAPIS collection stands out for its simple personality, an essential line with a strong natural look, with a structure made of solid certified plantation teak wood. The design and material of the collection refer to a concept of raw material, to the perfect integration between wood and the outside environment. Its comfortable size and spacious and pleasant seat guarantee total relaxation for every outdoor space and environment: gardens, terraces, balconies, porches, patios, and swimming pools.<\/p>\n","protected":false},"featured_media":82246,"template":"","meta":{"content-type":""},"pwb-brand":[2145],"product_cat":[1295,1271,1284],"product_tag":[1403],"acf":[],"yoast_head":"<!-- This site is optimized with the Yoast SEO plugin v23.0 - https:\/\/yoast.com\/wordpress\/plugins\/seo\/ -->\n<title>LAPIS LOUNGE by VARASCHIN<\/title>\n<meta name=\"description\" content=\"Categor\u00eda: muebles de exterior residenciales y de hosteler\u00eda. Material: Estructura realizada en plantaci\u00f3n certificada de madera maciza d\u2026\" \/>\n<meta name=\"robots\" content=\"noindex, follow, max-snippet:-1, max-image-preview:large, max-video-preview:-1\" \/>\n<meta property=\"og:locale\" content=\"en_US\" \/>\n<meta property=\"og:type\" content=\"article\" \/>\n<meta property=\"og:title\" content=\"LAPIS LOUNGE by VARASCHIN\" \/>\n<meta property=\"og:description\" content=\"Categor\u00eda: muebles de exterior residenciales y de hosteler\u00eda. Material: Estructura realizada en plantaci\u00f3n certificada de madera maciza d\u2026\" \/>\n<meta property=\"og:url\" content=\"https:\/\/pre.oboemuebles.com\/en\/producto\/lapis-lounge-varaschin-lapisloungevaraschin2599\/\" \/>\n<meta property=\"og:site_name\" content=\"OBOE - Furniture store and designer kitchens in Malaga and Marbella\" \/>\n<meta property=\"article:modified_time\" content=\"2022-04-20T08:18:20+00:00\" \/>\n<meta property=\"og:image\" content=\"https:\/\/pre.oboemuebles.com\/wp-content\/uploads\/2020\/09\/VARASCHIN-LAPIS-LOUNGE-1.jpg\" \/>\n\t<meta property=\"og:image:width\" content=\"900\" \/>\n\t<meta property=\"og:image:height\" content=\"900\" \/>\n\t<meta property=\"og:image:type\" content=\"image\/jpeg\" \/>\n<meta name=\"twitter:card\" content=\"summary_large_image\" \/>\n<script type=\"application\/ld+json\" class=\"yoast-schema-graph\">{\"@context\":\"https:\/\/schema.org\",\"@graph\":[{\"@type\":\"WebPage\",\"@id\":\"https:\/\/pre.oboemuebles.com\/en\/producto\/lapis-lounge-varaschin-lapisloungevaraschin2599\/\",\"url\":\"https:\/\/pre.oboemuebles.com\/en\/producto\/lapis-lounge-varaschin-lapisloungevaraschin2599\/\",\"name\":\"LAPIS LOUNGE by VARASCHIN\",\"isPartOf\":{\"@id\":\"https:\/\/pre.oboemuebles.com\/en\/#website\"},\"primaryImageOfPage\":{\"@id\":\"https:\/\/pre.oboemuebles.com\/en\/producto\/lapis-lounge-varaschin-lapisloungevaraschin2599\/#primaryimage\"},\"image\":{\"@id\":\"https:\/\/pre.oboemuebles.com\/en\/producto\/lapis-lounge-varaschin-lapisloungevaraschin2599\/#primaryimage\"},\"thumbnailUrl\":\"https:\/\/pre.oboemuebles.com\/wp-content\/uploads\/2020\/09\/VARASCHIN-LAPIS-LOUNGE-1.jpg\",\"datePublished\":\"2020-09-15T09:18:27+00:00\",\"dateModified\":\"2022-04-20T08:18:20+00:00\",\"description\":\"Categor\u00eda: muebles de exterior residenciales y de hosteler\u00eda. Material: Estructura realizada en plantaci\u00f3n certificada de madera maciza d\u2026\",\"breadcrumb\":{\"@id\":\"https:\/\/pre.oboemuebles.com\/en\/producto\/lapis-lounge-varaschin-lapisloungevaraschin2599\/#breadcrumb\"},\"inLanguage\":\"en-US\",\"potentialAction\":[{\"@type\":\"ReadAction\",\"target\":[\"https:\/\/pre.oboemuebles.com\/en\/producto\/lapis-lounge-varaschin-lapisloungevaraschin2599\/\"]}]},{\"@type\":\"ImageObject\",\"inLanguage\":\"en-US\",\"@id\":\"https:\/\/pre.oboemuebles.com\/en\/producto\/lapis-lounge-varaschin-lapisloungevaraschin2599\/#primaryimage\",\"url\":\"https:\/\/pre.oboemuebles.com\/wp-content\/uploads\/2020\/09\/VARASCHIN-LAPIS-LOUNGE-1.jpg\",\"contentUrl\":\"https:\/\/pre.oboemuebles.com\/wp-content\/uploads\/2020\/09\/VARASCHIN-LAPIS-LOUNGE-1.jpg\",\"width\":900,\"height\":900},{\"@type\":\"BreadcrumbList\",\"@id\":\"https:\/\/pre.oboemuebles.com\/en\/producto\/lapis-lounge-varaschin-lapisloungevaraschin2599\/#breadcrumb\",\"itemListElement\":[{\"@type\":\"ListItem\",\"position\":1,\"name\":\"Portada\",\"item\":\"https:\/\/pre.oboemuebles.com\/en\/\"},{\"@type\":\"ListItem\",\"position\":2,\"name\":\"default shop\",\"item\":\"https:\/\/pre.oboemuebles.com\/shop\/default-shop\/\"},{\"@type\":\"ListItem\",\"position\":3,\"name\":\"LAPIS LOUNGE\"}]},{\"@type\":\"WebSite\",\"@id\":\"https:\/\/pre.oboemuebles.com\/en\/#website\",\"url\":\"https:\/\/pre.oboemuebles.com\/en\/\",\"name\":\"OBOE - Furniture store and designer kitchens in Malaga and Marbella\",\"description\":\"Modern furniture, high quality kitchens and decoration in Malaga and Marbella\",\"potentialAction\":[{\"@type\":\"SearchAction\",\"target\":{\"@type\":\"EntryPoint\",\"urlTemplate\":\"https:\/\/pre.oboemuebles.com\/en\/?s={search_term_string}\"},\"query-input\":\"required name=search_term_string\"}],\"inLanguage\":\"en-US\"}]}<\/script>\n<!-- \/ Yoast SEO plugin. -->","yoast_head_json":{"title":"LAPIS LOUNGE by VARASCHIN","description":"Categor\u00eda: muebles de exterior residenciales y de hosteler\u00eda. Material: Estructura realizada en plantaci\u00f3n certificada de madera maciza d\u2026","robots":{"index":"noindex","follow":"follow","max-snippet":"max-snippet:-1","max-image-preview":"max-image-preview:large","max-video-preview":"max-video-preview:-1"},"og_locale":"en_US","og_type":"article","og_title":"LAPIS LOUNGE by VARASCHIN","og_description":"Categor\u00eda: muebles de exterior residenciales y de hosteler\u00eda. Material: Estructura realizada en plantaci\u00f3n certificada de madera maciza d\u2026","og_url":"https:\/\/pre.oboemuebles.com\/en\/producto\/lapis-lounge-varaschin-lapisloungevaraschin2599\/","og_site_name":"OBOE - Furniture store and designer kitchens in Malaga and Marbella","article_modified_time":"2022-04-20T08:18:20+00:00","og_image":[{"width":900,"height":900,"url":"https:\/\/pre.oboemuebles.com\/wp-content\/uploads\/2020\/09\/VARASCHIN-LAPIS-LOUNGE-1.jpg","type":"image\/jpeg"}],"twitter_card":"summary_large_image","schema":{"@context":"https:\/\/schema.org","@graph":[{"@type":"WebPage","@id":"https:\/\/pre.oboemuebles.com\/en\/producto\/lapis-lounge-varaschin-lapisloungevaraschin2599\/","url":"https:\/\/pre.oboemuebles.com\/en\/producto\/lapis-lounge-varaschin-lapisloungevaraschin2599\/","name":"LAPIS LOUNGE by VARASCHIN","isPartOf":{"@id":"https:\/\/pre.oboemuebles.com\/en\/#website"},"primaryImageOfPage":{"@id":"https:\/\/pre.oboemuebles.com\/en\/producto\/lapis-lounge-varaschin-lapisloungevaraschin2599\/#primaryimage"},"image":{"@id":"https:\/\/pre.oboemuebles.com\/en\/producto\/lapis-lounge-varaschin-lapisloungevaraschin2599\/#primaryimage"},"thumbnailUrl":"https:\/\/pre.oboemuebles.com\/wp-content\/uploads\/2020\/09\/VARASCHIN-LAPIS-LOUNGE-1.jpg","datePublished":"2020-09-15T09:18:27+00:00","dateModified":"2022-04-20T08:18:20+00:00","description":"Categor\u00eda: muebles de exterior residenciales y de hosteler\u00eda. Material: Estructura realizada en plantaci\u00f3n certificada de madera maciza d\u2026","breadcrumb":{"@id":"https:\/\/pre.oboemuebles.com\/en\/producto\/lapis-lounge-varaschin-lapisloungevaraschin2599\/#breadcrumb"},"inLanguage":"en-US","potentialAction":[{"@type":"ReadAction","target":["https:\/\/pre.oboemuebles.com\/en\/producto\/lapis-lounge-varaschin-lapisloungevaraschin2599\/"]}]},{"@type":"ImageObject","inLanguage":"en-US","@id":"https:\/\/pre.oboemuebles.com\/en\/producto\/lapis-lounge-varaschin-lapisloungevaraschin2599\/#primaryimage","url":"https:\/\/pre.oboemuebles.com\/wp-content\/uploads\/2020\/09\/VARASCHIN-LAPIS-LOUNGE-1.jpg","contentUrl":"https:\/\/pre.oboemuebles.com\/wp-content\/uploads\/2020\/09\/VARASCHIN-LAPIS-LOUNGE-1.jpg","width":900,"height":900},{"@type":"BreadcrumbList","@id":"https:\/\/pre.oboemuebles.com\/en\/producto\/lapis-lounge-varaschin-lapisloungevaraschin2599\/#breadcrumb","itemListElement":[{"@type":"ListItem","position":1,"name":"Portada","item":"https:\/\/pre.oboemuebles.com\/en\/"},{"@type":"ListItem","position":2,"name":"default shop","item":"https:\/\/pre.oboemuebles.com\/shop\/default-shop\/"},{"@type":"ListItem","position":3,"name":"LAPIS LOUNGE"}]},{"@type":"WebSite","@id":"https:\/\/pre.oboemuebles.com\/en\/#website","url":"https:\/\/pre.oboemuebles.com\/en\/","name":"OBOE - Furniture store and designer kitchens in Malaga and Marbella","description":"Modern furniture, high quality kitchens and decoration in Malaga and Marbella","potentialAction":[{"@type":"SearchAction","target":{"@type":"EntryPoint","urlTemplate":"https:\/\/pre.oboemuebles.com\/en\/?s={search_term_string}"},"query-input":"required name=search_term_string"}],"inLanguage":"en-US"}]}},"brands":[{"id":2145,"name":"Varaschin","slug":"varaschin"}],"_links":{"self":[{"href":"https:\/\/pre.oboemuebles.com\/en\/wp-json\/wp\/v2\/product\/93527"}],"collection":[{"href":"https:\/\/pre.oboemuebles.com\/en\/wp-json\/wp\/v2\/product"}],"about":[{"href":"https:\/\/pre.oboemuebles.com\/en\/wp-json\/wp\/v2\/types\/product"}],"wp:featuredmedia":[{"embeddable":true,"href":"https:\/\/pre.oboemuebles.com\/en\/wp-json\/wp\/v2\/media\/82246"}],"wp:attachment":[{"href":"https:\/\/pre.oboemuebles.com\/en\/wp-json\/wp\/v2\/media?parent=93527"}],"wp:term":[{"taxonomy":"pwb-brand","embeddable":true,"href":"https:\/\/pre.oboemuebles.com\/en\/wp-json\/wp\/v2\/pwb-brand?post=93527"},{"taxonomy":"product_cat","embeddable":true,"href":"https:\/\/pre.oboemuebles.com\/en\/wp-json\/wp\/v2\/product_cat?post=93527"},{"taxonomy":"product_tag","embeddable":true,"href":"https:\/\/pre.oboemuebles.com\/en\/wp-json\/wp\/v2\/product_tag?post=93527"}],"curies":[{"name":"wp","href":"https:\/\/api.w.org\/{rel}","templated":true}]}}