{"id":93530,"date":"2020-09-15T09:18:17","date_gmt":"2020-09-15T09:18:17","guid":{"rendered":"https:\/\/oboemuebles.com\/muebles-diseno-decoracion-malaga-marbella\/smart-rocking-varaschin-smartrockingvaraschin2596\/"},"modified":"2022-04-20T08:28:36","modified_gmt":"2022-04-20T08:28:36","slug":"smart-rocking-varaschin-smartrockingvaraschin2596","status":"publish","type":"product","link":"https:\/\/pre.oboemuebles.com\/en\/producto\/smart-rocking-varaschin-smartrockingvaraschin2596\/","title":{"rendered":"SMART ROCKING"},"content":{"rendered":"","protected":false},"excerpt":{"rendered":"<p>Outdoor lounge rocking chair with a powder-coated aluminum frame, seat in technical PVC mesh, VAR # TEX, an exclusive Varaschin patent, backrest in VAR # TEX synthetic rope.<br \/>\nSMART is a design rocking chair ideal for decorating gardens, terraces, or outdoor terraces. It is the right choice for those who want to relax or dine outdoors in an original way. Used in combination with low tables, which have a lower height (65 cm) than standard tables, the Smart Outdoor Rocking Chair is the perfect solution for a comfortable and functional seat.<\/p>\n","protected":false},"featured_media":82358,"template":"","meta":{"content-type":""},"pwb-brand":[2145],"product_cat":[1295,1302,1271,1284],"product_tag":[1395],"acf":[],"yoast_head":"<!-- This site is optimized with the Yoast SEO plugin v23.0 - https:\/\/yoast.com\/wordpress\/plugins\/seo\/ -->\n<title>SMART ROCKING by Varaschin<\/title>\n<meta name=\"description\" content=\"F\u00e1cil de limpiar porque est\u00e1 hecha de malla sint\u00e9tica o cuerda, este sill\u00f3n mecedora se puede limpiar con un pa\u00f1o h\u00famedo. La estructura de\u2026\" \/>\n<meta name=\"robots\" content=\"noindex, follow, max-snippet:-1, max-image-preview:large, max-video-preview:-1\" \/>\n<meta property=\"og:locale\" content=\"en_US\" \/>\n<meta property=\"og:type\" content=\"article\" \/>\n<meta property=\"og:title\" content=\"SMART ROCKING by Varaschin\" \/>\n<meta property=\"og:description\" content=\"F\u00e1cil de limpiar porque est\u00e1 hecha de malla sint\u00e9tica o cuerda, este sill\u00f3n mecedora se puede limpiar con un pa\u00f1o h\u00famedo. La estructura de\u2026\" \/>\n<meta property=\"og:url\" content=\"https:\/\/pre.oboemuebles.com\/en\/producto\/smart-rocking-varaschin-smartrockingvaraschin2596\/\" \/>\n<meta property=\"og:site_name\" content=\"OBOE - Furniture store and designer kitchens in Malaga and Marbella\" \/>\n<meta property=\"article:modified_time\" content=\"2022-04-20T08:28:36+00:00\" \/>\n<meta property=\"og:image\" content=\"https:\/\/pre.oboemuebles.com\/wp-content\/uploads\/2020\/09\/VARASCHIN-SMART-ROCKING-1.jpg\" \/>\n\t<meta property=\"og:image:width\" content=\"900\" \/>\n\t<meta property=\"og:image:height\" content=\"900\" \/>\n\t<meta property=\"og:image:type\" content=\"image\/jpeg\" \/>\n<meta name=\"twitter:card\" content=\"summary_large_image\" \/>\n<script type=\"application\/ld+json\" class=\"yoast-schema-graph\">{\"@context\":\"https:\/\/schema.org\",\"@graph\":[{\"@type\":\"WebPage\",\"@id\":\"https:\/\/pre.oboemuebles.com\/en\/producto\/smart-rocking-varaschin-smartrockingvaraschin2596\/\",\"url\":\"https:\/\/pre.oboemuebles.com\/en\/producto\/smart-rocking-varaschin-smartrockingvaraschin2596\/\",\"name\":\"SMART ROCKING by Varaschin\",\"isPartOf\":{\"@id\":\"https:\/\/pre.oboemuebles.com\/en\/#website\"},\"primaryImageOfPage\":{\"@id\":\"https:\/\/pre.oboemuebles.com\/en\/producto\/smart-rocking-varaschin-smartrockingvaraschin2596\/#primaryimage\"},\"image\":{\"@id\":\"https:\/\/pre.oboemuebles.com\/en\/producto\/smart-rocking-varaschin-smartrockingvaraschin2596\/#primaryimage\"},\"thumbnailUrl\":\"https:\/\/pre.oboemuebles.com\/wp-content\/uploads\/2020\/09\/VARASCHIN-SMART-ROCKING-1.jpg\",\"datePublished\":\"2020-09-15T09:18:17+00:00\",\"dateModified\":\"2022-04-20T08:28:36+00:00\",\"description\":\"F\u00e1cil de limpiar porque est\u00e1 hecha de malla sint\u00e9tica o cuerda, este sill\u00f3n mecedora se puede limpiar con un pa\u00f1o h\u00famedo. La estructura de\u2026\",\"breadcrumb\":{\"@id\":\"https:\/\/pre.oboemuebles.com\/en\/producto\/smart-rocking-varaschin-smartrockingvaraschin2596\/#breadcrumb\"},\"inLanguage\":\"en-US\",\"potentialAction\":[{\"@type\":\"ReadAction\",\"target\":[\"https:\/\/pre.oboemuebles.com\/en\/producto\/smart-rocking-varaschin-smartrockingvaraschin2596\/\"]}]},{\"@type\":\"ImageObject\",\"inLanguage\":\"en-US\",\"@id\":\"https:\/\/pre.oboemuebles.com\/en\/producto\/smart-rocking-varaschin-smartrockingvaraschin2596\/#primaryimage\",\"url\":\"https:\/\/pre.oboemuebles.com\/wp-content\/uploads\/2020\/09\/VARASCHIN-SMART-ROCKING-1.jpg\",\"contentUrl\":\"https:\/\/pre.oboemuebles.com\/wp-content\/uploads\/2020\/09\/VARASCHIN-SMART-ROCKING-1.jpg\",\"width\":900,\"height\":900},{\"@type\":\"BreadcrumbList\",\"@id\":\"https:\/\/pre.oboemuebles.com\/en\/producto\/smart-rocking-varaschin-smartrockingvaraschin2596\/#breadcrumb\",\"itemListElement\":[{\"@type\":\"ListItem\",\"position\":1,\"name\":\"Portada\",\"item\":\"https:\/\/pre.oboemuebles.com\/en\/\"},{\"@type\":\"ListItem\",\"position\":2,\"name\":\"default shop\",\"item\":\"https:\/\/pre.oboemuebles.com\/shop\/default-shop\/\"},{\"@type\":\"ListItem\",\"position\":3,\"name\":\"SMART ROCKING\"}]},{\"@type\":\"WebSite\",\"@id\":\"https:\/\/pre.oboemuebles.com\/en\/#website\",\"url\":\"https:\/\/pre.oboemuebles.com\/en\/\",\"name\":\"OBOE - Furniture store and designer kitchens in Malaga and Marbella\",\"description\":\"Modern furniture, high quality kitchens and decoration in Malaga and Marbella\",\"potentialAction\":[{\"@type\":\"SearchAction\",\"target\":{\"@type\":\"EntryPoint\",\"urlTemplate\":\"https:\/\/pre.oboemuebles.com\/en\/?s={search_term_string}\"},\"query-input\":\"required name=search_term_string\"}],\"inLanguage\":\"en-US\"}]}<\/script>\n<!-- \/ Yoast SEO plugin. -->","yoast_head_json":{"title":"SMART ROCKING by Varaschin","description":"F\u00e1cil de limpiar porque est\u00e1 hecha de malla sint\u00e9tica o cuerda, este sill\u00f3n mecedora se puede limpiar con un pa\u00f1o h\u00famedo. La estructura de\u2026","robots":{"index":"noindex","follow":"follow","max-snippet":"max-snippet:-1","max-image-preview":"max-image-preview:large","max-video-preview":"max-video-preview:-1"},"og_locale":"en_US","og_type":"article","og_title":"SMART ROCKING by Varaschin","og_description":"F\u00e1cil de limpiar porque est\u00e1 hecha de malla sint\u00e9tica o cuerda, este sill\u00f3n mecedora se puede limpiar con un pa\u00f1o h\u00famedo. La estructura de\u2026","og_url":"https:\/\/pre.oboemuebles.com\/en\/producto\/smart-rocking-varaschin-smartrockingvaraschin2596\/","og_site_name":"OBOE - Furniture store and designer kitchens in Malaga and Marbella","article_modified_time":"2022-04-20T08:28:36+00:00","og_image":[{"width":900,"height":900,"url":"https:\/\/pre.oboemuebles.com\/wp-content\/uploads\/2020\/09\/VARASCHIN-SMART-ROCKING-1.jpg","type":"image\/jpeg"}],"twitter_card":"summary_large_image","schema":{"@context":"https:\/\/schema.org","@graph":[{"@type":"WebPage","@id":"https:\/\/pre.oboemuebles.com\/en\/producto\/smart-rocking-varaschin-smartrockingvaraschin2596\/","url":"https:\/\/pre.oboemuebles.com\/en\/producto\/smart-rocking-varaschin-smartrockingvaraschin2596\/","name":"SMART ROCKING by Varaschin","isPartOf":{"@id":"https:\/\/pre.oboemuebles.com\/en\/#website"},"primaryImageOfPage":{"@id":"https:\/\/pre.oboemuebles.com\/en\/producto\/smart-rocking-varaschin-smartrockingvaraschin2596\/#primaryimage"},"image":{"@id":"https:\/\/pre.oboemuebles.com\/en\/producto\/smart-rocking-varaschin-smartrockingvaraschin2596\/#primaryimage"},"thumbnailUrl":"https:\/\/pre.oboemuebles.com\/wp-content\/uploads\/2020\/09\/VARASCHIN-SMART-ROCKING-1.jpg","datePublished":"2020-09-15T09:18:17+00:00","dateModified":"2022-04-20T08:28:36+00:00","description":"F\u00e1cil de limpiar porque est\u00e1 hecha de malla sint\u00e9tica o cuerda, este sill\u00f3n mecedora se puede limpiar con un pa\u00f1o h\u00famedo. La estructura de\u2026","breadcrumb":{"@id":"https:\/\/pre.oboemuebles.com\/en\/producto\/smart-rocking-varaschin-smartrockingvaraschin2596\/#breadcrumb"},"inLanguage":"en-US","potentialAction":[{"@type":"ReadAction","target":["https:\/\/pre.oboemuebles.com\/en\/producto\/smart-rocking-varaschin-smartrockingvaraschin2596\/"]}]},{"@type":"ImageObject","inLanguage":"en-US","@id":"https:\/\/pre.oboemuebles.com\/en\/producto\/smart-rocking-varaschin-smartrockingvaraschin2596\/#primaryimage","url":"https:\/\/pre.oboemuebles.com\/wp-content\/uploads\/2020\/09\/VARASCHIN-SMART-ROCKING-1.jpg","contentUrl":"https:\/\/pre.oboemuebles.com\/wp-content\/uploads\/2020\/09\/VARASCHIN-SMART-ROCKING-1.jpg","width":900,"height":900},{"@type":"BreadcrumbList","@id":"https:\/\/pre.oboemuebles.com\/en\/producto\/smart-rocking-varaschin-smartrockingvaraschin2596\/#breadcrumb","itemListElement":[{"@type":"ListItem","position":1,"name":"Portada","item":"https:\/\/pre.oboemuebles.com\/en\/"},{"@type":"ListItem","position":2,"name":"default shop","item":"https:\/\/pre.oboemuebles.com\/shop\/default-shop\/"},{"@type":"ListItem","position":3,"name":"SMART ROCKING"}]},{"@type":"WebSite","@id":"https:\/\/pre.oboemuebles.com\/en\/#website","url":"https:\/\/pre.oboemuebles.com\/en\/","name":"OBOE - Furniture store and designer kitchens in Malaga and Marbella","description":"Modern furniture, high quality kitchens and decoration in Malaga and Marbella","potentialAction":[{"@type":"SearchAction","target":{"@type":"EntryPoint","urlTemplate":"https:\/\/pre.oboemuebles.com\/en\/?s={search_term_string}"},"query-input":"required name=search_term_string"}],"inLanguage":"en-US"}]}},"brands":[{"id":2145,"name":"Varaschin","slug":"varaschin"}],"_links":{"self":[{"href":"https:\/\/pre.oboemuebles.com\/en\/wp-json\/wp\/v2\/product\/93530"}],"collection":[{"href":"https:\/\/pre.oboemuebles.com\/en\/wp-json\/wp\/v2\/product"}],"about":[{"href":"https:\/\/pre.oboemuebles.com\/en\/wp-json\/wp\/v2\/types\/product"}],"wp:featuredmedia":[{"embeddable":true,"href":"https:\/\/pre.oboemuebles.com\/en\/wp-json\/wp\/v2\/media\/82358"}],"wp:attachment":[{"href":"https:\/\/pre.oboemuebles.com\/en\/wp-json\/wp\/v2\/media?parent=93530"}],"wp:term":[{"taxonomy":"pwb-brand","embeddable":true,"href":"https:\/\/pre.oboemuebles.com\/en\/wp-json\/wp\/v2\/pwb-brand?post=93530"},{"taxonomy":"product_cat","embeddable":true,"href":"https:\/\/pre.oboemuebles.com\/en\/wp-json\/wp\/v2\/product_cat?post=93530"},{"taxonomy":"product_tag","embeddable":true,"href":"https:\/\/pre.oboemuebles.com\/en\/wp-json\/wp\/v2\/product_tag?post=93530"}],"curies":[{"name":"wp","href":"https:\/\/api.w.org\/{rel}","templated":true}]}}