{"id":93592,"date":"2020-09-15T09:17:50","date_gmt":"2020-09-15T09:17:50","guid":{"rendered":"https:\/\/oboemuebles.com\/muebles-diseno-decoracion-malaga-marbella\/criket-varaschin-criketvaraschin2585\/"},"modified":"2022-04-20T09:18:07","modified_gmt":"2022-04-20T09:18:07","slug":"criket-varaschin-criketvaraschin2585","status":"publish","type":"product","link":"https:\/\/pre.oboemuebles.com\/en\/producto\/criket-varaschin-criketvaraschin2585\/","title":{"rendered":"CRIKET"},"content":{"rendered":"","protected":false},"excerpt":{"rendered":"<p>Ideal outdoor armchair to furnish the garden or a veranda. The Cricket armchair is painted aluminum and hand-woven synthetic cord available in natural beige or dark brown. This outdoor armchair is a piece of refined design chosen by international architects and designers to furnish the outdoor spaces of the best hotels and restaurants in the world. The Cricket outdoor armchair is perfect for the contract sector and the private sector. The hand-woven cord gives this outdoor armchair an original and elegant design, while the aluminum frame guarantees a practical and light seat.<\/p>\n","protected":false},"featured_media":82146,"template":"","meta":{"content-type":""},"pwb-brand":[2145],"product_cat":[1302,1271,1284],"product_tag":[1401],"acf":[],"yoast_head":"<!-- This site is optimized with the Yoast SEO plugin v23.0 - https:\/\/yoast.com\/wordpress\/plugins\/seo\/ -->\n<title>CRIKET by VARASCHIN<\/title>\n<meta name=\"description\" content=\"COMPONENTES ESTRUCTURALES SILL\u00d3N CON MARCO DE ALUMINIO REVESTIDO EN POLVO Y TEJIDO DE FIBRA SINT\u00c9TICA CON POLI\u00c9STER EN EL INTERIOR. GORRA D\u2026\" \/>\n<meta name=\"robots\" content=\"noindex, follow, max-snippet:-1, max-image-preview:large, max-video-preview:-1\" \/>\n<meta property=\"og:locale\" content=\"en_US\" \/>\n<meta property=\"og:type\" content=\"article\" \/>\n<meta property=\"og:title\" content=\"CRIKET by VARASCHIN\" \/>\n<meta property=\"og:description\" content=\"COMPONENTES ESTRUCTURALES SILL\u00d3N CON MARCO DE ALUMINIO REVESTIDO EN POLVO Y TEJIDO DE FIBRA SINT\u00c9TICA CON POLI\u00c9STER EN EL INTERIOR. GORRA D\u2026\" \/>\n<meta property=\"og:url\" content=\"https:\/\/pre.oboemuebles.com\/en\/producto\/criket-varaschin-criketvaraschin2585\/\" \/>\n<meta property=\"og:site_name\" content=\"OBOE - Furniture store and designer kitchens in Malaga and Marbella\" \/>\n<meta property=\"article:modified_time\" content=\"2022-04-20T09:18:07+00:00\" \/>\n<meta property=\"og:image\" content=\"https:\/\/pre.oboemuebles.com\/wp-content\/uploads\/2020\/09\/VARASCHIN-CRIKET-1.jpg\" \/>\n\t<meta property=\"og:image:width\" content=\"900\" \/>\n\t<meta property=\"og:image:height\" content=\"900\" \/>\n\t<meta property=\"og:image:type\" content=\"image\/jpeg\" \/>\n<meta name=\"twitter:card\" content=\"summary_large_image\" \/>\n<script type=\"application\/ld+json\" class=\"yoast-schema-graph\">{\"@context\":\"https:\/\/schema.org\",\"@graph\":[{\"@type\":\"WebPage\",\"@id\":\"https:\/\/pre.oboemuebles.com\/en\/producto\/criket-varaschin-criketvaraschin2585\/\",\"url\":\"https:\/\/pre.oboemuebles.com\/en\/producto\/criket-varaschin-criketvaraschin2585\/\",\"name\":\"CRIKET by VARASCHIN\",\"isPartOf\":{\"@id\":\"https:\/\/pre.oboemuebles.com\/en\/#website\"},\"primaryImageOfPage\":{\"@id\":\"https:\/\/pre.oboemuebles.com\/en\/producto\/criket-varaschin-criketvaraschin2585\/#primaryimage\"},\"image\":{\"@id\":\"https:\/\/pre.oboemuebles.com\/en\/producto\/criket-varaschin-criketvaraschin2585\/#primaryimage\"},\"thumbnailUrl\":\"https:\/\/pre.oboemuebles.com\/wp-content\/uploads\/2020\/09\/VARASCHIN-CRIKET-1.jpg\",\"datePublished\":\"2020-09-15T09:17:50+00:00\",\"dateModified\":\"2022-04-20T09:18:07+00:00\",\"description\":\"COMPONENTES ESTRUCTURALES SILL\u00d3N CON MARCO DE ALUMINIO REVESTIDO EN POLVO Y TEJIDO DE FIBRA SINT\u00c9TICA CON POLI\u00c9STER EN EL INTERIOR. GORRA D\u2026\",\"breadcrumb\":{\"@id\":\"https:\/\/pre.oboemuebles.com\/en\/producto\/criket-varaschin-criketvaraschin2585\/#breadcrumb\"},\"inLanguage\":\"en-US\",\"potentialAction\":[{\"@type\":\"ReadAction\",\"target\":[\"https:\/\/pre.oboemuebles.com\/en\/producto\/criket-varaschin-criketvaraschin2585\/\"]}]},{\"@type\":\"ImageObject\",\"inLanguage\":\"en-US\",\"@id\":\"https:\/\/pre.oboemuebles.com\/en\/producto\/criket-varaschin-criketvaraschin2585\/#primaryimage\",\"url\":\"https:\/\/pre.oboemuebles.com\/wp-content\/uploads\/2020\/09\/VARASCHIN-CRIKET-1.jpg\",\"contentUrl\":\"https:\/\/pre.oboemuebles.com\/wp-content\/uploads\/2020\/09\/VARASCHIN-CRIKET-1.jpg\",\"width\":900,\"height\":900},{\"@type\":\"BreadcrumbList\",\"@id\":\"https:\/\/pre.oboemuebles.com\/en\/producto\/criket-varaschin-criketvaraschin2585\/#breadcrumb\",\"itemListElement\":[{\"@type\":\"ListItem\",\"position\":1,\"name\":\"Portada\",\"item\":\"https:\/\/pre.oboemuebles.com\/en\/\"},{\"@type\":\"ListItem\",\"position\":2,\"name\":\"default shop\",\"item\":\"https:\/\/pre.oboemuebles.com\/shop\/default-shop\/\"},{\"@type\":\"ListItem\",\"position\":3,\"name\":\"CRIKET\"}]},{\"@type\":\"WebSite\",\"@id\":\"https:\/\/pre.oboemuebles.com\/en\/#website\",\"url\":\"https:\/\/pre.oboemuebles.com\/en\/\",\"name\":\"OBOE - Furniture store and designer kitchens in Malaga and Marbella\",\"description\":\"Modern furniture, high quality kitchens and decoration in Malaga and Marbella\",\"potentialAction\":[{\"@type\":\"SearchAction\",\"target\":{\"@type\":\"EntryPoint\",\"urlTemplate\":\"https:\/\/pre.oboemuebles.com\/en\/?s={search_term_string}\"},\"query-input\":\"required name=search_term_string\"}],\"inLanguage\":\"en-US\"}]}<\/script>\n<!-- \/ Yoast SEO plugin. -->","yoast_head_json":{"title":"CRIKET by VARASCHIN","description":"COMPONENTES ESTRUCTURALES SILL\u00d3N CON MARCO DE ALUMINIO REVESTIDO EN POLVO Y TEJIDO DE FIBRA SINT\u00c9TICA CON POLI\u00c9STER EN EL INTERIOR. GORRA D\u2026","robots":{"index":"noindex","follow":"follow","max-snippet":"max-snippet:-1","max-image-preview":"max-image-preview:large","max-video-preview":"max-video-preview:-1"},"og_locale":"en_US","og_type":"article","og_title":"CRIKET by VARASCHIN","og_description":"COMPONENTES ESTRUCTURALES SILL\u00d3N CON MARCO DE ALUMINIO REVESTIDO EN POLVO Y TEJIDO DE FIBRA SINT\u00c9TICA CON POLI\u00c9STER EN EL INTERIOR. GORRA D\u2026","og_url":"https:\/\/pre.oboemuebles.com\/en\/producto\/criket-varaschin-criketvaraschin2585\/","og_site_name":"OBOE - Furniture store and designer kitchens in Malaga and Marbella","article_modified_time":"2022-04-20T09:18:07+00:00","og_image":[{"width":900,"height":900,"url":"https:\/\/pre.oboemuebles.com\/wp-content\/uploads\/2020\/09\/VARASCHIN-CRIKET-1.jpg","type":"image\/jpeg"}],"twitter_card":"summary_large_image","schema":{"@context":"https:\/\/schema.org","@graph":[{"@type":"WebPage","@id":"https:\/\/pre.oboemuebles.com\/en\/producto\/criket-varaschin-criketvaraschin2585\/","url":"https:\/\/pre.oboemuebles.com\/en\/producto\/criket-varaschin-criketvaraschin2585\/","name":"CRIKET by VARASCHIN","isPartOf":{"@id":"https:\/\/pre.oboemuebles.com\/en\/#website"},"primaryImageOfPage":{"@id":"https:\/\/pre.oboemuebles.com\/en\/producto\/criket-varaschin-criketvaraschin2585\/#primaryimage"},"image":{"@id":"https:\/\/pre.oboemuebles.com\/en\/producto\/criket-varaschin-criketvaraschin2585\/#primaryimage"},"thumbnailUrl":"https:\/\/pre.oboemuebles.com\/wp-content\/uploads\/2020\/09\/VARASCHIN-CRIKET-1.jpg","datePublished":"2020-09-15T09:17:50+00:00","dateModified":"2022-04-20T09:18:07+00:00","description":"COMPONENTES ESTRUCTURALES SILL\u00d3N CON MARCO DE ALUMINIO REVESTIDO EN POLVO Y TEJIDO DE FIBRA SINT\u00c9TICA CON POLI\u00c9STER EN EL INTERIOR. GORRA D\u2026","breadcrumb":{"@id":"https:\/\/pre.oboemuebles.com\/en\/producto\/criket-varaschin-criketvaraschin2585\/#breadcrumb"},"inLanguage":"en-US","potentialAction":[{"@type":"ReadAction","target":["https:\/\/pre.oboemuebles.com\/en\/producto\/criket-varaschin-criketvaraschin2585\/"]}]},{"@type":"ImageObject","inLanguage":"en-US","@id":"https:\/\/pre.oboemuebles.com\/en\/producto\/criket-varaschin-criketvaraschin2585\/#primaryimage","url":"https:\/\/pre.oboemuebles.com\/wp-content\/uploads\/2020\/09\/VARASCHIN-CRIKET-1.jpg","contentUrl":"https:\/\/pre.oboemuebles.com\/wp-content\/uploads\/2020\/09\/VARASCHIN-CRIKET-1.jpg","width":900,"height":900},{"@type":"BreadcrumbList","@id":"https:\/\/pre.oboemuebles.com\/en\/producto\/criket-varaschin-criketvaraschin2585\/#breadcrumb","itemListElement":[{"@type":"ListItem","position":1,"name":"Portada","item":"https:\/\/pre.oboemuebles.com\/en\/"},{"@type":"ListItem","position":2,"name":"default shop","item":"https:\/\/pre.oboemuebles.com\/shop\/default-shop\/"},{"@type":"ListItem","position":3,"name":"CRIKET"}]},{"@type":"WebSite","@id":"https:\/\/pre.oboemuebles.com\/en\/#website","url":"https:\/\/pre.oboemuebles.com\/en\/","name":"OBOE - Furniture store and designer kitchens in Malaga and Marbella","description":"Modern furniture, high quality kitchens and decoration in Malaga and Marbella","potentialAction":[{"@type":"SearchAction","target":{"@type":"EntryPoint","urlTemplate":"https:\/\/pre.oboemuebles.com\/en\/?s={search_term_string}"},"query-input":"required name=search_term_string"}],"inLanguage":"en-US"}]}},"brands":[{"id":2145,"name":"Varaschin","slug":"varaschin"}],"_links":{"self":[{"href":"https:\/\/pre.oboemuebles.com\/en\/wp-json\/wp\/v2\/product\/93592"}],"collection":[{"href":"https:\/\/pre.oboemuebles.com\/en\/wp-json\/wp\/v2\/product"}],"about":[{"href":"https:\/\/pre.oboemuebles.com\/en\/wp-json\/wp\/v2\/types\/product"}],"wp:featuredmedia":[{"embeddable":true,"href":"https:\/\/pre.oboemuebles.com\/en\/wp-json\/wp\/v2\/media\/82146"}],"wp:attachment":[{"href":"https:\/\/pre.oboemuebles.com\/en\/wp-json\/wp\/v2\/media?parent=93592"}],"wp:term":[{"taxonomy":"pwb-brand","embeddable":true,"href":"https:\/\/pre.oboemuebles.com\/en\/wp-json\/wp\/v2\/pwb-brand?post=93592"},{"taxonomy":"product_cat","embeddable":true,"href":"https:\/\/pre.oboemuebles.com\/en\/wp-json\/wp\/v2\/product_cat?post=93592"},{"taxonomy":"product_tag","embeddable":true,"href":"https:\/\/pre.oboemuebles.com\/en\/wp-json\/wp\/v2\/product_tag?post=93592"}],"curies":[{"name":"wp","href":"https:\/\/api.w.org\/{rel}","templated":true}]}}