{"id":93598,"date":"2020-09-15T09:07:10","date_gmt":"2020-09-15T09:07:10","guid":{"rendered":"https:\/\/oboemuebles.com\/muebles-diseno-decoracion-malaga-marbella\/eclipse-aluminio-tribu-eclipsealutribu2194\/"},"modified":"2022-04-20T09:34:08","modified_gmt":"2022-04-20T09:34:08","slug":"eclipse-aluminio-tribu-eclipsealutribu2194","status":"publish","type":"product","link":"https:\/\/pre.oboemuebles.com\/en\/producto\/eclipse-aluminio-tribu-eclipsealutribu2194\/","title":{"rendered":"ECLIPSE ALUMINIO"},"content":{"rendered":"","protected":false},"excerpt":{"rendered":"<p>Eclipse parasols with aluminum poles provide the desired freshness and shade and set the mood for your garden or terrace. These design parasols are available in round, square, and rectangular models. Aluminum parasols are exceptionally light but, at the same time, very resistant and elegant. In addition, Sunbrella fabrics are weather resistant and available in the colors Natt\u00e9 white, Natt\u00e9 nature gray, and Natt\u00e9 weng\u00e9.<\/p>\n","protected":false},"featured_media":81424,"template":"","meta":{"content-type":""},"pwb-brand":[2144],"product_cat":[1271,1274,1284],"product_tag":[1416],"acf":[],"yoast_head":"<!-- This site is optimized with the Yoast SEO plugin v23.0 - https:\/\/yoast.com\/wordpress\/plugins\/seo\/ -->\n<title>ECLIPSE ALUMINIO by TRIBU<\/title>\n<meta name=\"description\" content=\"Diametro 350 - Cuadrada 300x300 - Cuadrada 350x350 ECLIPSE ALUMINIO de TRIBU por Tribu en Oboe Muebles.\u2026\" \/>\n<meta name=\"robots\" content=\"noindex, follow, max-snippet:-1, max-image-preview:large, max-video-preview:-1\" \/>\n<meta property=\"og:locale\" content=\"en_US\" \/>\n<meta property=\"og:type\" content=\"article\" \/>\n<meta property=\"og:title\" content=\"ECLIPSE ALUMINIO by TRIBU\" \/>\n<meta property=\"og:description\" content=\"Diametro 350 - Cuadrada 300x300 - Cuadrada 350x350 ECLIPSE ALUMINIO de TRIBU por Tribu en Oboe Muebles.\u2026\" \/>\n<meta property=\"og:url\" content=\"https:\/\/pre.oboemuebles.com\/en\/producto\/eclipse-aluminio-tribu-eclipsealutribu2194\/\" \/>\n<meta property=\"og:site_name\" content=\"OBOE - Furniture store and designer kitchens in Malaga and Marbella\" \/>\n<meta property=\"article:modified_time\" content=\"2022-04-20T09:34:08+00:00\" \/>\n<meta property=\"og:image\" content=\"https:\/\/pre.oboemuebles.com\/wp-content\/uploads\/2020\/09\/TRIBU-PARASOLES-ECLIPSEALU.jpg\" \/>\n\t<meta property=\"og:image:width\" content=\"900\" \/>\n\t<meta property=\"og:image:height\" content=\"900\" \/>\n\t<meta property=\"og:image:type\" content=\"image\/jpeg\" \/>\n<meta name=\"twitter:card\" content=\"summary_large_image\" \/>\n<script type=\"application\/ld+json\" class=\"yoast-schema-graph\">{\"@context\":\"https:\/\/schema.org\",\"@graph\":[{\"@type\":\"WebPage\",\"@id\":\"https:\/\/pre.oboemuebles.com\/en\/producto\/eclipse-aluminio-tribu-eclipsealutribu2194\/\",\"url\":\"https:\/\/pre.oboemuebles.com\/en\/producto\/eclipse-aluminio-tribu-eclipsealutribu2194\/\",\"name\":\"ECLIPSE ALUMINIO by TRIBU\",\"isPartOf\":{\"@id\":\"https:\/\/pre.oboemuebles.com\/en\/#website\"},\"primaryImageOfPage\":{\"@id\":\"https:\/\/pre.oboemuebles.com\/en\/producto\/eclipse-aluminio-tribu-eclipsealutribu2194\/#primaryimage\"},\"image\":{\"@id\":\"https:\/\/pre.oboemuebles.com\/en\/producto\/eclipse-aluminio-tribu-eclipsealutribu2194\/#primaryimage\"},\"thumbnailUrl\":\"https:\/\/pre.oboemuebles.com\/wp-content\/uploads\/2020\/09\/TRIBU-PARASOLES-ECLIPSEALU.jpg\",\"datePublished\":\"2020-09-15T09:07:10+00:00\",\"dateModified\":\"2022-04-20T09:34:08+00:00\",\"description\":\"Diametro 350 - Cuadrada 300x300 - Cuadrada 350x350 ECLIPSE ALUMINIO de TRIBU por Tribu en Oboe Muebles.\u2026\",\"breadcrumb\":{\"@id\":\"https:\/\/pre.oboemuebles.com\/en\/producto\/eclipse-aluminio-tribu-eclipsealutribu2194\/#breadcrumb\"},\"inLanguage\":\"en-US\",\"potentialAction\":[{\"@type\":\"ReadAction\",\"target\":[\"https:\/\/pre.oboemuebles.com\/en\/producto\/eclipse-aluminio-tribu-eclipsealutribu2194\/\"]}]},{\"@type\":\"ImageObject\",\"inLanguage\":\"en-US\",\"@id\":\"https:\/\/pre.oboemuebles.com\/en\/producto\/eclipse-aluminio-tribu-eclipsealutribu2194\/#primaryimage\",\"url\":\"https:\/\/pre.oboemuebles.com\/wp-content\/uploads\/2020\/09\/TRIBU-PARASOLES-ECLIPSEALU.jpg\",\"contentUrl\":\"https:\/\/pre.oboemuebles.com\/wp-content\/uploads\/2020\/09\/TRIBU-PARASOLES-ECLIPSEALU.jpg\",\"width\":900,\"height\":900},{\"@type\":\"BreadcrumbList\",\"@id\":\"https:\/\/pre.oboemuebles.com\/en\/producto\/eclipse-aluminio-tribu-eclipsealutribu2194\/#breadcrumb\",\"itemListElement\":[{\"@type\":\"ListItem\",\"position\":1,\"name\":\"Portada\",\"item\":\"https:\/\/pre.oboemuebles.com\/en\/\"},{\"@type\":\"ListItem\",\"position\":2,\"name\":\"default shop\",\"item\":\"https:\/\/pre.oboemuebles.com\/shop\/default-shop\/\"},{\"@type\":\"ListItem\",\"position\":3,\"name\":\"ECLIPSE ALUMINIO\"}]},{\"@type\":\"WebSite\",\"@id\":\"https:\/\/pre.oboemuebles.com\/en\/#website\",\"url\":\"https:\/\/pre.oboemuebles.com\/en\/\",\"name\":\"OBOE - Furniture store and designer kitchens in Malaga and Marbella\",\"description\":\"Modern furniture, high quality kitchens and decoration in Malaga and Marbella\",\"potentialAction\":[{\"@type\":\"SearchAction\",\"target\":{\"@type\":\"EntryPoint\",\"urlTemplate\":\"https:\/\/pre.oboemuebles.com\/en\/?s={search_term_string}\"},\"query-input\":\"required name=search_term_string\"}],\"inLanguage\":\"en-US\"}]}<\/script>\n<!-- \/ Yoast SEO plugin. -->","yoast_head_json":{"title":"ECLIPSE ALUMINIO by TRIBU","description":"Diametro 350 - Cuadrada 300x300 - Cuadrada 350x350 ECLIPSE ALUMINIO de TRIBU por Tribu en Oboe Muebles.\u2026","robots":{"index":"noindex","follow":"follow","max-snippet":"max-snippet:-1","max-image-preview":"max-image-preview:large","max-video-preview":"max-video-preview:-1"},"og_locale":"en_US","og_type":"article","og_title":"ECLIPSE ALUMINIO by TRIBU","og_description":"Diametro 350 - Cuadrada 300x300 - Cuadrada 350x350 ECLIPSE ALUMINIO de TRIBU por Tribu en Oboe Muebles.\u2026","og_url":"https:\/\/pre.oboemuebles.com\/en\/producto\/eclipse-aluminio-tribu-eclipsealutribu2194\/","og_site_name":"OBOE - Furniture store and designer kitchens in Malaga and Marbella","article_modified_time":"2022-04-20T09:34:08+00:00","og_image":[{"width":900,"height":900,"url":"https:\/\/pre.oboemuebles.com\/wp-content\/uploads\/2020\/09\/TRIBU-PARASOLES-ECLIPSEALU.jpg","type":"image\/jpeg"}],"twitter_card":"summary_large_image","schema":{"@context":"https:\/\/schema.org","@graph":[{"@type":"WebPage","@id":"https:\/\/pre.oboemuebles.com\/en\/producto\/eclipse-aluminio-tribu-eclipsealutribu2194\/","url":"https:\/\/pre.oboemuebles.com\/en\/producto\/eclipse-aluminio-tribu-eclipsealutribu2194\/","name":"ECLIPSE ALUMINIO by TRIBU","isPartOf":{"@id":"https:\/\/pre.oboemuebles.com\/en\/#website"},"primaryImageOfPage":{"@id":"https:\/\/pre.oboemuebles.com\/en\/producto\/eclipse-aluminio-tribu-eclipsealutribu2194\/#primaryimage"},"image":{"@id":"https:\/\/pre.oboemuebles.com\/en\/producto\/eclipse-aluminio-tribu-eclipsealutribu2194\/#primaryimage"},"thumbnailUrl":"https:\/\/pre.oboemuebles.com\/wp-content\/uploads\/2020\/09\/TRIBU-PARASOLES-ECLIPSEALU.jpg","datePublished":"2020-09-15T09:07:10+00:00","dateModified":"2022-04-20T09:34:08+00:00","description":"Diametro 350 - Cuadrada 300x300 - Cuadrada 350x350 ECLIPSE ALUMINIO de TRIBU por Tribu en Oboe Muebles.\u2026","breadcrumb":{"@id":"https:\/\/pre.oboemuebles.com\/en\/producto\/eclipse-aluminio-tribu-eclipsealutribu2194\/#breadcrumb"},"inLanguage":"en-US","potentialAction":[{"@type":"ReadAction","target":["https:\/\/pre.oboemuebles.com\/en\/producto\/eclipse-aluminio-tribu-eclipsealutribu2194\/"]}]},{"@type":"ImageObject","inLanguage":"en-US","@id":"https:\/\/pre.oboemuebles.com\/en\/producto\/eclipse-aluminio-tribu-eclipsealutribu2194\/#primaryimage","url":"https:\/\/pre.oboemuebles.com\/wp-content\/uploads\/2020\/09\/TRIBU-PARASOLES-ECLIPSEALU.jpg","contentUrl":"https:\/\/pre.oboemuebles.com\/wp-content\/uploads\/2020\/09\/TRIBU-PARASOLES-ECLIPSEALU.jpg","width":900,"height":900},{"@type":"BreadcrumbList","@id":"https:\/\/pre.oboemuebles.com\/en\/producto\/eclipse-aluminio-tribu-eclipsealutribu2194\/#breadcrumb","itemListElement":[{"@type":"ListItem","position":1,"name":"Portada","item":"https:\/\/pre.oboemuebles.com\/en\/"},{"@type":"ListItem","position":2,"name":"default shop","item":"https:\/\/pre.oboemuebles.com\/shop\/default-shop\/"},{"@type":"ListItem","position":3,"name":"ECLIPSE ALUMINIO"}]},{"@type":"WebSite","@id":"https:\/\/pre.oboemuebles.com\/en\/#website","url":"https:\/\/pre.oboemuebles.com\/en\/","name":"OBOE - Furniture store and designer kitchens in Malaga and Marbella","description":"Modern furniture, high quality kitchens and decoration in Malaga and Marbella","potentialAction":[{"@type":"SearchAction","target":{"@type":"EntryPoint","urlTemplate":"https:\/\/pre.oboemuebles.com\/en\/?s={search_term_string}"},"query-input":"required name=search_term_string"}],"inLanguage":"en-US"}]}},"brands":[{"id":2144,"name":"Tribu","slug":"tribu"}],"_links":{"self":[{"href":"https:\/\/pre.oboemuebles.com\/en\/wp-json\/wp\/v2\/product\/93598"}],"collection":[{"href":"https:\/\/pre.oboemuebles.com\/en\/wp-json\/wp\/v2\/product"}],"about":[{"href":"https:\/\/pre.oboemuebles.com\/en\/wp-json\/wp\/v2\/types\/product"}],"wp:featuredmedia":[{"embeddable":true,"href":"https:\/\/pre.oboemuebles.com\/en\/wp-json\/wp\/v2\/media\/81424"}],"wp:attachment":[{"href":"https:\/\/pre.oboemuebles.com\/en\/wp-json\/wp\/v2\/media?parent=93598"}],"wp:term":[{"taxonomy":"pwb-brand","embeddable":true,"href":"https:\/\/pre.oboemuebles.com\/en\/wp-json\/wp\/v2\/pwb-brand?post=93598"},{"taxonomy":"product_cat","embeddable":true,"href":"https:\/\/pre.oboemuebles.com\/en\/wp-json\/wp\/v2\/product_cat?post=93598"},{"taxonomy":"product_tag","embeddable":true,"href":"https:\/\/pre.oboemuebles.com\/en\/wp-json\/wp\/v2\/product_tag?post=93598"}],"curies":[{"name":"wp","href":"https:\/\/api.w.org\/{rel}","templated":true}]}}