{"id":93609,"date":"2020-09-15T09:06:59","date_gmt":"2020-09-15T09:06:59","guid":{"rendered":"https:\/\/oboemuebles.com\/muebles-diseno-decoracion-malaga-marbella\/madame-cachet-colgante-tribu-cachetcolgantetribu2179\/"},"modified":"2022-04-20T10:19:29","modified_gmt":"2022-04-20T10:19:29","slug":"madame-cachet-colgante-tribu-cachetcolgantetribu2179","status":"publish","type":"product","link":"https:\/\/pre.oboemuebles.com\/en\/producto\/madame-cachet-colgante-tribu-cachetcolgantetribu2179\/","title":{"rendered":"MADAME CACHET COLGANTE"},"content":{"rendered":"<p>Monsieur Tricot is an outdoor lighting collection with a distinctive knit and crochet fabric. Belgian designer Ilia Eckardt grew up immersed in the Belgian fashion scene, experimenting with innovative knitting and waterproof rope techniques. Her knitted pendant lamps Madame Latoque, Madame Cachet and Monsieur Ellipse and her hand-crocheted lamp, Monsieur Lebonnet, add a warm glow and cast beautiful shadows. Hang useful lamps for easy impact or group various sizes and fabrics together to create a magical effect.<\/p>\n","protected":false},"excerpt":{"rendered":"<p>Available in three sizes &#8211; 30 &#8211; 40 &#8211; 50 &#8211; The Monsieur Tricot outdoor lighting collection is CE certified, which means that it can be distributed in the 28 member states of the EU, the EFTA countries (Iceland, Norway, and Liechtenstein), Macedonia, Serbia, and Montenegro.<\/p>\n","protected":false},"featured_media":81138,"template":"","meta":{"content-type":""},"pwb-brand":[2144],"product_cat":[1109,1284,1292],"product_tag":[1420],"acf":[],"yoast_head":"<!-- This site is optimized with the Yoast SEO plugin v23.0 - https:\/\/yoast.com\/wordpress\/plugins\/seo\/ -->\n<title>MADAME CACHET COLGANTE by TRIBU<\/title>\n<meta name=\"description\" content=\"Disponible en tres medidas - 30 - 40 - 50 - La colecci\u00f3n de iluminaci\u00f3n de exteriores Monsieur Tricot dispone de la certificaci\u00f3n CE, lo que\u2026\" \/>\n<meta name=\"robots\" content=\"noindex, follow, max-snippet:-1, max-image-preview:large, max-video-preview:-1\" \/>\n<meta property=\"og:locale\" content=\"en_US\" \/>\n<meta property=\"og:type\" content=\"article\" \/>\n<meta property=\"og:title\" content=\"MADAME CACHET COLGANTE by TRIBU\" \/>\n<meta property=\"og:description\" content=\"Disponible en tres medidas - 30 - 40 - 50 - La colecci\u00f3n de iluminaci\u00f3n de exteriores Monsieur Tricot dispone de la certificaci\u00f3n CE, lo que\u2026\" \/>\n<meta property=\"og:url\" content=\"https:\/\/pre.oboemuebles.com\/en\/producto\/madame-cachet-colgante-tribu-cachetcolgantetribu2179\/\" \/>\n<meta property=\"og:site_name\" content=\"OBOE - Furniture store and designer kitchens in Malaga and Marbella\" \/>\n<meta property=\"article:modified_time\" content=\"2022-04-20T10:19:29+00:00\" \/>\n<meta property=\"og:image\" content=\"https:\/\/pre.oboemuebles.com\/wp-content\/uploads\/2020\/09\/TRIBU-ILUMINACION-MONSIEUR-TRICOT-MADAME-CACHET-MONSIEUR-TRICOT-HANGING-LAMPS-5.jpg\" \/>\n\t<meta property=\"og:image:width\" content=\"900\" \/>\n\t<meta property=\"og:image:height\" content=\"900\" \/>\n\t<meta property=\"og:image:type\" content=\"image\/jpeg\" \/>\n<meta name=\"twitter:card\" content=\"summary_large_image\" \/>\n<meta name=\"twitter:label1\" content=\"Est. reading time\" \/>\n\t<meta name=\"twitter:data1\" content=\"1 minute\" \/>\n<script type=\"application\/ld+json\" class=\"yoast-schema-graph\">{\"@context\":\"https:\/\/schema.org\",\"@graph\":[{\"@type\":\"WebPage\",\"@id\":\"https:\/\/pre.oboemuebles.com\/en\/producto\/madame-cachet-colgante-tribu-cachetcolgantetribu2179\/\",\"url\":\"https:\/\/pre.oboemuebles.com\/en\/producto\/madame-cachet-colgante-tribu-cachetcolgantetribu2179\/\",\"name\":\"MADAME CACHET COLGANTE by TRIBU\",\"isPartOf\":{\"@id\":\"https:\/\/pre.oboemuebles.com\/en\/#website\"},\"primaryImageOfPage\":{\"@id\":\"https:\/\/pre.oboemuebles.com\/en\/producto\/madame-cachet-colgante-tribu-cachetcolgantetribu2179\/#primaryimage\"},\"image\":{\"@id\":\"https:\/\/pre.oboemuebles.com\/en\/producto\/madame-cachet-colgante-tribu-cachetcolgantetribu2179\/#primaryimage\"},\"thumbnailUrl\":\"https:\/\/pre.oboemuebles.com\/wp-content\/uploads\/2020\/09\/TRIBU-ILUMINACION-MONSIEUR-TRICOT-MADAME-CACHET-MONSIEUR-TRICOT-HANGING-LAMPS-5.jpg\",\"datePublished\":\"2020-09-15T09:06:59+00:00\",\"dateModified\":\"2022-04-20T10:19:29+00:00\",\"description\":\"Disponible en tres medidas - 30 - 40 - 50 - La colecci\u00f3n de iluminaci\u00f3n de exteriores Monsieur Tricot dispone de la certificaci\u00f3n CE, lo que\u2026\",\"breadcrumb\":{\"@id\":\"https:\/\/pre.oboemuebles.com\/en\/producto\/madame-cachet-colgante-tribu-cachetcolgantetribu2179\/#breadcrumb\"},\"inLanguage\":\"en-US\",\"potentialAction\":[{\"@type\":\"ReadAction\",\"target\":[\"https:\/\/pre.oboemuebles.com\/en\/producto\/madame-cachet-colgante-tribu-cachetcolgantetribu2179\/\"]}]},{\"@type\":\"ImageObject\",\"inLanguage\":\"en-US\",\"@id\":\"https:\/\/pre.oboemuebles.com\/en\/producto\/madame-cachet-colgante-tribu-cachetcolgantetribu2179\/#primaryimage\",\"url\":\"https:\/\/pre.oboemuebles.com\/wp-content\/uploads\/2020\/09\/TRIBU-ILUMINACION-MONSIEUR-TRICOT-MADAME-CACHET-MONSIEUR-TRICOT-HANGING-LAMPS-5.jpg\",\"contentUrl\":\"https:\/\/pre.oboemuebles.com\/wp-content\/uploads\/2020\/09\/TRIBU-ILUMINACION-MONSIEUR-TRICOT-MADAME-CACHET-MONSIEUR-TRICOT-HANGING-LAMPS-5.jpg\",\"width\":900,\"height\":900},{\"@type\":\"BreadcrumbList\",\"@id\":\"https:\/\/pre.oboemuebles.com\/en\/producto\/madame-cachet-colgante-tribu-cachetcolgantetribu2179\/#breadcrumb\",\"itemListElement\":[{\"@type\":\"ListItem\",\"position\":1,\"name\":\"Portada\",\"item\":\"https:\/\/pre.oboemuebles.com\/en\/\"},{\"@type\":\"ListItem\",\"position\":2,\"name\":\"default shop\",\"item\":\"https:\/\/pre.oboemuebles.com\/shop\/default-shop\/\"},{\"@type\":\"ListItem\",\"position\":3,\"name\":\"MADAME CACHET COLGANTE\"}]},{\"@type\":\"WebSite\",\"@id\":\"https:\/\/pre.oboemuebles.com\/en\/#website\",\"url\":\"https:\/\/pre.oboemuebles.com\/en\/\",\"name\":\"OBOE - Furniture store and designer kitchens in Malaga and Marbella\",\"description\":\"Modern furniture, high quality kitchens and decoration in Malaga and Marbella\",\"potentialAction\":[{\"@type\":\"SearchAction\",\"target\":{\"@type\":\"EntryPoint\",\"urlTemplate\":\"https:\/\/pre.oboemuebles.com\/en\/?s={search_term_string}\"},\"query-input\":\"required name=search_term_string\"}],\"inLanguage\":\"en-US\"}]}<\/script>\n<!-- \/ Yoast SEO plugin. -->","yoast_head_json":{"title":"MADAME CACHET COLGANTE by TRIBU","description":"Disponible en tres medidas - 30 - 40 - 50 - La colecci\u00f3n de iluminaci\u00f3n de exteriores Monsieur Tricot dispone de la certificaci\u00f3n CE, lo que\u2026","robots":{"index":"noindex","follow":"follow","max-snippet":"max-snippet:-1","max-image-preview":"max-image-preview:large","max-video-preview":"max-video-preview:-1"},"og_locale":"en_US","og_type":"article","og_title":"MADAME CACHET COLGANTE by TRIBU","og_description":"Disponible en tres medidas - 30 - 40 - 50 - La colecci\u00f3n de iluminaci\u00f3n de exteriores Monsieur Tricot dispone de la certificaci\u00f3n CE, lo que\u2026","og_url":"https:\/\/pre.oboemuebles.com\/en\/producto\/madame-cachet-colgante-tribu-cachetcolgantetribu2179\/","og_site_name":"OBOE - Furniture store and designer kitchens in Malaga and Marbella","article_modified_time":"2022-04-20T10:19:29+00:00","og_image":[{"width":900,"height":900,"url":"https:\/\/pre.oboemuebles.com\/wp-content\/uploads\/2020\/09\/TRIBU-ILUMINACION-MONSIEUR-TRICOT-MADAME-CACHET-MONSIEUR-TRICOT-HANGING-LAMPS-5.jpg","type":"image\/jpeg"}],"twitter_card":"summary_large_image","twitter_misc":{"Est. reading time":"1 minute"},"schema":{"@context":"https:\/\/schema.org","@graph":[{"@type":"WebPage","@id":"https:\/\/pre.oboemuebles.com\/en\/producto\/madame-cachet-colgante-tribu-cachetcolgantetribu2179\/","url":"https:\/\/pre.oboemuebles.com\/en\/producto\/madame-cachet-colgante-tribu-cachetcolgantetribu2179\/","name":"MADAME CACHET COLGANTE by TRIBU","isPartOf":{"@id":"https:\/\/pre.oboemuebles.com\/en\/#website"},"primaryImageOfPage":{"@id":"https:\/\/pre.oboemuebles.com\/en\/producto\/madame-cachet-colgante-tribu-cachetcolgantetribu2179\/#primaryimage"},"image":{"@id":"https:\/\/pre.oboemuebles.com\/en\/producto\/madame-cachet-colgante-tribu-cachetcolgantetribu2179\/#primaryimage"},"thumbnailUrl":"https:\/\/pre.oboemuebles.com\/wp-content\/uploads\/2020\/09\/TRIBU-ILUMINACION-MONSIEUR-TRICOT-MADAME-CACHET-MONSIEUR-TRICOT-HANGING-LAMPS-5.jpg","datePublished":"2020-09-15T09:06:59+00:00","dateModified":"2022-04-20T10:19:29+00:00","description":"Disponible en tres medidas - 30 - 40 - 50 - La colecci\u00f3n de iluminaci\u00f3n de exteriores Monsieur Tricot dispone de la certificaci\u00f3n CE, lo que\u2026","breadcrumb":{"@id":"https:\/\/pre.oboemuebles.com\/en\/producto\/madame-cachet-colgante-tribu-cachetcolgantetribu2179\/#breadcrumb"},"inLanguage":"en-US","potentialAction":[{"@type":"ReadAction","target":["https:\/\/pre.oboemuebles.com\/en\/producto\/madame-cachet-colgante-tribu-cachetcolgantetribu2179\/"]}]},{"@type":"ImageObject","inLanguage":"en-US","@id":"https:\/\/pre.oboemuebles.com\/en\/producto\/madame-cachet-colgante-tribu-cachetcolgantetribu2179\/#primaryimage","url":"https:\/\/pre.oboemuebles.com\/wp-content\/uploads\/2020\/09\/TRIBU-ILUMINACION-MONSIEUR-TRICOT-MADAME-CACHET-MONSIEUR-TRICOT-HANGING-LAMPS-5.jpg","contentUrl":"https:\/\/pre.oboemuebles.com\/wp-content\/uploads\/2020\/09\/TRIBU-ILUMINACION-MONSIEUR-TRICOT-MADAME-CACHET-MONSIEUR-TRICOT-HANGING-LAMPS-5.jpg","width":900,"height":900},{"@type":"BreadcrumbList","@id":"https:\/\/pre.oboemuebles.com\/en\/producto\/madame-cachet-colgante-tribu-cachetcolgantetribu2179\/#breadcrumb","itemListElement":[{"@type":"ListItem","position":1,"name":"Portada","item":"https:\/\/pre.oboemuebles.com\/en\/"},{"@type":"ListItem","position":2,"name":"default shop","item":"https:\/\/pre.oboemuebles.com\/shop\/default-shop\/"},{"@type":"ListItem","position":3,"name":"MADAME CACHET COLGANTE"}]},{"@type":"WebSite","@id":"https:\/\/pre.oboemuebles.com\/en\/#website","url":"https:\/\/pre.oboemuebles.com\/en\/","name":"OBOE - Furniture store and designer kitchens in Malaga and Marbella","description":"Modern furniture, high quality kitchens and decoration in Malaga and Marbella","potentialAction":[{"@type":"SearchAction","target":{"@type":"EntryPoint","urlTemplate":"https:\/\/pre.oboemuebles.com\/en\/?s={search_term_string}"},"query-input":"required name=search_term_string"}],"inLanguage":"en-US"}]}},"brands":[{"id":2144,"name":"Tribu","slug":"tribu"}],"_links":{"self":[{"href":"https:\/\/pre.oboemuebles.com\/en\/wp-json\/wp\/v2\/product\/93609"}],"collection":[{"href":"https:\/\/pre.oboemuebles.com\/en\/wp-json\/wp\/v2\/product"}],"about":[{"href":"https:\/\/pre.oboemuebles.com\/en\/wp-json\/wp\/v2\/types\/product"}],"wp:featuredmedia":[{"embeddable":true,"href":"https:\/\/pre.oboemuebles.com\/en\/wp-json\/wp\/v2\/media\/81138"}],"wp:attachment":[{"href":"https:\/\/pre.oboemuebles.com\/en\/wp-json\/wp\/v2\/media?parent=93609"}],"wp:term":[{"taxonomy":"pwb-brand","embeddable":true,"href":"https:\/\/pre.oboemuebles.com\/en\/wp-json\/wp\/v2\/pwb-brand?post=93609"},{"taxonomy":"product_cat","embeddable":true,"href":"https:\/\/pre.oboemuebles.com\/en\/wp-json\/wp\/v2\/product_cat?post=93609"},{"taxonomy":"product_tag","embeddable":true,"href":"https:\/\/pre.oboemuebles.com\/en\/wp-json\/wp\/v2\/product_tag?post=93609"}],"curies":[{"name":"wp","href":"https:\/\/api.w.org\/{rel}","templated":true}]}}