{"id":93633,"date":"2020-09-15T09:06:46","date_gmt":"2020-09-15T09:06:46","guid":{"rendered":"https:\/\/oboemuebles.com\/muebles-diseno-decoracion-malaga-marbella\/pavilion-daybed-tribu-paviliontribu2105\/"},"modified":"2022-04-20T11:11:08","modified_gmt":"2022-04-20T11:11:08","slug":"pavilion-daybed-tribu-paviliontribu2105","status":"publish","type":"product","link":"https:\/\/pre.oboemuebles.com\/en\/producto\/pavilion-daybed-tribu-paviliontribu2105\/","title":{"rendered":"PAVILION DAYBED"},"content":{"rendered":"<p>Monica Armani modernizes the classic four-poster bed, illuminating a geometric silhouette in powder-coated aluminum. In addition, the sofa bed can be fully configured to your liking. So, for example, you can choose the back panel and cover in aluminum or teak wood slats or in Sunvision sliding fabric, a type of patented fabric that filters the sun&#8217;s rays without blocking light.<\/p>\n","protected":false},"excerpt":{"rendered":"<p>The armor is available in two colors; You can complement the seat in Batyline with two comfortable pillows, also exterior, resistant to rain and UV rays. A practical table and transparent curtains complete the set.<\/p>\n","protected":false},"featured_media":71900,"template":"","meta":{"content-type":""},"pwb-brand":[2144],"product_cat":[1268,1271,1284],"product_tag":[1327],"acf":[],"yoast_head":"<!-- This site is optimized with the Yoast SEO plugin v23.0 - https:\/\/yoast.com\/wordpress\/plugins\/seo\/ -->\n<title>PAVILION DAYBED by Tribu<\/title>\n<meta name=\"description\" content=\"La armadura est\u00e1 disponible en dos colores; tambi\u00e9n puede complementar el asiento en Batyline con dos c\u00f3modas almohadas exteriores resistent\u2026\" \/>\n<meta name=\"robots\" content=\"noindex, follow, max-snippet:-1, max-image-preview:large, max-video-preview:-1\" \/>\n<meta property=\"og:locale\" content=\"en_US\" \/>\n<meta property=\"og:type\" content=\"article\" \/>\n<meta property=\"og:title\" content=\"PAVILION DAYBED by Tribu\" \/>\n<meta property=\"og:description\" content=\"La armadura est\u00e1 disponible en dos colores; tambi\u00e9n puede complementar el asiento en Batyline con dos c\u00f3modas almohadas exteriores resistent\u2026\" \/>\n<meta property=\"og:url\" content=\"https:\/\/pre.oboemuebles.com\/en\/producto\/pavilion-daybed-tribu-paviliontribu2105\/\" \/>\n<meta property=\"og:site_name\" content=\"OBOE - Furniture store and designer kitchens in Malaga and Marbella\" \/>\n<meta property=\"article:modified_time\" content=\"2022-04-20T11:11:08+00:00\" \/>\n<meta property=\"og:image\" content=\"https:\/\/pre.oboemuebles.com\/wp-content\/uploads\/2020\/09\/KETTAL-PAVILIONS-1.jpg\" \/>\n\t<meta property=\"og:image:width\" content=\"900\" \/>\n\t<meta property=\"og:image:height\" content=\"900\" \/>\n\t<meta property=\"og:image:type\" content=\"image\/jpeg\" \/>\n<meta name=\"twitter:card\" content=\"summary_large_image\" \/>\n<meta name=\"twitter:label1\" content=\"Est. reading time\" \/>\n\t<meta name=\"twitter:data1\" content=\"1 minute\" \/>\n<script type=\"application\/ld+json\" class=\"yoast-schema-graph\">{\"@context\":\"https:\/\/schema.org\",\"@graph\":[{\"@type\":\"WebPage\",\"@id\":\"https:\/\/pre.oboemuebles.com\/en\/producto\/pavilion-daybed-tribu-paviliontribu2105\/\",\"url\":\"https:\/\/pre.oboemuebles.com\/en\/producto\/pavilion-daybed-tribu-paviliontribu2105\/\",\"name\":\"PAVILION DAYBED by Tribu\",\"isPartOf\":{\"@id\":\"https:\/\/pre.oboemuebles.com\/en\/#website\"},\"primaryImageOfPage\":{\"@id\":\"https:\/\/pre.oboemuebles.com\/en\/producto\/pavilion-daybed-tribu-paviliontribu2105\/#primaryimage\"},\"image\":{\"@id\":\"https:\/\/pre.oboemuebles.com\/en\/producto\/pavilion-daybed-tribu-paviliontribu2105\/#primaryimage\"},\"thumbnailUrl\":\"https:\/\/pre.oboemuebles.com\/wp-content\/uploads\/2020\/09\/KETTAL-PAVILIONS-1.jpg\",\"datePublished\":\"2020-09-15T09:06:46+00:00\",\"dateModified\":\"2022-04-20T11:11:08+00:00\",\"description\":\"La armadura est\u00e1 disponible en dos colores; tambi\u00e9n puede complementar el asiento en Batyline con dos c\u00f3modas almohadas exteriores resistent\u2026\",\"breadcrumb\":{\"@id\":\"https:\/\/pre.oboemuebles.com\/en\/producto\/pavilion-daybed-tribu-paviliontribu2105\/#breadcrumb\"},\"inLanguage\":\"en-US\",\"potentialAction\":[{\"@type\":\"ReadAction\",\"target\":[\"https:\/\/pre.oboemuebles.com\/en\/producto\/pavilion-daybed-tribu-paviliontribu2105\/\"]}]},{\"@type\":\"ImageObject\",\"inLanguage\":\"en-US\",\"@id\":\"https:\/\/pre.oboemuebles.com\/en\/producto\/pavilion-daybed-tribu-paviliontribu2105\/#primaryimage\",\"url\":\"https:\/\/pre.oboemuebles.com\/wp-content\/uploads\/2020\/09\/KETTAL-PAVILIONS-1.jpg\",\"contentUrl\":\"https:\/\/pre.oboemuebles.com\/wp-content\/uploads\/2020\/09\/KETTAL-PAVILIONS-1.jpg\",\"width\":900,\"height\":900},{\"@type\":\"BreadcrumbList\",\"@id\":\"https:\/\/pre.oboemuebles.com\/en\/producto\/pavilion-daybed-tribu-paviliontribu2105\/#breadcrumb\",\"itemListElement\":[{\"@type\":\"ListItem\",\"position\":1,\"name\":\"Portada\",\"item\":\"https:\/\/pre.oboemuebles.com\/en\/\"},{\"@type\":\"ListItem\",\"position\":2,\"name\":\"default shop\",\"item\":\"https:\/\/pre.oboemuebles.com\/shop\/default-shop\/\"},{\"@type\":\"ListItem\",\"position\":3,\"name\":\"PAVILION DAYBED\"}]},{\"@type\":\"WebSite\",\"@id\":\"https:\/\/pre.oboemuebles.com\/en\/#website\",\"url\":\"https:\/\/pre.oboemuebles.com\/en\/\",\"name\":\"OBOE - Furniture store and designer kitchens in Malaga and Marbella\",\"description\":\"Modern furniture, high quality kitchens and decoration in Malaga and Marbella\",\"potentialAction\":[{\"@type\":\"SearchAction\",\"target\":{\"@type\":\"EntryPoint\",\"urlTemplate\":\"https:\/\/pre.oboemuebles.com\/en\/?s={search_term_string}\"},\"query-input\":\"required name=search_term_string\"}],\"inLanguage\":\"en-US\"}]}<\/script>\n<!-- \/ Yoast SEO plugin. -->","yoast_head_json":{"title":"PAVILION DAYBED by Tribu","description":"La armadura est\u00e1 disponible en dos colores; tambi\u00e9n puede complementar el asiento en Batyline con dos c\u00f3modas almohadas exteriores resistent\u2026","robots":{"index":"noindex","follow":"follow","max-snippet":"max-snippet:-1","max-image-preview":"max-image-preview:large","max-video-preview":"max-video-preview:-1"},"og_locale":"en_US","og_type":"article","og_title":"PAVILION DAYBED by Tribu","og_description":"La armadura est\u00e1 disponible en dos colores; tambi\u00e9n puede complementar el asiento en Batyline con dos c\u00f3modas almohadas exteriores resistent\u2026","og_url":"https:\/\/pre.oboemuebles.com\/en\/producto\/pavilion-daybed-tribu-paviliontribu2105\/","og_site_name":"OBOE - Furniture store and designer kitchens in Malaga and Marbella","article_modified_time":"2022-04-20T11:11:08+00:00","og_image":[{"width":900,"height":900,"url":"https:\/\/pre.oboemuebles.com\/wp-content\/uploads\/2020\/09\/KETTAL-PAVILIONS-1.jpg","type":"image\/jpeg"}],"twitter_card":"summary_large_image","twitter_misc":{"Est. reading time":"1 minute"},"schema":{"@context":"https:\/\/schema.org","@graph":[{"@type":"WebPage","@id":"https:\/\/pre.oboemuebles.com\/en\/producto\/pavilion-daybed-tribu-paviliontribu2105\/","url":"https:\/\/pre.oboemuebles.com\/en\/producto\/pavilion-daybed-tribu-paviliontribu2105\/","name":"PAVILION DAYBED by Tribu","isPartOf":{"@id":"https:\/\/pre.oboemuebles.com\/en\/#website"},"primaryImageOfPage":{"@id":"https:\/\/pre.oboemuebles.com\/en\/producto\/pavilion-daybed-tribu-paviliontribu2105\/#primaryimage"},"image":{"@id":"https:\/\/pre.oboemuebles.com\/en\/producto\/pavilion-daybed-tribu-paviliontribu2105\/#primaryimage"},"thumbnailUrl":"https:\/\/pre.oboemuebles.com\/wp-content\/uploads\/2020\/09\/KETTAL-PAVILIONS-1.jpg","datePublished":"2020-09-15T09:06:46+00:00","dateModified":"2022-04-20T11:11:08+00:00","description":"La armadura est\u00e1 disponible en dos colores; tambi\u00e9n puede complementar el asiento en Batyline con dos c\u00f3modas almohadas exteriores resistent\u2026","breadcrumb":{"@id":"https:\/\/pre.oboemuebles.com\/en\/producto\/pavilion-daybed-tribu-paviliontribu2105\/#breadcrumb"},"inLanguage":"en-US","potentialAction":[{"@type":"ReadAction","target":["https:\/\/pre.oboemuebles.com\/en\/producto\/pavilion-daybed-tribu-paviliontribu2105\/"]}]},{"@type":"ImageObject","inLanguage":"en-US","@id":"https:\/\/pre.oboemuebles.com\/en\/producto\/pavilion-daybed-tribu-paviliontribu2105\/#primaryimage","url":"https:\/\/pre.oboemuebles.com\/wp-content\/uploads\/2020\/09\/KETTAL-PAVILIONS-1.jpg","contentUrl":"https:\/\/pre.oboemuebles.com\/wp-content\/uploads\/2020\/09\/KETTAL-PAVILIONS-1.jpg","width":900,"height":900},{"@type":"BreadcrumbList","@id":"https:\/\/pre.oboemuebles.com\/en\/producto\/pavilion-daybed-tribu-paviliontribu2105\/#breadcrumb","itemListElement":[{"@type":"ListItem","position":1,"name":"Portada","item":"https:\/\/pre.oboemuebles.com\/en\/"},{"@type":"ListItem","position":2,"name":"default shop","item":"https:\/\/pre.oboemuebles.com\/shop\/default-shop\/"},{"@type":"ListItem","position":3,"name":"PAVILION DAYBED"}]},{"@type":"WebSite","@id":"https:\/\/pre.oboemuebles.com\/en\/#website","url":"https:\/\/pre.oboemuebles.com\/en\/","name":"OBOE - Furniture store and designer kitchens in Malaga and Marbella","description":"Modern furniture, high quality kitchens and decoration in Malaga and Marbella","potentialAction":[{"@type":"SearchAction","target":{"@type":"EntryPoint","urlTemplate":"https:\/\/pre.oboemuebles.com\/en\/?s={search_term_string}"},"query-input":"required name=search_term_string"}],"inLanguage":"en-US"}]}},"brands":[{"id":2144,"name":"Tribu","slug":"tribu"}],"_links":{"self":[{"href":"https:\/\/pre.oboemuebles.com\/en\/wp-json\/wp\/v2\/product\/93633"}],"collection":[{"href":"https:\/\/pre.oboemuebles.com\/en\/wp-json\/wp\/v2\/product"}],"about":[{"href":"https:\/\/pre.oboemuebles.com\/en\/wp-json\/wp\/v2\/types\/product"}],"wp:featuredmedia":[{"embeddable":true,"href":"https:\/\/pre.oboemuebles.com\/en\/wp-json\/wp\/v2\/media\/71900"}],"wp:attachment":[{"href":"https:\/\/pre.oboemuebles.com\/en\/wp-json\/wp\/v2\/media?parent=93633"}],"wp:term":[{"taxonomy":"pwb-brand","embeddable":true,"href":"https:\/\/pre.oboemuebles.com\/en\/wp-json\/wp\/v2\/pwb-brand?post=93633"},{"taxonomy":"product_cat","embeddable":true,"href":"https:\/\/pre.oboemuebles.com\/en\/wp-json\/wp\/v2\/product_cat?post=93633"},{"taxonomy":"product_tag","embeddable":true,"href":"https:\/\/pre.oboemuebles.com\/en\/wp-json\/wp\/v2\/product_tag?post=93633"}],"curies":[{"name":"wp","href":"https:\/\/api.w.org\/{rel}","templated":true}]}}