{"id":93647,"date":"2020-09-15T09:06:35","date_gmt":"2020-09-15T09:06:35","guid":{"rendered":"https:\/\/oboemuebles.com\/muebles-diseno-decoracion-malaga-marbella\/pure-light-tumbona-tribu-puretumbonatribu2097\/"},"modified":"2022-04-20T11:44:21","modified_gmt":"2022-04-20T11:44:21","slug":"pure-light-tumbona-tribu-puretumbonatribu2097","status":"publish","type":"product","link":"https:\/\/pre.oboemuebles.com\/en\/producto\/pure-light-tumbona-tribu-puretumbonatribu2097\/","title":{"rendered":"PURE LIGHT LOUNGER"},"content":{"rendered":"","protected":false},"excerpt":{"rendered":"<p>The Pure-Light lounger combines the beauty and natural look of teak with the ease of maintenance of Batyline. Therefore, it is ideal for swimming pools, beaches, spas, etc. In addition, thanks to its open structure, Batyline\u00ae dries quickly.<\/p>\n<p>Batyline\u00ae has a durable high tension and is dirt-repellent and UV-resistant. In addition, when it rains, it also prevents the damage caused by anti-fungal treatments.<\/p>\n","protected":false},"featured_media":81978,"template":"","meta":{"content-type":""},"pwb-brand":[2144],"product_cat":[1271,2039,1284],"product_tag":[1424],"acf":[],"yoast_head":"<!-- This site is optimized with the Yoast SEO plugin v23.0 - https:\/\/yoast.com\/wordpress\/plugins\/seo\/ -->\n<title>PURE LIGHT LOUNGER by Tribu<\/title>\n<meta name=\"description\" content=\"Batyline\u00ae tiene una alta tensi\u00f3n duradera, es repelente a la suciedad y resistente a los rayos UV. Adem\u00e1s, cuando llueve tambi\u00e9n evita los d\u2026\" \/>\n<meta name=\"robots\" content=\"noindex, follow, max-snippet:-1, max-image-preview:large, max-video-preview:-1\" \/>\n<meta property=\"og:locale\" content=\"en_US\" \/>\n<meta property=\"og:type\" content=\"article\" \/>\n<meta property=\"og:title\" content=\"PURE LIGHT LOUNGER by Tribu\" \/>\n<meta property=\"og:description\" content=\"Batyline\u00ae tiene una alta tensi\u00f3n duradera, es repelente a la suciedad y resistente a los rayos UV. Adem\u00e1s, cuando llueve tambi\u00e9n evita los d\u2026\" \/>\n<meta property=\"og:url\" content=\"https:\/\/pre.oboemuebles.com\/en\/producto\/pure-light-tumbona-tribu-puretumbonatribu2097\/\" \/>\n<meta property=\"og:site_name\" content=\"OBOE - Furniture store and designer kitchens in Malaga and Marbella\" \/>\n<meta property=\"article:modified_time\" content=\"2022-04-20T11:44:21+00:00\" \/>\n<meta property=\"og:image\" content=\"https:\/\/pre.oboemuebles.com\/wp-content\/uploads\/2020\/09\/TRIBU-TUMBONAS-PURETUMBONA.jpg\" \/>\n\t<meta property=\"og:image:width\" content=\"900\" \/>\n\t<meta property=\"og:image:height\" content=\"900\" \/>\n\t<meta property=\"og:image:type\" content=\"image\/jpeg\" \/>\n<meta name=\"twitter:card\" content=\"summary_large_image\" \/>\n<script type=\"application\/ld+json\" class=\"yoast-schema-graph\">{\"@context\":\"https:\/\/schema.org\",\"@graph\":[{\"@type\":\"WebPage\",\"@id\":\"https:\/\/pre.oboemuebles.com\/en\/producto\/pure-light-tumbona-tribu-puretumbonatribu2097\/\",\"url\":\"https:\/\/pre.oboemuebles.com\/en\/producto\/pure-light-tumbona-tribu-puretumbonatribu2097\/\",\"name\":\"PURE LIGHT LOUNGER by Tribu\",\"isPartOf\":{\"@id\":\"https:\/\/pre.oboemuebles.com\/en\/#website\"},\"primaryImageOfPage\":{\"@id\":\"https:\/\/pre.oboemuebles.com\/en\/producto\/pure-light-tumbona-tribu-puretumbonatribu2097\/#primaryimage\"},\"image\":{\"@id\":\"https:\/\/pre.oboemuebles.com\/en\/producto\/pure-light-tumbona-tribu-puretumbonatribu2097\/#primaryimage\"},\"thumbnailUrl\":\"https:\/\/pre.oboemuebles.com\/wp-content\/uploads\/2020\/09\/TRIBU-TUMBONAS-PURETUMBONA.jpg\",\"datePublished\":\"2020-09-15T09:06:35+00:00\",\"dateModified\":\"2022-04-20T11:44:21+00:00\",\"description\":\"Batyline\u00ae tiene una alta tensi\u00f3n duradera, es repelente a la suciedad y resistente a los rayos UV. Adem\u00e1s, cuando llueve tambi\u00e9n evita los d\u2026\",\"breadcrumb\":{\"@id\":\"https:\/\/pre.oboemuebles.com\/en\/producto\/pure-light-tumbona-tribu-puretumbonatribu2097\/#breadcrumb\"},\"inLanguage\":\"en-US\",\"potentialAction\":[{\"@type\":\"ReadAction\",\"target\":[\"https:\/\/pre.oboemuebles.com\/en\/producto\/pure-light-tumbona-tribu-puretumbonatribu2097\/\"]}]},{\"@type\":\"ImageObject\",\"inLanguage\":\"en-US\",\"@id\":\"https:\/\/pre.oboemuebles.com\/en\/producto\/pure-light-tumbona-tribu-puretumbonatribu2097\/#primaryimage\",\"url\":\"https:\/\/pre.oboemuebles.com\/wp-content\/uploads\/2020\/09\/TRIBU-TUMBONAS-PURETUMBONA.jpg\",\"contentUrl\":\"https:\/\/pre.oboemuebles.com\/wp-content\/uploads\/2020\/09\/TRIBU-TUMBONAS-PURETUMBONA.jpg\",\"width\":900,\"height\":900},{\"@type\":\"BreadcrumbList\",\"@id\":\"https:\/\/pre.oboemuebles.com\/en\/producto\/pure-light-tumbona-tribu-puretumbonatribu2097\/#breadcrumb\",\"itemListElement\":[{\"@type\":\"ListItem\",\"position\":1,\"name\":\"Portada\",\"item\":\"https:\/\/pre.oboemuebles.com\/en\/\"},{\"@type\":\"ListItem\",\"position\":2,\"name\":\"default shop\",\"item\":\"https:\/\/pre.oboemuebles.com\/shop\/default-shop\/\"},{\"@type\":\"ListItem\",\"position\":3,\"name\":\"PURE LIGHT LOUNGER\"}]},{\"@type\":\"WebSite\",\"@id\":\"https:\/\/pre.oboemuebles.com\/en\/#website\",\"url\":\"https:\/\/pre.oboemuebles.com\/en\/\",\"name\":\"OBOE - Furniture store and designer kitchens in Malaga and Marbella\",\"description\":\"Modern furniture, high quality kitchens and decoration in Malaga and Marbella\",\"potentialAction\":[{\"@type\":\"SearchAction\",\"target\":{\"@type\":\"EntryPoint\",\"urlTemplate\":\"https:\/\/pre.oboemuebles.com\/en\/?s={search_term_string}\"},\"query-input\":\"required name=search_term_string\"}],\"inLanguage\":\"en-US\"}]}<\/script>\n<!-- \/ Yoast SEO plugin. -->","yoast_head_json":{"title":"PURE LIGHT LOUNGER by Tribu","description":"Batyline\u00ae tiene una alta tensi\u00f3n duradera, es repelente a la suciedad y resistente a los rayos UV. Adem\u00e1s, cuando llueve tambi\u00e9n evita los d\u2026","robots":{"index":"noindex","follow":"follow","max-snippet":"max-snippet:-1","max-image-preview":"max-image-preview:large","max-video-preview":"max-video-preview:-1"},"og_locale":"en_US","og_type":"article","og_title":"PURE LIGHT LOUNGER by Tribu","og_description":"Batyline\u00ae tiene una alta tensi\u00f3n duradera, es repelente a la suciedad y resistente a los rayos UV. Adem\u00e1s, cuando llueve tambi\u00e9n evita los d\u2026","og_url":"https:\/\/pre.oboemuebles.com\/en\/producto\/pure-light-tumbona-tribu-puretumbonatribu2097\/","og_site_name":"OBOE - Furniture store and designer kitchens in Malaga and Marbella","article_modified_time":"2022-04-20T11:44:21+00:00","og_image":[{"width":900,"height":900,"url":"https:\/\/pre.oboemuebles.com\/wp-content\/uploads\/2020\/09\/TRIBU-TUMBONAS-PURETUMBONA.jpg","type":"image\/jpeg"}],"twitter_card":"summary_large_image","schema":{"@context":"https:\/\/schema.org","@graph":[{"@type":"WebPage","@id":"https:\/\/pre.oboemuebles.com\/en\/producto\/pure-light-tumbona-tribu-puretumbonatribu2097\/","url":"https:\/\/pre.oboemuebles.com\/en\/producto\/pure-light-tumbona-tribu-puretumbonatribu2097\/","name":"PURE LIGHT LOUNGER by Tribu","isPartOf":{"@id":"https:\/\/pre.oboemuebles.com\/en\/#website"},"primaryImageOfPage":{"@id":"https:\/\/pre.oboemuebles.com\/en\/producto\/pure-light-tumbona-tribu-puretumbonatribu2097\/#primaryimage"},"image":{"@id":"https:\/\/pre.oboemuebles.com\/en\/producto\/pure-light-tumbona-tribu-puretumbonatribu2097\/#primaryimage"},"thumbnailUrl":"https:\/\/pre.oboemuebles.com\/wp-content\/uploads\/2020\/09\/TRIBU-TUMBONAS-PURETUMBONA.jpg","datePublished":"2020-09-15T09:06:35+00:00","dateModified":"2022-04-20T11:44:21+00:00","description":"Batyline\u00ae tiene una alta tensi\u00f3n duradera, es repelente a la suciedad y resistente a los rayos UV. Adem\u00e1s, cuando llueve tambi\u00e9n evita los d\u2026","breadcrumb":{"@id":"https:\/\/pre.oboemuebles.com\/en\/producto\/pure-light-tumbona-tribu-puretumbonatribu2097\/#breadcrumb"},"inLanguage":"en-US","potentialAction":[{"@type":"ReadAction","target":["https:\/\/pre.oboemuebles.com\/en\/producto\/pure-light-tumbona-tribu-puretumbonatribu2097\/"]}]},{"@type":"ImageObject","inLanguage":"en-US","@id":"https:\/\/pre.oboemuebles.com\/en\/producto\/pure-light-tumbona-tribu-puretumbonatribu2097\/#primaryimage","url":"https:\/\/pre.oboemuebles.com\/wp-content\/uploads\/2020\/09\/TRIBU-TUMBONAS-PURETUMBONA.jpg","contentUrl":"https:\/\/pre.oboemuebles.com\/wp-content\/uploads\/2020\/09\/TRIBU-TUMBONAS-PURETUMBONA.jpg","width":900,"height":900},{"@type":"BreadcrumbList","@id":"https:\/\/pre.oboemuebles.com\/en\/producto\/pure-light-tumbona-tribu-puretumbonatribu2097\/#breadcrumb","itemListElement":[{"@type":"ListItem","position":1,"name":"Portada","item":"https:\/\/pre.oboemuebles.com\/en\/"},{"@type":"ListItem","position":2,"name":"default shop","item":"https:\/\/pre.oboemuebles.com\/shop\/default-shop\/"},{"@type":"ListItem","position":3,"name":"PURE LIGHT LOUNGER"}]},{"@type":"WebSite","@id":"https:\/\/pre.oboemuebles.com\/en\/#website","url":"https:\/\/pre.oboemuebles.com\/en\/","name":"OBOE - Furniture store and designer kitchens in Malaga and Marbella","description":"Modern furniture, high quality kitchens and decoration in Malaga and Marbella","potentialAction":[{"@type":"SearchAction","target":{"@type":"EntryPoint","urlTemplate":"https:\/\/pre.oboemuebles.com\/en\/?s={search_term_string}"},"query-input":"required name=search_term_string"}],"inLanguage":"en-US"}]}},"brands":[{"id":2144,"name":"Tribu","slug":"tribu"}],"_links":{"self":[{"href":"https:\/\/pre.oboemuebles.com\/en\/wp-json\/wp\/v2\/product\/93647"}],"collection":[{"href":"https:\/\/pre.oboemuebles.com\/en\/wp-json\/wp\/v2\/product"}],"about":[{"href":"https:\/\/pre.oboemuebles.com\/en\/wp-json\/wp\/v2\/types\/product"}],"wp:featuredmedia":[{"embeddable":true,"href":"https:\/\/pre.oboemuebles.com\/en\/wp-json\/wp\/v2\/media\/81978"}],"wp:attachment":[{"href":"https:\/\/pre.oboemuebles.com\/en\/wp-json\/wp\/v2\/media?parent=93647"}],"wp:term":[{"taxonomy":"pwb-brand","embeddable":true,"href":"https:\/\/pre.oboemuebles.com\/en\/wp-json\/wp\/v2\/pwb-brand?post=93647"},{"taxonomy":"product_cat","embeddable":true,"href":"https:\/\/pre.oboemuebles.com\/en\/wp-json\/wp\/v2\/product_cat?post=93647"},{"taxonomy":"product_tag","embeddable":true,"href":"https:\/\/pre.oboemuebles.com\/en\/wp-json\/wp\/v2\/product_tag?post=93647"}],"curies":[{"name":"wp","href":"https:\/\/api.w.org\/{rel}","templated":true}]}}