{"id":93748,"date":"2020-09-15T09:04:36","date_gmt":"2020-09-15T09:04:36","guid":{"rendered":"https:\/\/oboemuebles.com\/muebles-diseno-decoracion-malaga-marbella\/branch-bistro-tribu-branchbistrotribu1969\/"},"modified":"2022-04-22T08:14:34","modified_gmt":"2022-04-22T08:14:34","slug":"branch-bistro-tribu-branchbistrotribu1969","status":"publish","type":"product","link":"https:\/\/pre.oboemuebles.com\/en\/producto\/branch-bistro-tribu-branchbistrotribu1969\/","title":{"rendered":"BRANCH BISTRO"},"content":{"rendered":"","protected":false},"excerpt":{"rendered":"<p>The Branch contract table is available in round and square. Both models are ideal as small balcony tables.<\/p>\n<p>Inspired by tree branches, the appearance of the small outdoor branch tables is fluid and organic. Behind the airy, casual appearance hides a sophisticated design and reflective materials. The die-cast aluminum frame is treated with a double powder paint coat for superior scratch resistance and UV protection. Aluminum is an excellent outdoor material that is easy to maintain, weather-resistant, and 100% recyclable.<\/p>\n","protected":false},"featured_media":81288,"template":"","meta":{"content-type":""},"pwb-brand":[2144],"product_cat":[1271,1284,1299],"product_tag":[1332,1333,1334],"acf":[],"yoast_head":"<!-- This site is optimized with the Yoast SEO plugin v23.0 - https:\/\/yoast.com\/wordpress\/plugins\/seo\/ -->\n<title>BRANCH BISTRO by TRIBU<\/title>\n<meta name=\"description\" content=\"La mesa contract Branch est\u00e1 disponible en redondo y en cuadrado. Ambos modelos son ideales como peque\u00f1as mesas de balc\u00f3n. BRANCH BISTRO de \u2026\" \/>\n<meta name=\"robots\" content=\"noindex, follow, max-snippet:-1, max-image-preview:large, max-video-preview:-1\" \/>\n<meta property=\"og:locale\" content=\"en_US\" \/>\n<meta property=\"og:type\" content=\"article\" \/>\n<meta property=\"og:title\" content=\"BRANCH BISTRO by TRIBU\" \/>\n<meta property=\"og:description\" content=\"La mesa contract Branch est\u00e1 disponible en redondo y en cuadrado. Ambos modelos son ideales como peque\u00f1as mesas de balc\u00f3n. BRANCH BISTRO de \u2026\" \/>\n<meta property=\"og:url\" content=\"https:\/\/pre.oboemuebles.com\/en\/producto\/branch-bistro-tribu-branchbistrotribu1969\/\" \/>\n<meta property=\"og:site_name\" content=\"OBOE - Furniture store and designer kitchens in Malaga and Marbella\" \/>\n<meta property=\"article:modified_time\" content=\"2022-04-22T08:14:34+00:00\" \/>\n<meta property=\"og:image\" content=\"https:\/\/pre.oboemuebles.com\/wp-content\/uploads\/2020\/09\/TRIBU-MESACOMEDOR-BRANCH-BISTRO-ROUND-WHITE-.jpg\" \/>\n\t<meta property=\"og:image:width\" content=\"900\" \/>\n\t<meta property=\"og:image:height\" content=\"900\" \/>\n\t<meta property=\"og:image:type\" content=\"image\/jpeg\" \/>\n<meta name=\"twitter:card\" content=\"summary_large_image\" \/>\n<script type=\"application\/ld+json\" class=\"yoast-schema-graph\">{\"@context\":\"https:\/\/schema.org\",\"@graph\":[{\"@type\":\"WebPage\",\"@id\":\"https:\/\/pre.oboemuebles.com\/en\/producto\/branch-bistro-tribu-branchbistrotribu1969\/\",\"url\":\"https:\/\/pre.oboemuebles.com\/en\/producto\/branch-bistro-tribu-branchbistrotribu1969\/\",\"name\":\"BRANCH BISTRO by TRIBU\",\"isPartOf\":{\"@id\":\"https:\/\/pre.oboemuebles.com\/en\/#website\"},\"primaryImageOfPage\":{\"@id\":\"https:\/\/pre.oboemuebles.com\/en\/producto\/branch-bistro-tribu-branchbistrotribu1969\/#primaryimage\"},\"image\":{\"@id\":\"https:\/\/pre.oboemuebles.com\/en\/producto\/branch-bistro-tribu-branchbistrotribu1969\/#primaryimage\"},\"thumbnailUrl\":\"https:\/\/pre.oboemuebles.com\/wp-content\/uploads\/2020\/09\/TRIBU-MESACOMEDOR-BRANCH-BISTRO-ROUND-WHITE-.jpg\",\"datePublished\":\"2020-09-15T09:04:36+00:00\",\"dateModified\":\"2022-04-22T08:14:34+00:00\",\"description\":\"La mesa contract Branch est\u00e1 disponible en redondo y en cuadrado. Ambos modelos son ideales como peque\u00f1as mesas de balc\u00f3n. BRANCH BISTRO de \u2026\",\"breadcrumb\":{\"@id\":\"https:\/\/pre.oboemuebles.com\/en\/producto\/branch-bistro-tribu-branchbistrotribu1969\/#breadcrumb\"},\"inLanguage\":\"en-US\",\"potentialAction\":[{\"@type\":\"ReadAction\",\"target\":[\"https:\/\/pre.oboemuebles.com\/en\/producto\/branch-bistro-tribu-branchbistrotribu1969\/\"]}]},{\"@type\":\"ImageObject\",\"inLanguage\":\"en-US\",\"@id\":\"https:\/\/pre.oboemuebles.com\/en\/producto\/branch-bistro-tribu-branchbistrotribu1969\/#primaryimage\",\"url\":\"https:\/\/pre.oboemuebles.com\/wp-content\/uploads\/2020\/09\/TRIBU-MESACOMEDOR-BRANCH-BISTRO-ROUND-WHITE-.jpg\",\"contentUrl\":\"https:\/\/pre.oboemuebles.com\/wp-content\/uploads\/2020\/09\/TRIBU-MESACOMEDOR-BRANCH-BISTRO-ROUND-WHITE-.jpg\",\"width\":900,\"height\":900},{\"@type\":\"BreadcrumbList\",\"@id\":\"https:\/\/pre.oboemuebles.com\/en\/producto\/branch-bistro-tribu-branchbistrotribu1969\/#breadcrumb\",\"itemListElement\":[{\"@type\":\"ListItem\",\"position\":1,\"name\":\"Portada\",\"item\":\"https:\/\/pre.oboemuebles.com\/en\/\"},{\"@type\":\"ListItem\",\"position\":2,\"name\":\"default shop\",\"item\":\"https:\/\/pre.oboemuebles.com\/shop\/default-shop\/\"},{\"@type\":\"ListItem\",\"position\":3,\"name\":\"BRANCH BISTRO\"}]},{\"@type\":\"WebSite\",\"@id\":\"https:\/\/pre.oboemuebles.com\/en\/#website\",\"url\":\"https:\/\/pre.oboemuebles.com\/en\/\",\"name\":\"OBOE - Furniture store and designer kitchens in Malaga and Marbella\",\"description\":\"Modern furniture, high quality kitchens and decoration in Malaga and Marbella\",\"potentialAction\":[{\"@type\":\"SearchAction\",\"target\":{\"@type\":\"EntryPoint\",\"urlTemplate\":\"https:\/\/pre.oboemuebles.com\/en\/?s={search_term_string}\"},\"query-input\":\"required name=search_term_string\"}],\"inLanguage\":\"en-US\"}]}<\/script>\n<!-- \/ Yoast SEO plugin. -->","yoast_head_json":{"title":"BRANCH BISTRO by TRIBU","description":"La mesa contract Branch est\u00e1 disponible en redondo y en cuadrado. Ambos modelos son ideales como peque\u00f1as mesas de balc\u00f3n. BRANCH BISTRO de \u2026","robots":{"index":"noindex","follow":"follow","max-snippet":"max-snippet:-1","max-image-preview":"max-image-preview:large","max-video-preview":"max-video-preview:-1"},"og_locale":"en_US","og_type":"article","og_title":"BRANCH BISTRO by TRIBU","og_description":"La mesa contract Branch est\u00e1 disponible en redondo y en cuadrado. Ambos modelos son ideales como peque\u00f1as mesas de balc\u00f3n. BRANCH BISTRO de \u2026","og_url":"https:\/\/pre.oboemuebles.com\/en\/producto\/branch-bistro-tribu-branchbistrotribu1969\/","og_site_name":"OBOE - Furniture store and designer kitchens in Malaga and Marbella","article_modified_time":"2022-04-22T08:14:34+00:00","og_image":[{"width":900,"height":900,"url":"https:\/\/pre.oboemuebles.com\/wp-content\/uploads\/2020\/09\/TRIBU-MESACOMEDOR-BRANCH-BISTRO-ROUND-WHITE-.jpg","type":"image\/jpeg"}],"twitter_card":"summary_large_image","schema":{"@context":"https:\/\/schema.org","@graph":[{"@type":"WebPage","@id":"https:\/\/pre.oboemuebles.com\/en\/producto\/branch-bistro-tribu-branchbistrotribu1969\/","url":"https:\/\/pre.oboemuebles.com\/en\/producto\/branch-bistro-tribu-branchbistrotribu1969\/","name":"BRANCH BISTRO by TRIBU","isPartOf":{"@id":"https:\/\/pre.oboemuebles.com\/en\/#website"},"primaryImageOfPage":{"@id":"https:\/\/pre.oboemuebles.com\/en\/producto\/branch-bistro-tribu-branchbistrotribu1969\/#primaryimage"},"image":{"@id":"https:\/\/pre.oboemuebles.com\/en\/producto\/branch-bistro-tribu-branchbistrotribu1969\/#primaryimage"},"thumbnailUrl":"https:\/\/pre.oboemuebles.com\/wp-content\/uploads\/2020\/09\/TRIBU-MESACOMEDOR-BRANCH-BISTRO-ROUND-WHITE-.jpg","datePublished":"2020-09-15T09:04:36+00:00","dateModified":"2022-04-22T08:14:34+00:00","description":"La mesa contract Branch est\u00e1 disponible en redondo y en cuadrado. Ambos modelos son ideales como peque\u00f1as mesas de balc\u00f3n. BRANCH BISTRO de \u2026","breadcrumb":{"@id":"https:\/\/pre.oboemuebles.com\/en\/producto\/branch-bistro-tribu-branchbistrotribu1969\/#breadcrumb"},"inLanguage":"en-US","potentialAction":[{"@type":"ReadAction","target":["https:\/\/pre.oboemuebles.com\/en\/producto\/branch-bistro-tribu-branchbistrotribu1969\/"]}]},{"@type":"ImageObject","inLanguage":"en-US","@id":"https:\/\/pre.oboemuebles.com\/en\/producto\/branch-bistro-tribu-branchbistrotribu1969\/#primaryimage","url":"https:\/\/pre.oboemuebles.com\/wp-content\/uploads\/2020\/09\/TRIBU-MESACOMEDOR-BRANCH-BISTRO-ROUND-WHITE-.jpg","contentUrl":"https:\/\/pre.oboemuebles.com\/wp-content\/uploads\/2020\/09\/TRIBU-MESACOMEDOR-BRANCH-BISTRO-ROUND-WHITE-.jpg","width":900,"height":900},{"@type":"BreadcrumbList","@id":"https:\/\/pre.oboemuebles.com\/en\/producto\/branch-bistro-tribu-branchbistrotribu1969\/#breadcrumb","itemListElement":[{"@type":"ListItem","position":1,"name":"Portada","item":"https:\/\/pre.oboemuebles.com\/en\/"},{"@type":"ListItem","position":2,"name":"default shop","item":"https:\/\/pre.oboemuebles.com\/shop\/default-shop\/"},{"@type":"ListItem","position":3,"name":"BRANCH BISTRO"}]},{"@type":"WebSite","@id":"https:\/\/pre.oboemuebles.com\/en\/#website","url":"https:\/\/pre.oboemuebles.com\/en\/","name":"OBOE - Furniture store and designer kitchens in Malaga and Marbella","description":"Modern furniture, high quality kitchens and decoration in Malaga and Marbella","potentialAction":[{"@type":"SearchAction","target":{"@type":"EntryPoint","urlTemplate":"https:\/\/pre.oboemuebles.com\/en\/?s={search_term_string}"},"query-input":"required name=search_term_string"}],"inLanguage":"en-US"}]}},"brands":[{"id":2144,"name":"Tribu","slug":"tribu"}],"_links":{"self":[{"href":"https:\/\/pre.oboemuebles.com\/en\/wp-json\/wp\/v2\/product\/93748"}],"collection":[{"href":"https:\/\/pre.oboemuebles.com\/en\/wp-json\/wp\/v2\/product"}],"about":[{"href":"https:\/\/pre.oboemuebles.com\/en\/wp-json\/wp\/v2\/types\/product"}],"wp:featuredmedia":[{"embeddable":true,"href":"https:\/\/pre.oboemuebles.com\/en\/wp-json\/wp\/v2\/media\/81288"}],"wp:attachment":[{"href":"https:\/\/pre.oboemuebles.com\/en\/wp-json\/wp\/v2\/media?parent=93748"}],"wp:term":[{"taxonomy":"pwb-brand","embeddable":true,"href":"https:\/\/pre.oboemuebles.com\/en\/wp-json\/wp\/v2\/pwb-brand?post=93748"},{"taxonomy":"product_cat","embeddable":true,"href":"https:\/\/pre.oboemuebles.com\/en\/wp-json\/wp\/v2\/product_cat?post=93748"},{"taxonomy":"product_tag","embeddable":true,"href":"https:\/\/pre.oboemuebles.com\/en\/wp-json\/wp\/v2\/product_tag?post=93748"}],"curies":[{"name":"wp","href":"https:\/\/api.w.org\/{rel}","templated":true}]}}