{"id":93769,"date":"2020-09-15T09:04:13","date_gmt":"2020-09-15T09:04:13","guid":{"rendered":"https:\/\/oboemuebles.com\/muebles-diseno-decoracion-malaga-marbella\/mood-silla-tribu-moodtribu1907\/"},"modified":"2022-04-22T10:37:05","modified_gmt":"2022-04-22T10:37:05","slug":"mood-chair-tribu-moodtribu1907","status":"publish","type":"product","link":"https:\/\/pre.oboemuebles.com\/en\/producto\/mood-chair-tribu-moodtribu1907\/","title":{"rendered":"MOOD CHAIR"},"content":{"rendered":"","protected":false},"excerpt":{"rendered":"<p>The airy design of the Mood collection and the warm combination of teak and hand-woven rattan instantly create a special atmosphere on your terrace. The Linen, Weng\u00e9, Moss, Earthbrown, and Stonegrey braid in Tricord is made from polyolefin, an environmentally friendly, weather-resistant fiber that offers a natural look and feel.<\/p>\n<p>The angles of the table and chairs, elegantly finished, give the collection a soft and pleasant appearance. Two types of back cushions are available to ensure maximum comfort of use: a lumbar cushion and a high back cushion.<\/p>\n","protected":false},"featured_media":81528,"template":"","meta":{"content-type":""},"pwb-brand":[2144],"product_cat":[1302,1271,1284],"product_tag":[1424],"acf":[],"yoast_head":"<!-- This site is optimized with the Yoast SEO plugin v23.0 - https:\/\/yoast.com\/wordpress\/plugins\/seo\/ -->\n<title>MOOD CHAIR by TRIBU<\/title>\n<meta name=\"description\" content=\"Los \u00e1ngulos de la mesa y las sillas, elegantemente acabados, aportan a la colecci\u00f3n un aspecto suave y agradable. Para garantizar el m\u00e1xima \u2026\" \/>\n<meta name=\"robots\" content=\"noindex, follow, max-snippet:-1, max-image-preview:large, max-video-preview:-1\" \/>\n<meta property=\"og:locale\" content=\"en_US\" \/>\n<meta property=\"og:type\" content=\"article\" \/>\n<meta property=\"og:title\" content=\"MOOD CHAIR by TRIBU\" \/>\n<meta property=\"og:description\" content=\"Los \u00e1ngulos de la mesa y las sillas, elegantemente acabados, aportan a la colecci\u00f3n un aspecto suave y agradable. Para garantizar el m\u00e1xima \u2026\" \/>\n<meta property=\"og:url\" content=\"https:\/\/pre.oboemuebles.com\/en\/producto\/mood-chair-tribu-moodtribu1907\/\" \/>\n<meta property=\"og:site_name\" content=\"OBOE - Furniture store and designer kitchens in Malaga and Marbella\" \/>\n<meta property=\"article:modified_time\" content=\"2022-04-22T10:37:05+00:00\" \/>\n<meta property=\"og:image\" content=\"https:\/\/pre.oboemuebles.com\/wp-content\/uploads\/2020\/09\/TRIBU-SILLAS-MOOD-ARMCHAIR-EARTHBROWN.jpg\" \/>\n\t<meta property=\"og:image:width\" content=\"900\" \/>\n\t<meta property=\"og:image:height\" content=\"900\" \/>\n\t<meta property=\"og:image:type\" content=\"image\/jpeg\" \/>\n<meta name=\"twitter:card\" content=\"summary_large_image\" \/>\n<script type=\"application\/ld+json\" class=\"yoast-schema-graph\">{\"@context\":\"https:\/\/schema.org\",\"@graph\":[{\"@type\":\"WebPage\",\"@id\":\"https:\/\/pre.oboemuebles.com\/en\/producto\/mood-chair-tribu-moodtribu1907\/\",\"url\":\"https:\/\/pre.oboemuebles.com\/en\/producto\/mood-chair-tribu-moodtribu1907\/\",\"name\":\"MOOD CHAIR by TRIBU\",\"isPartOf\":{\"@id\":\"https:\/\/pre.oboemuebles.com\/en\/#website\"},\"primaryImageOfPage\":{\"@id\":\"https:\/\/pre.oboemuebles.com\/en\/producto\/mood-chair-tribu-moodtribu1907\/#primaryimage\"},\"image\":{\"@id\":\"https:\/\/pre.oboemuebles.com\/en\/producto\/mood-chair-tribu-moodtribu1907\/#primaryimage\"},\"thumbnailUrl\":\"https:\/\/pre.oboemuebles.com\/wp-content\/uploads\/2020\/09\/TRIBU-SILLAS-MOOD-ARMCHAIR-EARTHBROWN.jpg\",\"datePublished\":\"2020-09-15T09:04:13+00:00\",\"dateModified\":\"2022-04-22T10:37:05+00:00\",\"description\":\"Los \u00e1ngulos de la mesa y las sillas, elegantemente acabados, aportan a la colecci\u00f3n un aspecto suave y agradable. Para garantizar el m\u00e1xima \u2026\",\"breadcrumb\":{\"@id\":\"https:\/\/pre.oboemuebles.com\/en\/producto\/mood-chair-tribu-moodtribu1907\/#breadcrumb\"},\"inLanguage\":\"en-US\",\"potentialAction\":[{\"@type\":\"ReadAction\",\"target\":[\"https:\/\/pre.oboemuebles.com\/en\/producto\/mood-chair-tribu-moodtribu1907\/\"]}]},{\"@type\":\"ImageObject\",\"inLanguage\":\"en-US\",\"@id\":\"https:\/\/pre.oboemuebles.com\/en\/producto\/mood-chair-tribu-moodtribu1907\/#primaryimage\",\"url\":\"https:\/\/pre.oboemuebles.com\/wp-content\/uploads\/2020\/09\/TRIBU-SILLAS-MOOD-ARMCHAIR-EARTHBROWN.jpg\",\"contentUrl\":\"https:\/\/pre.oboemuebles.com\/wp-content\/uploads\/2020\/09\/TRIBU-SILLAS-MOOD-ARMCHAIR-EARTHBROWN.jpg\",\"width\":900,\"height\":900},{\"@type\":\"BreadcrumbList\",\"@id\":\"https:\/\/pre.oboemuebles.com\/en\/producto\/mood-chair-tribu-moodtribu1907\/#breadcrumb\",\"itemListElement\":[{\"@type\":\"ListItem\",\"position\":1,\"name\":\"Portada\",\"item\":\"https:\/\/pre.oboemuebles.com\/en\/\"},{\"@type\":\"ListItem\",\"position\":2,\"name\":\"default shop\",\"item\":\"https:\/\/pre.oboemuebles.com\/shop\/default-shop\/\"},{\"@type\":\"ListItem\",\"position\":3,\"name\":\"MOOD CHAIR\"}]},{\"@type\":\"WebSite\",\"@id\":\"https:\/\/pre.oboemuebles.com\/en\/#website\",\"url\":\"https:\/\/pre.oboemuebles.com\/en\/\",\"name\":\"OBOE - Furniture store and designer kitchens in Malaga and Marbella\",\"description\":\"Modern furniture, high quality kitchens and decoration in Malaga and Marbella\",\"potentialAction\":[{\"@type\":\"SearchAction\",\"target\":{\"@type\":\"EntryPoint\",\"urlTemplate\":\"https:\/\/pre.oboemuebles.com\/en\/?s={search_term_string}\"},\"query-input\":\"required name=search_term_string\"}],\"inLanguage\":\"en-US\"}]}<\/script>\n<!-- \/ Yoast SEO plugin. -->","yoast_head_json":{"title":"MOOD CHAIR by TRIBU","description":"Los \u00e1ngulos de la mesa y las sillas, elegantemente acabados, aportan a la colecci\u00f3n un aspecto suave y agradable. Para garantizar el m\u00e1xima \u2026","robots":{"index":"noindex","follow":"follow","max-snippet":"max-snippet:-1","max-image-preview":"max-image-preview:large","max-video-preview":"max-video-preview:-1"},"og_locale":"en_US","og_type":"article","og_title":"MOOD CHAIR by TRIBU","og_description":"Los \u00e1ngulos de la mesa y las sillas, elegantemente acabados, aportan a la colecci\u00f3n un aspecto suave y agradable. Para garantizar el m\u00e1xima \u2026","og_url":"https:\/\/pre.oboemuebles.com\/en\/producto\/mood-chair-tribu-moodtribu1907\/","og_site_name":"OBOE - Furniture store and designer kitchens in Malaga and Marbella","article_modified_time":"2022-04-22T10:37:05+00:00","og_image":[{"width":900,"height":900,"url":"https:\/\/pre.oboemuebles.com\/wp-content\/uploads\/2020\/09\/TRIBU-SILLAS-MOOD-ARMCHAIR-EARTHBROWN.jpg","type":"image\/jpeg"}],"twitter_card":"summary_large_image","schema":{"@context":"https:\/\/schema.org","@graph":[{"@type":"WebPage","@id":"https:\/\/pre.oboemuebles.com\/en\/producto\/mood-chair-tribu-moodtribu1907\/","url":"https:\/\/pre.oboemuebles.com\/en\/producto\/mood-chair-tribu-moodtribu1907\/","name":"MOOD CHAIR by TRIBU","isPartOf":{"@id":"https:\/\/pre.oboemuebles.com\/en\/#website"},"primaryImageOfPage":{"@id":"https:\/\/pre.oboemuebles.com\/en\/producto\/mood-chair-tribu-moodtribu1907\/#primaryimage"},"image":{"@id":"https:\/\/pre.oboemuebles.com\/en\/producto\/mood-chair-tribu-moodtribu1907\/#primaryimage"},"thumbnailUrl":"https:\/\/pre.oboemuebles.com\/wp-content\/uploads\/2020\/09\/TRIBU-SILLAS-MOOD-ARMCHAIR-EARTHBROWN.jpg","datePublished":"2020-09-15T09:04:13+00:00","dateModified":"2022-04-22T10:37:05+00:00","description":"Los \u00e1ngulos de la mesa y las sillas, elegantemente acabados, aportan a la colecci\u00f3n un aspecto suave y agradable. Para garantizar el m\u00e1xima \u2026","breadcrumb":{"@id":"https:\/\/pre.oboemuebles.com\/en\/producto\/mood-chair-tribu-moodtribu1907\/#breadcrumb"},"inLanguage":"en-US","potentialAction":[{"@type":"ReadAction","target":["https:\/\/pre.oboemuebles.com\/en\/producto\/mood-chair-tribu-moodtribu1907\/"]}]},{"@type":"ImageObject","inLanguage":"en-US","@id":"https:\/\/pre.oboemuebles.com\/en\/producto\/mood-chair-tribu-moodtribu1907\/#primaryimage","url":"https:\/\/pre.oboemuebles.com\/wp-content\/uploads\/2020\/09\/TRIBU-SILLAS-MOOD-ARMCHAIR-EARTHBROWN.jpg","contentUrl":"https:\/\/pre.oboemuebles.com\/wp-content\/uploads\/2020\/09\/TRIBU-SILLAS-MOOD-ARMCHAIR-EARTHBROWN.jpg","width":900,"height":900},{"@type":"BreadcrumbList","@id":"https:\/\/pre.oboemuebles.com\/en\/producto\/mood-chair-tribu-moodtribu1907\/#breadcrumb","itemListElement":[{"@type":"ListItem","position":1,"name":"Portada","item":"https:\/\/pre.oboemuebles.com\/en\/"},{"@type":"ListItem","position":2,"name":"default shop","item":"https:\/\/pre.oboemuebles.com\/shop\/default-shop\/"},{"@type":"ListItem","position":3,"name":"MOOD CHAIR"}]},{"@type":"WebSite","@id":"https:\/\/pre.oboemuebles.com\/en\/#website","url":"https:\/\/pre.oboemuebles.com\/en\/","name":"OBOE - Furniture store and designer kitchens in Malaga and Marbella","description":"Modern furniture, high quality kitchens and decoration in Malaga and Marbella","potentialAction":[{"@type":"SearchAction","target":{"@type":"EntryPoint","urlTemplate":"https:\/\/pre.oboemuebles.com\/en\/?s={search_term_string}"},"query-input":"required name=search_term_string"}],"inLanguage":"en-US"}]}},"brands":[{"id":2144,"name":"Tribu","slug":"tribu"}],"_links":{"self":[{"href":"https:\/\/pre.oboemuebles.com\/en\/wp-json\/wp\/v2\/product\/93769"}],"collection":[{"href":"https:\/\/pre.oboemuebles.com\/en\/wp-json\/wp\/v2\/product"}],"about":[{"href":"https:\/\/pre.oboemuebles.com\/en\/wp-json\/wp\/v2\/types\/product"}],"wp:featuredmedia":[{"embeddable":true,"href":"https:\/\/pre.oboemuebles.com\/en\/wp-json\/wp\/v2\/media\/81528"}],"wp:attachment":[{"href":"https:\/\/pre.oboemuebles.com\/en\/wp-json\/wp\/v2\/media?parent=93769"}],"wp:term":[{"taxonomy":"pwb-brand","embeddable":true,"href":"https:\/\/pre.oboemuebles.com\/en\/wp-json\/wp\/v2\/pwb-brand?post=93769"},{"taxonomy":"product_cat","embeddable":true,"href":"https:\/\/pre.oboemuebles.com\/en\/wp-json\/wp\/v2\/product_cat?post=93769"},{"taxonomy":"product_tag","embeddable":true,"href":"https:\/\/pre.oboemuebles.com\/en\/wp-json\/wp\/v2\/product_tag?post=93769"}],"curies":[{"name":"wp","href":"https:\/\/api.w.org\/{rel}","templated":true}]}}