{"id":93771,"date":"2020-09-15T09:04:09","date_gmt":"2020-09-15T09:04:09","guid":{"rendered":"https:\/\/oboemuebles.com\/muebles-diseno-decoracion-malaga-marbella\/illum-tribu-illumtribu1906\/"},"modified":"2022-04-22T10:47:01","modified_gmt":"2022-04-22T10:47:01","slug":"illum-tribu-illumtribu1906","status":"publish","type":"product","link":"https:\/\/pre.oboemuebles.com\/en\/producto\/illum-tribu-illumtribu1906\/","title":{"rendered":"ILLUM"},"content":{"rendered":"","protected":false},"excerpt":{"rendered":"<p>The ILLUM collection is the benchmark for classic Scandinavian designs with weather-resistant materials. Aluminum is used like sculpted wood throughout the collection, with delicate transitions from sharp to smooth lines. Functionality is of the utmost importance for the ILLUM chair without compromising comfort and class.<\/p>\n<p>The softly curved backrest offers a cozy and comfortable view. The seat is made of Batyline with a subtle fabric. A choice that favors both the look and durability of Batyline because it is extremely strong, UV resistant, quick-drying, and repels dirt and moisture.<\/p>\n","protected":false},"featured_media":81500,"template":"","meta":{"content-type":""},"pwb-brand":[2144],"product_cat":[1302,1271,1284],"product_tag":[1428,1429],"acf":[],"yoast_head":"<!-- This site is optimized with the Yoast SEO plugin v23.0 - https:\/\/yoast.com\/wordpress\/plugins\/seo\/ -->\n<title>ILLUM by Tribu<\/title>\n<meta name=\"description\" content=\"El suave respaldo curvado ofrece una vista acogedora y c\u00f3moda. El asiento est\u00e1 realizado en Batyline con un sutil tejido.Una elecci\u00f3n que fa\u2026\" \/>\n<meta name=\"robots\" content=\"noindex, follow, max-snippet:-1, max-image-preview:large, max-video-preview:-1\" \/>\n<meta property=\"og:locale\" content=\"en_US\" \/>\n<meta property=\"og:type\" content=\"article\" \/>\n<meta property=\"og:title\" content=\"ILLUM by Tribu\" \/>\n<meta property=\"og:description\" content=\"El suave respaldo curvado ofrece una vista acogedora y c\u00f3moda. El asiento est\u00e1 realizado en Batyline con un sutil tejido.Una elecci\u00f3n que fa\u2026\" \/>\n<meta property=\"og:url\" content=\"https:\/\/pre.oboemuebles.com\/en\/producto\/illum-tribu-illumtribu1906\/\" \/>\n<meta property=\"og:site_name\" content=\"OBOE - Furniture store and designer kitchens in Malaga and Marbella\" \/>\n<meta property=\"article:modified_time\" content=\"2022-04-22T10:47:01+00:00\" \/>\n<meta property=\"og:image\" content=\"https:\/\/pre.oboemuebles.com\/wp-content\/uploads\/2020\/09\/TRIBU-SILLAS-ILLUM.jpg\" \/>\n\t<meta property=\"og:image:width\" content=\"900\" \/>\n\t<meta property=\"og:image:height\" content=\"900\" \/>\n\t<meta property=\"og:image:type\" content=\"image\/jpeg\" \/>\n<meta name=\"twitter:card\" content=\"summary_large_image\" \/>\n<script type=\"application\/ld+json\" class=\"yoast-schema-graph\">{\"@context\":\"https:\/\/schema.org\",\"@graph\":[{\"@type\":\"WebPage\",\"@id\":\"https:\/\/pre.oboemuebles.com\/en\/producto\/illum-tribu-illumtribu1906\/\",\"url\":\"https:\/\/pre.oboemuebles.com\/en\/producto\/illum-tribu-illumtribu1906\/\",\"name\":\"ILLUM by Tribu\",\"isPartOf\":{\"@id\":\"https:\/\/pre.oboemuebles.com\/en\/#website\"},\"primaryImageOfPage\":{\"@id\":\"https:\/\/pre.oboemuebles.com\/en\/producto\/illum-tribu-illumtribu1906\/#primaryimage\"},\"image\":{\"@id\":\"https:\/\/pre.oboemuebles.com\/en\/producto\/illum-tribu-illumtribu1906\/#primaryimage\"},\"thumbnailUrl\":\"https:\/\/pre.oboemuebles.com\/wp-content\/uploads\/2020\/09\/TRIBU-SILLAS-ILLUM.jpg\",\"datePublished\":\"2020-09-15T09:04:09+00:00\",\"dateModified\":\"2022-04-22T10:47:01+00:00\",\"description\":\"El suave respaldo curvado ofrece una vista acogedora y c\u00f3moda. El asiento est\u00e1 realizado en Batyline con un sutil tejido.Una elecci\u00f3n que fa\u2026\",\"breadcrumb\":{\"@id\":\"https:\/\/pre.oboemuebles.com\/en\/producto\/illum-tribu-illumtribu1906\/#breadcrumb\"},\"inLanguage\":\"en-US\",\"potentialAction\":[{\"@type\":\"ReadAction\",\"target\":[\"https:\/\/pre.oboemuebles.com\/en\/producto\/illum-tribu-illumtribu1906\/\"]}]},{\"@type\":\"ImageObject\",\"inLanguage\":\"en-US\",\"@id\":\"https:\/\/pre.oboemuebles.com\/en\/producto\/illum-tribu-illumtribu1906\/#primaryimage\",\"url\":\"https:\/\/pre.oboemuebles.com\/wp-content\/uploads\/2020\/09\/TRIBU-SILLAS-ILLUM.jpg\",\"contentUrl\":\"https:\/\/pre.oboemuebles.com\/wp-content\/uploads\/2020\/09\/TRIBU-SILLAS-ILLUM.jpg\",\"width\":900,\"height\":900},{\"@type\":\"BreadcrumbList\",\"@id\":\"https:\/\/pre.oboemuebles.com\/en\/producto\/illum-tribu-illumtribu1906\/#breadcrumb\",\"itemListElement\":[{\"@type\":\"ListItem\",\"position\":1,\"name\":\"Portada\",\"item\":\"https:\/\/pre.oboemuebles.com\/en\/\"},{\"@type\":\"ListItem\",\"position\":2,\"name\":\"default shop\",\"item\":\"https:\/\/pre.oboemuebles.com\/shop\/default-shop\/\"},{\"@type\":\"ListItem\",\"position\":3,\"name\":\"ILLUM\"}]},{\"@type\":\"WebSite\",\"@id\":\"https:\/\/pre.oboemuebles.com\/en\/#website\",\"url\":\"https:\/\/pre.oboemuebles.com\/en\/\",\"name\":\"OBOE - Furniture store and designer kitchens in Malaga and Marbella\",\"description\":\"Modern furniture, high quality kitchens and decoration in Malaga and Marbella\",\"potentialAction\":[{\"@type\":\"SearchAction\",\"target\":{\"@type\":\"EntryPoint\",\"urlTemplate\":\"https:\/\/pre.oboemuebles.com\/en\/?s={search_term_string}\"},\"query-input\":\"required name=search_term_string\"}],\"inLanguage\":\"en-US\"}]}<\/script>\n<!-- \/ Yoast SEO plugin. -->","yoast_head_json":{"title":"ILLUM by Tribu","description":"El suave respaldo curvado ofrece una vista acogedora y c\u00f3moda. El asiento est\u00e1 realizado en Batyline con un sutil tejido.Una elecci\u00f3n que fa\u2026","robots":{"index":"noindex","follow":"follow","max-snippet":"max-snippet:-1","max-image-preview":"max-image-preview:large","max-video-preview":"max-video-preview:-1"},"og_locale":"en_US","og_type":"article","og_title":"ILLUM by Tribu","og_description":"El suave respaldo curvado ofrece una vista acogedora y c\u00f3moda. El asiento est\u00e1 realizado en Batyline con un sutil tejido.Una elecci\u00f3n que fa\u2026","og_url":"https:\/\/pre.oboemuebles.com\/en\/producto\/illum-tribu-illumtribu1906\/","og_site_name":"OBOE - Furniture store and designer kitchens in Malaga and Marbella","article_modified_time":"2022-04-22T10:47:01+00:00","og_image":[{"width":900,"height":900,"url":"https:\/\/pre.oboemuebles.com\/wp-content\/uploads\/2020\/09\/TRIBU-SILLAS-ILLUM.jpg","type":"image\/jpeg"}],"twitter_card":"summary_large_image","schema":{"@context":"https:\/\/schema.org","@graph":[{"@type":"WebPage","@id":"https:\/\/pre.oboemuebles.com\/en\/producto\/illum-tribu-illumtribu1906\/","url":"https:\/\/pre.oboemuebles.com\/en\/producto\/illum-tribu-illumtribu1906\/","name":"ILLUM by Tribu","isPartOf":{"@id":"https:\/\/pre.oboemuebles.com\/en\/#website"},"primaryImageOfPage":{"@id":"https:\/\/pre.oboemuebles.com\/en\/producto\/illum-tribu-illumtribu1906\/#primaryimage"},"image":{"@id":"https:\/\/pre.oboemuebles.com\/en\/producto\/illum-tribu-illumtribu1906\/#primaryimage"},"thumbnailUrl":"https:\/\/pre.oboemuebles.com\/wp-content\/uploads\/2020\/09\/TRIBU-SILLAS-ILLUM.jpg","datePublished":"2020-09-15T09:04:09+00:00","dateModified":"2022-04-22T10:47:01+00:00","description":"El suave respaldo curvado ofrece una vista acogedora y c\u00f3moda. El asiento est\u00e1 realizado en Batyline con un sutil tejido.Una elecci\u00f3n que fa\u2026","breadcrumb":{"@id":"https:\/\/pre.oboemuebles.com\/en\/producto\/illum-tribu-illumtribu1906\/#breadcrumb"},"inLanguage":"en-US","potentialAction":[{"@type":"ReadAction","target":["https:\/\/pre.oboemuebles.com\/en\/producto\/illum-tribu-illumtribu1906\/"]}]},{"@type":"ImageObject","inLanguage":"en-US","@id":"https:\/\/pre.oboemuebles.com\/en\/producto\/illum-tribu-illumtribu1906\/#primaryimage","url":"https:\/\/pre.oboemuebles.com\/wp-content\/uploads\/2020\/09\/TRIBU-SILLAS-ILLUM.jpg","contentUrl":"https:\/\/pre.oboemuebles.com\/wp-content\/uploads\/2020\/09\/TRIBU-SILLAS-ILLUM.jpg","width":900,"height":900},{"@type":"BreadcrumbList","@id":"https:\/\/pre.oboemuebles.com\/en\/producto\/illum-tribu-illumtribu1906\/#breadcrumb","itemListElement":[{"@type":"ListItem","position":1,"name":"Portada","item":"https:\/\/pre.oboemuebles.com\/en\/"},{"@type":"ListItem","position":2,"name":"default shop","item":"https:\/\/pre.oboemuebles.com\/shop\/default-shop\/"},{"@type":"ListItem","position":3,"name":"ILLUM"}]},{"@type":"WebSite","@id":"https:\/\/pre.oboemuebles.com\/en\/#website","url":"https:\/\/pre.oboemuebles.com\/en\/","name":"OBOE - Furniture store and designer kitchens in Malaga and Marbella","description":"Modern furniture, high quality kitchens and decoration in Malaga and Marbella","potentialAction":[{"@type":"SearchAction","target":{"@type":"EntryPoint","urlTemplate":"https:\/\/pre.oboemuebles.com\/en\/?s={search_term_string}"},"query-input":"required name=search_term_string"}],"inLanguage":"en-US"}]}},"brands":[{"id":2144,"name":"Tribu","slug":"tribu"}],"_links":{"self":[{"href":"https:\/\/pre.oboemuebles.com\/en\/wp-json\/wp\/v2\/product\/93771"}],"collection":[{"href":"https:\/\/pre.oboemuebles.com\/en\/wp-json\/wp\/v2\/product"}],"about":[{"href":"https:\/\/pre.oboemuebles.com\/en\/wp-json\/wp\/v2\/types\/product"}],"wp:featuredmedia":[{"embeddable":true,"href":"https:\/\/pre.oboemuebles.com\/en\/wp-json\/wp\/v2\/media\/81500"}],"wp:attachment":[{"href":"https:\/\/pre.oboemuebles.com\/en\/wp-json\/wp\/v2\/media?parent=93771"}],"wp:term":[{"taxonomy":"pwb-brand","embeddable":true,"href":"https:\/\/pre.oboemuebles.com\/en\/wp-json\/wp\/v2\/pwb-brand?post=93771"},{"taxonomy":"product_cat","embeddable":true,"href":"https:\/\/pre.oboemuebles.com\/en\/wp-json\/wp\/v2\/product_cat?post=93771"},{"taxonomy":"product_tag","embeddable":true,"href":"https:\/\/pre.oboemuebles.com\/en\/wp-json\/wp\/v2\/product_tag?post=93771"}],"curies":[{"name":"wp","href":"https:\/\/api.w.org\/{rel}","templated":true}]}}