{"id":93787,"date":"2020-09-15T09:02:54","date_gmt":"2020-09-15T09:02:54","guid":{"rendered":"https:\/\/oboemuebles.com\/muebles-diseno-decoracion-malaga-marbella\/kai-treku-kaimuebletv2treku268\/"},"modified":"2022-04-22T11:40:59","modified_gmt":"2022-04-22T11:40:59","slug":"kai-treku-stand-tv","status":"publish","type":"product","link":"https:\/\/pre.oboemuebles.com\/en\/producto\/kai-treku-stand-tv\/","title":{"rendered":"KAI"},"content":{"rendered":"","protected":false},"excerpt":{"rendered":"<p>Tv cabinet from the Kai de Treku collection designed by Iratzoki &amp; Lizaso. Wooden structure with upper marble shelves, consisting of two drawers, module with door, and lacquered dividers.<\/p>\n<p>For the design of the Kai collection, we have collaborated with the prestigious French designer Jean Louis Iratzoki. Together we have created a system characterized by the combination of solid wood with different materials such as colored lacquers, felt, and even marble. That is to say, noble and quality materials are combined with fresher and more current materials. The personality of each piece emerged from the elements used to configure it: more open or more functional versions, more colorful or soberer&#8230;<\/p>\n","protected":false},"featured_media":80850,"template":"","meta":{"content-type":""},"pwb-brand":[2143],"product_cat":[1271,1286,1301],"product_tag":[1437],"acf":[],"yoast_head":"<!-- This site is optimized with the Yoast SEO plugin v23.0 - https:\/\/yoast.com\/wordpress\/plugins\/seo\/ -->\n<title>KAI by Treku<\/title>\n<meta name=\"description\" content=\"Para el dise\u00f1o de la colecci\u00f3n Kai hemos colaborado con el prestigioso dise\u00f1ador franc\u00e9s Jean Louis Iratzoki. Juntos hemos creado un sistema\u2026\" \/>\n<meta name=\"robots\" content=\"noindex, follow, max-snippet:-1, max-image-preview:large, max-video-preview:-1\" \/>\n<meta property=\"og:locale\" content=\"en_US\" \/>\n<meta property=\"og:type\" content=\"article\" \/>\n<meta property=\"og:title\" content=\"KAI by Treku\" \/>\n<meta property=\"og:description\" content=\"Para el dise\u00f1o de la colecci\u00f3n Kai hemos colaborado con el prestigioso dise\u00f1ador franc\u00e9s Jean Louis Iratzoki. Juntos hemos creado un sistema\u2026\" \/>\n<meta property=\"og:url\" content=\"https:\/\/pre.oboemuebles.com\/en\/producto\/kai-treku-stand-tv\/\" \/>\n<meta property=\"og:site_name\" content=\"OBOE - Furniture store and designer kitchens in Malaga and Marbella\" \/>\n<meta property=\"article:modified_time\" content=\"2022-04-22T11:40:59+00:00\" \/>\n<meta property=\"og:image\" content=\"https:\/\/pre.oboemuebles.com\/wp-content\/uploads\/2020\/09\/TREKU-KAI-MUEBLETV-2.jpg\" \/>\n\t<meta property=\"og:image:width\" content=\"900\" \/>\n\t<meta property=\"og:image:height\" content=\"900\" \/>\n\t<meta property=\"og:image:type\" content=\"image\/jpeg\" \/>\n<meta name=\"twitter:card\" content=\"summary_large_image\" \/>\n<script type=\"application\/ld+json\" class=\"yoast-schema-graph\">{\"@context\":\"https:\/\/schema.org\",\"@graph\":[{\"@type\":\"WebPage\",\"@id\":\"https:\/\/pre.oboemuebles.com\/en\/producto\/kai-treku-stand-tv\/\",\"url\":\"https:\/\/pre.oboemuebles.com\/en\/producto\/kai-treku-stand-tv\/\",\"name\":\"KAI by Treku\",\"isPartOf\":{\"@id\":\"https:\/\/pre.oboemuebles.com\/en\/#website\"},\"primaryImageOfPage\":{\"@id\":\"https:\/\/pre.oboemuebles.com\/en\/producto\/kai-treku-stand-tv\/#primaryimage\"},\"image\":{\"@id\":\"https:\/\/pre.oboemuebles.com\/en\/producto\/kai-treku-stand-tv\/#primaryimage\"},\"thumbnailUrl\":\"https:\/\/pre.oboemuebles.com\/wp-content\/uploads\/2020\/09\/TREKU-KAI-MUEBLETV-2.jpg\",\"datePublished\":\"2020-09-15T09:02:54+00:00\",\"dateModified\":\"2022-04-22T11:40:59+00:00\",\"description\":\"Para el dise\u00f1o de la colecci\u00f3n Kai hemos colaborado con el prestigioso dise\u00f1ador franc\u00e9s Jean Louis Iratzoki. Juntos hemos creado un sistema\u2026\",\"breadcrumb\":{\"@id\":\"https:\/\/pre.oboemuebles.com\/en\/producto\/kai-treku-stand-tv\/#breadcrumb\"},\"inLanguage\":\"en-US\",\"potentialAction\":[{\"@type\":\"ReadAction\",\"target\":[\"https:\/\/pre.oboemuebles.com\/en\/producto\/kai-treku-stand-tv\/\"]}]},{\"@type\":\"ImageObject\",\"inLanguage\":\"en-US\",\"@id\":\"https:\/\/pre.oboemuebles.com\/en\/producto\/kai-treku-stand-tv\/#primaryimage\",\"url\":\"https:\/\/pre.oboemuebles.com\/wp-content\/uploads\/2020\/09\/TREKU-KAI-MUEBLETV-2.jpg\",\"contentUrl\":\"https:\/\/pre.oboemuebles.com\/wp-content\/uploads\/2020\/09\/TREKU-KAI-MUEBLETV-2.jpg\",\"width\":900,\"height\":900},{\"@type\":\"BreadcrumbList\",\"@id\":\"https:\/\/pre.oboemuebles.com\/en\/producto\/kai-treku-stand-tv\/#breadcrumb\",\"itemListElement\":[{\"@type\":\"ListItem\",\"position\":1,\"name\":\"Portada\",\"item\":\"https:\/\/pre.oboemuebles.com\/en\/\"},{\"@type\":\"ListItem\",\"position\":2,\"name\":\"default shop\",\"item\":\"https:\/\/pre.oboemuebles.com\/shop\/default-shop\/\"},{\"@type\":\"ListItem\",\"position\":3,\"name\":\"KAI\"}]},{\"@type\":\"WebSite\",\"@id\":\"https:\/\/pre.oboemuebles.com\/en\/#website\",\"url\":\"https:\/\/pre.oboemuebles.com\/en\/\",\"name\":\"OBOE - Furniture store and designer kitchens in Malaga and Marbella\",\"description\":\"Modern furniture, high quality kitchens and decoration in Malaga and Marbella\",\"potentialAction\":[{\"@type\":\"SearchAction\",\"target\":{\"@type\":\"EntryPoint\",\"urlTemplate\":\"https:\/\/pre.oboemuebles.com\/en\/?s={search_term_string}\"},\"query-input\":\"required name=search_term_string\"}],\"inLanguage\":\"en-US\"}]}<\/script>\n<!-- \/ Yoast SEO plugin. -->","yoast_head_json":{"title":"KAI by Treku","description":"Para el dise\u00f1o de la colecci\u00f3n Kai hemos colaborado con el prestigioso dise\u00f1ador franc\u00e9s Jean Louis Iratzoki. Juntos hemos creado un sistema\u2026","robots":{"index":"noindex","follow":"follow","max-snippet":"max-snippet:-1","max-image-preview":"max-image-preview:large","max-video-preview":"max-video-preview:-1"},"og_locale":"en_US","og_type":"article","og_title":"KAI by Treku","og_description":"Para el dise\u00f1o de la colecci\u00f3n Kai hemos colaborado con el prestigioso dise\u00f1ador franc\u00e9s Jean Louis Iratzoki. Juntos hemos creado un sistema\u2026","og_url":"https:\/\/pre.oboemuebles.com\/en\/producto\/kai-treku-stand-tv\/","og_site_name":"OBOE - Furniture store and designer kitchens in Malaga and Marbella","article_modified_time":"2022-04-22T11:40:59+00:00","og_image":[{"width":900,"height":900,"url":"https:\/\/pre.oboemuebles.com\/wp-content\/uploads\/2020\/09\/TREKU-KAI-MUEBLETV-2.jpg","type":"image\/jpeg"}],"twitter_card":"summary_large_image","schema":{"@context":"https:\/\/schema.org","@graph":[{"@type":"WebPage","@id":"https:\/\/pre.oboemuebles.com\/en\/producto\/kai-treku-stand-tv\/","url":"https:\/\/pre.oboemuebles.com\/en\/producto\/kai-treku-stand-tv\/","name":"KAI by Treku","isPartOf":{"@id":"https:\/\/pre.oboemuebles.com\/en\/#website"},"primaryImageOfPage":{"@id":"https:\/\/pre.oboemuebles.com\/en\/producto\/kai-treku-stand-tv\/#primaryimage"},"image":{"@id":"https:\/\/pre.oboemuebles.com\/en\/producto\/kai-treku-stand-tv\/#primaryimage"},"thumbnailUrl":"https:\/\/pre.oboemuebles.com\/wp-content\/uploads\/2020\/09\/TREKU-KAI-MUEBLETV-2.jpg","datePublished":"2020-09-15T09:02:54+00:00","dateModified":"2022-04-22T11:40:59+00:00","description":"Para el dise\u00f1o de la colecci\u00f3n Kai hemos colaborado con el prestigioso dise\u00f1ador franc\u00e9s Jean Louis Iratzoki. Juntos hemos creado un sistema\u2026","breadcrumb":{"@id":"https:\/\/pre.oboemuebles.com\/en\/producto\/kai-treku-stand-tv\/#breadcrumb"},"inLanguage":"en-US","potentialAction":[{"@type":"ReadAction","target":["https:\/\/pre.oboemuebles.com\/en\/producto\/kai-treku-stand-tv\/"]}]},{"@type":"ImageObject","inLanguage":"en-US","@id":"https:\/\/pre.oboemuebles.com\/en\/producto\/kai-treku-stand-tv\/#primaryimage","url":"https:\/\/pre.oboemuebles.com\/wp-content\/uploads\/2020\/09\/TREKU-KAI-MUEBLETV-2.jpg","contentUrl":"https:\/\/pre.oboemuebles.com\/wp-content\/uploads\/2020\/09\/TREKU-KAI-MUEBLETV-2.jpg","width":900,"height":900},{"@type":"BreadcrumbList","@id":"https:\/\/pre.oboemuebles.com\/en\/producto\/kai-treku-stand-tv\/#breadcrumb","itemListElement":[{"@type":"ListItem","position":1,"name":"Portada","item":"https:\/\/pre.oboemuebles.com\/en\/"},{"@type":"ListItem","position":2,"name":"default shop","item":"https:\/\/pre.oboemuebles.com\/shop\/default-shop\/"},{"@type":"ListItem","position":3,"name":"KAI"}]},{"@type":"WebSite","@id":"https:\/\/pre.oboemuebles.com\/en\/#website","url":"https:\/\/pre.oboemuebles.com\/en\/","name":"OBOE - Furniture store and designer kitchens in Malaga and Marbella","description":"Modern furniture, high quality kitchens and decoration in Malaga and Marbella","potentialAction":[{"@type":"SearchAction","target":{"@type":"EntryPoint","urlTemplate":"https:\/\/pre.oboemuebles.com\/en\/?s={search_term_string}"},"query-input":"required name=search_term_string"}],"inLanguage":"en-US"}]}},"brands":[{"id":2143,"name":"Treku","slug":"treku"}],"_links":{"self":[{"href":"https:\/\/pre.oboemuebles.com\/en\/wp-json\/wp\/v2\/product\/93787"}],"collection":[{"href":"https:\/\/pre.oboemuebles.com\/en\/wp-json\/wp\/v2\/product"}],"about":[{"href":"https:\/\/pre.oboemuebles.com\/en\/wp-json\/wp\/v2\/types\/product"}],"wp:featuredmedia":[{"embeddable":true,"href":"https:\/\/pre.oboemuebles.com\/en\/wp-json\/wp\/v2\/media\/80850"}],"wp:attachment":[{"href":"https:\/\/pre.oboemuebles.com\/en\/wp-json\/wp\/v2\/media?parent=93787"}],"wp:term":[{"taxonomy":"pwb-brand","embeddable":true,"href":"https:\/\/pre.oboemuebles.com\/en\/wp-json\/wp\/v2\/pwb-brand?post=93787"},{"taxonomy":"product_cat","embeddable":true,"href":"https:\/\/pre.oboemuebles.com\/en\/wp-json\/wp\/v2\/product_cat?post=93787"},{"taxonomy":"product_tag","embeddable":true,"href":"https:\/\/pre.oboemuebles.com\/en\/wp-json\/wp\/v2\/product_tag?post=93787"}],"curies":[{"name":"wp","href":"https:\/\/api.w.org\/{rel}","templated":true}]}}