{"id":93804,"date":"2020-09-15T09:02:34","date_gmt":"2020-09-15T09:02:34","guid":{"rendered":"https:\/\/oboemuebles.com\/muebles-diseno-decoracion-malaga-marbella\/mesa-aise-treku-aisetreku254\/"},"modified":"2022-04-22T13:41:20","modified_gmt":"2022-04-22T13:41:20","slug":"table-aise-treku-aisetreku254","status":"publish","type":"product","link":"https:\/\/pre.oboemuebles.com\/en\/producto\/table-aise-treku-aisetreku254\/","title":{"rendered":"AISE"},"content":{"rendered":"","protected":false},"excerpt":{"rendered":"<p>Aise is a table system characterized by light, visual and solid construction. An important element in its design is the thickness of the countertop, which visually barely reaches half a centimeter.<\/p>\n<p>The legs and frames can be made of metal (white\/black) or wood (walnut\/oak; in this version, the table can also be extendable). The tops of the Aise table can be lacquered, made of wood or Phoenix. The multiple combinations of shapes and materials allow you to create a table for each type of environment for every kind of person. You choose.<\/p>\n<p>There are two types of Aise tables: metal feet and wooden feet. You can finish Aise metal feet in white or black. The countertops can be in Treku or Fenix \u200b\u200blacquers and woods. Aise tables with wooden feet can be fixed or extendable.<\/p>\n<p>The feet can be in Treku lacquers and woods, and the tops in Treku lacquers and woods and Fenix.<\/p>\n","protected":false},"featured_media":80654,"template":"","meta":{"content-type":""},"pwb-brand":[572,2143],"product_cat":[1281,1271,735,723,725,1285,729,1299],"product_tag":[682,1439],"acf":[],"yoast_head":"<!-- This site is optimized with the Yoast SEO plugin v23.0 - https:\/\/yoast.com\/wordpress\/plugins\/seo\/ -->\n<title>Aise Table by Treku<\/title>\n<meta name=\"description\" content=\"Aise es un sistema de mesas que se caracteriza por su ligereza visual y s\u00f3lida construcci\u00f3n. Un elemento importante en su dise\u00f1o es el groso\u2026\" \/>\n<meta name=\"robots\" content=\"noindex, follow, max-snippet:-1, max-image-preview:large, max-video-preview:-1\" \/>\n<meta property=\"og:locale\" content=\"en_US\" \/>\n<meta property=\"og:type\" content=\"article\" \/>\n<meta property=\"og:title\" content=\"Aise Table by Treku\" \/>\n<meta property=\"og:description\" content=\"Aise es un sistema de mesas que se caracteriza por su ligereza visual y s\u00f3lida construcci\u00f3n. Un elemento importante en su dise\u00f1o es el groso\u2026\" \/>\n<meta property=\"og:url\" content=\"https:\/\/pre.oboemuebles.com\/en\/producto\/table-aise-treku-aisetreku254\/\" \/>\n<meta property=\"og:site_name\" content=\"OBOE - Furniture store and designer kitchens in Malaga and Marbella\" \/>\n<meta property=\"article:modified_time\" content=\"2022-04-22T13:41:20+00:00\" \/>\n<meta property=\"og:image\" content=\"https:\/\/pre.oboemuebles.com\/wp-content\/uploads\/2020\/09\/TREKU-AISE-1.jpg\" \/>\n\t<meta property=\"og:image:width\" content=\"900\" \/>\n\t<meta property=\"og:image:height\" content=\"900\" \/>\n\t<meta property=\"og:image:type\" content=\"image\/jpeg\" \/>\n<meta name=\"twitter:card\" content=\"summary_large_image\" \/>\n<script type=\"application\/ld+json\" class=\"yoast-schema-graph\">{\"@context\":\"https:\/\/schema.org\",\"@graph\":[{\"@type\":\"WebPage\",\"@id\":\"https:\/\/pre.oboemuebles.com\/en\/producto\/table-aise-treku-aisetreku254\/\",\"url\":\"https:\/\/pre.oboemuebles.com\/en\/producto\/table-aise-treku-aisetreku254\/\",\"name\":\"Aise Table by Treku\",\"isPartOf\":{\"@id\":\"https:\/\/pre.oboemuebles.com\/en\/#website\"},\"primaryImageOfPage\":{\"@id\":\"https:\/\/pre.oboemuebles.com\/en\/producto\/table-aise-treku-aisetreku254\/#primaryimage\"},\"image\":{\"@id\":\"https:\/\/pre.oboemuebles.com\/en\/producto\/table-aise-treku-aisetreku254\/#primaryimage\"},\"thumbnailUrl\":\"https:\/\/pre.oboemuebles.com\/wp-content\/uploads\/2020\/09\/TREKU-AISE-1.jpg\",\"datePublished\":\"2020-09-15T09:02:34+00:00\",\"dateModified\":\"2022-04-22T13:41:20+00:00\",\"description\":\"Aise es un sistema de mesas que se caracteriza por su ligereza visual y s\u00f3lida construcci\u00f3n. Un elemento importante en su dise\u00f1o es el groso\u2026\",\"breadcrumb\":{\"@id\":\"https:\/\/pre.oboemuebles.com\/en\/producto\/table-aise-treku-aisetreku254\/#breadcrumb\"},\"inLanguage\":\"en-US\",\"potentialAction\":[{\"@type\":\"ReadAction\",\"target\":[\"https:\/\/pre.oboemuebles.com\/en\/producto\/table-aise-treku-aisetreku254\/\"]}]},{\"@type\":\"ImageObject\",\"inLanguage\":\"en-US\",\"@id\":\"https:\/\/pre.oboemuebles.com\/en\/producto\/table-aise-treku-aisetreku254\/#primaryimage\",\"url\":\"https:\/\/pre.oboemuebles.com\/wp-content\/uploads\/2020\/09\/TREKU-AISE-1.jpg\",\"contentUrl\":\"https:\/\/pre.oboemuebles.com\/wp-content\/uploads\/2020\/09\/TREKU-AISE-1.jpg\",\"width\":900,\"height\":900},{\"@type\":\"BreadcrumbList\",\"@id\":\"https:\/\/pre.oboemuebles.com\/en\/producto\/table-aise-treku-aisetreku254\/#breadcrumb\",\"itemListElement\":[{\"@type\":\"ListItem\",\"position\":1,\"name\":\"Portada\",\"item\":\"https:\/\/pre.oboemuebles.com\/en\/\"},{\"@type\":\"ListItem\",\"position\":2,\"name\":\"default shop\",\"item\":\"https:\/\/pre.oboemuebles.com\/shop\/default-shop\/\"},{\"@type\":\"ListItem\",\"position\":3,\"name\":\"AISE\"}]},{\"@type\":\"WebSite\",\"@id\":\"https:\/\/pre.oboemuebles.com\/en\/#website\",\"url\":\"https:\/\/pre.oboemuebles.com\/en\/\",\"name\":\"OBOE - Furniture store and designer kitchens in Malaga and Marbella\",\"description\":\"Modern furniture, high quality kitchens and decoration in Malaga and Marbella\",\"potentialAction\":[{\"@type\":\"SearchAction\",\"target\":{\"@type\":\"EntryPoint\",\"urlTemplate\":\"https:\/\/pre.oboemuebles.com\/en\/?s={search_term_string}\"},\"query-input\":\"required name=search_term_string\"}],\"inLanguage\":\"en-US\"}]}<\/script>\n<!-- \/ Yoast SEO plugin. -->","yoast_head_json":{"title":"Aise Table by Treku","description":"Aise es un sistema de mesas que se caracteriza por su ligereza visual y s\u00f3lida construcci\u00f3n. Un elemento importante en su dise\u00f1o es el groso\u2026","robots":{"index":"noindex","follow":"follow","max-snippet":"max-snippet:-1","max-image-preview":"max-image-preview:large","max-video-preview":"max-video-preview:-1"},"og_locale":"en_US","og_type":"article","og_title":"Aise Table by Treku","og_description":"Aise es un sistema de mesas que se caracteriza por su ligereza visual y s\u00f3lida construcci\u00f3n. Un elemento importante en su dise\u00f1o es el groso\u2026","og_url":"https:\/\/pre.oboemuebles.com\/en\/producto\/table-aise-treku-aisetreku254\/","og_site_name":"OBOE - Furniture store and designer kitchens in Malaga and Marbella","article_modified_time":"2022-04-22T13:41:20+00:00","og_image":[{"width":900,"height":900,"url":"https:\/\/pre.oboemuebles.com\/wp-content\/uploads\/2020\/09\/TREKU-AISE-1.jpg","type":"image\/jpeg"}],"twitter_card":"summary_large_image","schema":{"@context":"https:\/\/schema.org","@graph":[{"@type":"WebPage","@id":"https:\/\/pre.oboemuebles.com\/en\/producto\/table-aise-treku-aisetreku254\/","url":"https:\/\/pre.oboemuebles.com\/en\/producto\/table-aise-treku-aisetreku254\/","name":"Aise Table by Treku","isPartOf":{"@id":"https:\/\/pre.oboemuebles.com\/en\/#website"},"primaryImageOfPage":{"@id":"https:\/\/pre.oboemuebles.com\/en\/producto\/table-aise-treku-aisetreku254\/#primaryimage"},"image":{"@id":"https:\/\/pre.oboemuebles.com\/en\/producto\/table-aise-treku-aisetreku254\/#primaryimage"},"thumbnailUrl":"https:\/\/pre.oboemuebles.com\/wp-content\/uploads\/2020\/09\/TREKU-AISE-1.jpg","datePublished":"2020-09-15T09:02:34+00:00","dateModified":"2022-04-22T13:41:20+00:00","description":"Aise es un sistema de mesas que se caracteriza por su ligereza visual y s\u00f3lida construcci\u00f3n. Un elemento importante en su dise\u00f1o es el groso\u2026","breadcrumb":{"@id":"https:\/\/pre.oboemuebles.com\/en\/producto\/table-aise-treku-aisetreku254\/#breadcrumb"},"inLanguage":"en-US","potentialAction":[{"@type":"ReadAction","target":["https:\/\/pre.oboemuebles.com\/en\/producto\/table-aise-treku-aisetreku254\/"]}]},{"@type":"ImageObject","inLanguage":"en-US","@id":"https:\/\/pre.oboemuebles.com\/en\/producto\/table-aise-treku-aisetreku254\/#primaryimage","url":"https:\/\/pre.oboemuebles.com\/wp-content\/uploads\/2020\/09\/TREKU-AISE-1.jpg","contentUrl":"https:\/\/pre.oboemuebles.com\/wp-content\/uploads\/2020\/09\/TREKU-AISE-1.jpg","width":900,"height":900},{"@type":"BreadcrumbList","@id":"https:\/\/pre.oboemuebles.com\/en\/producto\/table-aise-treku-aisetreku254\/#breadcrumb","itemListElement":[{"@type":"ListItem","position":1,"name":"Portada","item":"https:\/\/pre.oboemuebles.com\/en\/"},{"@type":"ListItem","position":2,"name":"default shop","item":"https:\/\/pre.oboemuebles.com\/shop\/default-shop\/"},{"@type":"ListItem","position":3,"name":"AISE"}]},{"@type":"WebSite","@id":"https:\/\/pre.oboemuebles.com\/en\/#website","url":"https:\/\/pre.oboemuebles.com\/en\/","name":"OBOE - Furniture store and designer kitchens in Malaga and Marbella","description":"Modern furniture, high quality kitchens and decoration in Malaga and Marbella","potentialAction":[{"@type":"SearchAction","target":{"@type":"EntryPoint","urlTemplate":"https:\/\/pre.oboemuebles.com\/en\/?s={search_term_string}"},"query-input":"required name=search_term_string"}],"inLanguage":"en-US"}]}},"brands":[{"id":572,"name":"Treku","slug":"treku"},{"id":2143,"name":"Treku","slug":"treku"}],"_links":{"self":[{"href":"https:\/\/pre.oboemuebles.com\/en\/wp-json\/wp\/v2\/product\/93804"}],"collection":[{"href":"https:\/\/pre.oboemuebles.com\/en\/wp-json\/wp\/v2\/product"}],"about":[{"href":"https:\/\/pre.oboemuebles.com\/en\/wp-json\/wp\/v2\/types\/product"}],"wp:featuredmedia":[{"embeddable":true,"href":"https:\/\/pre.oboemuebles.com\/en\/wp-json\/wp\/v2\/media\/80654"}],"wp:attachment":[{"href":"https:\/\/pre.oboemuebles.com\/en\/wp-json\/wp\/v2\/media?parent=93804"}],"wp:term":[{"taxonomy":"pwb-brand","embeddable":true,"href":"https:\/\/pre.oboemuebles.com\/en\/wp-json\/wp\/v2\/pwb-brand?post=93804"},{"taxonomy":"product_cat","embeddable":true,"href":"https:\/\/pre.oboemuebles.com\/en\/wp-json\/wp\/v2\/product_cat?post=93804"},{"taxonomy":"product_tag","embeddable":true,"href":"https:\/\/pre.oboemuebles.com\/en\/wp-json\/wp\/v2\/product_tag?post=93804"}],"curies":[{"name":"wp","href":"https:\/\/api.w.org\/{rel}","templated":true}]}}