{"id":93805,"date":"2020-09-15T09:02:32","date_gmt":"2020-09-15T09:02:32","guid":{"rendered":"https:\/\/oboemuebles.com\/muebles-diseno-decoracion-malaga-marbella\/kabi-treku-kabitreku253\/"},"modified":"2022-04-22T13:45:58","modified_gmt":"2022-04-22T13:45:58","slug":"kabi-treku-kabitreku253","status":"publish","type":"product","link":"https:\/\/pre.oboemuebles.com\/en\/producto\/kabi-treku-kabitreku253\/","title":{"rendered":"KABI"},"content":{"rendered":"","protected":false},"excerpt":{"rendered":"<p>Kabi is a contemporary take on traditional nesting tables. It is a collection of two tables of different sizes and heights that allows the smaller ones to be hidden under the higher ones. Its application can be for various spaces, such as a coffee table, a bedside table, or next to the sofa. The standard color for metal feet is graphite. The countertops, with beveled edges, can be finished in walnut, oak, or lacquered in different colors.<\/p>\n","protected":false},"featured_media":80808,"template":"","meta":{"content-type":""},"pwb-brand":[2143],"product_cat":[1271,1286,1300,1307],"product_tag":[1439],"acf":[],"yoast_head":"<!-- This site is optimized with the Yoast SEO plugin v23.0 - https:\/\/yoast.com\/wordpress\/plugins\/seo\/ -->\n<title>KABI by treku<\/title>\n<meta name=\"description\" content=\"Kabi es una visi\u00f3n contempor\u00e1nea de las tradicionales mesas nido. Se trata de una colecci\u00f3n de dos mesas de diferentes tama\u00f1os y alturas que\u2026\" \/>\n<meta name=\"robots\" content=\"noindex, follow, max-snippet:-1, max-image-preview:large, max-video-preview:-1\" \/>\n<meta property=\"og:locale\" content=\"en_US\" \/>\n<meta property=\"og:type\" content=\"article\" \/>\n<meta property=\"og:title\" content=\"KABI by treku\" \/>\n<meta property=\"og:description\" content=\"Kabi es una visi\u00f3n contempor\u00e1nea de las tradicionales mesas nido. Se trata de una colecci\u00f3n de dos mesas de diferentes tama\u00f1os y alturas que\u2026\" \/>\n<meta property=\"og:url\" content=\"https:\/\/pre.oboemuebles.com\/en\/producto\/kabi-treku-kabitreku253\/\" \/>\n<meta property=\"og:site_name\" content=\"OBOE - Furniture store and designer kitchens in Malaga and Marbella\" \/>\n<meta property=\"article:modified_time\" content=\"2022-04-22T13:45:58+00:00\" \/>\n<meta property=\"og:image\" content=\"https:\/\/pre.oboemuebles.com\/wp-content\/uploads\/2020\/09\/TREKU-KABI-1.jpg\" \/>\n\t<meta property=\"og:image:width\" content=\"900\" \/>\n\t<meta property=\"og:image:height\" content=\"900\" \/>\n\t<meta property=\"og:image:type\" content=\"image\/jpeg\" \/>\n<meta name=\"twitter:card\" content=\"summary_large_image\" \/>\n<script type=\"application\/ld+json\" class=\"yoast-schema-graph\">{\"@context\":\"https:\/\/schema.org\",\"@graph\":[{\"@type\":\"WebPage\",\"@id\":\"https:\/\/pre.oboemuebles.com\/en\/producto\/kabi-treku-kabitreku253\/\",\"url\":\"https:\/\/pre.oboemuebles.com\/en\/producto\/kabi-treku-kabitreku253\/\",\"name\":\"KABI by treku\",\"isPartOf\":{\"@id\":\"https:\/\/pre.oboemuebles.com\/en\/#website\"},\"primaryImageOfPage\":{\"@id\":\"https:\/\/pre.oboemuebles.com\/en\/producto\/kabi-treku-kabitreku253\/#primaryimage\"},\"image\":{\"@id\":\"https:\/\/pre.oboemuebles.com\/en\/producto\/kabi-treku-kabitreku253\/#primaryimage\"},\"thumbnailUrl\":\"https:\/\/pre.oboemuebles.com\/wp-content\/uploads\/2020\/09\/TREKU-KABI-1.jpg\",\"datePublished\":\"2020-09-15T09:02:32+00:00\",\"dateModified\":\"2022-04-22T13:45:58+00:00\",\"description\":\"Kabi es una visi\u00f3n contempor\u00e1nea de las tradicionales mesas nido. Se trata de una colecci\u00f3n de dos mesas de diferentes tama\u00f1os y alturas que\u2026\",\"breadcrumb\":{\"@id\":\"https:\/\/pre.oboemuebles.com\/en\/producto\/kabi-treku-kabitreku253\/#breadcrumb\"},\"inLanguage\":\"en-US\",\"potentialAction\":[{\"@type\":\"ReadAction\",\"target\":[\"https:\/\/pre.oboemuebles.com\/en\/producto\/kabi-treku-kabitreku253\/\"]}]},{\"@type\":\"ImageObject\",\"inLanguage\":\"en-US\",\"@id\":\"https:\/\/pre.oboemuebles.com\/en\/producto\/kabi-treku-kabitreku253\/#primaryimage\",\"url\":\"https:\/\/pre.oboemuebles.com\/wp-content\/uploads\/2020\/09\/TREKU-KABI-1.jpg\",\"contentUrl\":\"https:\/\/pre.oboemuebles.com\/wp-content\/uploads\/2020\/09\/TREKU-KABI-1.jpg\",\"width\":900,\"height\":900},{\"@type\":\"BreadcrumbList\",\"@id\":\"https:\/\/pre.oboemuebles.com\/en\/producto\/kabi-treku-kabitreku253\/#breadcrumb\",\"itemListElement\":[{\"@type\":\"ListItem\",\"position\":1,\"name\":\"Portada\",\"item\":\"https:\/\/pre.oboemuebles.com\/en\/\"},{\"@type\":\"ListItem\",\"position\":2,\"name\":\"default shop\",\"item\":\"https:\/\/pre.oboemuebles.com\/shop\/default-shop\/\"},{\"@type\":\"ListItem\",\"position\":3,\"name\":\"KABI\"}]},{\"@type\":\"WebSite\",\"@id\":\"https:\/\/pre.oboemuebles.com\/en\/#website\",\"url\":\"https:\/\/pre.oboemuebles.com\/en\/\",\"name\":\"OBOE - Furniture store and designer kitchens in Malaga and Marbella\",\"description\":\"Modern furniture, high quality kitchens and decoration in Malaga and Marbella\",\"potentialAction\":[{\"@type\":\"SearchAction\",\"target\":{\"@type\":\"EntryPoint\",\"urlTemplate\":\"https:\/\/pre.oboemuebles.com\/en\/?s={search_term_string}\"},\"query-input\":\"required name=search_term_string\"}],\"inLanguage\":\"en-US\"}]}<\/script>\n<!-- \/ Yoast SEO plugin. -->","yoast_head_json":{"title":"KABI by treku","description":"Kabi es una visi\u00f3n contempor\u00e1nea de las tradicionales mesas nido. Se trata de una colecci\u00f3n de dos mesas de diferentes tama\u00f1os y alturas que\u2026","robots":{"index":"noindex","follow":"follow","max-snippet":"max-snippet:-1","max-image-preview":"max-image-preview:large","max-video-preview":"max-video-preview:-1"},"og_locale":"en_US","og_type":"article","og_title":"KABI by treku","og_description":"Kabi es una visi\u00f3n contempor\u00e1nea de las tradicionales mesas nido. Se trata de una colecci\u00f3n de dos mesas de diferentes tama\u00f1os y alturas que\u2026","og_url":"https:\/\/pre.oboemuebles.com\/en\/producto\/kabi-treku-kabitreku253\/","og_site_name":"OBOE - Furniture store and designer kitchens in Malaga and Marbella","article_modified_time":"2022-04-22T13:45:58+00:00","og_image":[{"width":900,"height":900,"url":"https:\/\/pre.oboemuebles.com\/wp-content\/uploads\/2020\/09\/TREKU-KABI-1.jpg","type":"image\/jpeg"}],"twitter_card":"summary_large_image","schema":{"@context":"https:\/\/schema.org","@graph":[{"@type":"WebPage","@id":"https:\/\/pre.oboemuebles.com\/en\/producto\/kabi-treku-kabitreku253\/","url":"https:\/\/pre.oboemuebles.com\/en\/producto\/kabi-treku-kabitreku253\/","name":"KABI by treku","isPartOf":{"@id":"https:\/\/pre.oboemuebles.com\/en\/#website"},"primaryImageOfPage":{"@id":"https:\/\/pre.oboemuebles.com\/en\/producto\/kabi-treku-kabitreku253\/#primaryimage"},"image":{"@id":"https:\/\/pre.oboemuebles.com\/en\/producto\/kabi-treku-kabitreku253\/#primaryimage"},"thumbnailUrl":"https:\/\/pre.oboemuebles.com\/wp-content\/uploads\/2020\/09\/TREKU-KABI-1.jpg","datePublished":"2020-09-15T09:02:32+00:00","dateModified":"2022-04-22T13:45:58+00:00","description":"Kabi es una visi\u00f3n contempor\u00e1nea de las tradicionales mesas nido. Se trata de una colecci\u00f3n de dos mesas de diferentes tama\u00f1os y alturas que\u2026","breadcrumb":{"@id":"https:\/\/pre.oboemuebles.com\/en\/producto\/kabi-treku-kabitreku253\/#breadcrumb"},"inLanguage":"en-US","potentialAction":[{"@type":"ReadAction","target":["https:\/\/pre.oboemuebles.com\/en\/producto\/kabi-treku-kabitreku253\/"]}]},{"@type":"ImageObject","inLanguage":"en-US","@id":"https:\/\/pre.oboemuebles.com\/en\/producto\/kabi-treku-kabitreku253\/#primaryimage","url":"https:\/\/pre.oboemuebles.com\/wp-content\/uploads\/2020\/09\/TREKU-KABI-1.jpg","contentUrl":"https:\/\/pre.oboemuebles.com\/wp-content\/uploads\/2020\/09\/TREKU-KABI-1.jpg","width":900,"height":900},{"@type":"BreadcrumbList","@id":"https:\/\/pre.oboemuebles.com\/en\/producto\/kabi-treku-kabitreku253\/#breadcrumb","itemListElement":[{"@type":"ListItem","position":1,"name":"Portada","item":"https:\/\/pre.oboemuebles.com\/en\/"},{"@type":"ListItem","position":2,"name":"default shop","item":"https:\/\/pre.oboemuebles.com\/shop\/default-shop\/"},{"@type":"ListItem","position":3,"name":"KABI"}]},{"@type":"WebSite","@id":"https:\/\/pre.oboemuebles.com\/en\/#website","url":"https:\/\/pre.oboemuebles.com\/en\/","name":"OBOE - Furniture store and designer kitchens in Malaga and Marbella","description":"Modern furniture, high quality kitchens and decoration in Malaga and Marbella","potentialAction":[{"@type":"SearchAction","target":{"@type":"EntryPoint","urlTemplate":"https:\/\/pre.oboemuebles.com\/en\/?s={search_term_string}"},"query-input":"required name=search_term_string"}],"inLanguage":"en-US"}]}},"brands":[{"id":2143,"name":"Treku","slug":"treku"}],"_links":{"self":[{"href":"https:\/\/pre.oboemuebles.com\/en\/wp-json\/wp\/v2\/product\/93805"}],"collection":[{"href":"https:\/\/pre.oboemuebles.com\/en\/wp-json\/wp\/v2\/product"}],"about":[{"href":"https:\/\/pre.oboemuebles.com\/en\/wp-json\/wp\/v2\/types\/product"}],"wp:featuredmedia":[{"embeddable":true,"href":"https:\/\/pre.oboemuebles.com\/en\/wp-json\/wp\/v2\/media\/80808"}],"wp:attachment":[{"href":"https:\/\/pre.oboemuebles.com\/en\/wp-json\/wp\/v2\/media?parent=93805"}],"wp:term":[{"taxonomy":"pwb-brand","embeddable":true,"href":"https:\/\/pre.oboemuebles.com\/en\/wp-json\/wp\/v2\/pwb-brand?post=93805"},{"taxonomy":"product_cat","embeddable":true,"href":"https:\/\/pre.oboemuebles.com\/en\/wp-json\/wp\/v2\/product_cat?post=93805"},{"taxonomy":"product_tag","embeddable":true,"href":"https:\/\/pre.oboemuebles.com\/en\/wp-json\/wp\/v2\/product_tag?post=93805"}],"curies":[{"name":"wp","href":"https:\/\/api.w.org\/{rel}","templated":true}]}}