{"id":93809,"date":"2020-09-15T09:02:25","date_gmt":"2020-09-15T09:02:25","guid":{"rendered":"https:\/\/oboemuebles.com\/muebles-diseno-decoracion-malaga-marbella\/lauki-treku-muebletv12treku248\/"},"modified":"2022-04-22T17:11:15","modified_gmt":"2022-04-22T17:11:15","slug":"lauki-treku-muebletv12treku248","status":"publish","type":"product","link":"https:\/\/pre.oboemuebles.com\/en\/producto\/lauki-treku-muebletv12treku248\/","title":{"rendered":"LAUKI"},"content":{"rendered":"","protected":false},"excerpt":{"rendered":"<p>TV cabinet from the Lauki de Treku collection designed by Ibon Arrizabalaga. This composition is suspended and consists of three independent modules. They are finished with natural and lacquered oak. Aesthetics increased, clean lines, large storage capacity.<\/p>\n<p>The Lauki collection comprises multiple boxes that can be placed on the floor, stacked between them, and hung on the wall. In addition, they are offered in a large number of sizes, finishes, and functions (drawers, doors, open modules&#8230;). This allows you to create an infinite number of valid configurations for any room. For example, a single module can be used as a bedside table or a chest of drawers for an office. We can configure a solution for the hall or any other corner of the house with a few modules. And with several modules, we can configure a piece of furniture for the television, a device, and even a chest of drawers for the office.<\/p>\n","protected":false},"featured_media":80924,"template":"","meta":{"content-type":""},"pwb-brand":[2143],"product_cat":[1271,1286,1301],"product_tag":[1439],"acf":[],"yoast_head":"<!-- This site is optimized with the Yoast SEO plugin v23.0 - https:\/\/yoast.com\/wordpress\/plugins\/seo\/ -->\n<title>LAUKI by TREKU<\/title>\n<meta name=\"description\" content=\"La colecci\u00f3n Lauki est\u00e1 compuesta de m\u00faltiples cajas que se pueden colocar en el suelo, apilar entre ellas y colgar a la pared. Adem\u00e1s, se o\u2026\" \/>\n<meta name=\"robots\" content=\"noindex, follow, max-snippet:-1, max-image-preview:large, max-video-preview:-1\" \/>\n<meta property=\"og:locale\" content=\"en_US\" \/>\n<meta property=\"og:type\" content=\"article\" \/>\n<meta property=\"og:title\" content=\"LAUKI by TREKU\" \/>\n<meta property=\"og:description\" content=\"La colecci\u00f3n Lauki est\u00e1 compuesta de m\u00faltiples cajas que se pueden colocar en el suelo, apilar entre ellas y colgar a la pared. Adem\u00e1s, se o\u2026\" \/>\n<meta property=\"og:url\" content=\"https:\/\/pre.oboemuebles.com\/en\/producto\/lauki-treku-muebletv12treku248\/\" \/>\n<meta property=\"og:site_name\" content=\"OBOE - Furniture store and designer kitchens in Malaga and Marbella\" \/>\n<meta property=\"article:modified_time\" content=\"2022-04-22T17:11:15+00:00\" \/>\n<meta property=\"og:image\" content=\"https:\/\/pre.oboemuebles.com\/wp-content\/uploads\/2020\/09\/TREKU-LAUKI-MUEBLETV-12.jpg\" \/>\n\t<meta property=\"og:image:width\" content=\"900\" \/>\n\t<meta property=\"og:image:height\" content=\"900\" \/>\n\t<meta property=\"og:image:type\" content=\"image\/jpeg\" \/>\n<meta name=\"twitter:card\" content=\"summary_large_image\" \/>\n<script type=\"application\/ld+json\" class=\"yoast-schema-graph\">{\"@context\":\"https:\/\/schema.org\",\"@graph\":[{\"@type\":\"WebPage\",\"@id\":\"https:\/\/pre.oboemuebles.com\/en\/producto\/lauki-treku-muebletv12treku248\/\",\"url\":\"https:\/\/pre.oboemuebles.com\/en\/producto\/lauki-treku-muebletv12treku248\/\",\"name\":\"LAUKI by TREKU\",\"isPartOf\":{\"@id\":\"https:\/\/pre.oboemuebles.com\/en\/#website\"},\"primaryImageOfPage\":{\"@id\":\"https:\/\/pre.oboemuebles.com\/en\/producto\/lauki-treku-muebletv12treku248\/#primaryimage\"},\"image\":{\"@id\":\"https:\/\/pre.oboemuebles.com\/en\/producto\/lauki-treku-muebletv12treku248\/#primaryimage\"},\"thumbnailUrl\":\"https:\/\/pre.oboemuebles.com\/wp-content\/uploads\/2020\/09\/TREKU-LAUKI-MUEBLETV-12.jpg\",\"datePublished\":\"2020-09-15T09:02:25+00:00\",\"dateModified\":\"2022-04-22T17:11:15+00:00\",\"description\":\"La colecci\u00f3n Lauki est\u00e1 compuesta de m\u00faltiples cajas que se pueden colocar en el suelo, apilar entre ellas y colgar a la pared. Adem\u00e1s, se o\u2026\",\"breadcrumb\":{\"@id\":\"https:\/\/pre.oboemuebles.com\/en\/producto\/lauki-treku-muebletv12treku248\/#breadcrumb\"},\"inLanguage\":\"en-US\",\"potentialAction\":[{\"@type\":\"ReadAction\",\"target\":[\"https:\/\/pre.oboemuebles.com\/en\/producto\/lauki-treku-muebletv12treku248\/\"]}]},{\"@type\":\"ImageObject\",\"inLanguage\":\"en-US\",\"@id\":\"https:\/\/pre.oboemuebles.com\/en\/producto\/lauki-treku-muebletv12treku248\/#primaryimage\",\"url\":\"https:\/\/pre.oboemuebles.com\/wp-content\/uploads\/2020\/09\/TREKU-LAUKI-MUEBLETV-12.jpg\",\"contentUrl\":\"https:\/\/pre.oboemuebles.com\/wp-content\/uploads\/2020\/09\/TREKU-LAUKI-MUEBLETV-12.jpg\",\"width\":900,\"height\":900},{\"@type\":\"BreadcrumbList\",\"@id\":\"https:\/\/pre.oboemuebles.com\/en\/producto\/lauki-treku-muebletv12treku248\/#breadcrumb\",\"itemListElement\":[{\"@type\":\"ListItem\",\"position\":1,\"name\":\"Portada\",\"item\":\"https:\/\/pre.oboemuebles.com\/en\/\"},{\"@type\":\"ListItem\",\"position\":2,\"name\":\"default shop\",\"item\":\"https:\/\/pre.oboemuebles.com\/shop\/default-shop\/\"},{\"@type\":\"ListItem\",\"position\":3,\"name\":\"LAUKI\"}]},{\"@type\":\"WebSite\",\"@id\":\"https:\/\/pre.oboemuebles.com\/en\/#website\",\"url\":\"https:\/\/pre.oboemuebles.com\/en\/\",\"name\":\"OBOE - Furniture store and designer kitchens in Malaga and Marbella\",\"description\":\"Modern furniture, high quality kitchens and decoration in Malaga and Marbella\",\"potentialAction\":[{\"@type\":\"SearchAction\",\"target\":{\"@type\":\"EntryPoint\",\"urlTemplate\":\"https:\/\/pre.oboemuebles.com\/en\/?s={search_term_string}\"},\"query-input\":\"required name=search_term_string\"}],\"inLanguage\":\"en-US\"}]}<\/script>\n<!-- \/ Yoast SEO plugin. -->","yoast_head_json":{"title":"LAUKI by TREKU","description":"La colecci\u00f3n Lauki est\u00e1 compuesta de m\u00faltiples cajas que se pueden colocar en el suelo, apilar entre ellas y colgar a la pared. Adem\u00e1s, se o\u2026","robots":{"index":"noindex","follow":"follow","max-snippet":"max-snippet:-1","max-image-preview":"max-image-preview:large","max-video-preview":"max-video-preview:-1"},"og_locale":"en_US","og_type":"article","og_title":"LAUKI by TREKU","og_description":"La colecci\u00f3n Lauki est\u00e1 compuesta de m\u00faltiples cajas que se pueden colocar en el suelo, apilar entre ellas y colgar a la pared. Adem\u00e1s, se o\u2026","og_url":"https:\/\/pre.oboemuebles.com\/en\/producto\/lauki-treku-muebletv12treku248\/","og_site_name":"OBOE - Furniture store and designer kitchens in Malaga and Marbella","article_modified_time":"2022-04-22T17:11:15+00:00","og_image":[{"width":900,"height":900,"url":"https:\/\/pre.oboemuebles.com\/wp-content\/uploads\/2020\/09\/TREKU-LAUKI-MUEBLETV-12.jpg","type":"image\/jpeg"}],"twitter_card":"summary_large_image","schema":{"@context":"https:\/\/schema.org","@graph":[{"@type":"WebPage","@id":"https:\/\/pre.oboemuebles.com\/en\/producto\/lauki-treku-muebletv12treku248\/","url":"https:\/\/pre.oboemuebles.com\/en\/producto\/lauki-treku-muebletv12treku248\/","name":"LAUKI by TREKU","isPartOf":{"@id":"https:\/\/pre.oboemuebles.com\/en\/#website"},"primaryImageOfPage":{"@id":"https:\/\/pre.oboemuebles.com\/en\/producto\/lauki-treku-muebletv12treku248\/#primaryimage"},"image":{"@id":"https:\/\/pre.oboemuebles.com\/en\/producto\/lauki-treku-muebletv12treku248\/#primaryimage"},"thumbnailUrl":"https:\/\/pre.oboemuebles.com\/wp-content\/uploads\/2020\/09\/TREKU-LAUKI-MUEBLETV-12.jpg","datePublished":"2020-09-15T09:02:25+00:00","dateModified":"2022-04-22T17:11:15+00:00","description":"La colecci\u00f3n Lauki est\u00e1 compuesta de m\u00faltiples cajas que se pueden colocar en el suelo, apilar entre ellas y colgar a la pared. Adem\u00e1s, se o\u2026","breadcrumb":{"@id":"https:\/\/pre.oboemuebles.com\/en\/producto\/lauki-treku-muebletv12treku248\/#breadcrumb"},"inLanguage":"en-US","potentialAction":[{"@type":"ReadAction","target":["https:\/\/pre.oboemuebles.com\/en\/producto\/lauki-treku-muebletv12treku248\/"]}]},{"@type":"ImageObject","inLanguage":"en-US","@id":"https:\/\/pre.oboemuebles.com\/en\/producto\/lauki-treku-muebletv12treku248\/#primaryimage","url":"https:\/\/pre.oboemuebles.com\/wp-content\/uploads\/2020\/09\/TREKU-LAUKI-MUEBLETV-12.jpg","contentUrl":"https:\/\/pre.oboemuebles.com\/wp-content\/uploads\/2020\/09\/TREKU-LAUKI-MUEBLETV-12.jpg","width":900,"height":900},{"@type":"BreadcrumbList","@id":"https:\/\/pre.oboemuebles.com\/en\/producto\/lauki-treku-muebletv12treku248\/#breadcrumb","itemListElement":[{"@type":"ListItem","position":1,"name":"Portada","item":"https:\/\/pre.oboemuebles.com\/en\/"},{"@type":"ListItem","position":2,"name":"default shop","item":"https:\/\/pre.oboemuebles.com\/shop\/default-shop\/"},{"@type":"ListItem","position":3,"name":"LAUKI"}]},{"@type":"WebSite","@id":"https:\/\/pre.oboemuebles.com\/en\/#website","url":"https:\/\/pre.oboemuebles.com\/en\/","name":"OBOE - Furniture store and designer kitchens in Malaga and Marbella","description":"Modern furniture, high quality kitchens and decoration in Malaga and Marbella","potentialAction":[{"@type":"SearchAction","target":{"@type":"EntryPoint","urlTemplate":"https:\/\/pre.oboemuebles.com\/en\/?s={search_term_string}"},"query-input":"required name=search_term_string"}],"inLanguage":"en-US"}]}},"brands":[{"id":2143,"name":"Treku","slug":"treku"}],"_links":{"self":[{"href":"https:\/\/pre.oboemuebles.com\/en\/wp-json\/wp\/v2\/product\/93809"}],"collection":[{"href":"https:\/\/pre.oboemuebles.com\/en\/wp-json\/wp\/v2\/product"}],"about":[{"href":"https:\/\/pre.oboemuebles.com\/en\/wp-json\/wp\/v2\/types\/product"}],"wp:featuredmedia":[{"embeddable":true,"href":"https:\/\/pre.oboemuebles.com\/en\/wp-json\/wp\/v2\/media\/80924"}],"wp:attachment":[{"href":"https:\/\/pre.oboemuebles.com\/en\/wp-json\/wp\/v2\/media?parent=93809"}],"wp:term":[{"taxonomy":"pwb-brand","embeddable":true,"href":"https:\/\/pre.oboemuebles.com\/en\/wp-json\/wp\/v2\/pwb-brand?post=93809"},{"taxonomy":"product_cat","embeddable":true,"href":"https:\/\/pre.oboemuebles.com\/en\/wp-json\/wp\/v2\/product_cat?post=93809"},{"taxonomy":"product_tag","embeddable":true,"href":"https:\/\/pre.oboemuebles.com\/en\/wp-json\/wp\/v2\/product_tag?post=93809"}],"curies":[{"name":"wp","href":"https:\/\/api.w.org\/{rel}","templated":true}]}}