{"id":93874,"date":"2020-09-15T09:00:04","date_gmt":"2020-09-15T09:00:04","guid":{"rendered":"https:\/\/oboemuebles.com\/muebles-diseno-decoracion-malaga-marbella\/solapa-stua-solapastua851\/"},"modified":"2022-04-25T15:19:54","modified_gmt":"2022-04-25T15:19:54","slug":"solapa-stua-solapastua851","status":"publish","type":"product","link":"https:\/\/pre.oboemuebles.com\/en\/producto\/solapa-stua-solapastua851\/","title":{"rendered":"SOLAPA"},"content":{"rendered":"","protected":false},"excerpt":{"rendered":"<p>Solapa is a family of coffee tables whose silhouette evokes classic forms with new and unique proportions.<\/p>\n<p>There are four lid sizes: 60\u00d7120, 40\u00d7120 and 60\u00d760, 120\u00d7120 cm. This top can be white, oak, walnut, or black Fenix.<br \/>\nThe legs can be white or black, with two different heights: 30 and 36 cm.<\/p>\n","protected":false},"featured_media":80632,"template":"","meta":{"content-type":""},"pwb-brand":[2142],"product_cat":[1271,1286,1300],"product_tag":[1449],"acf":[],"yoast_head":"<!-- This site is optimized with the Yoast SEO plugin v23.0 - https:\/\/yoast.com\/wordpress\/plugins\/seo\/ -->\n<title>SOLAPA by Stua<\/title>\n<meta name=\"description\" content=\"Existen cuatro tama\u00f1os de tapa: 60\u00d7120, 40\u00d7120 y 60\u00d760, 120\u00d7120 cm. Esta tapa puede ser: blanca, roble, nogal o Fenix negro. Las patas pue\u2026\" \/>\n<meta name=\"robots\" content=\"noindex, follow, max-snippet:-1, max-image-preview:large, max-video-preview:-1\" \/>\n<meta property=\"og:locale\" content=\"en_US\" \/>\n<meta property=\"og:type\" content=\"article\" \/>\n<meta property=\"og:title\" content=\"SOLAPA by Stua\" \/>\n<meta property=\"og:description\" content=\"Existen cuatro tama\u00f1os de tapa: 60\u00d7120, 40\u00d7120 y 60\u00d760, 120\u00d7120 cm. Esta tapa puede ser: blanca, roble, nogal o Fenix negro. Las patas pue\u2026\" \/>\n<meta property=\"og:url\" content=\"https:\/\/pre.oboemuebles.com\/en\/producto\/solapa-stua-solapastua851\/\" \/>\n<meta property=\"og:site_name\" content=\"OBOE - Furniture store and designer kitchens in Malaga and Marbella\" \/>\n<meta property=\"article:modified_time\" content=\"2022-04-25T15:19:54+00:00\" \/>\n<meta property=\"og:image\" content=\"https:\/\/pre.oboemuebles.com\/wp-content\/uploads\/2020\/09\/STUA-SOLAPA-1.jpg\" \/>\n\t<meta property=\"og:image:width\" content=\"900\" \/>\n\t<meta property=\"og:image:height\" content=\"900\" \/>\n\t<meta property=\"og:image:type\" content=\"image\/jpeg\" \/>\n<meta name=\"twitter:card\" content=\"summary_large_image\" \/>\n<script type=\"application\/ld+json\" class=\"yoast-schema-graph\">{\"@context\":\"https:\/\/schema.org\",\"@graph\":[{\"@type\":\"WebPage\",\"@id\":\"https:\/\/pre.oboemuebles.com\/en\/producto\/solapa-stua-solapastua851\/\",\"url\":\"https:\/\/pre.oboemuebles.com\/en\/producto\/solapa-stua-solapastua851\/\",\"name\":\"SOLAPA by Stua\",\"isPartOf\":{\"@id\":\"https:\/\/pre.oboemuebles.com\/en\/#website\"},\"primaryImageOfPage\":{\"@id\":\"https:\/\/pre.oboemuebles.com\/en\/producto\/solapa-stua-solapastua851\/#primaryimage\"},\"image\":{\"@id\":\"https:\/\/pre.oboemuebles.com\/en\/producto\/solapa-stua-solapastua851\/#primaryimage\"},\"thumbnailUrl\":\"https:\/\/pre.oboemuebles.com\/wp-content\/uploads\/2020\/09\/STUA-SOLAPA-1.jpg\",\"datePublished\":\"2020-09-15T09:00:04+00:00\",\"dateModified\":\"2022-04-25T15:19:54+00:00\",\"description\":\"Existen cuatro tama\u00f1os de tapa: 60\u00d7120, 40\u00d7120 y 60\u00d760, 120\u00d7120 cm. Esta tapa puede ser: blanca, roble, nogal o Fenix negro. Las patas pue\u2026\",\"breadcrumb\":{\"@id\":\"https:\/\/pre.oboemuebles.com\/en\/producto\/solapa-stua-solapastua851\/#breadcrumb\"},\"inLanguage\":\"en-US\",\"potentialAction\":[{\"@type\":\"ReadAction\",\"target\":[\"https:\/\/pre.oboemuebles.com\/en\/producto\/solapa-stua-solapastua851\/\"]}]},{\"@type\":\"ImageObject\",\"inLanguage\":\"en-US\",\"@id\":\"https:\/\/pre.oboemuebles.com\/en\/producto\/solapa-stua-solapastua851\/#primaryimage\",\"url\":\"https:\/\/pre.oboemuebles.com\/wp-content\/uploads\/2020\/09\/STUA-SOLAPA-1.jpg\",\"contentUrl\":\"https:\/\/pre.oboemuebles.com\/wp-content\/uploads\/2020\/09\/STUA-SOLAPA-1.jpg\",\"width\":900,\"height\":900},{\"@type\":\"BreadcrumbList\",\"@id\":\"https:\/\/pre.oboemuebles.com\/en\/producto\/solapa-stua-solapastua851\/#breadcrumb\",\"itemListElement\":[{\"@type\":\"ListItem\",\"position\":1,\"name\":\"Portada\",\"item\":\"https:\/\/pre.oboemuebles.com\/en\/\"},{\"@type\":\"ListItem\",\"position\":2,\"name\":\"default shop\",\"item\":\"https:\/\/pre.oboemuebles.com\/shop\/default-shop\/\"},{\"@type\":\"ListItem\",\"position\":3,\"name\":\"SOLAPA\"}]},{\"@type\":\"WebSite\",\"@id\":\"https:\/\/pre.oboemuebles.com\/en\/#website\",\"url\":\"https:\/\/pre.oboemuebles.com\/en\/\",\"name\":\"OBOE - Furniture store and designer kitchens in Malaga and Marbella\",\"description\":\"Modern furniture, high quality kitchens and decoration in Malaga and Marbella\",\"potentialAction\":[{\"@type\":\"SearchAction\",\"target\":{\"@type\":\"EntryPoint\",\"urlTemplate\":\"https:\/\/pre.oboemuebles.com\/en\/?s={search_term_string}\"},\"query-input\":\"required name=search_term_string\"}],\"inLanguage\":\"en-US\"}]}<\/script>\n<!-- \/ Yoast SEO plugin. -->","yoast_head_json":{"title":"SOLAPA by Stua","description":"Existen cuatro tama\u00f1os de tapa: 60\u00d7120, 40\u00d7120 y 60\u00d760, 120\u00d7120 cm. Esta tapa puede ser: blanca, roble, nogal o Fenix negro. Las patas pue\u2026","robots":{"index":"noindex","follow":"follow","max-snippet":"max-snippet:-1","max-image-preview":"max-image-preview:large","max-video-preview":"max-video-preview:-1"},"og_locale":"en_US","og_type":"article","og_title":"SOLAPA by Stua","og_description":"Existen cuatro tama\u00f1os de tapa: 60\u00d7120, 40\u00d7120 y 60\u00d760, 120\u00d7120 cm. Esta tapa puede ser: blanca, roble, nogal o Fenix negro. Las patas pue\u2026","og_url":"https:\/\/pre.oboemuebles.com\/en\/producto\/solapa-stua-solapastua851\/","og_site_name":"OBOE - Furniture store and designer kitchens in Malaga and Marbella","article_modified_time":"2022-04-25T15:19:54+00:00","og_image":[{"width":900,"height":900,"url":"https:\/\/pre.oboemuebles.com\/wp-content\/uploads\/2020\/09\/STUA-SOLAPA-1.jpg","type":"image\/jpeg"}],"twitter_card":"summary_large_image","schema":{"@context":"https:\/\/schema.org","@graph":[{"@type":"WebPage","@id":"https:\/\/pre.oboemuebles.com\/en\/producto\/solapa-stua-solapastua851\/","url":"https:\/\/pre.oboemuebles.com\/en\/producto\/solapa-stua-solapastua851\/","name":"SOLAPA by Stua","isPartOf":{"@id":"https:\/\/pre.oboemuebles.com\/en\/#website"},"primaryImageOfPage":{"@id":"https:\/\/pre.oboemuebles.com\/en\/producto\/solapa-stua-solapastua851\/#primaryimage"},"image":{"@id":"https:\/\/pre.oboemuebles.com\/en\/producto\/solapa-stua-solapastua851\/#primaryimage"},"thumbnailUrl":"https:\/\/pre.oboemuebles.com\/wp-content\/uploads\/2020\/09\/STUA-SOLAPA-1.jpg","datePublished":"2020-09-15T09:00:04+00:00","dateModified":"2022-04-25T15:19:54+00:00","description":"Existen cuatro tama\u00f1os de tapa: 60\u00d7120, 40\u00d7120 y 60\u00d760, 120\u00d7120 cm. Esta tapa puede ser: blanca, roble, nogal o Fenix negro. Las patas pue\u2026","breadcrumb":{"@id":"https:\/\/pre.oboemuebles.com\/en\/producto\/solapa-stua-solapastua851\/#breadcrumb"},"inLanguage":"en-US","potentialAction":[{"@type":"ReadAction","target":["https:\/\/pre.oboemuebles.com\/en\/producto\/solapa-stua-solapastua851\/"]}]},{"@type":"ImageObject","inLanguage":"en-US","@id":"https:\/\/pre.oboemuebles.com\/en\/producto\/solapa-stua-solapastua851\/#primaryimage","url":"https:\/\/pre.oboemuebles.com\/wp-content\/uploads\/2020\/09\/STUA-SOLAPA-1.jpg","contentUrl":"https:\/\/pre.oboemuebles.com\/wp-content\/uploads\/2020\/09\/STUA-SOLAPA-1.jpg","width":900,"height":900},{"@type":"BreadcrumbList","@id":"https:\/\/pre.oboemuebles.com\/en\/producto\/solapa-stua-solapastua851\/#breadcrumb","itemListElement":[{"@type":"ListItem","position":1,"name":"Portada","item":"https:\/\/pre.oboemuebles.com\/en\/"},{"@type":"ListItem","position":2,"name":"default shop","item":"https:\/\/pre.oboemuebles.com\/shop\/default-shop\/"},{"@type":"ListItem","position":3,"name":"SOLAPA"}]},{"@type":"WebSite","@id":"https:\/\/pre.oboemuebles.com\/en\/#website","url":"https:\/\/pre.oboemuebles.com\/en\/","name":"OBOE - Furniture store and designer kitchens in Malaga and Marbella","description":"Modern furniture, high quality kitchens and decoration in Malaga and Marbella","potentialAction":[{"@type":"SearchAction","target":{"@type":"EntryPoint","urlTemplate":"https:\/\/pre.oboemuebles.com\/en\/?s={search_term_string}"},"query-input":"required name=search_term_string"}],"inLanguage":"en-US"}]}},"brands":[{"id":2142,"name":"Stua","slug":"stua"}],"_links":{"self":[{"href":"https:\/\/pre.oboemuebles.com\/en\/wp-json\/wp\/v2\/product\/93874"}],"collection":[{"href":"https:\/\/pre.oboemuebles.com\/en\/wp-json\/wp\/v2\/product"}],"about":[{"href":"https:\/\/pre.oboemuebles.com\/en\/wp-json\/wp\/v2\/types\/product"}],"wp:featuredmedia":[{"embeddable":true,"href":"https:\/\/pre.oboemuebles.com\/en\/wp-json\/wp\/v2\/media\/80632"}],"wp:attachment":[{"href":"https:\/\/pre.oboemuebles.com\/en\/wp-json\/wp\/v2\/media?parent=93874"}],"wp:term":[{"taxonomy":"pwb-brand","embeddable":true,"href":"https:\/\/pre.oboemuebles.com\/en\/wp-json\/wp\/v2\/pwb-brand?post=93874"},{"taxonomy":"product_cat","embeddable":true,"href":"https:\/\/pre.oboemuebles.com\/en\/wp-json\/wp\/v2\/product_cat?post=93874"},{"taxonomy":"product_tag","embeddable":true,"href":"https:\/\/pre.oboemuebles.com\/en\/wp-json\/wp\/v2\/product_tag?post=93874"}],"curies":[{"name":"wp","href":"https:\/\/api.w.org\/{rel}","templated":true}]}}