{"id":93911,"date":"2020-09-15T08:51:44","date_gmt":"2020-09-15T08:51:44","guid":{"rendered":"https:\/\/oboemuebles.com\/muebles-diseno-decoracion-malaga-marbella\/nido-sancal-nidosancal988\/"},"modified":"2022-04-27T14:19:48","modified_gmt":"2022-04-27T14:19:48","slug":"nido-sancal-nidosancal988","status":"publish","type":"product","link":"https:\/\/pre.oboemuebles.com\/en\/producto\/nido-sancal-nidosancal988\/","title":{"rendered":"NIDO"},"content":{"rendered":"<p>Nido is supported by an ash wood base resulting from artisan carpentry work. As if it were tree branches, the upper part of the legs hugs and surrounds the seat. Ash is available in a wide range of stains, from very natural tones to the most artificial ones like green or orange. The textile that recovers the seat is available in two versions (with zipper or piping). The version with a perimeter zipper is softer and allows you to uncover the inside of the seat. The version with piping is fixed and with a more tense upholstery. The outer part of the seat is faceted to emphasize all its lines. In contrast, the interior part is much softer, softer, and more welcoming.<\/p>\n","protected":false},"excerpt":{"rendered":"<p>NIDO, which serves as shelter and protection for a large number of species, was inspired by Rafa Garc\u00eda to create a light armchair.<\/p>\n","protected":false},"featured_media":79084,"template":"","meta":{"content-type":""},"pwb-brand":[2140],"product_cat":[1295,1269,1271,1286],"product_tag":[1455],"acf":[],"yoast_head":"<!-- This site is optimized with the Yoast SEO plugin v23.0 - https:\/\/yoast.com\/wordpress\/plugins\/seo\/ -->\n<title>NIDO by Sancal<\/title>\n<meta name=\"description\" content=\"El nido, que sirve de refugio y protecci\u00f3n para un gran n\u00famero de especies, sirvi\u00f3 de inspiraci\u00f3n a Rafa Garc\u00eda para crear una butaca ligera\u2026\" \/>\n<meta name=\"robots\" content=\"noindex, follow, max-snippet:-1, max-image-preview:large, max-video-preview:-1\" \/>\n<meta property=\"og:locale\" content=\"en_US\" \/>\n<meta property=\"og:type\" content=\"article\" \/>\n<meta property=\"og:title\" content=\"NIDO by Sancal\" \/>\n<meta property=\"og:description\" content=\"El nido, que sirve de refugio y protecci\u00f3n para un gran n\u00famero de especies, sirvi\u00f3 de inspiraci\u00f3n a Rafa Garc\u00eda para crear una butaca ligera\u2026\" \/>\n<meta property=\"og:url\" content=\"https:\/\/pre.oboemuebles.com\/en\/producto\/nido-sancal-nidosancal988\/\" \/>\n<meta property=\"og:site_name\" content=\"OBOE - Furniture store and designer kitchens in Malaga and Marbella\" \/>\n<meta property=\"article:modified_time\" content=\"2022-04-27T14:19:48+00:00\" \/>\n<meta property=\"og:image\" content=\"https:\/\/pre.oboemuebles.com\/wp-content\/uploads\/2020\/09\/SANCAL-NIDO-1.jpg\" \/>\n\t<meta property=\"og:image:width\" content=\"900\" \/>\n\t<meta property=\"og:image:height\" content=\"900\" \/>\n\t<meta property=\"og:image:type\" content=\"image\/jpeg\" \/>\n<meta name=\"twitter:card\" content=\"summary_large_image\" \/>\n<meta name=\"twitter:label1\" content=\"Est. reading time\" \/>\n\t<meta name=\"twitter:data1\" content=\"1 minute\" \/>\n<script type=\"application\/ld+json\" class=\"yoast-schema-graph\">{\"@context\":\"https:\/\/schema.org\",\"@graph\":[{\"@type\":\"WebPage\",\"@id\":\"https:\/\/pre.oboemuebles.com\/en\/producto\/nido-sancal-nidosancal988\/\",\"url\":\"https:\/\/pre.oboemuebles.com\/en\/producto\/nido-sancal-nidosancal988\/\",\"name\":\"NIDO by Sancal\",\"isPartOf\":{\"@id\":\"https:\/\/pre.oboemuebles.com\/en\/#website\"},\"primaryImageOfPage\":{\"@id\":\"https:\/\/pre.oboemuebles.com\/en\/producto\/nido-sancal-nidosancal988\/#primaryimage\"},\"image\":{\"@id\":\"https:\/\/pre.oboemuebles.com\/en\/producto\/nido-sancal-nidosancal988\/#primaryimage\"},\"thumbnailUrl\":\"https:\/\/pre.oboemuebles.com\/wp-content\/uploads\/2020\/09\/SANCAL-NIDO-1.jpg\",\"datePublished\":\"2020-09-15T08:51:44+00:00\",\"dateModified\":\"2022-04-27T14:19:48+00:00\",\"description\":\"El nido, que sirve de refugio y protecci\u00f3n para un gran n\u00famero de especies, sirvi\u00f3 de inspiraci\u00f3n a Rafa Garc\u00eda para crear una butaca ligera\u2026\",\"breadcrumb\":{\"@id\":\"https:\/\/pre.oboemuebles.com\/en\/producto\/nido-sancal-nidosancal988\/#breadcrumb\"},\"inLanguage\":\"en-US\",\"potentialAction\":[{\"@type\":\"ReadAction\",\"target\":[\"https:\/\/pre.oboemuebles.com\/en\/producto\/nido-sancal-nidosancal988\/\"]}]},{\"@type\":\"ImageObject\",\"inLanguage\":\"en-US\",\"@id\":\"https:\/\/pre.oboemuebles.com\/en\/producto\/nido-sancal-nidosancal988\/#primaryimage\",\"url\":\"https:\/\/pre.oboemuebles.com\/wp-content\/uploads\/2020\/09\/SANCAL-NIDO-1.jpg\",\"contentUrl\":\"https:\/\/pre.oboemuebles.com\/wp-content\/uploads\/2020\/09\/SANCAL-NIDO-1.jpg\",\"width\":900,\"height\":900},{\"@type\":\"BreadcrumbList\",\"@id\":\"https:\/\/pre.oboemuebles.com\/en\/producto\/nido-sancal-nidosancal988\/#breadcrumb\",\"itemListElement\":[{\"@type\":\"ListItem\",\"position\":1,\"name\":\"Portada\",\"item\":\"https:\/\/pre.oboemuebles.com\/en\/\"},{\"@type\":\"ListItem\",\"position\":2,\"name\":\"default shop\",\"item\":\"https:\/\/pre.oboemuebles.com\/shop\/default-shop\/\"},{\"@type\":\"ListItem\",\"position\":3,\"name\":\"NIDO\"}]},{\"@type\":\"WebSite\",\"@id\":\"https:\/\/pre.oboemuebles.com\/en\/#website\",\"url\":\"https:\/\/pre.oboemuebles.com\/en\/\",\"name\":\"OBOE - Furniture store and designer kitchens in Malaga and Marbella\",\"description\":\"Modern furniture, high quality kitchens and decoration in Malaga and Marbella\",\"potentialAction\":[{\"@type\":\"SearchAction\",\"target\":{\"@type\":\"EntryPoint\",\"urlTemplate\":\"https:\/\/pre.oboemuebles.com\/en\/?s={search_term_string}\"},\"query-input\":\"required name=search_term_string\"}],\"inLanguage\":\"en-US\"}]}<\/script>\n<!-- \/ Yoast SEO plugin. -->","yoast_head_json":{"title":"NIDO by Sancal","description":"El nido, que sirve de refugio y protecci\u00f3n para un gran n\u00famero de especies, sirvi\u00f3 de inspiraci\u00f3n a Rafa Garc\u00eda para crear una butaca ligera\u2026","robots":{"index":"noindex","follow":"follow","max-snippet":"max-snippet:-1","max-image-preview":"max-image-preview:large","max-video-preview":"max-video-preview:-1"},"og_locale":"en_US","og_type":"article","og_title":"NIDO by Sancal","og_description":"El nido, que sirve de refugio y protecci\u00f3n para un gran n\u00famero de especies, sirvi\u00f3 de inspiraci\u00f3n a Rafa Garc\u00eda para crear una butaca ligera\u2026","og_url":"https:\/\/pre.oboemuebles.com\/en\/producto\/nido-sancal-nidosancal988\/","og_site_name":"OBOE - Furniture store and designer kitchens in Malaga and Marbella","article_modified_time":"2022-04-27T14:19:48+00:00","og_image":[{"width":900,"height":900,"url":"https:\/\/pre.oboemuebles.com\/wp-content\/uploads\/2020\/09\/SANCAL-NIDO-1.jpg","type":"image\/jpeg"}],"twitter_card":"summary_large_image","twitter_misc":{"Est. reading time":"1 minute"},"schema":{"@context":"https:\/\/schema.org","@graph":[{"@type":"WebPage","@id":"https:\/\/pre.oboemuebles.com\/en\/producto\/nido-sancal-nidosancal988\/","url":"https:\/\/pre.oboemuebles.com\/en\/producto\/nido-sancal-nidosancal988\/","name":"NIDO by Sancal","isPartOf":{"@id":"https:\/\/pre.oboemuebles.com\/en\/#website"},"primaryImageOfPage":{"@id":"https:\/\/pre.oboemuebles.com\/en\/producto\/nido-sancal-nidosancal988\/#primaryimage"},"image":{"@id":"https:\/\/pre.oboemuebles.com\/en\/producto\/nido-sancal-nidosancal988\/#primaryimage"},"thumbnailUrl":"https:\/\/pre.oboemuebles.com\/wp-content\/uploads\/2020\/09\/SANCAL-NIDO-1.jpg","datePublished":"2020-09-15T08:51:44+00:00","dateModified":"2022-04-27T14:19:48+00:00","description":"El nido, que sirve de refugio y protecci\u00f3n para un gran n\u00famero de especies, sirvi\u00f3 de inspiraci\u00f3n a Rafa Garc\u00eda para crear una butaca ligera\u2026","breadcrumb":{"@id":"https:\/\/pre.oboemuebles.com\/en\/producto\/nido-sancal-nidosancal988\/#breadcrumb"},"inLanguage":"en-US","potentialAction":[{"@type":"ReadAction","target":["https:\/\/pre.oboemuebles.com\/en\/producto\/nido-sancal-nidosancal988\/"]}]},{"@type":"ImageObject","inLanguage":"en-US","@id":"https:\/\/pre.oboemuebles.com\/en\/producto\/nido-sancal-nidosancal988\/#primaryimage","url":"https:\/\/pre.oboemuebles.com\/wp-content\/uploads\/2020\/09\/SANCAL-NIDO-1.jpg","contentUrl":"https:\/\/pre.oboemuebles.com\/wp-content\/uploads\/2020\/09\/SANCAL-NIDO-1.jpg","width":900,"height":900},{"@type":"BreadcrumbList","@id":"https:\/\/pre.oboemuebles.com\/en\/producto\/nido-sancal-nidosancal988\/#breadcrumb","itemListElement":[{"@type":"ListItem","position":1,"name":"Portada","item":"https:\/\/pre.oboemuebles.com\/en\/"},{"@type":"ListItem","position":2,"name":"default shop","item":"https:\/\/pre.oboemuebles.com\/shop\/default-shop\/"},{"@type":"ListItem","position":3,"name":"NIDO"}]},{"@type":"WebSite","@id":"https:\/\/pre.oboemuebles.com\/en\/#website","url":"https:\/\/pre.oboemuebles.com\/en\/","name":"OBOE - Furniture store and designer kitchens in Malaga and Marbella","description":"Modern furniture, high quality kitchens and decoration in Malaga and Marbella","potentialAction":[{"@type":"SearchAction","target":{"@type":"EntryPoint","urlTemplate":"https:\/\/pre.oboemuebles.com\/en\/?s={search_term_string}"},"query-input":"required name=search_term_string"}],"inLanguage":"en-US"}]}},"brands":[{"id":2140,"name":"Sancal","slug":"sancal"}],"_links":{"self":[{"href":"https:\/\/pre.oboemuebles.com\/en\/wp-json\/wp\/v2\/product\/93911"}],"collection":[{"href":"https:\/\/pre.oboemuebles.com\/en\/wp-json\/wp\/v2\/product"}],"about":[{"href":"https:\/\/pre.oboemuebles.com\/en\/wp-json\/wp\/v2\/types\/product"}],"wp:featuredmedia":[{"embeddable":true,"href":"https:\/\/pre.oboemuebles.com\/en\/wp-json\/wp\/v2\/media\/79084"}],"wp:attachment":[{"href":"https:\/\/pre.oboemuebles.com\/en\/wp-json\/wp\/v2\/media?parent=93911"}],"wp:term":[{"taxonomy":"pwb-brand","embeddable":true,"href":"https:\/\/pre.oboemuebles.com\/en\/wp-json\/wp\/v2\/pwb-brand?post=93911"},{"taxonomy":"product_cat","embeddable":true,"href":"https:\/\/pre.oboemuebles.com\/en\/wp-json\/wp\/v2\/product_cat?post=93911"},{"taxonomy":"product_tag","embeddable":true,"href":"https:\/\/pre.oboemuebles.com\/en\/wp-json\/wp\/v2\/product_tag?post=93911"}],"curies":[{"name":"wp","href":"https:\/\/api.w.org\/{rel}","templated":true}]}}