{"id":93932,"date":"2020-09-15T08:50:56","date_gmt":"2020-09-15T08:50:56","guid":{"rendered":"https:\/\/oboemuebles.com\/muebles-diseno-decoracion-malaga-marbella\/isla-sancal-islasancal942\/"},"modified":"2022-04-27T16:42:16","modified_gmt":"2022-04-27T16:42:16","slug":"isla-sancal-islasancal942","status":"publish","type":"product","link":"https:\/\/pre.oboemuebles.com\/en\/producto\/isla-sancal-islasancal942\/","title":{"rendered":"ISLA"},"content":{"rendered":"","protected":false},"excerpt":{"rendered":"<p>La Isla is a bank with an identity of ample proportions, generous and friendly. Perfect for taking a break at a hotel reception or in an airport waiting area. Its plump silhouette and sinuous curves create a soft and silky feel. The family consists of 3 sizes and a wide range of fabrics. The plinth is available in all the colors on our lacquer chart.<\/p>\n<p>Optionally, it is possible to incorporate USB-A+C plugs and connectors with various pins. The quantity, position, and available options are indicated in each tariff reference.<\/p>\n<p>The connection plug to the electrical network is defined by the selected international plug, in case you select only USB, please indicate the desired plug.<\/p>\n<p>We are often exposed to transit areas; non-places are generally inhospitable and not very effective. Sancal has relied on the know-how of the Note Design studio to improve the experience of those who travel, whether for work or pleasure. The Isla sofa creates a passage space that allows simultaneous uses without interference. A place to share with strangers but respectful of our privacy; isolated but not exclusive. The new project by Note Design Studio for Sancal is a seat for groups that responds to the appearance of what Marc Aug\u00e9 called \u201cnon-places.\u201d<\/p>\n","protected":false},"featured_media":78832,"template":"","meta":{"content-type":""},"pwb-brand":[2140],"product_cat":[1271,1285],"product_tag":[1463],"acf":[],"yoast_head":"<!-- This site is optimized with the Yoast SEO plugin v23.0 - https:\/\/yoast.com\/wordpress\/plugins\/seo\/ -->\n<title>ISLA by SANCAL<\/title>\n<meta name=\"description\" content=\"Cada vez con m\u00e1s frecuencia nos vemos expuestos a zonas de tr\u00e1nsito; no-lugares generalmente inh\u00f3spitos y poco afectivos. Sancal ha confiado\u2026\" \/>\n<meta name=\"robots\" content=\"noindex, follow, max-snippet:-1, max-image-preview:large, max-video-preview:-1\" \/>\n<meta property=\"og:locale\" content=\"en_US\" \/>\n<meta property=\"og:type\" content=\"article\" \/>\n<meta property=\"og:title\" content=\"ISLA by SANCAL\" \/>\n<meta property=\"og:description\" content=\"Cada vez con m\u00e1s frecuencia nos vemos expuestos a zonas de tr\u00e1nsito; no-lugares generalmente inh\u00f3spitos y poco afectivos. Sancal ha confiado\u2026\" \/>\n<meta property=\"og:url\" content=\"https:\/\/pre.oboemuebles.com\/en\/producto\/isla-sancal-islasancal942\/\" \/>\n<meta property=\"og:site_name\" content=\"OBOE - Furniture store and designer kitchens in Malaga and Marbella\" \/>\n<meta property=\"article:modified_time\" content=\"2022-04-27T16:42:16+00:00\" \/>\n<meta property=\"og:image\" content=\"https:\/\/pre.oboemuebles.com\/wp-content\/uploads\/2020\/09\/SANCAL-ISLA-1.jpg\" \/>\n\t<meta property=\"og:image:width\" content=\"900\" \/>\n\t<meta property=\"og:image:height\" content=\"900\" \/>\n\t<meta property=\"og:image:type\" content=\"image\/jpeg\" \/>\n<meta name=\"twitter:card\" content=\"summary_large_image\" \/>\n<script type=\"application\/ld+json\" class=\"yoast-schema-graph\">{\"@context\":\"https:\/\/schema.org\",\"@graph\":[{\"@type\":\"WebPage\",\"@id\":\"https:\/\/pre.oboemuebles.com\/en\/producto\/isla-sancal-islasancal942\/\",\"url\":\"https:\/\/pre.oboemuebles.com\/en\/producto\/isla-sancal-islasancal942\/\",\"name\":\"ISLA by SANCAL\",\"isPartOf\":{\"@id\":\"https:\/\/pre.oboemuebles.com\/en\/#website\"},\"primaryImageOfPage\":{\"@id\":\"https:\/\/pre.oboemuebles.com\/en\/producto\/isla-sancal-islasancal942\/#primaryimage\"},\"image\":{\"@id\":\"https:\/\/pre.oboemuebles.com\/en\/producto\/isla-sancal-islasancal942\/#primaryimage\"},\"thumbnailUrl\":\"https:\/\/pre.oboemuebles.com\/wp-content\/uploads\/2020\/09\/SANCAL-ISLA-1.jpg\",\"datePublished\":\"2020-09-15T08:50:56+00:00\",\"dateModified\":\"2022-04-27T16:42:16+00:00\",\"description\":\"Cada vez con m\u00e1s frecuencia nos vemos expuestos a zonas de tr\u00e1nsito; no-lugares generalmente inh\u00f3spitos y poco afectivos. Sancal ha confiado\u2026\",\"breadcrumb\":{\"@id\":\"https:\/\/pre.oboemuebles.com\/en\/producto\/isla-sancal-islasancal942\/#breadcrumb\"},\"inLanguage\":\"en-US\",\"potentialAction\":[{\"@type\":\"ReadAction\",\"target\":[\"https:\/\/pre.oboemuebles.com\/en\/producto\/isla-sancal-islasancal942\/\"]}]},{\"@type\":\"ImageObject\",\"inLanguage\":\"en-US\",\"@id\":\"https:\/\/pre.oboemuebles.com\/en\/producto\/isla-sancal-islasancal942\/#primaryimage\",\"url\":\"https:\/\/pre.oboemuebles.com\/wp-content\/uploads\/2020\/09\/SANCAL-ISLA-1.jpg\",\"contentUrl\":\"https:\/\/pre.oboemuebles.com\/wp-content\/uploads\/2020\/09\/SANCAL-ISLA-1.jpg\",\"width\":900,\"height\":900},{\"@type\":\"BreadcrumbList\",\"@id\":\"https:\/\/pre.oboemuebles.com\/en\/producto\/isla-sancal-islasancal942\/#breadcrumb\",\"itemListElement\":[{\"@type\":\"ListItem\",\"position\":1,\"name\":\"Portada\",\"item\":\"https:\/\/pre.oboemuebles.com\/en\/\"},{\"@type\":\"ListItem\",\"position\":2,\"name\":\"default shop\",\"item\":\"https:\/\/pre.oboemuebles.com\/shop\/default-shop\/\"},{\"@type\":\"ListItem\",\"position\":3,\"name\":\"ISLA\"}]},{\"@type\":\"WebSite\",\"@id\":\"https:\/\/pre.oboemuebles.com\/en\/#website\",\"url\":\"https:\/\/pre.oboemuebles.com\/en\/\",\"name\":\"OBOE - Furniture store and designer kitchens in Malaga and Marbella\",\"description\":\"Modern furniture, high quality kitchens and decoration in Malaga and Marbella\",\"potentialAction\":[{\"@type\":\"SearchAction\",\"target\":{\"@type\":\"EntryPoint\",\"urlTemplate\":\"https:\/\/pre.oboemuebles.com\/en\/?s={search_term_string}\"},\"query-input\":\"required name=search_term_string\"}],\"inLanguage\":\"en-US\"}]}<\/script>\n<!-- \/ Yoast SEO plugin. -->","yoast_head_json":{"title":"ISLA by SANCAL","description":"Cada vez con m\u00e1s frecuencia nos vemos expuestos a zonas de tr\u00e1nsito; no-lugares generalmente inh\u00f3spitos y poco afectivos. Sancal ha confiado\u2026","robots":{"index":"noindex","follow":"follow","max-snippet":"max-snippet:-1","max-image-preview":"max-image-preview:large","max-video-preview":"max-video-preview:-1"},"og_locale":"en_US","og_type":"article","og_title":"ISLA by SANCAL","og_description":"Cada vez con m\u00e1s frecuencia nos vemos expuestos a zonas de tr\u00e1nsito; no-lugares generalmente inh\u00f3spitos y poco afectivos. Sancal ha confiado\u2026","og_url":"https:\/\/pre.oboemuebles.com\/en\/producto\/isla-sancal-islasancal942\/","og_site_name":"OBOE - Furniture store and designer kitchens in Malaga and Marbella","article_modified_time":"2022-04-27T16:42:16+00:00","og_image":[{"width":900,"height":900,"url":"https:\/\/pre.oboemuebles.com\/wp-content\/uploads\/2020\/09\/SANCAL-ISLA-1.jpg","type":"image\/jpeg"}],"twitter_card":"summary_large_image","schema":{"@context":"https:\/\/schema.org","@graph":[{"@type":"WebPage","@id":"https:\/\/pre.oboemuebles.com\/en\/producto\/isla-sancal-islasancal942\/","url":"https:\/\/pre.oboemuebles.com\/en\/producto\/isla-sancal-islasancal942\/","name":"ISLA by SANCAL","isPartOf":{"@id":"https:\/\/pre.oboemuebles.com\/en\/#website"},"primaryImageOfPage":{"@id":"https:\/\/pre.oboemuebles.com\/en\/producto\/isla-sancal-islasancal942\/#primaryimage"},"image":{"@id":"https:\/\/pre.oboemuebles.com\/en\/producto\/isla-sancal-islasancal942\/#primaryimage"},"thumbnailUrl":"https:\/\/pre.oboemuebles.com\/wp-content\/uploads\/2020\/09\/SANCAL-ISLA-1.jpg","datePublished":"2020-09-15T08:50:56+00:00","dateModified":"2022-04-27T16:42:16+00:00","description":"Cada vez con m\u00e1s frecuencia nos vemos expuestos a zonas de tr\u00e1nsito; no-lugares generalmente inh\u00f3spitos y poco afectivos. Sancal ha confiado\u2026","breadcrumb":{"@id":"https:\/\/pre.oboemuebles.com\/en\/producto\/isla-sancal-islasancal942\/#breadcrumb"},"inLanguage":"en-US","potentialAction":[{"@type":"ReadAction","target":["https:\/\/pre.oboemuebles.com\/en\/producto\/isla-sancal-islasancal942\/"]}]},{"@type":"ImageObject","inLanguage":"en-US","@id":"https:\/\/pre.oboemuebles.com\/en\/producto\/isla-sancal-islasancal942\/#primaryimage","url":"https:\/\/pre.oboemuebles.com\/wp-content\/uploads\/2020\/09\/SANCAL-ISLA-1.jpg","contentUrl":"https:\/\/pre.oboemuebles.com\/wp-content\/uploads\/2020\/09\/SANCAL-ISLA-1.jpg","width":900,"height":900},{"@type":"BreadcrumbList","@id":"https:\/\/pre.oboemuebles.com\/en\/producto\/isla-sancal-islasancal942\/#breadcrumb","itemListElement":[{"@type":"ListItem","position":1,"name":"Portada","item":"https:\/\/pre.oboemuebles.com\/en\/"},{"@type":"ListItem","position":2,"name":"default shop","item":"https:\/\/pre.oboemuebles.com\/shop\/default-shop\/"},{"@type":"ListItem","position":3,"name":"ISLA"}]},{"@type":"WebSite","@id":"https:\/\/pre.oboemuebles.com\/en\/#website","url":"https:\/\/pre.oboemuebles.com\/en\/","name":"OBOE - Furniture store and designer kitchens in Malaga and Marbella","description":"Modern furniture, high quality kitchens and decoration in Malaga and Marbella","potentialAction":[{"@type":"SearchAction","target":{"@type":"EntryPoint","urlTemplate":"https:\/\/pre.oboemuebles.com\/en\/?s={search_term_string}"},"query-input":"required name=search_term_string"}],"inLanguage":"en-US"}]}},"brands":[{"id":2140,"name":"Sancal","slug":"sancal"}],"_links":{"self":[{"href":"https:\/\/pre.oboemuebles.com\/en\/wp-json\/wp\/v2\/product\/93932"}],"collection":[{"href":"https:\/\/pre.oboemuebles.com\/en\/wp-json\/wp\/v2\/product"}],"about":[{"href":"https:\/\/pre.oboemuebles.com\/en\/wp-json\/wp\/v2\/types\/product"}],"wp:featuredmedia":[{"embeddable":true,"href":"https:\/\/pre.oboemuebles.com\/en\/wp-json\/wp\/v2\/media\/78832"}],"wp:attachment":[{"href":"https:\/\/pre.oboemuebles.com\/en\/wp-json\/wp\/v2\/media?parent=93932"}],"wp:term":[{"taxonomy":"pwb-brand","embeddable":true,"href":"https:\/\/pre.oboemuebles.com\/en\/wp-json\/wp\/v2\/pwb-brand?post=93932"},{"taxonomy":"product_cat","embeddable":true,"href":"https:\/\/pre.oboemuebles.com\/en\/wp-json\/wp\/v2\/product_cat?post=93932"},{"taxonomy":"product_tag","embeddable":true,"href":"https:\/\/pre.oboemuebles.com\/en\/wp-json\/wp\/v2\/product_tag?post=93932"}],"curies":[{"name":"wp","href":"https:\/\/api.w.org\/{rel}","templated":true}]}}