{"id":93944,"date":"2020-09-15T08:50:32","date_gmt":"2020-09-15T08:50:32","guid":{"rendered":"https:\/\/oboemuebles.com\/muebles-diseno-decoracion-malaga-marbella\/copla-sancal-coplasancal919\/"},"modified":"2022-04-28T10:10:26","modified_gmt":"2022-04-28T10:10:26","slug":"copla-sancal-coplasancal919","status":"publish","type":"product","link":"https:\/\/pre.oboemuebles.com\/en\/producto\/copla-sancal-coplasancal919\/","title":{"rendered":"COPLA"},"content":{"rendered":"","protected":false},"excerpt":{"rendered":"<p>Copla is a modular sofa designed to provide warmth and true comfort in public spaces of all kinds. Thanks to the casual appearance of its pillows, it manages to differentiate itself from the typical rigidity of furniture for communities. This soft-touch means that Copla is not excluded from more homely environments.<\/p>\n<p>The 21 cm high turned ash wood legs, and this soft sofa inspires the name of a design that pays homage to the old singer cafes. From Copla, we also highlight its shapes&#8217; softness and hollowed-out pillows. The design stems from the desire to create a sofa with comfortable cushions and slim wooden legs. The pads are joined together by the legs that support them, lightening their internal structure to the maximum and giving rise to a soft sofa on each one of its sides.<\/p>\n","protected":false},"featured_media":78596,"template":"","meta":{"content-type":""},"pwb-brand":[2140],"product_cat":[1271,1286,1303],"product_tag":[1482,1455],"acf":[],"yoast_head":"<!-- This site is optimized with the Yoast SEO plugin v23.0 - https:\/\/yoast.com\/wordpress\/plugins\/seo\/ -->\n<title>COPLA by SANCAL<\/title>\n<meta name=\"description\" content=\"Las torneadas patas de madera de fresno de 21 cm de alto y este mullido sof\u00e1 inspiran el nombre de un dise\u00f1o que homenajea los antiguos caf\u00e9\u2026\" \/>\n<meta name=\"robots\" content=\"noindex, follow, max-snippet:-1, max-image-preview:large, max-video-preview:-1\" \/>\n<meta property=\"og:locale\" content=\"en_US\" \/>\n<meta property=\"og:type\" content=\"article\" \/>\n<meta property=\"og:title\" content=\"COPLA by SANCAL\" \/>\n<meta property=\"og:description\" content=\"Las torneadas patas de madera de fresno de 21 cm de alto y este mullido sof\u00e1 inspiran el nombre de un dise\u00f1o que homenajea los antiguos caf\u00e9\u2026\" \/>\n<meta property=\"og:url\" content=\"https:\/\/pre.oboemuebles.com\/en\/producto\/copla-sancal-coplasancal919\/\" \/>\n<meta property=\"og:site_name\" content=\"OBOE - Furniture store and designer kitchens in Malaga and Marbella\" \/>\n<meta property=\"article:modified_time\" content=\"2022-04-28T10:10:26+00:00\" \/>\n<meta property=\"og:image\" content=\"https:\/\/pre.oboemuebles.com\/wp-content\/uploads\/2020\/09\/SANCAL-COPLA-1.jpg\" \/>\n\t<meta property=\"og:image:width\" content=\"900\" \/>\n\t<meta property=\"og:image:height\" content=\"900\" \/>\n\t<meta property=\"og:image:type\" content=\"image\/jpeg\" \/>\n<meta name=\"twitter:card\" content=\"summary_large_image\" \/>\n<script type=\"application\/ld+json\" class=\"yoast-schema-graph\">{\"@context\":\"https:\/\/schema.org\",\"@graph\":[{\"@type\":\"WebPage\",\"@id\":\"https:\/\/pre.oboemuebles.com\/en\/producto\/copla-sancal-coplasancal919\/\",\"url\":\"https:\/\/pre.oboemuebles.com\/en\/producto\/copla-sancal-coplasancal919\/\",\"name\":\"COPLA by SANCAL\",\"isPartOf\":{\"@id\":\"https:\/\/pre.oboemuebles.com\/en\/#website\"},\"primaryImageOfPage\":{\"@id\":\"https:\/\/pre.oboemuebles.com\/en\/producto\/copla-sancal-coplasancal919\/#primaryimage\"},\"image\":{\"@id\":\"https:\/\/pre.oboemuebles.com\/en\/producto\/copla-sancal-coplasancal919\/#primaryimage\"},\"thumbnailUrl\":\"https:\/\/pre.oboemuebles.com\/wp-content\/uploads\/2020\/09\/SANCAL-COPLA-1.jpg\",\"datePublished\":\"2020-09-15T08:50:32+00:00\",\"dateModified\":\"2022-04-28T10:10:26+00:00\",\"description\":\"Las torneadas patas de madera de fresno de 21 cm de alto y este mullido sof\u00e1 inspiran el nombre de un dise\u00f1o que homenajea los antiguos caf\u00e9\u2026\",\"breadcrumb\":{\"@id\":\"https:\/\/pre.oboemuebles.com\/en\/producto\/copla-sancal-coplasancal919\/#breadcrumb\"},\"inLanguage\":\"en-US\",\"potentialAction\":[{\"@type\":\"ReadAction\",\"target\":[\"https:\/\/pre.oboemuebles.com\/en\/producto\/copla-sancal-coplasancal919\/\"]}]},{\"@type\":\"ImageObject\",\"inLanguage\":\"en-US\",\"@id\":\"https:\/\/pre.oboemuebles.com\/en\/producto\/copla-sancal-coplasancal919\/#primaryimage\",\"url\":\"https:\/\/pre.oboemuebles.com\/wp-content\/uploads\/2020\/09\/SANCAL-COPLA-1.jpg\",\"contentUrl\":\"https:\/\/pre.oboemuebles.com\/wp-content\/uploads\/2020\/09\/SANCAL-COPLA-1.jpg\",\"width\":900,\"height\":900},{\"@type\":\"BreadcrumbList\",\"@id\":\"https:\/\/pre.oboemuebles.com\/en\/producto\/copla-sancal-coplasancal919\/#breadcrumb\",\"itemListElement\":[{\"@type\":\"ListItem\",\"position\":1,\"name\":\"Portada\",\"item\":\"https:\/\/pre.oboemuebles.com\/en\/\"},{\"@type\":\"ListItem\",\"position\":2,\"name\":\"default shop\",\"item\":\"https:\/\/pre.oboemuebles.com\/shop\/default-shop\/\"},{\"@type\":\"ListItem\",\"position\":3,\"name\":\"COPLA\"}]},{\"@type\":\"WebSite\",\"@id\":\"https:\/\/pre.oboemuebles.com\/en\/#website\",\"url\":\"https:\/\/pre.oboemuebles.com\/en\/\",\"name\":\"OBOE - Furniture store and designer kitchens in Malaga and Marbella\",\"description\":\"Modern furniture, high quality kitchens and decoration in Malaga and Marbella\",\"potentialAction\":[{\"@type\":\"SearchAction\",\"target\":{\"@type\":\"EntryPoint\",\"urlTemplate\":\"https:\/\/pre.oboemuebles.com\/en\/?s={search_term_string}\"},\"query-input\":\"required name=search_term_string\"}],\"inLanguage\":\"en-US\"}]}<\/script>\n<!-- \/ Yoast SEO plugin. -->","yoast_head_json":{"title":"COPLA by SANCAL","description":"Las torneadas patas de madera de fresno de 21 cm de alto y este mullido sof\u00e1 inspiran el nombre de un dise\u00f1o que homenajea los antiguos caf\u00e9\u2026","robots":{"index":"noindex","follow":"follow","max-snippet":"max-snippet:-1","max-image-preview":"max-image-preview:large","max-video-preview":"max-video-preview:-1"},"og_locale":"en_US","og_type":"article","og_title":"COPLA by SANCAL","og_description":"Las torneadas patas de madera de fresno de 21 cm de alto y este mullido sof\u00e1 inspiran el nombre de un dise\u00f1o que homenajea los antiguos caf\u00e9\u2026","og_url":"https:\/\/pre.oboemuebles.com\/en\/producto\/copla-sancal-coplasancal919\/","og_site_name":"OBOE - Furniture store and designer kitchens in Malaga and Marbella","article_modified_time":"2022-04-28T10:10:26+00:00","og_image":[{"width":900,"height":900,"url":"https:\/\/pre.oboemuebles.com\/wp-content\/uploads\/2020\/09\/SANCAL-COPLA-1.jpg","type":"image\/jpeg"}],"twitter_card":"summary_large_image","schema":{"@context":"https:\/\/schema.org","@graph":[{"@type":"WebPage","@id":"https:\/\/pre.oboemuebles.com\/en\/producto\/copla-sancal-coplasancal919\/","url":"https:\/\/pre.oboemuebles.com\/en\/producto\/copla-sancal-coplasancal919\/","name":"COPLA by SANCAL","isPartOf":{"@id":"https:\/\/pre.oboemuebles.com\/en\/#website"},"primaryImageOfPage":{"@id":"https:\/\/pre.oboemuebles.com\/en\/producto\/copla-sancal-coplasancal919\/#primaryimage"},"image":{"@id":"https:\/\/pre.oboemuebles.com\/en\/producto\/copla-sancal-coplasancal919\/#primaryimage"},"thumbnailUrl":"https:\/\/pre.oboemuebles.com\/wp-content\/uploads\/2020\/09\/SANCAL-COPLA-1.jpg","datePublished":"2020-09-15T08:50:32+00:00","dateModified":"2022-04-28T10:10:26+00:00","description":"Las torneadas patas de madera de fresno de 21 cm de alto y este mullido sof\u00e1 inspiran el nombre de un dise\u00f1o que homenajea los antiguos caf\u00e9\u2026","breadcrumb":{"@id":"https:\/\/pre.oboemuebles.com\/en\/producto\/copla-sancal-coplasancal919\/#breadcrumb"},"inLanguage":"en-US","potentialAction":[{"@type":"ReadAction","target":["https:\/\/pre.oboemuebles.com\/en\/producto\/copla-sancal-coplasancal919\/"]}]},{"@type":"ImageObject","inLanguage":"en-US","@id":"https:\/\/pre.oboemuebles.com\/en\/producto\/copla-sancal-coplasancal919\/#primaryimage","url":"https:\/\/pre.oboemuebles.com\/wp-content\/uploads\/2020\/09\/SANCAL-COPLA-1.jpg","contentUrl":"https:\/\/pre.oboemuebles.com\/wp-content\/uploads\/2020\/09\/SANCAL-COPLA-1.jpg","width":900,"height":900},{"@type":"BreadcrumbList","@id":"https:\/\/pre.oboemuebles.com\/en\/producto\/copla-sancal-coplasancal919\/#breadcrumb","itemListElement":[{"@type":"ListItem","position":1,"name":"Portada","item":"https:\/\/pre.oboemuebles.com\/en\/"},{"@type":"ListItem","position":2,"name":"default shop","item":"https:\/\/pre.oboemuebles.com\/shop\/default-shop\/"},{"@type":"ListItem","position":3,"name":"COPLA"}]},{"@type":"WebSite","@id":"https:\/\/pre.oboemuebles.com\/en\/#website","url":"https:\/\/pre.oboemuebles.com\/en\/","name":"OBOE - Furniture store and designer kitchens in Malaga and Marbella","description":"Modern furniture, high quality kitchens and decoration in Malaga and Marbella","potentialAction":[{"@type":"SearchAction","target":{"@type":"EntryPoint","urlTemplate":"https:\/\/pre.oboemuebles.com\/en\/?s={search_term_string}"},"query-input":"required name=search_term_string"}],"inLanguage":"en-US"}]}},"brands":[{"id":2140,"name":"Sancal","slug":"sancal"}],"_links":{"self":[{"href":"https:\/\/pre.oboemuebles.com\/en\/wp-json\/wp\/v2\/product\/93944"}],"collection":[{"href":"https:\/\/pre.oboemuebles.com\/en\/wp-json\/wp\/v2\/product"}],"about":[{"href":"https:\/\/pre.oboemuebles.com\/en\/wp-json\/wp\/v2\/types\/product"}],"wp:featuredmedia":[{"embeddable":true,"href":"https:\/\/pre.oboemuebles.com\/en\/wp-json\/wp\/v2\/media\/78596"}],"wp:attachment":[{"href":"https:\/\/pre.oboemuebles.com\/en\/wp-json\/wp\/v2\/media?parent=93944"}],"wp:term":[{"taxonomy":"pwb-brand","embeddable":true,"href":"https:\/\/pre.oboemuebles.com\/en\/wp-json\/wp\/v2\/pwb-brand?post=93944"},{"taxonomy":"product_cat","embeddable":true,"href":"https:\/\/pre.oboemuebles.com\/en\/wp-json\/wp\/v2\/product_cat?post=93944"},{"taxonomy":"product_tag","embeddable":true,"href":"https:\/\/pre.oboemuebles.com\/en\/wp-json\/wp\/v2\/product_tag?post=93944"}],"curies":[{"name":"wp","href":"https:\/\/api.w.org\/{rel}","templated":true}]}}