{"id":94038,"date":"2020-09-15T08:43:24","date_gmt":"2020-09-15T08:43:24","guid":{"rendered":"https:\/\/oboemuebles.com\/muebles-diseno-decoracion-malaga-marbella\/boheme-porada-bohemeporada1851\/"},"modified":"2022-04-30T07:17:09","modified_gmt":"2022-04-30T07:17:09","slug":"boheme-porada-bohemeporada1851","status":"publish","type":"product","link":"https:\/\/pre.oboemuebles.com\/en\/producto\/boheme-porada-bohemeporada1851\/","title":{"rendered":"BOHEME"},"content":{"rendered":"","protected":false},"excerpt":{"rendered":"<p>Headboard with frame in solid canaletta walnut and upholstery in the fabrics of the collection. Possibility of adding side modules in solid canaletta walnut. Fixed to the wall. LED rear light available on request. The width measurements will be adjusted to the necessary measures of the sommier. The height is 160cm high, giving it an elegant character that surrounds every bedroom.<\/p>\n","protected":false},"featured_media":76668,"template":"","meta":{"content-type":""},"pwb-brand":[2139],"product_cat":[1269,1268,1271],"product_tag":[1515,1516],"acf":[],"yoast_head":"<!-- This site is optimized with the Yoast SEO plugin v23.0 - https:\/\/yoast.com\/wordpress\/plugins\/seo\/ -->\n<title>BOHEME by PORADA<\/title>\n<meta name=\"description\" content=\"Las medidas en ancho se ajustar\u00e1n a las medidas necesarias del sommier, la altura es de 160cm de altura, dot\u00e1ndola de un car\u00e1cter elegante, \u2026\" \/>\n<meta name=\"robots\" content=\"noindex, follow, max-snippet:-1, max-image-preview:large, max-video-preview:-1\" \/>\n<meta property=\"og:locale\" content=\"en_US\" \/>\n<meta property=\"og:type\" content=\"article\" \/>\n<meta property=\"og:title\" content=\"BOHEME by PORADA\" \/>\n<meta property=\"og:description\" content=\"Las medidas en ancho se ajustar\u00e1n a las medidas necesarias del sommier, la altura es de 160cm de altura, dot\u00e1ndola de un car\u00e1cter elegante, \u2026\" \/>\n<meta property=\"og:url\" content=\"https:\/\/pre.oboemuebles.com\/en\/producto\/boheme-porada-bohemeporada1851\/\" \/>\n<meta property=\"og:site_name\" content=\"OBOE - Furniture store and designer kitchens in Malaga and Marbella\" \/>\n<meta property=\"article:modified_time\" content=\"2022-04-30T07:17:09+00:00\" \/>\n<meta property=\"og:image\" content=\"https:\/\/pre.oboemuebles.com\/wp-content\/uploads\/2020\/09\/PORADA-CAMAS-BOHEME.jpg\" \/>\n\t<meta property=\"og:image:width\" content=\"900\" \/>\n\t<meta property=\"og:image:height\" content=\"900\" \/>\n\t<meta property=\"og:image:type\" content=\"image\/jpeg\" \/>\n<meta name=\"twitter:card\" content=\"summary_large_image\" \/>\n<script type=\"application\/ld+json\" class=\"yoast-schema-graph\">{\"@context\":\"https:\/\/schema.org\",\"@graph\":[{\"@type\":\"WebPage\",\"@id\":\"https:\/\/pre.oboemuebles.com\/en\/producto\/boheme-porada-bohemeporada1851\/\",\"url\":\"https:\/\/pre.oboemuebles.com\/en\/producto\/boheme-porada-bohemeporada1851\/\",\"name\":\"BOHEME by PORADA\",\"isPartOf\":{\"@id\":\"https:\/\/pre.oboemuebles.com\/en\/#website\"},\"primaryImageOfPage\":{\"@id\":\"https:\/\/pre.oboemuebles.com\/en\/producto\/boheme-porada-bohemeporada1851\/#primaryimage\"},\"image\":{\"@id\":\"https:\/\/pre.oboemuebles.com\/en\/producto\/boheme-porada-bohemeporada1851\/#primaryimage\"},\"thumbnailUrl\":\"https:\/\/pre.oboemuebles.com\/wp-content\/uploads\/2020\/09\/PORADA-CAMAS-BOHEME.jpg\",\"datePublished\":\"2020-09-15T08:43:24+00:00\",\"dateModified\":\"2022-04-30T07:17:09+00:00\",\"description\":\"Las medidas en ancho se ajustar\u00e1n a las medidas necesarias del sommier, la altura es de 160cm de altura, dot\u00e1ndola de un car\u00e1cter elegante, \u2026\",\"breadcrumb\":{\"@id\":\"https:\/\/pre.oboemuebles.com\/en\/producto\/boheme-porada-bohemeporada1851\/#breadcrumb\"},\"inLanguage\":\"en-US\",\"potentialAction\":[{\"@type\":\"ReadAction\",\"target\":[\"https:\/\/pre.oboemuebles.com\/en\/producto\/boheme-porada-bohemeporada1851\/\"]}]},{\"@type\":\"ImageObject\",\"inLanguage\":\"en-US\",\"@id\":\"https:\/\/pre.oboemuebles.com\/en\/producto\/boheme-porada-bohemeporada1851\/#primaryimage\",\"url\":\"https:\/\/pre.oboemuebles.com\/wp-content\/uploads\/2020\/09\/PORADA-CAMAS-BOHEME.jpg\",\"contentUrl\":\"https:\/\/pre.oboemuebles.com\/wp-content\/uploads\/2020\/09\/PORADA-CAMAS-BOHEME.jpg\",\"width\":900,\"height\":900},{\"@type\":\"BreadcrumbList\",\"@id\":\"https:\/\/pre.oboemuebles.com\/en\/producto\/boheme-porada-bohemeporada1851\/#breadcrumb\",\"itemListElement\":[{\"@type\":\"ListItem\",\"position\":1,\"name\":\"Portada\",\"item\":\"https:\/\/pre.oboemuebles.com\/en\/\"},{\"@type\":\"ListItem\",\"position\":2,\"name\":\"default shop\",\"item\":\"https:\/\/pre.oboemuebles.com\/shop\/default-shop\/\"},{\"@type\":\"ListItem\",\"position\":3,\"name\":\"BOHEME\"}]},{\"@type\":\"WebSite\",\"@id\":\"https:\/\/pre.oboemuebles.com\/en\/#website\",\"url\":\"https:\/\/pre.oboemuebles.com\/en\/\",\"name\":\"OBOE - Furniture store and designer kitchens in Malaga and Marbella\",\"description\":\"Modern furniture, high quality kitchens and decoration in Malaga and Marbella\",\"potentialAction\":[{\"@type\":\"SearchAction\",\"target\":{\"@type\":\"EntryPoint\",\"urlTemplate\":\"https:\/\/pre.oboemuebles.com\/en\/?s={search_term_string}\"},\"query-input\":\"required name=search_term_string\"}],\"inLanguage\":\"en-US\"}]}<\/script>\n<!-- \/ Yoast SEO plugin. -->","yoast_head_json":{"title":"BOHEME by PORADA","description":"Las medidas en ancho se ajustar\u00e1n a las medidas necesarias del sommier, la altura es de 160cm de altura, dot\u00e1ndola de un car\u00e1cter elegante, \u2026","robots":{"index":"noindex","follow":"follow","max-snippet":"max-snippet:-1","max-image-preview":"max-image-preview:large","max-video-preview":"max-video-preview:-1"},"og_locale":"en_US","og_type":"article","og_title":"BOHEME by PORADA","og_description":"Las medidas en ancho se ajustar\u00e1n a las medidas necesarias del sommier, la altura es de 160cm de altura, dot\u00e1ndola de un car\u00e1cter elegante, \u2026","og_url":"https:\/\/pre.oboemuebles.com\/en\/producto\/boheme-porada-bohemeporada1851\/","og_site_name":"OBOE - Furniture store and designer kitchens in Malaga and Marbella","article_modified_time":"2022-04-30T07:17:09+00:00","og_image":[{"width":900,"height":900,"url":"https:\/\/pre.oboemuebles.com\/wp-content\/uploads\/2020\/09\/PORADA-CAMAS-BOHEME.jpg","type":"image\/jpeg"}],"twitter_card":"summary_large_image","schema":{"@context":"https:\/\/schema.org","@graph":[{"@type":"WebPage","@id":"https:\/\/pre.oboemuebles.com\/en\/producto\/boheme-porada-bohemeporada1851\/","url":"https:\/\/pre.oboemuebles.com\/en\/producto\/boheme-porada-bohemeporada1851\/","name":"BOHEME by PORADA","isPartOf":{"@id":"https:\/\/pre.oboemuebles.com\/en\/#website"},"primaryImageOfPage":{"@id":"https:\/\/pre.oboemuebles.com\/en\/producto\/boheme-porada-bohemeporada1851\/#primaryimage"},"image":{"@id":"https:\/\/pre.oboemuebles.com\/en\/producto\/boheme-porada-bohemeporada1851\/#primaryimage"},"thumbnailUrl":"https:\/\/pre.oboemuebles.com\/wp-content\/uploads\/2020\/09\/PORADA-CAMAS-BOHEME.jpg","datePublished":"2020-09-15T08:43:24+00:00","dateModified":"2022-04-30T07:17:09+00:00","description":"Las medidas en ancho se ajustar\u00e1n a las medidas necesarias del sommier, la altura es de 160cm de altura, dot\u00e1ndola de un car\u00e1cter elegante, \u2026","breadcrumb":{"@id":"https:\/\/pre.oboemuebles.com\/en\/producto\/boheme-porada-bohemeporada1851\/#breadcrumb"},"inLanguage":"en-US","potentialAction":[{"@type":"ReadAction","target":["https:\/\/pre.oboemuebles.com\/en\/producto\/boheme-porada-bohemeporada1851\/"]}]},{"@type":"ImageObject","inLanguage":"en-US","@id":"https:\/\/pre.oboemuebles.com\/en\/producto\/boheme-porada-bohemeporada1851\/#primaryimage","url":"https:\/\/pre.oboemuebles.com\/wp-content\/uploads\/2020\/09\/PORADA-CAMAS-BOHEME.jpg","contentUrl":"https:\/\/pre.oboemuebles.com\/wp-content\/uploads\/2020\/09\/PORADA-CAMAS-BOHEME.jpg","width":900,"height":900},{"@type":"BreadcrumbList","@id":"https:\/\/pre.oboemuebles.com\/en\/producto\/boheme-porada-bohemeporada1851\/#breadcrumb","itemListElement":[{"@type":"ListItem","position":1,"name":"Portada","item":"https:\/\/pre.oboemuebles.com\/en\/"},{"@type":"ListItem","position":2,"name":"default shop","item":"https:\/\/pre.oboemuebles.com\/shop\/default-shop\/"},{"@type":"ListItem","position":3,"name":"BOHEME"}]},{"@type":"WebSite","@id":"https:\/\/pre.oboemuebles.com\/en\/#website","url":"https:\/\/pre.oboemuebles.com\/en\/","name":"OBOE - Furniture store and designer kitchens in Malaga and Marbella","description":"Modern furniture, high quality kitchens and decoration in Malaga and Marbella","potentialAction":[{"@type":"SearchAction","target":{"@type":"EntryPoint","urlTemplate":"https:\/\/pre.oboemuebles.com\/en\/?s={search_term_string}"},"query-input":"required name=search_term_string"}],"inLanguage":"en-US"}]}},"brands":[{"id":2139,"name":"Porada","slug":"porada"}],"_links":{"self":[{"href":"https:\/\/pre.oboemuebles.com\/en\/wp-json\/wp\/v2\/product\/94038"}],"collection":[{"href":"https:\/\/pre.oboemuebles.com\/en\/wp-json\/wp\/v2\/product"}],"about":[{"href":"https:\/\/pre.oboemuebles.com\/en\/wp-json\/wp\/v2\/types\/product"}],"wp:featuredmedia":[{"embeddable":true,"href":"https:\/\/pre.oboemuebles.com\/en\/wp-json\/wp\/v2\/media\/76668"}],"wp:attachment":[{"href":"https:\/\/pre.oboemuebles.com\/en\/wp-json\/wp\/v2\/media?parent=94038"}],"wp:term":[{"taxonomy":"pwb-brand","embeddable":true,"href":"https:\/\/pre.oboemuebles.com\/en\/wp-json\/wp\/v2\/pwb-brand?post=94038"},{"taxonomy":"product_cat","embeddable":true,"href":"https:\/\/pre.oboemuebles.com\/en\/wp-json\/wp\/v2\/product_cat?post=94038"},{"taxonomy":"product_tag","embeddable":true,"href":"https:\/\/pre.oboemuebles.com\/en\/wp-json\/wp\/v2\/product_tag?post=94038"}],"curies":[{"name":"wp","href":"https:\/\/api.w.org\/{rel}","templated":true}]}}