{"id":94062,"date":"2020-09-15T08:42:54","date_gmt":"2020-09-15T08:42:54","guid":{"rendered":"https:\/\/oboemuebles.com\/muebles-diseno-decoracion-malaga-marbella\/tamok-madia-porada-tamokmporada1745\/"},"modified":"2022-04-30T08:51:50","modified_gmt":"2022-04-30T08:51:50","slug":"tamok-madia-porada-tamokmporada1745","status":"publish","type":"product","link":"https:\/\/pre.oboemuebles.com\/en\/producto\/tamok-madia-porada-tamokmporada1745\/","title":{"rendered":"TAMOK MADIA"},"content":{"rendered":"","protected":false},"excerpt":{"rendered":"<p>Sideboard in canaletta walnut with solid wood edges and top in wood, marble, or Rock. Equipped with two compartments with doors. In the left compartment, there is a drawer with two transparent glass shelves, while in the right one there are three transparent glass shelves. Open central compartment with two wooden shelves. Sides with feet in brushed bronzed brass. 164x56x145<\/p>\n","protected":false},"featured_media":76322,"template":"","meta":{"content-type":""},"pwb-brand":[2139],"product_cat":[1271,1286,1293],"product_tag":[1519,1520],"acf":[],"yoast_head":"<!-- This site is optimized with the Yoast SEO plugin v23.0 - https:\/\/yoast.com\/wordpress\/plugins\/seo\/ -->\n<title>TAMOK MADIA by Porada<\/title>\n<meta name=\"description\" content=\"En el compartimiento de la izquierda est\u00e1n un caj\u00f3n con dos repisas de cristal transparente, mientras que en el de derecha est\u00e1n tres repisa\u2026\" \/>\n<meta name=\"robots\" content=\"noindex, follow, max-snippet:-1, max-image-preview:large, max-video-preview:-1\" \/>\n<meta property=\"og:locale\" content=\"en_US\" \/>\n<meta property=\"og:type\" content=\"article\" \/>\n<meta property=\"og:title\" content=\"TAMOK MADIA by Porada\" \/>\n<meta property=\"og:description\" content=\"En el compartimiento de la izquierda est\u00e1n un caj\u00f3n con dos repisas de cristal transparente, mientras que en el de derecha est\u00e1n tres repisa\u2026\" \/>\n<meta property=\"og:url\" content=\"https:\/\/pre.oboemuebles.com\/en\/producto\/tamok-madia-porada-tamokmporada1745\/\" \/>\n<meta property=\"og:site_name\" content=\"OBOE - Furniture store and designer kitchens in Malaga and Marbella\" \/>\n<meta property=\"article:modified_time\" content=\"2022-04-30T08:51:50+00:00\" \/>\n<meta property=\"og:image\" content=\"https:\/\/pre.oboemuebles.com\/wp-content\/uploads\/2020\/09\/PORADA-APARADORES-TAMOK-MADIA-APERTA-884112769.jpg\" \/>\n\t<meta property=\"og:image:width\" content=\"900\" \/>\n\t<meta property=\"og:image:height\" content=\"900\" \/>\n\t<meta property=\"og:image:type\" content=\"image\/jpeg\" \/>\n<meta name=\"twitter:card\" content=\"summary_large_image\" \/>\n<script type=\"application\/ld+json\" class=\"yoast-schema-graph\">{\"@context\":\"https:\/\/schema.org\",\"@graph\":[{\"@type\":\"WebPage\",\"@id\":\"https:\/\/pre.oboemuebles.com\/en\/producto\/tamok-madia-porada-tamokmporada1745\/\",\"url\":\"https:\/\/pre.oboemuebles.com\/en\/producto\/tamok-madia-porada-tamokmporada1745\/\",\"name\":\"TAMOK MADIA by Porada\",\"isPartOf\":{\"@id\":\"https:\/\/pre.oboemuebles.com\/en\/#website\"},\"primaryImageOfPage\":{\"@id\":\"https:\/\/pre.oboemuebles.com\/en\/producto\/tamok-madia-porada-tamokmporada1745\/#primaryimage\"},\"image\":{\"@id\":\"https:\/\/pre.oboemuebles.com\/en\/producto\/tamok-madia-porada-tamokmporada1745\/#primaryimage\"},\"thumbnailUrl\":\"https:\/\/pre.oboemuebles.com\/wp-content\/uploads\/2020\/09\/PORADA-APARADORES-TAMOK-MADIA-APERTA-884112769.jpg\",\"datePublished\":\"2020-09-15T08:42:54+00:00\",\"dateModified\":\"2022-04-30T08:51:50+00:00\",\"description\":\"En el compartimiento de la izquierda est\u00e1n un caj\u00f3n con dos repisas de cristal transparente, mientras que en el de derecha est\u00e1n tres repisa\u2026\",\"breadcrumb\":{\"@id\":\"https:\/\/pre.oboemuebles.com\/en\/producto\/tamok-madia-porada-tamokmporada1745\/#breadcrumb\"},\"inLanguage\":\"en-US\",\"potentialAction\":[{\"@type\":\"ReadAction\",\"target\":[\"https:\/\/pre.oboemuebles.com\/en\/producto\/tamok-madia-porada-tamokmporada1745\/\"]}]},{\"@type\":\"ImageObject\",\"inLanguage\":\"en-US\",\"@id\":\"https:\/\/pre.oboemuebles.com\/en\/producto\/tamok-madia-porada-tamokmporada1745\/#primaryimage\",\"url\":\"https:\/\/pre.oboemuebles.com\/wp-content\/uploads\/2020\/09\/PORADA-APARADORES-TAMOK-MADIA-APERTA-884112769.jpg\",\"contentUrl\":\"https:\/\/pre.oboemuebles.com\/wp-content\/uploads\/2020\/09\/PORADA-APARADORES-TAMOK-MADIA-APERTA-884112769.jpg\",\"width\":900,\"height\":900},{\"@type\":\"BreadcrumbList\",\"@id\":\"https:\/\/pre.oboemuebles.com\/en\/producto\/tamok-madia-porada-tamokmporada1745\/#breadcrumb\",\"itemListElement\":[{\"@type\":\"ListItem\",\"position\":1,\"name\":\"Portada\",\"item\":\"https:\/\/pre.oboemuebles.com\/en\/\"},{\"@type\":\"ListItem\",\"position\":2,\"name\":\"default shop\",\"item\":\"https:\/\/pre.oboemuebles.com\/shop\/default-shop\/\"},{\"@type\":\"ListItem\",\"position\":3,\"name\":\"TAMOK MADIA\"}]},{\"@type\":\"WebSite\",\"@id\":\"https:\/\/pre.oboemuebles.com\/en\/#website\",\"url\":\"https:\/\/pre.oboemuebles.com\/en\/\",\"name\":\"OBOE - Furniture store and designer kitchens in Malaga and Marbella\",\"description\":\"Modern furniture, high quality kitchens and decoration in Malaga and Marbella\",\"potentialAction\":[{\"@type\":\"SearchAction\",\"target\":{\"@type\":\"EntryPoint\",\"urlTemplate\":\"https:\/\/pre.oboemuebles.com\/en\/?s={search_term_string}\"},\"query-input\":\"required name=search_term_string\"}],\"inLanguage\":\"en-US\"}]}<\/script>\n<!-- \/ Yoast SEO plugin. -->","yoast_head_json":{"title":"TAMOK MADIA by Porada","description":"En el compartimiento de la izquierda est\u00e1n un caj\u00f3n con dos repisas de cristal transparente, mientras que en el de derecha est\u00e1n tres repisa\u2026","robots":{"index":"noindex","follow":"follow","max-snippet":"max-snippet:-1","max-image-preview":"max-image-preview:large","max-video-preview":"max-video-preview:-1"},"og_locale":"en_US","og_type":"article","og_title":"TAMOK MADIA by Porada","og_description":"En el compartimiento de la izquierda est\u00e1n un caj\u00f3n con dos repisas de cristal transparente, mientras que en el de derecha est\u00e1n tres repisa\u2026","og_url":"https:\/\/pre.oboemuebles.com\/en\/producto\/tamok-madia-porada-tamokmporada1745\/","og_site_name":"OBOE - Furniture store and designer kitchens in Malaga and Marbella","article_modified_time":"2022-04-30T08:51:50+00:00","og_image":[{"width":900,"height":900,"url":"https:\/\/pre.oboemuebles.com\/wp-content\/uploads\/2020\/09\/PORADA-APARADORES-TAMOK-MADIA-APERTA-884112769.jpg","type":"image\/jpeg"}],"twitter_card":"summary_large_image","schema":{"@context":"https:\/\/schema.org","@graph":[{"@type":"WebPage","@id":"https:\/\/pre.oboemuebles.com\/en\/producto\/tamok-madia-porada-tamokmporada1745\/","url":"https:\/\/pre.oboemuebles.com\/en\/producto\/tamok-madia-porada-tamokmporada1745\/","name":"TAMOK MADIA by Porada","isPartOf":{"@id":"https:\/\/pre.oboemuebles.com\/en\/#website"},"primaryImageOfPage":{"@id":"https:\/\/pre.oboemuebles.com\/en\/producto\/tamok-madia-porada-tamokmporada1745\/#primaryimage"},"image":{"@id":"https:\/\/pre.oboemuebles.com\/en\/producto\/tamok-madia-porada-tamokmporada1745\/#primaryimage"},"thumbnailUrl":"https:\/\/pre.oboemuebles.com\/wp-content\/uploads\/2020\/09\/PORADA-APARADORES-TAMOK-MADIA-APERTA-884112769.jpg","datePublished":"2020-09-15T08:42:54+00:00","dateModified":"2022-04-30T08:51:50+00:00","description":"En el compartimiento de la izquierda est\u00e1n un caj\u00f3n con dos repisas de cristal transparente, mientras que en el de derecha est\u00e1n tres repisa\u2026","breadcrumb":{"@id":"https:\/\/pre.oboemuebles.com\/en\/producto\/tamok-madia-porada-tamokmporada1745\/#breadcrumb"},"inLanguage":"en-US","potentialAction":[{"@type":"ReadAction","target":["https:\/\/pre.oboemuebles.com\/en\/producto\/tamok-madia-porada-tamokmporada1745\/"]}]},{"@type":"ImageObject","inLanguage":"en-US","@id":"https:\/\/pre.oboemuebles.com\/en\/producto\/tamok-madia-porada-tamokmporada1745\/#primaryimage","url":"https:\/\/pre.oboemuebles.com\/wp-content\/uploads\/2020\/09\/PORADA-APARADORES-TAMOK-MADIA-APERTA-884112769.jpg","contentUrl":"https:\/\/pre.oboemuebles.com\/wp-content\/uploads\/2020\/09\/PORADA-APARADORES-TAMOK-MADIA-APERTA-884112769.jpg","width":900,"height":900},{"@type":"BreadcrumbList","@id":"https:\/\/pre.oboemuebles.com\/en\/producto\/tamok-madia-porada-tamokmporada1745\/#breadcrumb","itemListElement":[{"@type":"ListItem","position":1,"name":"Portada","item":"https:\/\/pre.oboemuebles.com\/en\/"},{"@type":"ListItem","position":2,"name":"default shop","item":"https:\/\/pre.oboemuebles.com\/shop\/default-shop\/"},{"@type":"ListItem","position":3,"name":"TAMOK MADIA"}]},{"@type":"WebSite","@id":"https:\/\/pre.oboemuebles.com\/en\/#website","url":"https:\/\/pre.oboemuebles.com\/en\/","name":"OBOE - Furniture store and designer kitchens in Malaga and Marbella","description":"Modern furniture, high quality kitchens and decoration in Malaga and Marbella","potentialAction":[{"@type":"SearchAction","target":{"@type":"EntryPoint","urlTemplate":"https:\/\/pre.oboemuebles.com\/en\/?s={search_term_string}"},"query-input":"required name=search_term_string"}],"inLanguage":"en-US"}]}},"brands":[{"id":2139,"name":"Porada","slug":"porada"}],"_links":{"self":[{"href":"https:\/\/pre.oboemuebles.com\/en\/wp-json\/wp\/v2\/product\/94062"}],"collection":[{"href":"https:\/\/pre.oboemuebles.com\/en\/wp-json\/wp\/v2\/product"}],"about":[{"href":"https:\/\/pre.oboemuebles.com\/en\/wp-json\/wp\/v2\/types\/product"}],"wp:featuredmedia":[{"embeddable":true,"href":"https:\/\/pre.oboemuebles.com\/en\/wp-json\/wp\/v2\/media\/76322"}],"wp:attachment":[{"href":"https:\/\/pre.oboemuebles.com\/en\/wp-json\/wp\/v2\/media?parent=94062"}],"wp:term":[{"taxonomy":"pwb-brand","embeddable":true,"href":"https:\/\/pre.oboemuebles.com\/en\/wp-json\/wp\/v2\/pwb-brand?post=94062"},{"taxonomy":"product_cat","embeddable":true,"href":"https:\/\/pre.oboemuebles.com\/en\/wp-json\/wp\/v2\/product_cat?post=94062"},{"taxonomy":"product_tag","embeddable":true,"href":"https:\/\/pre.oboemuebles.com\/en\/wp-json\/wp\/v2\/product_tag?post=94062"}],"curies":[{"name":"wp","href":"https:\/\/api.w.org\/{rel}","templated":true}]}}