{"id":94572,"date":"2020-09-15T08:19:53","date_gmt":"2020-09-15T08:19:53","guid":{"rendered":"https:\/\/oboemuebles.com\/muebles-diseno-decoracion-malaga-marbella\/neil-twist-mdf-italia-neiltwistmdfitalia2452\/"},"modified":"2022-10-21T08:43:23","modified_gmt":"2022-10-21T08:43:23","slug":"neil-twist-mdf-italia-neiltwistmdfitalia2452","status":"publish","type":"product","link":"https:\/\/pre.oboemuebles.com\/en\/producto\/neil-twist-mdf-italia-neiltwistmdfitalia2452\/","title":{"rendered":"NEIL TWIST"},"content":{"rendered":"","protected":false},"excerpt":{"rendered":"<p>The Neil armchair is vibrant and versatile, at the same time, an icon of essentiality, in perfect harmony with the style of MDF Italia. These are the main features of the Neil armchair, which today comes in a new version: Neil twist Armchair, whose eloquent name makes us feel that the manually braided rope is the protagonist of the project, with a key detail: the contrasting internal cross stitch. that adds character to the overall view. But the surprises do not end there for what represents the round development of the Neil armchair: in fact, it is proposed in rope with five different colors, based on white, bronze, or black nickel steel wire, with or without armrests.<\/p>\n<p>In this new version, the chair by Jean Marie Massaud is very versatile: it can be used both indoors and outdoors, where its neutral or very bright colors will be outstanding in private parks and gardens, meeting places, hotels, and public spaces.<\/p>\n","protected":false},"featured_media":74704,"template":"","meta":{"content-type":""},"pwb-brand":[2137],"product_cat":[1295,1271,1286],"product_tag":[1586],"acf":[],"yoast_head":"<!-- This site is optimized with the Yoast SEO plugin v23.0 - https:\/\/yoast.com\/wordpress\/plugins\/seo\/ -->\n<title>NEIL TWIST by MDF Italia<\/title>\n<meta name=\"description\" content=\"ESTRUCTURA Estructura de asiento de carga de acero, tejida con cord\u00f3n de poli\u00e9ster de alta tenacidad, te\u00f1ida en soluci\u00f3n, que garantiza una\u2026\" \/>\n<meta name=\"robots\" content=\"noindex, follow, max-snippet:-1, max-image-preview:large, max-video-preview:-1\" \/>\n<meta property=\"og:locale\" content=\"en_US\" \/>\n<meta property=\"og:type\" content=\"article\" \/>\n<meta property=\"og:title\" content=\"NEIL TWIST by MDF Italia\" \/>\n<meta property=\"og:description\" content=\"ESTRUCTURA Estructura de asiento de carga de acero, tejida con cord\u00f3n de poli\u00e9ster de alta tenacidad, te\u00f1ida en soluci\u00f3n, que garantiza una\u2026\" \/>\n<meta property=\"og:url\" content=\"https:\/\/pre.oboemuebles.com\/en\/producto\/neil-twist-mdf-italia-neiltwistmdfitalia2452\/\" \/>\n<meta property=\"og:site_name\" content=\"OBOE - Furniture store and designer kitchens in Malaga and Marbella\" \/>\n<meta property=\"article:modified_time\" content=\"2022-10-21T08:43:23+00:00\" \/>\n<meta property=\"og:image\" content=\"https:\/\/pre.oboemuebles.com\/wp-content\/uploads\/2020\/09\/MDF-ITALIA-NEIL-TWIST-OUTDOOR-4.jpg\" \/>\n\t<meta property=\"og:image:width\" content=\"900\" \/>\n\t<meta property=\"og:image:height\" content=\"900\" \/>\n\t<meta property=\"og:image:type\" content=\"image\/jpeg\" \/>\n<meta name=\"twitter:card\" content=\"summary_large_image\" \/>\n<script type=\"application\/ld+json\" class=\"yoast-schema-graph\">{\"@context\":\"https:\/\/schema.org\",\"@graph\":[{\"@type\":\"WebPage\",\"@id\":\"https:\/\/pre.oboemuebles.com\/en\/producto\/neil-twist-mdf-italia-neiltwistmdfitalia2452\/\",\"url\":\"https:\/\/pre.oboemuebles.com\/en\/producto\/neil-twist-mdf-italia-neiltwistmdfitalia2452\/\",\"name\":\"NEIL TWIST by MDF Italia\",\"isPartOf\":{\"@id\":\"https:\/\/pre.oboemuebles.com\/en\/#website\"},\"primaryImageOfPage\":{\"@id\":\"https:\/\/pre.oboemuebles.com\/en\/producto\/neil-twist-mdf-italia-neiltwistmdfitalia2452\/#primaryimage\"},\"image\":{\"@id\":\"https:\/\/pre.oboemuebles.com\/en\/producto\/neil-twist-mdf-italia-neiltwistmdfitalia2452\/#primaryimage\"},\"thumbnailUrl\":\"https:\/\/pre.oboemuebles.com\/wp-content\/uploads\/2020\/09\/MDF-ITALIA-NEIL-TWIST-OUTDOOR-4.jpg\",\"datePublished\":\"2020-09-15T08:19:53+00:00\",\"dateModified\":\"2022-10-21T08:43:23+00:00\",\"description\":\"ESTRUCTURA Estructura de asiento de carga de acero, tejida con cord\u00f3n de poli\u00e9ster de alta tenacidad, te\u00f1ida en soluci\u00f3n, que garantiza una\u2026\",\"breadcrumb\":{\"@id\":\"https:\/\/pre.oboemuebles.com\/en\/producto\/neil-twist-mdf-italia-neiltwistmdfitalia2452\/#breadcrumb\"},\"inLanguage\":\"en-US\",\"potentialAction\":[{\"@type\":\"ReadAction\",\"target\":[\"https:\/\/pre.oboemuebles.com\/en\/producto\/neil-twist-mdf-italia-neiltwistmdfitalia2452\/\"]}]},{\"@type\":\"ImageObject\",\"inLanguage\":\"en-US\",\"@id\":\"https:\/\/pre.oboemuebles.com\/en\/producto\/neil-twist-mdf-italia-neiltwistmdfitalia2452\/#primaryimage\",\"url\":\"https:\/\/pre.oboemuebles.com\/wp-content\/uploads\/2020\/09\/MDF-ITALIA-NEIL-TWIST-OUTDOOR-4.jpg\",\"contentUrl\":\"https:\/\/pre.oboemuebles.com\/wp-content\/uploads\/2020\/09\/MDF-ITALIA-NEIL-TWIST-OUTDOOR-4.jpg\",\"width\":900,\"height\":900},{\"@type\":\"BreadcrumbList\",\"@id\":\"https:\/\/pre.oboemuebles.com\/en\/producto\/neil-twist-mdf-italia-neiltwistmdfitalia2452\/#breadcrumb\",\"itemListElement\":[{\"@type\":\"ListItem\",\"position\":1,\"name\":\"Portada\",\"item\":\"https:\/\/pre.oboemuebles.com\/en\/\"},{\"@type\":\"ListItem\",\"position\":2,\"name\":\"default shop\",\"item\":\"https:\/\/pre.oboemuebles.com\/shop\/default-shop\/\"},{\"@type\":\"ListItem\",\"position\":3,\"name\":\"NEIL TWIST\"}]},{\"@type\":\"WebSite\",\"@id\":\"https:\/\/pre.oboemuebles.com\/en\/#website\",\"url\":\"https:\/\/pre.oboemuebles.com\/en\/\",\"name\":\"OBOE - Furniture store and designer kitchens in Malaga and Marbella\",\"description\":\"Modern furniture, high quality kitchens and decoration in Malaga and Marbella\",\"potentialAction\":[{\"@type\":\"SearchAction\",\"target\":{\"@type\":\"EntryPoint\",\"urlTemplate\":\"https:\/\/pre.oboemuebles.com\/en\/?s={search_term_string}\"},\"query-input\":\"required name=search_term_string\"}],\"inLanguage\":\"en-US\"}]}<\/script>\n<!-- \/ Yoast SEO plugin. -->","yoast_head_json":{"title":"NEIL TWIST by MDF Italia","description":"ESTRUCTURA Estructura de asiento de carga de acero, tejida con cord\u00f3n de poli\u00e9ster de alta tenacidad, te\u00f1ida en soluci\u00f3n, que garantiza una\u2026","robots":{"index":"noindex","follow":"follow","max-snippet":"max-snippet:-1","max-image-preview":"max-image-preview:large","max-video-preview":"max-video-preview:-1"},"og_locale":"en_US","og_type":"article","og_title":"NEIL TWIST by MDF Italia","og_description":"ESTRUCTURA Estructura de asiento de carga de acero, tejida con cord\u00f3n de poli\u00e9ster de alta tenacidad, te\u00f1ida en soluci\u00f3n, que garantiza una\u2026","og_url":"https:\/\/pre.oboemuebles.com\/en\/producto\/neil-twist-mdf-italia-neiltwistmdfitalia2452\/","og_site_name":"OBOE - Furniture store and designer kitchens in Malaga and Marbella","article_modified_time":"2022-10-21T08:43:23+00:00","og_image":[{"width":900,"height":900,"url":"https:\/\/pre.oboemuebles.com\/wp-content\/uploads\/2020\/09\/MDF-ITALIA-NEIL-TWIST-OUTDOOR-4.jpg","type":"image\/jpeg"}],"twitter_card":"summary_large_image","schema":{"@context":"https:\/\/schema.org","@graph":[{"@type":"WebPage","@id":"https:\/\/pre.oboemuebles.com\/en\/producto\/neil-twist-mdf-italia-neiltwistmdfitalia2452\/","url":"https:\/\/pre.oboemuebles.com\/en\/producto\/neil-twist-mdf-italia-neiltwistmdfitalia2452\/","name":"NEIL TWIST by MDF Italia","isPartOf":{"@id":"https:\/\/pre.oboemuebles.com\/en\/#website"},"primaryImageOfPage":{"@id":"https:\/\/pre.oboemuebles.com\/en\/producto\/neil-twist-mdf-italia-neiltwistmdfitalia2452\/#primaryimage"},"image":{"@id":"https:\/\/pre.oboemuebles.com\/en\/producto\/neil-twist-mdf-italia-neiltwistmdfitalia2452\/#primaryimage"},"thumbnailUrl":"https:\/\/pre.oboemuebles.com\/wp-content\/uploads\/2020\/09\/MDF-ITALIA-NEIL-TWIST-OUTDOOR-4.jpg","datePublished":"2020-09-15T08:19:53+00:00","dateModified":"2022-10-21T08:43:23+00:00","description":"ESTRUCTURA Estructura de asiento de carga de acero, tejida con cord\u00f3n de poli\u00e9ster de alta tenacidad, te\u00f1ida en soluci\u00f3n, que garantiza una\u2026","breadcrumb":{"@id":"https:\/\/pre.oboemuebles.com\/en\/producto\/neil-twist-mdf-italia-neiltwistmdfitalia2452\/#breadcrumb"},"inLanguage":"en-US","potentialAction":[{"@type":"ReadAction","target":["https:\/\/pre.oboemuebles.com\/en\/producto\/neil-twist-mdf-italia-neiltwistmdfitalia2452\/"]}]},{"@type":"ImageObject","inLanguage":"en-US","@id":"https:\/\/pre.oboemuebles.com\/en\/producto\/neil-twist-mdf-italia-neiltwistmdfitalia2452\/#primaryimage","url":"https:\/\/pre.oboemuebles.com\/wp-content\/uploads\/2020\/09\/MDF-ITALIA-NEIL-TWIST-OUTDOOR-4.jpg","contentUrl":"https:\/\/pre.oboemuebles.com\/wp-content\/uploads\/2020\/09\/MDF-ITALIA-NEIL-TWIST-OUTDOOR-4.jpg","width":900,"height":900},{"@type":"BreadcrumbList","@id":"https:\/\/pre.oboemuebles.com\/en\/producto\/neil-twist-mdf-italia-neiltwistmdfitalia2452\/#breadcrumb","itemListElement":[{"@type":"ListItem","position":1,"name":"Portada","item":"https:\/\/pre.oboemuebles.com\/en\/"},{"@type":"ListItem","position":2,"name":"default shop","item":"https:\/\/pre.oboemuebles.com\/shop\/default-shop\/"},{"@type":"ListItem","position":3,"name":"NEIL TWIST"}]},{"@type":"WebSite","@id":"https:\/\/pre.oboemuebles.com\/en\/#website","url":"https:\/\/pre.oboemuebles.com\/en\/","name":"OBOE - Furniture store and designer kitchens in Malaga and Marbella","description":"Modern furniture, high quality kitchens and decoration in Malaga and Marbella","potentialAction":[{"@type":"SearchAction","target":{"@type":"EntryPoint","urlTemplate":"https:\/\/pre.oboemuebles.com\/en\/?s={search_term_string}"},"query-input":"required name=search_term_string"}],"inLanguage":"en-US"}]}},"brands":[{"id":2137,"name":"Mdf Italia","slug":"mdf-italia"}],"_links":{"self":[{"href":"https:\/\/pre.oboemuebles.com\/en\/wp-json\/wp\/v2\/product\/94572"}],"collection":[{"href":"https:\/\/pre.oboemuebles.com\/en\/wp-json\/wp\/v2\/product"}],"about":[{"href":"https:\/\/pre.oboemuebles.com\/en\/wp-json\/wp\/v2\/types\/product"}],"wp:featuredmedia":[{"embeddable":true,"href":"https:\/\/pre.oboemuebles.com\/en\/wp-json\/wp\/v2\/media\/74704"}],"wp:attachment":[{"href":"https:\/\/pre.oboemuebles.com\/en\/wp-json\/wp\/v2\/media?parent=94572"}],"wp:term":[{"taxonomy":"pwb-brand","embeddable":true,"href":"https:\/\/pre.oboemuebles.com\/en\/wp-json\/wp\/v2\/pwb-brand?post=94572"},{"taxonomy":"product_cat","embeddable":true,"href":"https:\/\/pre.oboemuebles.com\/en\/wp-json\/wp\/v2\/product_cat?post=94572"},{"taxonomy":"product_tag","embeddable":true,"href":"https:\/\/pre.oboemuebles.com\/en\/wp-json\/wp\/v2\/product_tag?post=94572"}],"curies":[{"name":"wp","href":"https:\/\/api.w.org\/{rel}","templated":true}]}}