{"id":95156,"date":"2020-09-11T11:00:53","date_gmt":"2020-09-11T11:00:53","guid":{"rendered":"https:\/\/oboemuebles.com\/muebles-diseno-decoracion-malaga-marbella\/big-bang-foscarini-bigbangparedfoscarini1138\/"},"modified":"2022-11-03T11:57:55","modified_gmt":"2022-11-03T11:57:55","slug":"big-bang-foscarini-bigbangwallfoscarini1138","status":"publish","type":"product","link":"https:\/\/pre.oboemuebles.com\/en\/producto\/big-bang-foscarini-bigbangwallfoscarini1138\/","title":{"rendered":"BIG BANG"},"content":{"rendered":"<p>Big Bang de pared est\u00e1 formada por una superposici\u00f3n de niveles en metacrilato que crea una composici\u00f3n din\u00e1mica alrededor del n\u00facleo luminoso central, del que emana la luz en todas las direcciones. Big Bang, un cuerpo luminoso de fuerte valor espacial, resaltado por un juego de luces y sombras, es ideal para personalizar ambientes de varios estilos. Se encuentra disponible en las versiones de color blanco o rojo y ofrece una iluminaci\u00f3n difusa y reflejada en la pared.<\/p>\n","protected":false},"excerpt":{"rendered":"<p>Wall Big Bang is made up of a superimposition of methacrylate levels that creates a dynamic composition around the central luminous core, from which light emanates in all directions. Big Bang, a luminous body with a strong spatial value, highlighted by a play of light and shadow, is ideal for customizing environments of various styles. It is available in white or red versions and offers diffused and reflected lighting on the wall.<\/p>\n","protected":false},"featured_media":67274,"template":"","meta":{"content-type":""},"pwb-brand":[2130],"product_cat":[1109,1286,1289],"product_tag":[1755,1756],"acf":[],"yoast_head":"<!-- This site is optimized with the Yoast SEO plugin v23.0 - https:\/\/yoast.com\/wordpress\/plugins\/seo\/ -->\n<title>BIG BANG by Foscarini<\/title>\n<meta name=\"description\" content=\"Wall\/ceiling lamp with reflected and diffused light. The body of light is formatted by 6 plates, of various shapes, in translucent methacrylate...\" \/>\n<meta name=\"robots\" content=\"noindex, follow, max-snippet:-1, max-image-preview:large, max-video-preview:-1\" \/>\n<meta property=\"og:locale\" content=\"en_US\" \/>\n<meta property=\"og:type\" content=\"article\" \/>\n<meta property=\"og:title\" content=\"BIG BANG by Foscarini\" \/>\n<meta property=\"og:description\" content=\"Wall\/ceiling lamp with reflected and diffused light. The body of light is formatted by 6 plates, of various shapes, in translucent methacrylate...\" \/>\n<meta property=\"og:url\" content=\"https:\/\/pre.oboemuebles.com\/en\/producto\/big-bang-foscarini-bigbangwallfoscarini1138\/\" \/>\n<meta property=\"og:site_name\" content=\"OBOE - Furniture store and designer kitchens in Malaga and Marbella\" \/>\n<meta property=\"article:modified_time\" content=\"2022-11-03T11:57:55+00:00\" \/>\n<meta property=\"og:image\" content=\"https:\/\/pre.oboemuebles.com\/wp-content\/uploads\/2020\/09\/FOSCARINI-BIG-BANG-PARED-1.jpg\" \/>\n\t<meta property=\"og:image:width\" content=\"900\" \/>\n\t<meta property=\"og:image:height\" content=\"900\" \/>\n\t<meta property=\"og:image:type\" content=\"image\/jpeg\" \/>\n<meta name=\"twitter:card\" content=\"summary_large_image\" \/>\n<script type=\"application\/ld+json\" class=\"yoast-schema-graph\">{\"@context\":\"https:\/\/schema.org\",\"@graph\":[{\"@type\":\"WebPage\",\"@id\":\"https:\/\/pre.oboemuebles.com\/en\/producto\/big-bang-foscarini-bigbangwallfoscarini1138\/\",\"url\":\"https:\/\/pre.oboemuebles.com\/en\/producto\/big-bang-foscarini-bigbangwallfoscarini1138\/\",\"name\":\"BIG BANG by Foscarini\",\"isPartOf\":{\"@id\":\"https:\/\/pre.oboemuebles.com\/en\/#website\"},\"primaryImageOfPage\":{\"@id\":\"https:\/\/pre.oboemuebles.com\/en\/producto\/big-bang-foscarini-bigbangwallfoscarini1138\/#primaryimage\"},\"image\":{\"@id\":\"https:\/\/pre.oboemuebles.com\/en\/producto\/big-bang-foscarini-bigbangwallfoscarini1138\/#primaryimage\"},\"thumbnailUrl\":\"https:\/\/pre.oboemuebles.com\/wp-content\/uploads\/2020\/09\/FOSCARINI-BIG-BANG-PARED-1.jpg\",\"datePublished\":\"2020-09-11T11:00:53+00:00\",\"dateModified\":\"2022-11-03T11:57:55+00:00\",\"description\":\"Wall\/ceiling lamp with reflected and diffused light. The body of light is formatted by 6 plates, of various shapes, in translucent methacrylate...\",\"breadcrumb\":{\"@id\":\"https:\/\/pre.oboemuebles.com\/en\/producto\/big-bang-foscarini-bigbangwallfoscarini1138\/#breadcrumb\"},\"inLanguage\":\"en-US\",\"potentialAction\":[{\"@type\":\"ReadAction\",\"target\":[\"https:\/\/pre.oboemuebles.com\/en\/producto\/big-bang-foscarini-bigbangwallfoscarini1138\/\"]}]},{\"@type\":\"ImageObject\",\"inLanguage\":\"en-US\",\"@id\":\"https:\/\/pre.oboemuebles.com\/en\/producto\/big-bang-foscarini-bigbangwallfoscarini1138\/#primaryimage\",\"url\":\"https:\/\/pre.oboemuebles.com\/wp-content\/uploads\/2020\/09\/FOSCARINI-BIG-BANG-PARED-1.jpg\",\"contentUrl\":\"https:\/\/pre.oboemuebles.com\/wp-content\/uploads\/2020\/09\/FOSCARINI-BIG-BANG-PARED-1.jpg\",\"width\":900,\"height\":900},{\"@type\":\"BreadcrumbList\",\"@id\":\"https:\/\/pre.oboemuebles.com\/en\/producto\/big-bang-foscarini-bigbangwallfoscarini1138\/#breadcrumb\",\"itemListElement\":[{\"@type\":\"ListItem\",\"position\":1,\"name\":\"Portada\",\"item\":\"https:\/\/pre.oboemuebles.com\/en\/\"},{\"@type\":\"ListItem\",\"position\":2,\"name\":\"default shop\",\"item\":\"https:\/\/pre.oboemuebles.com\/shop\/default-shop\/\"},{\"@type\":\"ListItem\",\"position\":3,\"name\":\"BIG BANG\"}]},{\"@type\":\"WebSite\",\"@id\":\"https:\/\/pre.oboemuebles.com\/en\/#website\",\"url\":\"https:\/\/pre.oboemuebles.com\/en\/\",\"name\":\"OBOE - Furniture store and designer kitchens in Malaga and Marbella\",\"description\":\"Modern furniture, high quality kitchens and decoration in Malaga and Marbella\",\"potentialAction\":[{\"@type\":\"SearchAction\",\"target\":{\"@type\":\"EntryPoint\",\"urlTemplate\":\"https:\/\/pre.oboemuebles.com\/en\/?s={search_term_string}\"},\"query-input\":\"required name=search_term_string\"}],\"inLanguage\":\"en-US\"}]}<\/script>\n<!-- \/ Yoast SEO plugin. -->","yoast_head_json":{"title":"BIG BANG by Foscarini","description":"Wall\/ceiling lamp with reflected and diffused light. The body of light is formatted by 6 plates, of various shapes, in translucent methacrylate...","robots":{"index":"noindex","follow":"follow","max-snippet":"max-snippet:-1","max-image-preview":"max-image-preview:large","max-video-preview":"max-video-preview:-1"},"og_locale":"en_US","og_type":"article","og_title":"BIG BANG by Foscarini","og_description":"Wall\/ceiling lamp with reflected and diffused light. The body of light is formatted by 6 plates, of various shapes, in translucent methacrylate...","og_url":"https:\/\/pre.oboemuebles.com\/en\/producto\/big-bang-foscarini-bigbangwallfoscarini1138\/","og_site_name":"OBOE - Furniture store and designer kitchens in Malaga and Marbella","article_modified_time":"2022-11-03T11:57:55+00:00","og_image":[{"width":900,"height":900,"url":"https:\/\/pre.oboemuebles.com\/wp-content\/uploads\/2020\/09\/FOSCARINI-BIG-BANG-PARED-1.jpg","type":"image\/jpeg"}],"twitter_card":"summary_large_image","schema":{"@context":"https:\/\/schema.org","@graph":[{"@type":"WebPage","@id":"https:\/\/pre.oboemuebles.com\/en\/producto\/big-bang-foscarini-bigbangwallfoscarini1138\/","url":"https:\/\/pre.oboemuebles.com\/en\/producto\/big-bang-foscarini-bigbangwallfoscarini1138\/","name":"BIG BANG by Foscarini","isPartOf":{"@id":"https:\/\/pre.oboemuebles.com\/en\/#website"},"primaryImageOfPage":{"@id":"https:\/\/pre.oboemuebles.com\/en\/producto\/big-bang-foscarini-bigbangwallfoscarini1138\/#primaryimage"},"image":{"@id":"https:\/\/pre.oboemuebles.com\/en\/producto\/big-bang-foscarini-bigbangwallfoscarini1138\/#primaryimage"},"thumbnailUrl":"https:\/\/pre.oboemuebles.com\/wp-content\/uploads\/2020\/09\/FOSCARINI-BIG-BANG-PARED-1.jpg","datePublished":"2020-09-11T11:00:53+00:00","dateModified":"2022-11-03T11:57:55+00:00","description":"Wall\/ceiling lamp with reflected and diffused light. The body of light is formatted by 6 plates, of various shapes, in translucent methacrylate...","breadcrumb":{"@id":"https:\/\/pre.oboemuebles.com\/en\/producto\/big-bang-foscarini-bigbangwallfoscarini1138\/#breadcrumb"},"inLanguage":"en-US","potentialAction":[{"@type":"ReadAction","target":["https:\/\/pre.oboemuebles.com\/en\/producto\/big-bang-foscarini-bigbangwallfoscarini1138\/"]}]},{"@type":"ImageObject","inLanguage":"en-US","@id":"https:\/\/pre.oboemuebles.com\/en\/producto\/big-bang-foscarini-bigbangwallfoscarini1138\/#primaryimage","url":"https:\/\/pre.oboemuebles.com\/wp-content\/uploads\/2020\/09\/FOSCARINI-BIG-BANG-PARED-1.jpg","contentUrl":"https:\/\/pre.oboemuebles.com\/wp-content\/uploads\/2020\/09\/FOSCARINI-BIG-BANG-PARED-1.jpg","width":900,"height":900},{"@type":"BreadcrumbList","@id":"https:\/\/pre.oboemuebles.com\/en\/producto\/big-bang-foscarini-bigbangwallfoscarini1138\/#breadcrumb","itemListElement":[{"@type":"ListItem","position":1,"name":"Portada","item":"https:\/\/pre.oboemuebles.com\/en\/"},{"@type":"ListItem","position":2,"name":"default shop","item":"https:\/\/pre.oboemuebles.com\/shop\/default-shop\/"},{"@type":"ListItem","position":3,"name":"BIG BANG"}]},{"@type":"WebSite","@id":"https:\/\/pre.oboemuebles.com\/en\/#website","url":"https:\/\/pre.oboemuebles.com\/en\/","name":"OBOE - Furniture store and designer kitchens in Malaga and Marbella","description":"Modern furniture, high quality kitchens and decoration in Malaga and Marbella","potentialAction":[{"@type":"SearchAction","target":{"@type":"EntryPoint","urlTemplate":"https:\/\/pre.oboemuebles.com\/en\/?s={search_term_string}"},"query-input":"required name=search_term_string"}],"inLanguage":"en-US"}]}},"brands":[{"id":2130,"name":"Foscarini","slug":"foscarini"}],"_links":{"self":[{"href":"https:\/\/pre.oboemuebles.com\/en\/wp-json\/wp\/v2\/product\/95156"}],"collection":[{"href":"https:\/\/pre.oboemuebles.com\/en\/wp-json\/wp\/v2\/product"}],"about":[{"href":"https:\/\/pre.oboemuebles.com\/en\/wp-json\/wp\/v2\/types\/product"}],"wp:featuredmedia":[{"embeddable":true,"href":"https:\/\/pre.oboemuebles.com\/en\/wp-json\/wp\/v2\/media\/67274"}],"wp:attachment":[{"href":"https:\/\/pre.oboemuebles.com\/en\/wp-json\/wp\/v2\/media?parent=95156"}],"wp:term":[{"taxonomy":"pwb-brand","embeddable":true,"href":"https:\/\/pre.oboemuebles.com\/en\/wp-json\/wp\/v2\/pwb-brand?post=95156"},{"taxonomy":"product_cat","embeddable":true,"href":"https:\/\/pre.oboemuebles.com\/en\/wp-json\/wp\/v2\/product_cat?post=95156"},{"taxonomy":"product_tag","embeddable":true,"href":"https:\/\/pre.oboemuebles.com\/en\/wp-json\/wp\/v2\/product_tag?post=95156"}],"curies":[{"name":"wp","href":"https:\/\/api.w.org\/{rel}","templated":true}]}}