{"id":95773,"date":"2020-09-11T08:25:51","date_gmt":"2020-09-11T08:25:51","guid":{"rendered":"https:\/\/oboemuebles.com\/muebles-diseno-decoracion-malaga-marbella\/feel-good-flexform-feelgoodsofaflexform86\/"},"modified":"2022-11-14T07:54:02","modified_gmt":"2022-11-14T07:54:02","slug":"feel-good-flexform-feelgoodsofaflexform86","status":"publish","type":"product","link":"https:\/\/pre.oboemuebles.com\/en\/producto\/feel-good-flexform-feelgoodsofaflexform86\/","title":{"rendered":"FEEL GOOD"},"content":{"rendered":"","protected":false},"excerpt":{"rendered":"<p>The Feel Good Large sofa expresses the aesthetic motifs of the Feel Good sofa but exaggerating its proportions. The depth of the Feel Good Large sofa increased to 114 cm and has been designed to accommodate the soft goose down cushions and give the sofa an even more welcoming and comfortable character. The Feel Good Large sofa is characterized by a base covered in leather, while the Feel Good Large Ten variant offers the option of a base covered in fabric or leather. Feel Good Large is a sofa in the perfect balance between tradition and modernity, which can be easily placed in the most diverse rooms, either alone or combined with the seats and accessories from the Flexform collection.<\/p>\n","protected":false},"featured_media":64646,"template":"","meta":{"content-type":""},"pwb-brand":[2127],"product_cat":[1271,1286,1303],"product_tag":[1379],"acf":[],"yoast_head":"<!-- This site is optimized with the Yoast SEO plugin v23.0 - https:\/\/yoast.com\/wordpress\/plugins\/seo\/ -->\n<title>FEEL GOOD by FLEXFORM<\/title>\n<meta name=\"description\" content=\"El sof\u00e1 Feel Good Large expresa los motivos est\u00e9ticos del sof\u00e1 Feel Good, pero exagerando sus proporciones.\" \/>\n<meta name=\"robots\" content=\"noindex, follow, max-snippet:-1, max-image-preview:large, max-video-preview:-1\" \/>\n<meta property=\"og:locale\" content=\"en_US\" \/>\n<meta property=\"og:type\" content=\"article\" \/>\n<meta property=\"og:title\" content=\"FEEL GOOD by FLEXFORM\" \/>\n<meta property=\"og:description\" content=\"El sof\u00e1 Feel Good Large expresa los motivos est\u00e9ticos del sof\u00e1 Feel Good, pero exagerando sus proporciones.\" \/>\n<meta property=\"og:url\" content=\"https:\/\/pre.oboemuebles.com\/en\/producto\/feel-good-flexform-feelgoodsofaflexform86\/\" \/>\n<meta property=\"og:site_name\" content=\"OBOE - Furniture store and designer kitchens in Malaga and Marbella\" \/>\n<meta property=\"article:modified_time\" content=\"2022-11-14T07:54:02+00:00\" \/>\n<meta property=\"og:image\" content=\"https:\/\/pre.oboemuebles.com\/wp-content\/uploads\/2020\/09\/FLEXFORM-FEELGOODSOFA-1.jpg\" \/>\n\t<meta property=\"og:image:width\" content=\"900\" \/>\n\t<meta property=\"og:image:height\" content=\"900\" \/>\n\t<meta property=\"og:image:type\" content=\"image\/jpeg\" \/>\n<meta name=\"twitter:card\" content=\"summary_large_image\" \/>\n<script type=\"application\/ld+json\" class=\"yoast-schema-graph\">{\"@context\":\"https:\/\/schema.org\",\"@graph\":[{\"@type\":\"WebPage\",\"@id\":\"https:\/\/pre.oboemuebles.com\/en\/producto\/feel-good-flexform-feelgoodsofaflexform86\/\",\"url\":\"https:\/\/pre.oboemuebles.com\/en\/producto\/feel-good-flexform-feelgoodsofaflexform86\/\",\"name\":\"FEEL GOOD by FLEXFORM\",\"isPartOf\":{\"@id\":\"https:\/\/pre.oboemuebles.com\/en\/#website\"},\"primaryImageOfPage\":{\"@id\":\"https:\/\/pre.oboemuebles.com\/en\/producto\/feel-good-flexform-feelgoodsofaflexform86\/#primaryimage\"},\"image\":{\"@id\":\"https:\/\/pre.oboemuebles.com\/en\/producto\/feel-good-flexform-feelgoodsofaflexform86\/#primaryimage\"},\"thumbnailUrl\":\"https:\/\/pre.oboemuebles.com\/wp-content\/uploads\/2020\/09\/FLEXFORM-FEELGOODSOFA-1.jpg\",\"datePublished\":\"2020-09-11T08:25:51+00:00\",\"dateModified\":\"2022-11-14T07:54:02+00:00\",\"description\":\"El sof\u00e1 Feel Good Large expresa los motivos est\u00e9ticos del sof\u00e1 Feel Good, pero exagerando sus proporciones.\",\"breadcrumb\":{\"@id\":\"https:\/\/pre.oboemuebles.com\/en\/producto\/feel-good-flexform-feelgoodsofaflexform86\/#breadcrumb\"},\"inLanguage\":\"en-US\",\"potentialAction\":[{\"@type\":\"ReadAction\",\"target\":[\"https:\/\/pre.oboemuebles.com\/en\/producto\/feel-good-flexform-feelgoodsofaflexform86\/\"]}]},{\"@type\":\"ImageObject\",\"inLanguage\":\"en-US\",\"@id\":\"https:\/\/pre.oboemuebles.com\/en\/producto\/feel-good-flexform-feelgoodsofaflexform86\/#primaryimage\",\"url\":\"https:\/\/pre.oboemuebles.com\/wp-content\/uploads\/2020\/09\/FLEXFORM-FEELGOODSOFA-1.jpg\",\"contentUrl\":\"https:\/\/pre.oboemuebles.com\/wp-content\/uploads\/2020\/09\/FLEXFORM-FEELGOODSOFA-1.jpg\",\"width\":900,\"height\":900},{\"@type\":\"BreadcrumbList\",\"@id\":\"https:\/\/pre.oboemuebles.com\/en\/producto\/feel-good-flexform-feelgoodsofaflexform86\/#breadcrumb\",\"itemListElement\":[{\"@type\":\"ListItem\",\"position\":1,\"name\":\"Portada\",\"item\":\"https:\/\/pre.oboemuebles.com\/en\/\"},{\"@type\":\"ListItem\",\"position\":2,\"name\":\"default shop\",\"item\":\"https:\/\/pre.oboemuebles.com\/shop\/default-shop\/\"},{\"@type\":\"ListItem\",\"position\":3,\"name\":\"FEEL GOOD\"}]},{\"@type\":\"WebSite\",\"@id\":\"https:\/\/pre.oboemuebles.com\/en\/#website\",\"url\":\"https:\/\/pre.oboemuebles.com\/en\/\",\"name\":\"OBOE - Furniture store and designer kitchens in Malaga and Marbella\",\"description\":\"Modern furniture, high quality kitchens and decoration in Malaga and Marbella\",\"potentialAction\":[{\"@type\":\"SearchAction\",\"target\":{\"@type\":\"EntryPoint\",\"urlTemplate\":\"https:\/\/pre.oboemuebles.com\/en\/?s={search_term_string}\"},\"query-input\":\"required name=search_term_string\"}],\"inLanguage\":\"en-US\"}]}<\/script>\n<!-- \/ Yoast SEO plugin. -->","yoast_head_json":{"title":"FEEL GOOD by FLEXFORM","description":"El sof\u00e1 Feel Good Large expresa los motivos est\u00e9ticos del sof\u00e1 Feel Good, pero exagerando sus proporciones.","robots":{"index":"noindex","follow":"follow","max-snippet":"max-snippet:-1","max-image-preview":"max-image-preview:large","max-video-preview":"max-video-preview:-1"},"og_locale":"en_US","og_type":"article","og_title":"FEEL GOOD by FLEXFORM","og_description":"El sof\u00e1 Feel Good Large expresa los motivos est\u00e9ticos del sof\u00e1 Feel Good, pero exagerando sus proporciones.","og_url":"https:\/\/pre.oboemuebles.com\/en\/producto\/feel-good-flexform-feelgoodsofaflexform86\/","og_site_name":"OBOE - Furniture store and designer kitchens in Malaga and Marbella","article_modified_time":"2022-11-14T07:54:02+00:00","og_image":[{"width":900,"height":900,"url":"https:\/\/pre.oboemuebles.com\/wp-content\/uploads\/2020\/09\/FLEXFORM-FEELGOODSOFA-1.jpg","type":"image\/jpeg"}],"twitter_card":"summary_large_image","schema":{"@context":"https:\/\/schema.org","@graph":[{"@type":"WebPage","@id":"https:\/\/pre.oboemuebles.com\/en\/producto\/feel-good-flexform-feelgoodsofaflexform86\/","url":"https:\/\/pre.oboemuebles.com\/en\/producto\/feel-good-flexform-feelgoodsofaflexform86\/","name":"FEEL GOOD by FLEXFORM","isPartOf":{"@id":"https:\/\/pre.oboemuebles.com\/en\/#website"},"primaryImageOfPage":{"@id":"https:\/\/pre.oboemuebles.com\/en\/producto\/feel-good-flexform-feelgoodsofaflexform86\/#primaryimage"},"image":{"@id":"https:\/\/pre.oboemuebles.com\/en\/producto\/feel-good-flexform-feelgoodsofaflexform86\/#primaryimage"},"thumbnailUrl":"https:\/\/pre.oboemuebles.com\/wp-content\/uploads\/2020\/09\/FLEXFORM-FEELGOODSOFA-1.jpg","datePublished":"2020-09-11T08:25:51+00:00","dateModified":"2022-11-14T07:54:02+00:00","description":"El sof\u00e1 Feel Good Large expresa los motivos est\u00e9ticos del sof\u00e1 Feel Good, pero exagerando sus proporciones.","breadcrumb":{"@id":"https:\/\/pre.oboemuebles.com\/en\/producto\/feel-good-flexform-feelgoodsofaflexform86\/#breadcrumb"},"inLanguage":"en-US","potentialAction":[{"@type":"ReadAction","target":["https:\/\/pre.oboemuebles.com\/en\/producto\/feel-good-flexform-feelgoodsofaflexform86\/"]}]},{"@type":"ImageObject","inLanguage":"en-US","@id":"https:\/\/pre.oboemuebles.com\/en\/producto\/feel-good-flexform-feelgoodsofaflexform86\/#primaryimage","url":"https:\/\/pre.oboemuebles.com\/wp-content\/uploads\/2020\/09\/FLEXFORM-FEELGOODSOFA-1.jpg","contentUrl":"https:\/\/pre.oboemuebles.com\/wp-content\/uploads\/2020\/09\/FLEXFORM-FEELGOODSOFA-1.jpg","width":900,"height":900},{"@type":"BreadcrumbList","@id":"https:\/\/pre.oboemuebles.com\/en\/producto\/feel-good-flexform-feelgoodsofaflexform86\/#breadcrumb","itemListElement":[{"@type":"ListItem","position":1,"name":"Portada","item":"https:\/\/pre.oboemuebles.com\/en\/"},{"@type":"ListItem","position":2,"name":"default shop","item":"https:\/\/pre.oboemuebles.com\/shop\/default-shop\/"},{"@type":"ListItem","position":3,"name":"FEEL GOOD"}]},{"@type":"WebSite","@id":"https:\/\/pre.oboemuebles.com\/en\/#website","url":"https:\/\/pre.oboemuebles.com\/en\/","name":"OBOE - Furniture store and designer kitchens in Malaga and Marbella","description":"Modern furniture, high quality kitchens and decoration in Malaga and Marbella","potentialAction":[{"@type":"SearchAction","target":{"@type":"EntryPoint","urlTemplate":"https:\/\/pre.oboemuebles.com\/en\/?s={search_term_string}"},"query-input":"required name=search_term_string"}],"inLanguage":"en-US"}]}},"brands":[{"id":2127,"name":"Flexform","slug":"flexform"}],"_links":{"self":[{"href":"https:\/\/pre.oboemuebles.com\/en\/wp-json\/wp\/v2\/product\/95773"}],"collection":[{"href":"https:\/\/pre.oboemuebles.com\/en\/wp-json\/wp\/v2\/product"}],"about":[{"href":"https:\/\/pre.oboemuebles.com\/en\/wp-json\/wp\/v2\/types\/product"}],"wp:featuredmedia":[{"embeddable":true,"href":"https:\/\/pre.oboemuebles.com\/en\/wp-json\/wp\/v2\/media\/64646"}],"wp:attachment":[{"href":"https:\/\/pre.oboemuebles.com\/en\/wp-json\/wp\/v2\/media?parent=95773"}],"wp:term":[{"taxonomy":"pwb-brand","embeddable":true,"href":"https:\/\/pre.oboemuebles.com\/en\/wp-json\/wp\/v2\/pwb-brand?post=95773"},{"taxonomy":"product_cat","embeddable":true,"href":"https:\/\/pre.oboemuebles.com\/en\/wp-json\/wp\/v2\/product_cat?post=95773"},{"taxonomy":"product_tag","embeddable":true,"href":"https:\/\/pre.oboemuebles.com\/en\/wp-json\/wp\/v2\/product_tag?post=95773"}],"curies":[{"name":"wp","href":"https:\/\/api.w.org\/{rel}","templated":true}]}}